{"id":1071,"date":"2025-11-05T12:56:47","date_gmt":"2025-11-05T12:56:47","guid":{"rendered":"https:\/\/adcotrading.eu\/rueckverfolgbarkeit-in-der-lieferkette\/"},"modified":"2026-04-17T14:23:33","modified_gmt":"2026-04-17T14:23:33","slug":"rueckverfolgbarkeit-in-der-lieferkette","status":"publish","type":"page","link":"https:\/\/adcotrading.eu\/de\/nachhaltigkeit-an-erster-stelle\/rueckverfolgbarkeit-in-der-lieferkette\/","title":{"rendered":"R\u00fcckverfolgbarkeit in der Lieferkette"},"content":{"rendered":"\n<div class=\"wp-block-cover alignfull has-custom-content-position is-position-center-left adco-cover-block\" style=\"margin-top:0;margin-bottom:0;min-height:70vh;aspect-ratio:unset;\"><img data-dominant-color=\"6b654f\" data-has-transparency=\"false\" style=\"--dominant-color: #6b654f;\" loading=\"lazy\" decoding=\"async\" width=\"2560\" height=\"1707\" sizes=\"auto, (max-width: 2560px) 100vw, 2560px\" class=\"wp-block-cover__image-background wp-image-758 size-full not-transparent\" alt=\"\" src=\"http:\/\/adcotrading.eu\/app\/uploads\/2025\/11\/DSC8459-2.webp\" data-object-fit=\"cover\" srcset=\"https:\/\/adcotrading.eu\/app\/uploads\/2025\/11\/DSC8459-2.webp 2560w, https:\/\/adcotrading.eu\/app\/uploads\/2025\/11\/DSC8459-2-300x200.webp 300w, https:\/\/adcotrading.eu\/app\/uploads\/2025\/11\/DSC8459-2-1024x683.webp 1024w, https:\/\/adcotrading.eu\/app\/uploads\/2025\/11\/DSC8459-2-768x512.webp 768w, https:\/\/adcotrading.eu\/app\/uploads\/2025\/11\/DSC8459-2-1536x1024.webp 1536w, https:\/\/adcotrading.eu\/app\/uploads\/2025\/11\/DSC8459-2-2048x1366.webp 2048w\" \/><span aria-hidden=\"true\" class=\"wp-block-cover__background has-black-background-color has-background-dim-0 has-background-dim\"><\/span><div class=\"wp-block-cover__inner-container is-layout-constrained wp-block-cover-is-layout-constrained\">\n<h1 class=\"wp-block-heading\">Transparenz auf jeder Ebene<\/h1>\n<\/div><\/div>\n<div class=\"yoast-breadcrumbs\"><span><span><a href=\"https:\/\/adcotrading.eu\/de\/\">Home<\/a><\/span> \u00bb <span><a href=\"https:\/\/adcotrading.eu\/de\/nachhaltigkeit-an-erster-stelle\/\">Nachhaltigkeit an erster Stelle<\/a><\/span> \u00bb <span class=\"breadcrumb_last\" aria-current=\"page\">R\u00fcckverfolgbarkeit in der Lieferkette<\/span><\/span><\/div>\n<div class=\"wp-block-media-text alignwide is-stacked-on-mobile is-vertically-aligned-top\" style=\"margin-top:var(--wp--preset--spacing--80);margin-bottom:var(--wp--preset--spacing--80);grid-template-columns:45% auto\"><figure class=\"wp-block-media-text__media\"><img data-dominant-color=\"736154\" data-has-transparency=\"false\" style=\"--dominant-color: #736154;\" loading=\"lazy\" decoding=\"async\" width=\"768\" height=\"1024\" src=\"http:\/\/adcotrading.eu\/app\/uploads\/2025\/11\/IMG_0144-2-1-768x1024.webp\" alt=\"\" class=\"wp-image-760 size-full not-transparent\" srcset=\"https:\/\/adcotrading.eu\/app\/uploads\/2025\/11\/IMG_0144-2-1-768x1024.webp 768w, https:\/\/adcotrading.eu\/app\/uploads\/2025\/11\/IMG_0144-2-1-225x300.webp 225w, https:\/\/adcotrading.eu\/app\/uploads\/2025\/11\/IMG_0144-2-1-1152x1536.webp 1152w, https:\/\/adcotrading.eu\/app\/uploads\/2025\/11\/IMG_0144-2-1-1536x2048.webp 1536w, https:\/\/adcotrading.eu\/app\/uploads\/2025\/11\/IMG_0144-2-1.webp 1920w\" sizes=\"auto, (max-width: 768px) 100vw, 768px\" \/><\/figure><div class=\"wp-block-media-text__content\">\n<p>Die Arbeit mit recycelten Materialien bringt sowohl Chancen als auch Verantwortung mit sich. Jeder Schritt\u00a0\u2013 von der Beschaffung bis zur Produktion\u00a0\u2013 erfordert Fachwissen, Engagement und vor allem Offenheit.\u00a0Wenn wir verstehen, was hinter den von uns verwendeten Materialien steckt, k\u00f6nnen wir Qualit\u00e4t, Sicherheit und den Respekt vor Mensch und Umwelt gew\u00e4hrleisten. Dies ist die Grundlage unseres Ansatzes f\u00fcr Transparenz auf allen Ebenen.\u00a0<\/p>\n\n\n\n<p>Recycelte Materialien werden h\u00e4ufig in zwei Kategorien unterteilt:<\/p>\n\n\n\n<ul class=\"wp-block-list\">\n<li><strong>Pre-Consumer:<\/strong><br \/>Abfallmaterial, das bei der Herstellung anf\u00e4llt und den Endverbraucher nie erreicht.<\/li>\n\n\n\n<li><strong>Post-Consumer:<\/strong>\u00a0<br \/>Material, das von Verbrauchern verwendet und entsorgt wurde und anschlie\u00dfend zu neuen Produkten recycelt wird.<\/li>\n<\/ul>\n\n\n\n<h5 class=\"wp-block-heading\">Die Herausforderung bei recycelten Materialien<\/h5>\n\n\n\n<p>Die gr\u00f6\u00dfte Schwierigkeit bei recycelten Materialien besteht darin, genau zu verstehen, was hinter dem Rohstoff steckt. Wir setzen alles daran, den Ursprung der Materialien zur\u00fcckzuverfolgen, und dies ist eine komplexe Aufgabe. Sie erfordert langfristige Beziehungen, Transparenz sowie Vertrauen auf mehreren Ebenen der Lieferkette.<\/p>\n\n\n\n<p>Durch die enge Zusammenarbeit mit unseren Lieferanten und dem Personal vor Ort gewinnen wir Einblicke in die Herkunft der Materialien, und wir erfahren, wer deren Unterlieferanten sind. Wir gehen so gr\u00fcndlich wie m\u00f6glich vor, damit Sie darauf vertrauen k\u00f6nnen, dass in den von uns gekauften Taschen keine gef\u00e4hrlichen Stoffe verwendet werden. Gleichzeitig setzen wir uns aktiv daf\u00fcr ein, dass die verwendeten Kunststoffe oder Textilien von Erwachsenen unter sicheren Arbeitsbedingungen und bei fairer Bezahlung gesammelt wurden. Trotz dieser Bem\u00fchungen bleibt die vollst\u00e4ndige R\u00fcckverfolgbarkeit von Post-Consumer-Materialien eine echte Herausforderung. Faktoren wie komplexe Recyclingstr\u00f6me, zahlreiche Sammelstellen sowie variierende Dokumentationsstandards machen es unm\u00f6glich, ein l\u00fcckenloses Bild zu garantieren. Deshalb gehen wir transparent mit diesen Grenzen um, und wenn jemand behauptet, eine vollst\u00e4ndige R\u00fcckverfolgbarkeit garantieren zu k\u00f6nnen, ist Skepsis angebracht.<\/p>\n\n\n\n<p>Unser Ansatz basiert auf kontinuierlicher Verbesserung. Wir investieren in Audits, die Einbindung von Lieferanten sowie innovative Tracking-Methoden, um einer vollst\u00e4ndigen R\u00fcckverfolgbarkeit jedes Jahr ein St\u00fcck n\u00e4her zu kommen. Auch wenn Perfektion schwer zu erreichen ist, ist es unser Ziel, sicherzustellen, dass jede Tasche, die wir ausliefern, hohen ethischen, \u00f6kologischen und sicherheitstechnischen Standards entspricht\u00a0\u2013 und dass Sie sich darauf verlassen k\u00f6nnen, dass wir, wann immer m\u00f6glich, auf recycelte Materialien zur\u00fcckgreifen.<\/p>\n<\/div><\/div>\n\n<div class=\"wp-block-group alignwide is-layout-constrained wp-block-group-is-layout-constrained\">\n<h3 class=\"wp-block-heading alignwide\">Our sustainability initiatives<\/h3>\n\n\n\n<div class=\"sustainable-entrances-block alignwide wp-block\" id=\"block_6571ab1ea0588921016ef9f7c75ffe85\">\n\n    <div class=\"link-items\">\n            <a href=\"http:\/\/adcotrading.eu\/sustainability-first\/social-responsibility\/\">\n            <figure><img loading=\"lazy\" decoding=\"async\" width=\"955\" height=\"601\" src=\"https:\/\/adcotrading.eu\/app\/uploads\/2025\/10\/Our-Social-Responsibility.avif\" class=\"attachment-full size-full\" alt=\"\" srcset=\"https:\/\/adcotrading.eu\/app\/uploads\/2025\/10\/Our-Social-Responsibility.avif 955w, https:\/\/adcotrading.eu\/app\/uploads\/2025\/10\/Our-Social-Responsibility-300x189.avif 300w, https:\/\/adcotrading.eu\/app\/uploads\/2025\/10\/Our-Social-Responsibility-768x483.avif 768w\" sizes=\"auto, (max-width: 955px) 100vw, 955px\" \/>                <figcaption>Social Responsibility<\/figcaption>\n            <\/figure>\n        <\/a>\n            <a href=\"http:\/\/adcotrading.eu\/sustainability-first\/carbon-footprint\/\">\n            <figure><img loading=\"lazy\" decoding=\"async\" width=\"955\" height=\"600\" src=\"https:\/\/adcotrading.eu\/app\/uploads\/2025\/10\/Carbon-Footprint.avif\" class=\"attachment-full size-full\" alt=\"\" srcset=\"https:\/\/adcotrading.eu\/app\/uploads\/2025\/10\/Carbon-Footprint.avif 955w, https:\/\/adcotrading.eu\/app\/uploads\/2025\/10\/Carbon-Footprint-300x188.avif 300w, https:\/\/adcotrading.eu\/app\/uploads\/2025\/10\/Carbon-Footprint-768x483.avif 768w\" sizes=\"auto, (max-width: 955px) 100vw, 955px\" \/>                <figcaption>Carbon Footprint<\/figcaption>\n            <\/figure>\n        <\/a>\n            <a href=\"http:\/\/adcotrading.eu\/sustainability-first\/responsible-chemical-management\/\">\n            <figure><img loading=\"lazy\" decoding=\"async\" width=\"956\" height=\"602\" src=\"https:\/\/adcotrading.eu\/app\/uploads\/2025\/10\/Responsible-Chemical-Management.avif\" class=\"attachment-full size-full\" alt=\"\" srcset=\"https:\/\/adcotrading.eu\/app\/uploads\/2025\/10\/Responsible-Chemical-Management.avif 956w, https:\/\/adcotrading.eu\/app\/uploads\/2025\/10\/Responsible-Chemical-Management-300x189.avif 300w, https:\/\/adcotrading.eu\/app\/uploads\/2025\/10\/Responsible-Chemical-Management-768x484.avif 768w\" sizes=\"auto, (max-width: 956px) 100vw, 956px\" \/>                <figcaption>Responsible Chemical Management<\/figcaption>\n            <\/figure>\n        <\/a>\n            <a href=\"http:\/\/adcotrading.eu\/sustainability-first\/traceable\/\">\n            <figure><img loading=\"lazy\" decoding=\"async\" width=\"2560\" height=\"1707\" src=\"https:\/\/adcotrading.eu\/app\/uploads\/2025\/12\/PET-bild.webp\" class=\"attachment-full size-full not-transparent\" alt=\"\" srcset=\"https:\/\/adcotrading.eu\/app\/uploads\/2025\/12\/PET-bild.webp 2560w, https:\/\/adcotrading.eu\/app\/uploads\/2025\/12\/PET-bild-300x200.webp 300w, https:\/\/adcotrading.eu\/app\/uploads\/2025\/12\/PET-bild-1024x683.webp 1024w, https:\/\/adcotrading.eu\/app\/uploads\/2025\/12\/PET-bild-768x512.webp 768w, https:\/\/adcotrading.eu\/app\/uploads\/2025\/12\/PET-bild-1536x1024.webp 1536w, https:\/\/adcotrading.eu\/app\/uploads\/2025\/12\/PET-bild-2048x1366.webp 2048w\" sizes=\"auto, (max-width: 2560px) 100vw, 2560px\" data-has-transparency=\"false\" data-dominant-color=\"8ddae6\" style=\"--dominant-color: #8ddae6;\" \/>                <figcaption>Supply Chain Traceability<\/figcaption>\n            <\/figure>\n        <\/a>\n        <\/div>\n\n<\/div><\/div>\n","protected":false},"excerpt":{"rendered":"","protected":false},"author":2,"featured_media":0,"parent":1100,"menu_order":0,"comment_status":"closed","ping_status":"closed","template":"","meta":{"_acf_changed":false,"footnotes":""},"class_list":["post-1071","page","type-page","status-publish","hentry"],"acf":[],"yoast_head":"<!-- This site is optimized with the Yoast SEO plugin v27.4 - https:\/\/yoast.com\/product\/yoast-seo-wordpress\/ -->\n<title>R\u00fcckverfolgbarkeit in der Lieferkette - AD CO. trading<\/title>\n<meta name=\"description\" content=\"Transparenz auf jeder Ebene Die Arbeit mit recycelten Materialien bringt sowohl Chancen als auch Verantwortung mit sich. Jeder Schritt\u00a0\u2013 von der\" \/>\n<meta name=\"robots\" content=\"index, follow, max-snippet:-1, max-image-preview:large, max-video-preview:-1\" \/>\n<link rel=\"canonical\" href=\"https:\/\/adcotrading.eu\/de\/nachhaltigkeit-an-erster-stelle\/rueckverfolgbarkeit-in-der-lieferkette\/\" \/>\n<meta property=\"og:locale\" content=\"de_DE\" \/>\n<meta property=\"og:type\" content=\"article\" \/>\n<meta property=\"og:title\" content=\"R\u00fcckverfolgbarkeit in der Lieferkette - AD CO. trading\" \/>\n<meta property=\"og:description\" content=\"Transparenz auf jeder Ebene Die Arbeit mit recycelten Materialien bringt sowohl Chancen als auch Verantwortung mit sich. Jeder Schritt\u00a0\u2013 von der\" \/>\n<meta property=\"og:url\" content=\"https:\/\/adcotrading.eu\/de\/nachhaltigkeit-an-erster-stelle\/rueckverfolgbarkeit-in-der-lieferkette\/\" \/>\n<meta property=\"og:site_name\" content=\"AD CO. trading\" \/>\n<meta property=\"article:modified_time\" content=\"2026-04-17T14:23:33+00:00\" \/>\n<meta property=\"og:image\" content=\"https:\/\/adcotrading.eu\/app\/uploads\/2025\/11\/DSC8459-2.webp\" \/>\n\t<meta property=\"og:image:width\" content=\"2560\" \/>\n\t<meta property=\"og:image:height\" content=\"1707\" \/>\n\t<meta property=\"og:image:type\" content=\"image\/jpeg\" \/>\n<meta name=\"twitter:card\" content=\"summary_large_image\" \/>\n<meta name=\"twitter:label1\" content=\"Est. reading time\" \/>\n\t<meta name=\"twitter:data1\" content=\"2 minutes\" \/>\n<script type=\"application\/ld+json\" class=\"yoast-schema-graph\">{\"@context\":\"https:\\\/\\\/schema.org\",\"@graph\":[{\"@type\":\"WebPage\",\"@id\":\"https:\\\/\\\/adcotrading.eu\\\/de\\\/nachhaltigkeit-an-erster-stelle\\\/rueckverfolgbarkeit-in-der-lieferkette\\\/\",\"url\":\"https:\\\/\\\/adcotrading.eu\\\/de\\\/nachhaltigkeit-an-erster-stelle\\\/rueckverfolgbarkeit-in-der-lieferkette\\\/\",\"name\":\"R\u00fcckverfolgbarkeit in der Lieferkette - AD CO. trading\",\"isPartOf\":{\"@id\":\"https:\\\/\\\/adcotrading.eu\\\/de\\\/#website\"},\"primaryImageOfPage\":{\"@id\":\"https:\\\/\\\/adcotrading.eu\\\/de\\\/nachhaltigkeit-an-erster-stelle\\\/rueckverfolgbarkeit-in-der-lieferkette\\\/#primaryimage\"},\"image\":{\"@id\":\"https:\\\/\\\/adcotrading.eu\\\/de\\\/nachhaltigkeit-an-erster-stelle\\\/rueckverfolgbarkeit-in-der-lieferkette\\\/#primaryimage\"},\"thumbnailUrl\":\"http:\\\/\\\/adcotrading.eu\\\/app\\\/uploads\\\/2025\\\/11\\\/DSC8459-2.webp\",\"datePublished\":\"2025-11-05T12:56:47+00:00\",\"dateModified\":\"2026-04-17T14:23:33+00:00\",\"description\":\"Transparenz auf jeder Ebene Die Arbeit mit recycelten Materialien bringt sowohl Chancen als auch Verantwortung mit sich. Jeder Schritt\u00a0\u2013 von der\",\"breadcrumb\":{\"@id\":\"https:\\\/\\\/adcotrading.eu\\\/de\\\/nachhaltigkeit-an-erster-stelle\\\/rueckverfolgbarkeit-in-der-lieferkette\\\/#breadcrumb\"},\"inLanguage\":\"de-DE\",\"potentialAction\":[{\"@type\":\"ReadAction\",\"target\":[\"https:\\\/\\\/adcotrading.eu\\\/de\\\/nachhaltigkeit-an-erster-stelle\\\/rueckverfolgbarkeit-in-der-lieferkette\\\/\"]}]},{\"@type\":\"ImageObject\",\"inLanguage\":\"de-DE\",\"@id\":\"https:\\\/\\\/adcotrading.eu\\\/de\\\/nachhaltigkeit-an-erster-stelle\\\/rueckverfolgbarkeit-in-der-lieferkette\\\/#primaryimage\",\"url\":\"http:\\\/\\\/adcotrading.eu\\\/app\\\/uploads\\\/2025\\\/11\\\/DSC8459-2.webp\",\"contentUrl\":\"http:\\\/\\\/adcotrading.eu\\\/app\\\/uploads\\\/2025\\\/11\\\/DSC8459-2.webp\"},{\"@type\":\"BreadcrumbList\",\"@id\":\"https:\\\/\\\/adcotrading.eu\\\/de\\\/nachhaltigkeit-an-erster-stelle\\\/rueckverfolgbarkeit-in-der-lieferkette\\\/#breadcrumb\",\"itemListElement\":[{\"@type\":\"ListItem\",\"position\":1,\"name\":\"Home\",\"item\":\"https:\\\/\\\/adcotrading.eu\\\/de\\\/\"},{\"@type\":\"ListItem\",\"position\":2,\"name\":\"Nachhaltigkeit an erster Stelle\",\"item\":\"https:\\\/\\\/adcotrading.eu\\\/de\\\/nachhaltigkeit-an-erster-stelle\\\/\"},{\"@type\":\"ListItem\",\"position\":3,\"name\":\"R\u00fcckverfolgbarkeit in der Lieferkette\"}]},{\"@type\":\"WebSite\",\"@id\":\"https:\\\/\\\/adcotrading.eu\\\/de\\\/#website\",\"url\":\"https:\\\/\\\/adcotrading.eu\\\/de\\\/\",\"name\":\"AD CO. trading\",\"description\":\"\",\"potentialAction\":[{\"@type\":\"SearchAction\",\"target\":{\"@type\":\"EntryPoint\",\"urlTemplate\":\"https:\\\/\\\/adcotrading.eu\\\/de\\\/?s={search_term_string}\"},\"query-input\":{\"@type\":\"PropertyValueSpecification\",\"valueRequired\":true,\"valueName\":\"search_term_string\"}}],\"inLanguage\":\"de-DE\"}]}<\/script>\n<!-- \/ Yoast SEO plugin. -->","yoast_head_json":{"title":"R\u00fcckverfolgbarkeit in der Lieferkette - AD CO. trading","description":"Transparenz auf jeder Ebene Die Arbeit mit recycelten Materialien bringt sowohl Chancen als auch Verantwortung mit sich. Jeder Schritt\u00a0\u2013 von der","robots":{"index":"index","follow":"follow","max-snippet":"max-snippet:-1","max-image-preview":"max-image-preview:large","max-video-preview":"max-video-preview:-1"},"canonical":"https:\/\/adcotrading.eu\/de\/nachhaltigkeit-an-erster-stelle\/rueckverfolgbarkeit-in-der-lieferkette\/","og_locale":"de_DE","og_type":"article","og_title":"R\u00fcckverfolgbarkeit in der Lieferkette - AD CO. trading","og_description":"Transparenz auf jeder Ebene Die Arbeit mit recycelten Materialien bringt sowohl Chancen als auch Verantwortung mit sich. Jeder Schritt\u00a0\u2013 von der","og_url":"https:\/\/adcotrading.eu\/de\/nachhaltigkeit-an-erster-stelle\/rueckverfolgbarkeit-in-der-lieferkette\/","og_site_name":"AD CO. trading","article_modified_time":"2026-04-17T14:23:33+00:00","og_image":[{"width":2560,"height":1707,"url":"https:\/\/adcotrading.eu\/app\/uploads\/2025\/11\/DSC8459-2.webp","type":"image\/jpeg"}],"twitter_card":"summary_large_image","twitter_misc":{"Est. reading time":"2 minutes"},"schema":{"@context":"https:\/\/schema.org","@graph":[{"@type":"WebPage","@id":"https:\/\/adcotrading.eu\/de\/nachhaltigkeit-an-erster-stelle\/rueckverfolgbarkeit-in-der-lieferkette\/","url":"https:\/\/adcotrading.eu\/de\/nachhaltigkeit-an-erster-stelle\/rueckverfolgbarkeit-in-der-lieferkette\/","name":"R\u00fcckverfolgbarkeit in der Lieferkette - AD CO. trading","isPartOf":{"@id":"https:\/\/adcotrading.eu\/de\/#website"},"primaryImageOfPage":{"@id":"https:\/\/adcotrading.eu\/de\/nachhaltigkeit-an-erster-stelle\/rueckverfolgbarkeit-in-der-lieferkette\/#primaryimage"},"image":{"@id":"https:\/\/adcotrading.eu\/de\/nachhaltigkeit-an-erster-stelle\/rueckverfolgbarkeit-in-der-lieferkette\/#primaryimage"},"thumbnailUrl":"http:\/\/adcotrading.eu\/app\/uploads\/2025\/11\/DSC8459-2.webp","datePublished":"2025-11-05T12:56:47+00:00","dateModified":"2026-04-17T14:23:33+00:00","description":"Transparenz auf jeder Ebene Die Arbeit mit recycelten Materialien bringt sowohl Chancen als auch Verantwortung mit sich. Jeder Schritt\u00a0\u2013 von der","breadcrumb":{"@id":"https:\/\/adcotrading.eu\/de\/nachhaltigkeit-an-erster-stelle\/rueckverfolgbarkeit-in-der-lieferkette\/#breadcrumb"},"inLanguage":"de-DE","potentialAction":[{"@type":"ReadAction","target":["https:\/\/adcotrading.eu\/de\/nachhaltigkeit-an-erster-stelle\/rueckverfolgbarkeit-in-der-lieferkette\/"]}]},{"@type":"ImageObject","inLanguage":"de-DE","@id":"https:\/\/adcotrading.eu\/de\/nachhaltigkeit-an-erster-stelle\/rueckverfolgbarkeit-in-der-lieferkette\/#primaryimage","url":"http:\/\/adcotrading.eu\/app\/uploads\/2025\/11\/DSC8459-2.webp","contentUrl":"http:\/\/adcotrading.eu\/app\/uploads\/2025\/11\/DSC8459-2.webp"},{"@type":"BreadcrumbList","@id":"https:\/\/adcotrading.eu\/de\/nachhaltigkeit-an-erster-stelle\/rueckverfolgbarkeit-in-der-lieferkette\/#breadcrumb","itemListElement":[{"@type":"ListItem","position":1,"name":"Home","item":"https:\/\/adcotrading.eu\/de\/"},{"@type":"ListItem","position":2,"name":"Nachhaltigkeit an erster Stelle","item":"https:\/\/adcotrading.eu\/de\/nachhaltigkeit-an-erster-stelle\/"},{"@type":"ListItem","position":3,"name":"R\u00fcckverfolgbarkeit in der Lieferkette"}]},{"@type":"WebSite","@id":"https:\/\/adcotrading.eu\/de\/#website","url":"https:\/\/adcotrading.eu\/de\/","name":"AD CO. trading","description":"","potentialAction":[{"@type":"SearchAction","target":{"@type":"EntryPoint","urlTemplate":"https:\/\/adcotrading.eu\/de\/?s={search_term_string}"},"query-input":{"@type":"PropertyValueSpecification","valueRequired":true,"valueName":"search_term_string"}}],"inLanguage":"de-DE"}]}},"_links":{"self":[{"href":"https:\/\/adcotrading.eu\/de\/wp-json\/wp\/v2\/pages\/1071","targetHints":{"allow":["GET"]}}],"collection":[{"href":"https:\/\/adcotrading.eu\/de\/wp-json\/wp\/v2\/pages"}],"about":[{"href":"https:\/\/adcotrading.eu\/de\/wp-json\/wp\/v2\/types\/page"}],"author":[{"embeddable":true,"href":"https:\/\/adcotrading.eu\/de\/wp-json\/wp\/v2\/users\/2"}],"replies":[{"embeddable":true,"href":"https:\/\/adcotrading.eu\/de\/wp-json\/wp\/v2\/comments?post=1071"}],"version-history":[{"count":10,"href":"https:\/\/adcotrading.eu\/de\/wp-json\/wp\/v2\/pages\/1071\/revisions"}],"predecessor-version":[{"id":1696,"href":"https:\/\/adcotrading.eu\/de\/wp-json\/wp\/v2\/pages\/1071\/revisions\/1696"}],"up":[{"embeddable":true,"href":"https:\/\/adcotrading.eu\/de\/wp-json\/wp\/v2\/pages\/1100"}],"wp:attachment":[{"href":"https:\/\/adcotrading.eu\/de\/wp-json\/wp\/v2\/media?parent=1071"}],"curies":[{"name":"wp","href":"https:\/\/api.w.org\/{rel}","templated":true}]}}