{"id":1078,"date":"2025-11-05T12:55:40","date_gmt":"2025-11-05T12:55:40","guid":{"rendered":"https:\/\/adcotrading.eu\/verantwortungsvoller-umgang-mit-chemikalien\/"},"modified":"2026-04-15T13:04:54","modified_gmt":"2026-04-15T13:04:54","slug":"verantwortungsvoller-umgang-mit-chemikalien","status":"publish","type":"page","link":"https:\/\/adcotrading.eu\/de\/nachhaltigkeit-an-erster-stelle\/verantwortungsvoller-umgang-mit-chemikalien\/","title":{"rendered":"Verantwortungsvoller Umgang mit Chemikalien"},"content":{"rendered":"\n<div class=\"wp-block-cover alignfull is-light has-custom-content-position is-position-center-left adco-cover-block\" style=\"margin-top:0;margin-bottom:0;min-height:70vh;aspect-ratio:unset;\"><img data-dominant-color=\"889cad\" data-has-transparency=\"false\" style=\"--dominant-color: #889cad;\" loading=\"lazy\" decoding=\"async\" width=\"1024\" height=\"683\" sizes=\"auto, (max-width: 1024px) 100vw, 1024px\" class=\"wp-block-cover__image-background wp-image-750 size-large not-transparent\" alt=\"\" src=\"http:\/\/adcotrading.eu\/app\/uploads\/2025\/11\/ADCO_iceberg-1-1024x683.webp\" data-object-fit=\"cover\" srcset=\"https:\/\/adcotrading.eu\/app\/uploads\/2025\/11\/ADCO_iceberg-1-1024x683.webp 1024w, https:\/\/adcotrading.eu\/app\/uploads\/2025\/11\/ADCO_iceberg-1-300x200.webp 300w, https:\/\/adcotrading.eu\/app\/uploads\/2025\/11\/ADCO_iceberg-1-768x512.webp 768w, https:\/\/adcotrading.eu\/app\/uploads\/2025\/11\/ADCO_iceberg-1-1536x1024.webp 1536w, https:\/\/adcotrading.eu\/app\/uploads\/2025\/11\/ADCO_iceberg-1-2048x1366.webp 2048w\" \/><span aria-hidden=\"true\" class=\"wp-block-cover__background has-black-background-color has-background-dim-0 has-background-dim\"><\/span><div class=\"wp-block-cover__inner-container is-layout-constrained wp-block-cover-is-layout-constrained\">\n<h5 class=\"wp-block-heading has-text-align-left has-white-color has-text-color has-link-color wp-elements-1a6fc1bdcd8b84f7a2d121fce50d72e9\"><strong>Verantwortungsvoller Umgang mit Chemikalien<\/strong><\/h5>\n\n\n\n<h1 class=\"wp-block-heading has-text-align-left has-ember-color has-text-color has-link-color wp-elements-07411836b1cb90780ebd11f129a54e96\">REACH \u2013 in greifbarer N\u00e4he<\/h1>\n<\/div><\/div>\n<div class=\"yoast-breadcrumbs\"><span><span><a href=\"https:\/\/adcotrading.eu\/de\/\">Home<\/a><\/span> \u00bb <span><a href=\"https:\/\/adcotrading.eu\/de\/nachhaltigkeit-an-erster-stelle\/\">Nachhaltigkeit an erster Stelle<\/a><\/span> \u00bb <span class=\"breadcrumb_last\" aria-current=\"page\">Verantwortungsvoller Umgang mit Chemikalien<\/span><\/span><\/div>\n<div class=\"wp-block-media-text alignwide is-stacked-on-mobile is-vertically-aligned-top\" style=\"margin-top:var(--wp--preset--spacing--80);margin-bottom:var(--wp--preset--spacing--80);grid-template-columns:45% auto\"><figure class=\"wp-block-media-text__media\"><img data-dominant-color=\"889cad\" data-has-transparency=\"false\" style=\"--dominant-color: #889cad;\" loading=\"lazy\" decoding=\"async\" width=\"1024\" height=\"683\" src=\"http:\/\/adcotrading.eu\/app\/uploads\/2025\/11\/ADCO_iceberg-1-1024x683.webp\" alt=\"\" class=\"wp-image-750 size-full not-transparent\" srcset=\"https:\/\/adcotrading.eu\/app\/uploads\/2025\/11\/ADCO_iceberg-1-1024x683.webp 1024w, https:\/\/adcotrading.eu\/app\/uploads\/2025\/11\/ADCO_iceberg-1-300x200.webp 300w, https:\/\/adcotrading.eu\/app\/uploads\/2025\/11\/ADCO_iceberg-1-768x512.webp 768w, https:\/\/adcotrading.eu\/app\/uploads\/2025\/11\/ADCO_iceberg-1-1536x1024.webp 1536w, https:\/\/adcotrading.eu\/app\/uploads\/2025\/11\/ADCO_iceberg-1-2048x1366.webp 2048w\" sizes=\"auto, (max-width: 1024px) 100vw, 1024px\" \/><\/figure><div class=\"wp-block-media-text__content\">\n<h5 class=\"wp-block-heading\">Kontinuierlicher Einsatz f\u00fcr chemische Sicherheit<\/h5>\n\n\n\n<p>Wir arbeiten kontinuierlich am Chemikalienmanagement im Rahmen der EU-REACH-Verordnung. Diese umfasst Vorschriften zur Registrierung sowie Beschr\u00e4nkungen und Verbote von Substanzen in allen importierten Produkten. Alle unsere Lieferanten haben unsere Chemikalienrichtlinie unterzeichnet, die auf der EU-Gesetzgebung basiert\u00a0\u2013 ein starkes Fundament, das allein jedoch nicht ausreicht.<\/p>\n\n\n\n<h5 class=\"wp-block-heading\"><strong>Proaktive Tests und \u00dcberwachung<\/strong><\/h5>\n\n\n\n<p>Wir gehen einen Schritt weiter und erg\u00e4nzen die gesetzliche Konformit\u00e4t durch eigene Labortests. So stellen wir sicher, dass unsere Produkte frei von den durch die Richtlinien regulierten Chemikalien sind oder die entsprechenden Grenzwerte einhalten. Diese Arbeit erfolgt kontinuierlich nach einem Plan, den wir gemeinsam mit unserem Chemikalienberater entwickelt haben. Dies ist unerl\u00e4sslich, da sowohl die Verordnung als auch die Kandidatenliste regelm\u00e4\u00dfig auf Basis neuer wissenschaftlicher Erkenntnisse und Risikobewertungen aktualisiert werden. Zus\u00e4tzlich zu REACH erf\u00fcllen wir eine Vielzahl internationaler und nationaler Vorschriften, die f\u00fcr unsere Produkte relevant sind.<\/p>\n\n\n\n<h5 class=\"wp-block-heading has-ember-color has-text-color has-link-color wp-elements-59a4ee22d01ca9ac1d2785b104d1baae\">PFAS<\/h5>\n\n\n\n<p>Ein zentraler Schwerpunkt unserer Arbeit sind PFAS, auch bekannt als \u201eEwigkeitschemikalien\u201c. Durch pr\u00e4ventive Ma\u00dfnahmen und regelm\u00e4\u00dfige Tests arbeiten wir daran, Risiken zu minimieren und sicherzustellen, dass unsere Produkte diese langlebigen und sch\u00e4dlichen Substanzen nicht enthalten\u00a0\u2013 und das bereits, bevor neue gesetzliche Anforderungen in Kraft treten.<\/p>\n\n\n\n<blockquote class=\"wp-block-quote has-ember-color has-text-color has-link-color has-small-font-size wp-elements-6a48695f652e10053b2ddd324114a4fd is-layout-flow wp-block-quote-is-layout-flow\">\n<p class=\"has-large-font-size\">\u201eChemikalienmanagement steht immer im Fokus\u00a0\u2013 Verantwortung ist eine Verpflichtung bei jedem Schritt.\u201c<\/p>\n<\/blockquote>\n<\/div><\/div>\n\n<div class=\"wp-block-group alignwide is-layout-constrained wp-block-group-is-layout-constrained\">\n<h3 class=\"wp-block-heading alignwide\">Our sustainability initiatives<\/h3>\n\n\n\n<div class=\"sustainable-entrances-block alignwide wp-block\" id=\"block_45d246ef8346c869f3f02555d86aff0f\">\n\n    <div class=\"link-items\">\n            <a href=\"http:\/\/adcotrading.eu\/sustainability-first\/social-responsibility\/\">\n            <figure><img loading=\"lazy\" decoding=\"async\" width=\"955\" height=\"601\" src=\"https:\/\/adcotrading.eu\/app\/uploads\/2025\/10\/Our-Social-Responsibility.avif\" class=\"attachment-full size-full\" alt=\"\" srcset=\"https:\/\/adcotrading.eu\/app\/uploads\/2025\/10\/Our-Social-Responsibility.avif 955w, https:\/\/adcotrading.eu\/app\/uploads\/2025\/10\/Our-Social-Responsibility-300x189.avif 300w, https:\/\/adcotrading.eu\/app\/uploads\/2025\/10\/Our-Social-Responsibility-768x483.avif 768w\" sizes=\"auto, (max-width: 955px) 100vw, 955px\" \/>                <figcaption>Social Responsibility<\/figcaption>\n            <\/figure>\n        <\/a>\n            <a href=\"http:\/\/adcotrading.eu\/sustainability-first\/carbon-footprint\/\">\n            <figure><img loading=\"lazy\" decoding=\"async\" width=\"955\" height=\"600\" src=\"https:\/\/adcotrading.eu\/app\/uploads\/2025\/10\/Carbon-Footprint.avif\" class=\"attachment-full size-full\" alt=\"\" srcset=\"https:\/\/adcotrading.eu\/app\/uploads\/2025\/10\/Carbon-Footprint.avif 955w, https:\/\/adcotrading.eu\/app\/uploads\/2025\/10\/Carbon-Footprint-300x188.avif 300w, https:\/\/adcotrading.eu\/app\/uploads\/2025\/10\/Carbon-Footprint-768x483.avif 768w\" sizes=\"auto, (max-width: 955px) 100vw, 955px\" \/>                <figcaption>Carbon Footprint<\/figcaption>\n            <\/figure>\n        <\/a>\n            <a href=\"http:\/\/adcotrading.eu\/sustainability-first\/responsible-chemical-management\/\">\n            <figure><img loading=\"lazy\" decoding=\"async\" width=\"956\" height=\"602\" src=\"https:\/\/adcotrading.eu\/app\/uploads\/2025\/10\/Responsible-Chemical-Management.avif\" class=\"attachment-full size-full\" alt=\"\" srcset=\"https:\/\/adcotrading.eu\/app\/uploads\/2025\/10\/Responsible-Chemical-Management.avif 956w, https:\/\/adcotrading.eu\/app\/uploads\/2025\/10\/Responsible-Chemical-Management-300x189.avif 300w, https:\/\/adcotrading.eu\/app\/uploads\/2025\/10\/Responsible-Chemical-Management-768x484.avif 768w\" sizes=\"auto, (max-width: 956px) 100vw, 956px\" \/>                <figcaption>Responsible Chemical Management<\/figcaption>\n            <\/figure>\n        <\/a>\n            <a href=\"http:\/\/adcotrading.eu\/sustainability-first\/traceable\/\">\n            <figure><img loading=\"lazy\" decoding=\"async\" width=\"2560\" height=\"1707\" src=\"https:\/\/adcotrading.eu\/app\/uploads\/2025\/12\/PET-bild.webp\" class=\"attachment-full size-full not-transparent\" alt=\"\" srcset=\"https:\/\/adcotrading.eu\/app\/uploads\/2025\/12\/PET-bild.webp 2560w, https:\/\/adcotrading.eu\/app\/uploads\/2025\/12\/PET-bild-300x200.webp 300w, https:\/\/adcotrading.eu\/app\/uploads\/2025\/12\/PET-bild-1024x683.webp 1024w, https:\/\/adcotrading.eu\/app\/uploads\/2025\/12\/PET-bild-768x512.webp 768w, https:\/\/adcotrading.eu\/app\/uploads\/2025\/12\/PET-bild-1536x1024.webp 1536w, https:\/\/adcotrading.eu\/app\/uploads\/2025\/12\/PET-bild-2048x1366.webp 2048w\" sizes=\"auto, (max-width: 2560px) 100vw, 2560px\" data-has-transparency=\"false\" data-dominant-color=\"8ddae6\" style=\"--dominant-color: #8ddae6;\" \/>                <figcaption>Supply Chain Traceability<\/figcaption>\n            <\/figure>\n        <\/a>\n        <\/div>\n\n<\/div><\/div>\n","protected":false},"excerpt":{"rendered":"","protected":false},"author":2,"featured_media":0,"parent":1100,"menu_order":0,"comment_status":"closed","ping_status":"closed","template":"","meta":{"_acf_changed":false,"footnotes":""},"class_list":["post-1078","page","type-page","status-publish","hentry"],"acf":[],"yoast_head":"<!-- This site is optimized with the Yoast SEO plugin v27.4 - https:\/\/yoast.com\/product\/yoast-seo-wordpress\/ -->\n<title>Verantwortungsvoller Umgang mit Chemikalien - AD CO. trading<\/title>\n<meta name=\"description\" content=\"Verantwortungsvoller Umgang mit Chemikalien REACH \u2013 in greifbarer N\u00e4he Kontinuierlicher Einsatz f\u00fcr chemische Sicherheit Wir arbeiten kontinuierlich am\" \/>\n<meta name=\"robots\" content=\"index, follow, max-snippet:-1, max-image-preview:large, max-video-preview:-1\" \/>\n<link rel=\"canonical\" href=\"https:\/\/adcotrading.eu\/de\/nachhaltigkeit-an-erster-stelle\/verantwortungsvoller-umgang-mit-chemikalien\/\" \/>\n<meta property=\"og:locale\" content=\"de_DE\" \/>\n<meta property=\"og:type\" content=\"article\" \/>\n<meta property=\"og:title\" content=\"Verantwortungsvoller Umgang mit Chemikalien - AD CO. trading\" \/>\n<meta property=\"og:description\" content=\"Verantwortungsvoller Umgang mit Chemikalien REACH \u2013 in greifbarer N\u00e4he Kontinuierlicher Einsatz f\u00fcr chemische Sicherheit Wir arbeiten kontinuierlich am\" \/>\n<meta property=\"og:url\" content=\"https:\/\/adcotrading.eu\/de\/nachhaltigkeit-an-erster-stelle\/verantwortungsvoller-umgang-mit-chemikalien\/\" \/>\n<meta property=\"og:site_name\" content=\"AD CO. trading\" \/>\n<meta property=\"article:modified_time\" content=\"2026-04-15T13:04:54+00:00\" \/>\n<meta property=\"og:image\" content=\"https:\/\/adcotrading.eu\/app\/uploads\/2025\/11\/ADCO_iceberg-1.webp\" \/>\n\t<meta property=\"og:image:width\" content=\"2560\" \/>\n\t<meta property=\"og:image:height\" content=\"1707\" \/>\n\t<meta property=\"og:image:type\" content=\"image\/jpeg\" \/>\n<meta name=\"twitter:card\" content=\"summary_large_image\" \/>\n<meta name=\"twitter:label1\" content=\"Est. reading time\" \/>\n\t<meta name=\"twitter:data1\" content=\"1 minute\" \/>\n<script type=\"application\/ld+json\" class=\"yoast-schema-graph\">{\"@context\":\"https:\\\/\\\/schema.org\",\"@graph\":[{\"@type\":\"WebPage\",\"@id\":\"https:\\\/\\\/adcotrading.eu\\\/de\\\/nachhaltigkeit-an-erster-stelle\\\/verantwortungsvoller-umgang-mit-chemikalien\\\/\",\"url\":\"https:\\\/\\\/adcotrading.eu\\\/de\\\/nachhaltigkeit-an-erster-stelle\\\/verantwortungsvoller-umgang-mit-chemikalien\\\/\",\"name\":\"Verantwortungsvoller Umgang mit Chemikalien - AD CO. trading\",\"isPartOf\":{\"@id\":\"https:\\\/\\\/adcotrading.eu\\\/de\\\/#website\"},\"primaryImageOfPage\":{\"@id\":\"https:\\\/\\\/adcotrading.eu\\\/de\\\/nachhaltigkeit-an-erster-stelle\\\/verantwortungsvoller-umgang-mit-chemikalien\\\/#primaryimage\"},\"image\":{\"@id\":\"https:\\\/\\\/adcotrading.eu\\\/de\\\/nachhaltigkeit-an-erster-stelle\\\/verantwortungsvoller-umgang-mit-chemikalien\\\/#primaryimage\"},\"thumbnailUrl\":\"http:\\\/\\\/adcotrading.eu\\\/app\\\/uploads\\\/2025\\\/11\\\/ADCO_iceberg-1-1024x683.webp\",\"datePublished\":\"2025-11-05T12:55:40+00:00\",\"dateModified\":\"2026-04-15T13:04:54+00:00\",\"description\":\"Verantwortungsvoller Umgang mit Chemikalien REACH \u2013 in greifbarer N\u00e4he Kontinuierlicher Einsatz f\u00fcr chemische Sicherheit Wir arbeiten kontinuierlich am\",\"breadcrumb\":{\"@id\":\"https:\\\/\\\/adcotrading.eu\\\/de\\\/nachhaltigkeit-an-erster-stelle\\\/verantwortungsvoller-umgang-mit-chemikalien\\\/#breadcrumb\"},\"inLanguage\":\"de-DE\",\"potentialAction\":[{\"@type\":\"ReadAction\",\"target\":[\"https:\\\/\\\/adcotrading.eu\\\/de\\\/nachhaltigkeit-an-erster-stelle\\\/verantwortungsvoller-umgang-mit-chemikalien\\\/\"]}]},{\"@type\":\"ImageObject\",\"inLanguage\":\"de-DE\",\"@id\":\"https:\\\/\\\/adcotrading.eu\\\/de\\\/nachhaltigkeit-an-erster-stelle\\\/verantwortungsvoller-umgang-mit-chemikalien\\\/#primaryimage\",\"url\":\"http:\\\/\\\/adcotrading.eu\\\/app\\\/uploads\\\/2025\\\/11\\\/ADCO_iceberg-1-1024x683.webp\",\"contentUrl\":\"http:\\\/\\\/adcotrading.eu\\\/app\\\/uploads\\\/2025\\\/11\\\/ADCO_iceberg-1-1024x683.webp\"},{\"@type\":\"BreadcrumbList\",\"@id\":\"https:\\\/\\\/adcotrading.eu\\\/de\\\/nachhaltigkeit-an-erster-stelle\\\/verantwortungsvoller-umgang-mit-chemikalien\\\/#breadcrumb\",\"itemListElement\":[{\"@type\":\"ListItem\",\"position\":1,\"name\":\"Home\",\"item\":\"https:\\\/\\\/adcotrading.eu\\\/de\\\/\"},{\"@type\":\"ListItem\",\"position\":2,\"name\":\"Nachhaltigkeit an erster Stelle\",\"item\":\"https:\\\/\\\/adcotrading.eu\\\/de\\\/nachhaltigkeit-an-erster-stelle\\\/\"},{\"@type\":\"ListItem\",\"position\":3,\"name\":\"Verantwortungsvoller Umgang mit Chemikalien\"}]},{\"@type\":\"WebSite\",\"@id\":\"https:\\\/\\\/adcotrading.eu\\\/de\\\/#website\",\"url\":\"https:\\\/\\\/adcotrading.eu\\\/de\\\/\",\"name\":\"AD CO. trading\",\"description\":\"\",\"potentialAction\":[{\"@type\":\"SearchAction\",\"target\":{\"@type\":\"EntryPoint\",\"urlTemplate\":\"https:\\\/\\\/adcotrading.eu\\\/de\\\/?s={search_term_string}\"},\"query-input\":{\"@type\":\"PropertyValueSpecification\",\"valueRequired\":true,\"valueName\":\"search_term_string\"}}],\"inLanguage\":\"de-DE\"}]}<\/script>\n<!-- \/ Yoast SEO plugin. -->","yoast_head_json":{"title":"Verantwortungsvoller Umgang mit Chemikalien - AD CO. trading","description":"Verantwortungsvoller Umgang mit Chemikalien REACH \u2013 in greifbarer N\u00e4he Kontinuierlicher Einsatz f\u00fcr chemische Sicherheit Wir arbeiten kontinuierlich am","robots":{"index":"index","follow":"follow","max-snippet":"max-snippet:-1","max-image-preview":"max-image-preview:large","max-video-preview":"max-video-preview:-1"},"canonical":"https:\/\/adcotrading.eu\/de\/nachhaltigkeit-an-erster-stelle\/verantwortungsvoller-umgang-mit-chemikalien\/","og_locale":"de_DE","og_type":"article","og_title":"Verantwortungsvoller Umgang mit Chemikalien - AD CO. trading","og_description":"Verantwortungsvoller Umgang mit Chemikalien REACH \u2013 in greifbarer N\u00e4he Kontinuierlicher Einsatz f\u00fcr chemische Sicherheit Wir arbeiten kontinuierlich am","og_url":"https:\/\/adcotrading.eu\/de\/nachhaltigkeit-an-erster-stelle\/verantwortungsvoller-umgang-mit-chemikalien\/","og_site_name":"AD CO. trading","article_modified_time":"2026-04-15T13:04:54+00:00","og_image":[{"width":2560,"height":1707,"url":"https:\/\/adcotrading.eu\/app\/uploads\/2025\/11\/ADCO_iceberg-1.webp","type":"image\/jpeg"}],"twitter_card":"summary_large_image","twitter_misc":{"Est. reading time":"1 minute"},"schema":{"@context":"https:\/\/schema.org","@graph":[{"@type":"WebPage","@id":"https:\/\/adcotrading.eu\/de\/nachhaltigkeit-an-erster-stelle\/verantwortungsvoller-umgang-mit-chemikalien\/","url":"https:\/\/adcotrading.eu\/de\/nachhaltigkeit-an-erster-stelle\/verantwortungsvoller-umgang-mit-chemikalien\/","name":"Verantwortungsvoller Umgang mit Chemikalien - AD CO. trading","isPartOf":{"@id":"https:\/\/adcotrading.eu\/de\/#website"},"primaryImageOfPage":{"@id":"https:\/\/adcotrading.eu\/de\/nachhaltigkeit-an-erster-stelle\/verantwortungsvoller-umgang-mit-chemikalien\/#primaryimage"},"image":{"@id":"https:\/\/adcotrading.eu\/de\/nachhaltigkeit-an-erster-stelle\/verantwortungsvoller-umgang-mit-chemikalien\/#primaryimage"},"thumbnailUrl":"http:\/\/adcotrading.eu\/app\/uploads\/2025\/11\/ADCO_iceberg-1-1024x683.webp","datePublished":"2025-11-05T12:55:40+00:00","dateModified":"2026-04-15T13:04:54+00:00","description":"Verantwortungsvoller Umgang mit Chemikalien REACH \u2013 in greifbarer N\u00e4he Kontinuierlicher Einsatz f\u00fcr chemische Sicherheit Wir arbeiten kontinuierlich am","breadcrumb":{"@id":"https:\/\/adcotrading.eu\/de\/nachhaltigkeit-an-erster-stelle\/verantwortungsvoller-umgang-mit-chemikalien\/#breadcrumb"},"inLanguage":"de-DE","potentialAction":[{"@type":"ReadAction","target":["https:\/\/adcotrading.eu\/de\/nachhaltigkeit-an-erster-stelle\/verantwortungsvoller-umgang-mit-chemikalien\/"]}]},{"@type":"ImageObject","inLanguage":"de-DE","@id":"https:\/\/adcotrading.eu\/de\/nachhaltigkeit-an-erster-stelle\/verantwortungsvoller-umgang-mit-chemikalien\/#primaryimage","url":"http:\/\/adcotrading.eu\/app\/uploads\/2025\/11\/ADCO_iceberg-1-1024x683.webp","contentUrl":"http:\/\/adcotrading.eu\/app\/uploads\/2025\/11\/ADCO_iceberg-1-1024x683.webp"},{"@type":"BreadcrumbList","@id":"https:\/\/adcotrading.eu\/de\/nachhaltigkeit-an-erster-stelle\/verantwortungsvoller-umgang-mit-chemikalien\/#breadcrumb","itemListElement":[{"@type":"ListItem","position":1,"name":"Home","item":"https:\/\/adcotrading.eu\/de\/"},{"@type":"ListItem","position":2,"name":"Nachhaltigkeit an erster Stelle","item":"https:\/\/adcotrading.eu\/de\/nachhaltigkeit-an-erster-stelle\/"},{"@type":"ListItem","position":3,"name":"Verantwortungsvoller Umgang mit Chemikalien"}]},{"@type":"WebSite","@id":"https:\/\/adcotrading.eu\/de\/#website","url":"https:\/\/adcotrading.eu\/de\/","name":"AD CO. trading","description":"","potentialAction":[{"@type":"SearchAction","target":{"@type":"EntryPoint","urlTemplate":"https:\/\/adcotrading.eu\/de\/?s={search_term_string}"},"query-input":{"@type":"PropertyValueSpecification","valueRequired":true,"valueName":"search_term_string"}}],"inLanguage":"de-DE"}]}},"_links":{"self":[{"href":"https:\/\/adcotrading.eu\/de\/wp-json\/wp\/v2\/pages\/1078","targetHints":{"allow":["GET"]}}],"collection":[{"href":"https:\/\/adcotrading.eu\/de\/wp-json\/wp\/v2\/pages"}],"about":[{"href":"https:\/\/adcotrading.eu\/de\/wp-json\/wp\/v2\/types\/page"}],"author":[{"embeddable":true,"href":"https:\/\/adcotrading.eu\/de\/wp-json\/wp\/v2\/users\/2"}],"replies":[{"embeddable":true,"href":"https:\/\/adcotrading.eu\/de\/wp-json\/wp\/v2\/comments?post=1078"}],"version-history":[{"count":9,"href":"https:\/\/adcotrading.eu\/de\/wp-json\/wp\/v2\/pages\/1078\/revisions"}],"predecessor-version":[{"id":1526,"href":"https:\/\/adcotrading.eu\/de\/wp-json\/wp\/v2\/pages\/1078\/revisions\/1526"}],"up":[{"embeddable":true,"href":"https:\/\/adcotrading.eu\/de\/wp-json\/wp\/v2\/pages\/1100"}],"wp:attachment":[{"href":"https:\/\/adcotrading.eu\/de\/wp-json\/wp\/v2\/media?parent=1078"}],"curies":[{"name":"wp","href":"https:\/\/api.w.org\/{rel}","templated":true}]}}