{"id":1081,"date":"2025-11-05T12:54:57","date_gmt":"2025-11-05T12:54:57","guid":{"rendered":"https:\/\/adcotrading.eu\/der-co%e2%82%82-fussabdruck\/"},"modified":"2026-04-15T13:04:55","modified_gmt":"2026-04-15T13:04:55","slug":"der-co%e2%82%82-fussabdruck","status":"publish","type":"page","link":"https:\/\/adcotrading.eu\/de\/nachhaltigkeit-an-erster-stelle\/der-co%e2%82%82-fussabdruck\/","title":{"rendered":"Der CO\u2082-Fu\u00dfabdruck"},"content":{"rendered":"\n<div class=\"wp-block-cover alignfull is-light has-custom-content-position is-position-center-left adco-cover-block\" style=\"margin-top:0;margin-bottom:0;min-height:70vh;aspect-ratio:unset;\"><img data-dominant-color=\"82867f\" data-has-transparency=\"false\" style=\"--dominant-color: #82867f;\" loading=\"lazy\" decoding=\"async\" width=\"1024\" height=\"768\" sizes=\"auto, (max-width: 1024px) 100vw, 1024px\" class=\"wp-block-cover__image-background wp-image-743 size-large not-transparent\" alt=\"\" src=\"http:\/\/adcotrading.eu\/app\/uploads\/2025\/11\/ADCO-forest-1-1024x768.webp\" data-object-fit=\"cover\" srcset=\"https:\/\/adcotrading.eu\/app\/uploads\/2025\/11\/ADCO-forest-1-1024x768.webp 1024w, https:\/\/adcotrading.eu\/app\/uploads\/2025\/11\/ADCO-forest-1-300x225.webp 300w, https:\/\/adcotrading.eu\/app\/uploads\/2025\/11\/ADCO-forest-1-768x576.webp 768w, https:\/\/adcotrading.eu\/app\/uploads\/2025\/11\/ADCO-forest-1-1536x1152.webp 1536w, https:\/\/adcotrading.eu\/app\/uploads\/2025\/11\/ADCO-forest-1-2048x1536.webp 2048w\" \/><span aria-hidden=\"true\" class=\"wp-block-cover__background has-black-background-color has-background-dim-0 has-background-dim\"><\/span><div class=\"wp-block-cover__inner-container is-layout-constrained wp-block-cover-is-layout-constrained\">\n<h1 class=\"wp-block-heading has-text-align-left has-white-color has-text-color has-link-color wp-elements-e2e0e2ad12a641d050e36144067551cc\">\u00dcber die<br\/>Tasche hinaus:<br\/>Echte Wirkung,<br\/>geringer Fu\u00dfabdruck<\/h1>\n<\/div><\/div>\n<div class=\"yoast-breadcrumbs\"><span><span><a href=\"https:\/\/adcotrading.eu\/de\/\">Home<\/a><\/span> \u00bb <span><a href=\"https:\/\/adcotrading.eu\/de\/nachhaltigkeit-an-erster-stelle\/\">Nachhaltigkeit an erster Stelle<\/a><\/span> \u00bb <span class=\"breadcrumb_last\" aria-current=\"page\">Der CO\u2082-Fu\u00dfabdruck<\/span><\/span><\/div>\n<div class=\"wp-block-media-text alignwide is-stacked-on-mobile is-vertically-aligned-top\" style=\"margin-top:var(--wp--preset--spacing--80);margin-bottom:var(--wp--preset--spacing--80);grid-template-columns:45% auto\"><figure class=\"wp-block-media-text__media\"><img data-dominant-color=\"82867f\" data-has-transparency=\"false\" style=\"--dominant-color: #82867f;\" loading=\"lazy\" decoding=\"async\" width=\"1024\" height=\"768\" src=\"http:\/\/adcotrading.eu\/app\/uploads\/2025\/11\/ADCO-forest-1-1024x768.webp\" alt=\"\" class=\"wp-image-743 size-full not-transparent\" srcset=\"https:\/\/adcotrading.eu\/app\/uploads\/2025\/11\/ADCO-forest-1-1024x768.webp 1024w, https:\/\/adcotrading.eu\/app\/uploads\/2025\/11\/ADCO-forest-1-300x225.webp 300w, https:\/\/adcotrading.eu\/app\/uploads\/2025\/11\/ADCO-forest-1-768x576.webp 768w, https:\/\/adcotrading.eu\/app\/uploads\/2025\/11\/ADCO-forest-1-1536x1152.webp 1536w, https:\/\/adcotrading.eu\/app\/uploads\/2025\/11\/ADCO-forest-1-2048x1536.webp 2048w\" sizes=\"auto, (max-width: 1024px) 100vw, 1024px\" \/><\/figure><div class=\"wp-block-media-text__content\">\n<h5 class=\"wp-block-heading\">KLIMAAUSWIRKUNGEN REDUZIEREN \u2013 F\u00dcR EINE NACHHALTIGE ZUKUNFT<\/h5>\n\n\n\n<p>Das Verst\u00e4ndnis von Klimatoxizit\u00e4t beginnt mit Wissen. Deshalb berechnen wir den Fu\u00dfabdruck unserer Produkte nach dem international anerkannten GHG Protocol Product Standard. Diese Methode geht \u00fcber CO<sub>2<\/sub> hinaus und bezieht alle relevanten Treibhausgase mit ein. Dies erm\u00f6glicht eine transparente und vergleichbare Darstellung der Emissionen \u00fcber die gesamte Wertsch\u00f6pfungskette hinweg.<\/p>\n\n\n\n<p>Das GHG Protocol basiert auf drei Bereichen (Scopes):<\/p>\n\n\n\n<p><strong>SCOPE 1:<\/strong> Direkte Emissionen aus dem eigenen Gesch\u00e4ftsbetrieb (z.\u00a0B. Kraftstoffe von Fahrzeugen).<\/p>\n\n\n\n<p><strong>SCOPE 2:<\/strong> Indirekte Emissionen aus eingekaufter Energie (z.\u00a0B. Strom).<\/p>\n\n\n\n<p><strong>SCOPE 3:<\/strong> Indirekte Emissionen aus Aktivit\u00e4ten au\u00dferhalb der direkten Kontrolle, wie Transport, Materialien und Prozesse bei Lieferanten.<\/p>\n\n\n\n<p>Durch die Anwendung dieses Rahmens k\u00f6nnen wir identifizieren, an welcher Stelle im Lebenszyklus die gr\u00f6\u00dften Emissionen entstehen, und klare Daten f\u00fcr jedes Produkt liefern.\u00a0<br\/>Dies bietet Ihnen die Grundlage, um fundierte Entscheidungen \u00fcber Materialien, Produktionsmethoden und Logistik zu treffen\u00a0\u2013 basierend auf Funktionalit\u00e4t und Klimabelastung.<\/p>\n\n\n\n<h5 class=\"wp-block-heading\">JEDE TASCHE Z\u00c4HLT<\/h5>\n\n\n\n<p>Wir wissen, dass jede Tasche Auswirkungen hat\u00a0\u2013 aber nicht alle Auswirkungen sind gleich.\u00a0Verschiedene Materialien beeinflussen unseren Planeten auf unterschiedliche Weise, vom Rohstoffverbrauch \u00fcber die Produktion und den Transport bis hin zum Recycling. Deshalb bewerten wir jede Entscheidung sorgf\u00e4ltig mit dem Ziel, den \u00f6kologischen Fu\u00dfabdruck jeder einzelnen Tasche zu reduzieren.\u00a0<\/p>\n\n\n\n<p>Unser Ziel ist einfach: Taschen zu entwerfen, die Funktionalit\u00e4t und Langlebigkeit mit der geringstm\u00f6glichen Belastung f\u00fcr die Umwelt verbinden. Durch die Ber\u00fccksichtigung des gesamten Lebenszyklus stellen wir sicher, dass jede produzierte Tasche zu einer nachhaltigeren Zukunft beitr\u00e4gt.<\/p>\n<\/div><\/div>\n\n<div class=\"wp-block-group alignwide is-layout-constrained wp-block-group-is-layout-constrained\">\n<h3 class=\"wp-block-heading alignwide\">Our sustainability initiatives<\/h3>\n\n\n\n<div class=\"sustainable-entrances-block alignwide wp-block\" id=\"block_6ebc0fbd101ad1c68f419005fec5d694\">\n\n    <div class=\"link-items\">\n            <a href=\"http:\/\/adcotrading.eu\/sustainability-first\/social-responsibility\/\">\n            <figure><img loading=\"lazy\" decoding=\"async\" width=\"955\" height=\"601\" src=\"https:\/\/adcotrading.eu\/app\/uploads\/2025\/10\/Our-Social-Responsibility.avif\" class=\"attachment-full size-full\" alt=\"\" srcset=\"https:\/\/adcotrading.eu\/app\/uploads\/2025\/10\/Our-Social-Responsibility.avif 955w, https:\/\/adcotrading.eu\/app\/uploads\/2025\/10\/Our-Social-Responsibility-300x189.avif 300w, https:\/\/adcotrading.eu\/app\/uploads\/2025\/10\/Our-Social-Responsibility-768x483.avif 768w\" sizes=\"auto, (max-width: 955px) 100vw, 955px\" \/>                <figcaption>Social Responsibility<\/figcaption>\n            <\/figure>\n        <\/a>\n            <a href=\"http:\/\/adcotrading.eu\/sustainability-first\/carbon-footprint\/\">\n            <figure><img loading=\"lazy\" decoding=\"async\" width=\"955\" height=\"600\" src=\"https:\/\/adcotrading.eu\/app\/uploads\/2025\/10\/Carbon-Footprint.avif\" class=\"attachment-full size-full\" alt=\"\" srcset=\"https:\/\/adcotrading.eu\/app\/uploads\/2025\/10\/Carbon-Footprint.avif 955w, https:\/\/adcotrading.eu\/app\/uploads\/2025\/10\/Carbon-Footprint-300x188.avif 300w, https:\/\/adcotrading.eu\/app\/uploads\/2025\/10\/Carbon-Footprint-768x483.avif 768w\" sizes=\"auto, (max-width: 955px) 100vw, 955px\" \/>                <figcaption>Carbon Footprint<\/figcaption>\n            <\/figure>\n        <\/a>\n            <a href=\"http:\/\/adcotrading.eu\/sustainability-first\/responsible-chemical-management\/\">\n            <figure><img loading=\"lazy\" decoding=\"async\" width=\"956\" height=\"602\" src=\"https:\/\/adcotrading.eu\/app\/uploads\/2025\/10\/Responsible-Chemical-Management.avif\" class=\"attachment-full size-full\" alt=\"\" srcset=\"https:\/\/adcotrading.eu\/app\/uploads\/2025\/10\/Responsible-Chemical-Management.avif 956w, https:\/\/adcotrading.eu\/app\/uploads\/2025\/10\/Responsible-Chemical-Management-300x189.avif 300w, https:\/\/adcotrading.eu\/app\/uploads\/2025\/10\/Responsible-Chemical-Management-768x484.avif 768w\" sizes=\"auto, (max-width: 956px) 100vw, 956px\" \/>                <figcaption>Responsible Chemical Management<\/figcaption>\n            <\/figure>\n        <\/a>\n            <a href=\"http:\/\/adcotrading.eu\/sustainability-first\/traceable\/\">\n            <figure><img loading=\"lazy\" decoding=\"async\" width=\"2560\" height=\"1707\" src=\"https:\/\/adcotrading.eu\/app\/uploads\/2025\/12\/PET-bild.webp\" class=\"attachment-full size-full not-transparent\" alt=\"\" srcset=\"https:\/\/adcotrading.eu\/app\/uploads\/2025\/12\/PET-bild.webp 2560w, https:\/\/adcotrading.eu\/app\/uploads\/2025\/12\/PET-bild-300x200.webp 300w, https:\/\/adcotrading.eu\/app\/uploads\/2025\/12\/PET-bild-1024x683.webp 1024w, https:\/\/adcotrading.eu\/app\/uploads\/2025\/12\/PET-bild-768x512.webp 768w, https:\/\/adcotrading.eu\/app\/uploads\/2025\/12\/PET-bild-1536x1024.webp 1536w, https:\/\/adcotrading.eu\/app\/uploads\/2025\/12\/PET-bild-2048x1366.webp 2048w\" sizes=\"auto, (max-width: 2560px) 100vw, 2560px\" data-has-transparency=\"false\" data-dominant-color=\"8ddae6\" style=\"--dominant-color: #8ddae6;\" \/>                <figcaption>Supply Chain Traceability<\/figcaption>\n            <\/figure>\n        <\/a>\n        <\/div>\n\n<\/div><\/div>\n","protected":false},"excerpt":{"rendered":"<p>KLIMAAUSWIRKUNGEN REDUZIEREN \u2013 F\u00dcR EINE NACHHALTIGE ZUKUNFT Das Verst\u00e4ndnis von Klimatoxizit\u00e4t beginnt mit Wissen. Deshalb berechnen wir den Fu\u00dfabdruck unserer Produkte nach dem international anerkannten GHG Protocol Product Standard. Diese Methode geht \u00fcber CO2 hinaus und bezieht alle relevanten Treibhausgase mit ein. Dies erm\u00f6glicht eine transparente und vergleichbare Darstellung der Emissionen \u00fcber die gesamte Wertsch\u00f6pfungskette [&hellip;]<\/p>\n","protected":false},"author":2,"featured_media":0,"parent":1100,"menu_order":0,"comment_status":"closed","ping_status":"closed","template":"","meta":{"_acf_changed":false,"footnotes":""},"class_list":["post-1081","page","type-page","status-publish","hentry"],"acf":[],"yoast_head":"<!-- This site is optimized with the Yoast SEO plugin v27.4 - https:\/\/yoast.com\/product\/yoast-seo-wordpress\/ -->\n<title>Der CO\u2082-Fu\u00dfabdruck - AD CO. trading<\/title>\n<meta name=\"description\" content=\"\u00dcber dieTasche hinaus:Echte Wirkung,geringer Fu\u00dfabdruck KLIMAAUSWIRKUNGEN REDUZIEREN \u2013 F\u00dcR EINE NACHHALTIGE ZUKUNFT Das Verst\u00e4ndnis von Klimatoxizit\u00e4t\" \/>\n<meta name=\"robots\" content=\"index, follow, max-snippet:-1, max-image-preview:large, max-video-preview:-1\" \/>\n<link rel=\"canonical\" href=\"https:\/\/adcotrading.eu\/de\/nachhaltigkeit-an-erster-stelle\/der-co%e2%82%82-fussabdruck\/\" \/>\n<meta property=\"og:locale\" content=\"de_DE\" \/>\n<meta property=\"og:type\" content=\"article\" \/>\n<meta property=\"og:title\" content=\"Der CO\u2082-Fu\u00dfabdruck - AD CO. trading\" \/>\n<meta property=\"og:description\" content=\"\u00dcber dieTasche hinaus:Echte Wirkung,geringer Fu\u00dfabdruck KLIMAAUSWIRKUNGEN REDUZIEREN \u2013 F\u00dcR EINE NACHHALTIGE ZUKUNFT Das Verst\u00e4ndnis von Klimatoxizit\u00e4t\" \/>\n<meta property=\"og:url\" content=\"https:\/\/adcotrading.eu\/de\/nachhaltigkeit-an-erster-stelle\/der-co%e2%82%82-fussabdruck\/\" \/>\n<meta property=\"og:site_name\" content=\"AD CO. trading\" \/>\n<meta property=\"article:modified_time\" content=\"2026-04-15T13:04:55+00:00\" \/>\n<meta property=\"og:image\" content=\"https:\/\/adcotrading.eu\/app\/uploads\/2025\/11\/ADCO-forest-1.webp\" \/>\n\t<meta property=\"og:image:width\" content=\"2560\" \/>\n\t<meta property=\"og:image:height\" content=\"1920\" \/>\n\t<meta property=\"og:image:type\" content=\"image\/jpeg\" \/>\n<meta name=\"twitter:card\" content=\"summary_large_image\" \/>\n<meta name=\"twitter:label1\" content=\"Est. reading time\" \/>\n\t<meta name=\"twitter:data1\" content=\"1 minute\" \/>\n<script type=\"application\/ld+json\" class=\"yoast-schema-graph\">{\"@context\":\"https:\\\/\\\/schema.org\",\"@graph\":[{\"@type\":\"WebPage\",\"@id\":\"https:\\\/\\\/adcotrading.eu\\\/de\\\/nachhaltigkeit-an-erster-stelle\\\/der-co%e2%82%82-fussabdruck\\\/\",\"url\":\"https:\\\/\\\/adcotrading.eu\\\/de\\\/nachhaltigkeit-an-erster-stelle\\\/der-co%e2%82%82-fussabdruck\\\/\",\"name\":\"Der CO\u2082-Fu\u00dfabdruck - AD CO. trading\",\"isPartOf\":{\"@id\":\"https:\\\/\\\/adcotrading.eu\\\/de\\\/#website\"},\"primaryImageOfPage\":{\"@id\":\"https:\\\/\\\/adcotrading.eu\\\/de\\\/nachhaltigkeit-an-erster-stelle\\\/der-co%e2%82%82-fussabdruck\\\/#primaryimage\"},\"image\":{\"@id\":\"https:\\\/\\\/adcotrading.eu\\\/de\\\/nachhaltigkeit-an-erster-stelle\\\/der-co%e2%82%82-fussabdruck\\\/#primaryimage\"},\"thumbnailUrl\":\"http:\\\/\\\/adcotrading.eu\\\/app\\\/uploads\\\/2025\\\/11\\\/ADCO-forest-1-1024x768.webp\",\"datePublished\":\"2025-11-05T12:54:57+00:00\",\"dateModified\":\"2026-04-15T13:04:55+00:00\",\"description\":\"\u00dcber dieTasche hinaus:Echte Wirkung,geringer Fu\u00dfabdruck KLIMAAUSWIRKUNGEN REDUZIEREN \u2013 F\u00dcR EINE NACHHALTIGE ZUKUNFT Das Verst\u00e4ndnis von Klimatoxizit\u00e4t\",\"breadcrumb\":{\"@id\":\"https:\\\/\\\/adcotrading.eu\\\/de\\\/nachhaltigkeit-an-erster-stelle\\\/der-co%e2%82%82-fussabdruck\\\/#breadcrumb\"},\"inLanguage\":\"de-DE\",\"potentialAction\":[{\"@type\":\"ReadAction\",\"target\":[\"https:\\\/\\\/adcotrading.eu\\\/de\\\/nachhaltigkeit-an-erster-stelle\\\/der-co%e2%82%82-fussabdruck\\\/\"]}]},{\"@type\":\"ImageObject\",\"inLanguage\":\"de-DE\",\"@id\":\"https:\\\/\\\/adcotrading.eu\\\/de\\\/nachhaltigkeit-an-erster-stelle\\\/der-co%e2%82%82-fussabdruck\\\/#primaryimage\",\"url\":\"http:\\\/\\\/adcotrading.eu\\\/app\\\/uploads\\\/2025\\\/11\\\/ADCO-forest-1-1024x768.webp\",\"contentUrl\":\"http:\\\/\\\/adcotrading.eu\\\/app\\\/uploads\\\/2025\\\/11\\\/ADCO-forest-1-1024x768.webp\"},{\"@type\":\"BreadcrumbList\",\"@id\":\"https:\\\/\\\/adcotrading.eu\\\/de\\\/nachhaltigkeit-an-erster-stelle\\\/der-co%e2%82%82-fussabdruck\\\/#breadcrumb\",\"itemListElement\":[{\"@type\":\"ListItem\",\"position\":1,\"name\":\"Home\",\"item\":\"https:\\\/\\\/adcotrading.eu\\\/de\\\/\"},{\"@type\":\"ListItem\",\"position\":2,\"name\":\"Nachhaltigkeit an erster Stelle\",\"item\":\"https:\\\/\\\/adcotrading.eu\\\/de\\\/nachhaltigkeit-an-erster-stelle\\\/\"},{\"@type\":\"ListItem\",\"position\":3,\"name\":\"Der CO\u2082-Fu\u00dfabdruck\"}]},{\"@type\":\"WebSite\",\"@id\":\"https:\\\/\\\/adcotrading.eu\\\/de\\\/#website\",\"url\":\"https:\\\/\\\/adcotrading.eu\\\/de\\\/\",\"name\":\"AD CO. trading\",\"description\":\"\",\"potentialAction\":[{\"@type\":\"SearchAction\",\"target\":{\"@type\":\"EntryPoint\",\"urlTemplate\":\"https:\\\/\\\/adcotrading.eu\\\/de\\\/?s={search_term_string}\"},\"query-input\":{\"@type\":\"PropertyValueSpecification\",\"valueRequired\":true,\"valueName\":\"search_term_string\"}}],\"inLanguage\":\"de-DE\"}]}<\/script>\n<!-- \/ Yoast SEO plugin. -->","yoast_head_json":{"title":"Der CO\u2082-Fu\u00dfabdruck - AD CO. trading","description":"\u00dcber dieTasche hinaus:Echte Wirkung,geringer Fu\u00dfabdruck KLIMAAUSWIRKUNGEN REDUZIEREN \u2013 F\u00dcR EINE NACHHALTIGE ZUKUNFT Das Verst\u00e4ndnis von Klimatoxizit\u00e4t","robots":{"index":"index","follow":"follow","max-snippet":"max-snippet:-1","max-image-preview":"max-image-preview:large","max-video-preview":"max-video-preview:-1"},"canonical":"https:\/\/adcotrading.eu\/de\/nachhaltigkeit-an-erster-stelle\/der-co%e2%82%82-fussabdruck\/","og_locale":"de_DE","og_type":"article","og_title":"Der CO\u2082-Fu\u00dfabdruck - AD CO. trading","og_description":"\u00dcber dieTasche hinaus:Echte Wirkung,geringer Fu\u00dfabdruck KLIMAAUSWIRKUNGEN REDUZIEREN \u2013 F\u00dcR EINE NACHHALTIGE ZUKUNFT Das Verst\u00e4ndnis von Klimatoxizit\u00e4t","og_url":"https:\/\/adcotrading.eu\/de\/nachhaltigkeit-an-erster-stelle\/der-co%e2%82%82-fussabdruck\/","og_site_name":"AD CO. trading","article_modified_time":"2026-04-15T13:04:55+00:00","og_image":[{"width":2560,"height":1920,"url":"https:\/\/adcotrading.eu\/app\/uploads\/2025\/11\/ADCO-forest-1.webp","type":"image\/jpeg"}],"twitter_card":"summary_large_image","twitter_misc":{"Est. reading time":"1 minute"},"schema":{"@context":"https:\/\/schema.org","@graph":[{"@type":"WebPage","@id":"https:\/\/adcotrading.eu\/de\/nachhaltigkeit-an-erster-stelle\/der-co%e2%82%82-fussabdruck\/","url":"https:\/\/adcotrading.eu\/de\/nachhaltigkeit-an-erster-stelle\/der-co%e2%82%82-fussabdruck\/","name":"Der CO\u2082-Fu\u00dfabdruck - AD CO. trading","isPartOf":{"@id":"https:\/\/adcotrading.eu\/de\/#website"},"primaryImageOfPage":{"@id":"https:\/\/adcotrading.eu\/de\/nachhaltigkeit-an-erster-stelle\/der-co%e2%82%82-fussabdruck\/#primaryimage"},"image":{"@id":"https:\/\/adcotrading.eu\/de\/nachhaltigkeit-an-erster-stelle\/der-co%e2%82%82-fussabdruck\/#primaryimage"},"thumbnailUrl":"http:\/\/adcotrading.eu\/app\/uploads\/2025\/11\/ADCO-forest-1-1024x768.webp","datePublished":"2025-11-05T12:54:57+00:00","dateModified":"2026-04-15T13:04:55+00:00","description":"\u00dcber dieTasche hinaus:Echte Wirkung,geringer Fu\u00dfabdruck KLIMAAUSWIRKUNGEN REDUZIEREN \u2013 F\u00dcR EINE NACHHALTIGE ZUKUNFT Das Verst\u00e4ndnis von Klimatoxizit\u00e4t","breadcrumb":{"@id":"https:\/\/adcotrading.eu\/de\/nachhaltigkeit-an-erster-stelle\/der-co%e2%82%82-fussabdruck\/#breadcrumb"},"inLanguage":"de-DE","potentialAction":[{"@type":"ReadAction","target":["https:\/\/adcotrading.eu\/de\/nachhaltigkeit-an-erster-stelle\/der-co%e2%82%82-fussabdruck\/"]}]},{"@type":"ImageObject","inLanguage":"de-DE","@id":"https:\/\/adcotrading.eu\/de\/nachhaltigkeit-an-erster-stelle\/der-co%e2%82%82-fussabdruck\/#primaryimage","url":"http:\/\/adcotrading.eu\/app\/uploads\/2025\/11\/ADCO-forest-1-1024x768.webp","contentUrl":"http:\/\/adcotrading.eu\/app\/uploads\/2025\/11\/ADCO-forest-1-1024x768.webp"},{"@type":"BreadcrumbList","@id":"https:\/\/adcotrading.eu\/de\/nachhaltigkeit-an-erster-stelle\/der-co%e2%82%82-fussabdruck\/#breadcrumb","itemListElement":[{"@type":"ListItem","position":1,"name":"Home","item":"https:\/\/adcotrading.eu\/de\/"},{"@type":"ListItem","position":2,"name":"Nachhaltigkeit an erster Stelle","item":"https:\/\/adcotrading.eu\/de\/nachhaltigkeit-an-erster-stelle\/"},{"@type":"ListItem","position":3,"name":"Der CO\u2082-Fu\u00dfabdruck"}]},{"@type":"WebSite","@id":"https:\/\/adcotrading.eu\/de\/#website","url":"https:\/\/adcotrading.eu\/de\/","name":"AD CO. trading","description":"","potentialAction":[{"@type":"SearchAction","target":{"@type":"EntryPoint","urlTemplate":"https:\/\/adcotrading.eu\/de\/?s={search_term_string}"},"query-input":{"@type":"PropertyValueSpecification","valueRequired":true,"valueName":"search_term_string"}}],"inLanguage":"de-DE"}]}},"_links":{"self":[{"href":"https:\/\/adcotrading.eu\/de\/wp-json\/wp\/v2\/pages\/1081","targetHints":{"allow":["GET"]}}],"collection":[{"href":"https:\/\/adcotrading.eu\/de\/wp-json\/wp\/v2\/pages"}],"about":[{"href":"https:\/\/adcotrading.eu\/de\/wp-json\/wp\/v2\/types\/page"}],"author":[{"embeddable":true,"href":"https:\/\/adcotrading.eu\/de\/wp-json\/wp\/v2\/users\/2"}],"replies":[{"embeddable":true,"href":"https:\/\/adcotrading.eu\/de\/wp-json\/wp\/v2\/comments?post=1081"}],"version-history":[{"count":9,"href":"https:\/\/adcotrading.eu\/de\/wp-json\/wp\/v2\/pages\/1081\/revisions"}],"predecessor-version":[{"id":1528,"href":"https:\/\/adcotrading.eu\/de\/wp-json\/wp\/v2\/pages\/1081\/revisions\/1528"}],"up":[{"embeddable":true,"href":"https:\/\/adcotrading.eu\/de\/wp-json\/wp\/v2\/pages\/1100"}],"wp:attachment":[{"href":"https:\/\/adcotrading.eu\/de\/wp-json\/wp\/v2\/media?parent=1081"}],"curies":[{"name":"wp","href":"https:\/\/api.w.org\/{rel}","templated":true}]}}