{"id":1086,"date":"2025-10-23T14:46:03","date_gmt":"2025-10-23T14:46:03","guid":{"rendered":"https:\/\/adcotrading.eu\/soziale-verantwortung\/"},"modified":"2026-04-15T13:04:56","modified_gmt":"2026-04-15T13:04:56","slug":"soziale-verantwortung","status":"publish","type":"page","link":"https:\/\/adcotrading.eu\/de\/nachhaltigkeit-an-erster-stelle\/soziale-verantwortung\/","title":{"rendered":"Soziale Verantwortung"},"content":{"rendered":"\n<div class=\"wp-block-cover alignfull has-custom-content-position is-position-center-left adco-cover-block\" style=\"margin-top:0;margin-bottom:0;min-height:70vh;aspect-ratio:unset;\"><img loading=\"lazy\" decoding=\"async\" width=\"1024\" height=\"683\" sizes=\"auto, (max-width: 1024px) 100vw, 1024px\" class=\"wp-block-cover__image-background wp-image-475 size-large\" alt=\"\" src=\"http:\/\/adcotrading.eu\/app\/uploads\/2025\/11\/ChatGPT-Image-24-okt.-2025-15_00_31-1024x683.avif\" style=\"object-position:64% 38%\" data-object-fit=\"cover\" data-object-position=\"64% 38%\" srcset=\"https:\/\/adcotrading.eu\/app\/uploads\/2025\/11\/ChatGPT-Image-24-okt.-2025-15_00_31-1024x683.avif 1024w, https:\/\/adcotrading.eu\/app\/uploads\/2025\/11\/ChatGPT-Image-24-okt.-2025-15_00_31-300x200.avif 300w, https:\/\/adcotrading.eu\/app\/uploads\/2025\/11\/ChatGPT-Image-24-okt.-2025-15_00_31-768x512.avif 768w, https:\/\/adcotrading.eu\/app\/uploads\/2025\/11\/ChatGPT-Image-24-okt.-2025-15_00_31.avif 1536w\" \/><span aria-hidden=\"true\" class=\"wp-block-cover__background has-black-background-color has-background-dim-0 has-background-dim\"><\/span><div class=\"wp-block-cover__inner-container is-layout-constrained wp-block-cover-is-layout-constrained\">\n<h1 class=\"wp-block-heading has-text-align-left\">Die Kraft der F\u00fcrsorge<\/h1>\n<\/div><\/div>\n<div class=\"yoast-breadcrumbs\"><span><span><a href=\"https:\/\/adcotrading.eu\/de\/\">Home<\/a><\/span> \u00bb <span><a href=\"https:\/\/adcotrading.eu\/de\/nachhaltigkeit-an-erster-stelle\/\">Nachhaltigkeit an erster Stelle<\/a><\/span> \u00bb <span class=\"breadcrumb_last\" aria-current=\"page\">Soziale Verantwortung<\/span><\/span><\/div>\n<div class=\"wp-block-media-text alignwide is-stacked-on-mobile is-vertically-aligned-top\" style=\"margin-top:var(--wp--preset--spacing--80);margin-bottom:var(--wp--preset--spacing--80);grid-template-columns:45% auto\"><figure class=\"wp-block-media-text__media\"><img loading=\"lazy\" decoding=\"async\" width=\"1024\" height=\"683\" src=\"http:\/\/adcotrading.eu\/app\/uploads\/2025\/11\/ChatGPT-Image-24-okt.-2025-15_00_31-1024x683.avif\" alt=\"\" class=\"wp-image-475 size-full\" srcset=\"https:\/\/adcotrading.eu\/app\/uploads\/2025\/11\/ChatGPT-Image-24-okt.-2025-15_00_31-1024x683.avif 1024w, https:\/\/adcotrading.eu\/app\/uploads\/2025\/11\/ChatGPT-Image-24-okt.-2025-15_00_31-300x200.avif 300w, https:\/\/adcotrading.eu\/app\/uploads\/2025\/11\/ChatGPT-Image-24-okt.-2025-15_00_31-768x512.avif 768w, https:\/\/adcotrading.eu\/app\/uploads\/2025\/11\/ChatGPT-Image-24-okt.-2025-15_00_31.avif 1536w\" sizes=\"auto, (max-width: 1024px) 100vw, 1024px\" \/><\/figure><div class=\"wp-block-media-text__content\">\n<h5 class=\"wp-block-heading has-clay-color has-text-color has-link-color wp-elements-3bb4926eccac54762b096dc7d6e61896\"><strong>UNSERE SOZIALE VERANTWORTUNG<\/strong><\/h5>\n\n\n\n<h2 class=\"wp-block-heading has-text-align-left\" style=\"margin-top:0\">Jeder Mensch z\u00e4hlt<\/h2>\n\n\n\n<h3 class=\"wp-block-heading\">Soziale Verantwortung \u2013 Nachhaltigkeit auf ganzer Linie<\/h3>\n\n\n\n<p>Wir haben eine klare Vision: Produkte zu liefern, die hochfunktional, frei von sch\u00e4dlichen Chemikalien und unter fairen Bedingungen hergestellt sind. Um dies zu erreichen, gehen wir oft weiter als unsere Wettbewerber \u2013 f\u00fcr uns ist dies der einzige Weg, um sicherzustellen, dass alles richtig gemacht wird. Unser Ziel ist es, dass jedes Produkt in unserem Sortiment einen Unterschied macht. Es ist eine Philosophie, die uns antreibt und die Anstrengung wert ist.<\/p>\n\n\n\n<h3 class=\"wp-block-heading\">Eine Verantwortung, die Ihre Marke sch\u00fctzt<\/h3>\n\n\n\n<p>F\u00fcr Sie als Kunden bedeutet unser Engagement, dass Sie nicht riskieren, den Ruf Ihrer Marke zu sch\u00e4digen. Denn wie wir alle wissen, haben niedrige Preise oft ihren Preis \u2013 Kosten, die das Gesch\u00e4ft, den Markenwert, die Gesundheit der Menschen und im schlimmsten Fall sogar Leben beeintr\u00e4chtigen k\u00f6nnen. Dies ist ein Preis, den wir niemals zu zahlen bereit sind.<\/p>\n\n\n\n<h3 class=\"wp-block-heading\">Soziale Verantwortung in der Praxis<\/h3>\n\n\n\n<p>F\u00fcr uns ist soziale Verantwortung keine blo\u00dfe Formsache. Es geht darum, die Realit\u00e4ten unserer Lieferanten und der Menschen, die mit uns arbeiten, wirklich zu verstehen. Deshalb kombinieren wir Social Audits durch Dritte mit unseren eigenen Besuchen vor Ort. Dabei treffen wir uns mit dem Management sowie den Mitarbeitern, pr\u00fcfen die Bedingungen und arbeiten gemeinsam an kontinuierlichen Verbesserungen.<\/p>\n\n\n\n<p>Wir folgen dem <strong>BSCI\/amfori-Kodex<\/strong>, der auf internationalen Arbeitsstandards wie den ILO-Konventionen und den UN-Menschenrechtsprinzipien basiert. Dies stellt sicher, dass unsere\u00a0<\/p>\n\n\n\n<p>Lieferanten regelm\u00e4\u00dfig zu wichtigen Themen wie fairen L\u00f6hnen, sicheren Arbeitsbedingungen,\u00a0<\/p>\n\n\n\n<p>Arbeitszeiten, Kinderarbeit, Vereinigungsfreiheit und Nichtdiskriminierung \u00fcberpr\u00fcft werden. Doch wir gehen noch weiter: Wir betrachten Audits als den Ausgangspunkt eines Entwicklungsprozesses,\u00a0<\/p>\n\n\n\n<p>nicht als die Ziellinie.<\/p>\n\n\n\n<h3 class=\"wp-block-heading\">Eine Partnerschaft, die auf F\u00fcrsorge basiert<\/h3>\n\n\n\n<p>Unsere F\u00fcrsorge f\u00fcr die Menschen in unserer Lieferkette ist f\u00fcr uns keine blo\u00dfe Pflichterf\u00fcllung \u2013 sie ist Teil unserer Unternehmensphilosophie. Wir sind davon \u00fcberzeugt, dass wir durch den Aufbau langfristiger Beziehungen und die enge Zusammenarbeit mit unseren Partnern einen Produktionsprozess sicherstellen k\u00f6nnen, der sicher, fair und nachhaltig\u00a0<\/p>\n\n\n\n<p>f\u00fcr alle Beteiligten ist. So schaffen wir echten Mehrwert\u00a0\u2013 f\u00fcr die Mitarbeiter, f\u00fcr Ihre Marke\u00a0<\/p>\n\n\n\n<p>und f\u00fcr die Zukunft.<\/p>\n<\/div><\/div>\n\n<div class=\"wp-block-group alignwide is-layout-constrained wp-block-group-is-layout-constrained\">\n<h3 class=\"wp-block-heading alignwide\">Our sustainability initiatives<\/h3>\n\n\n\n<div class=\"sustainable-entrances-block alignwide wp-block\" id=\"block_ad5fcb5cdbe7127438829546a4030e30\">\n\n    <div class=\"link-items\">\n            <a href=\"http:\/\/adcotrading.eu\/sustainability-first\/social-responsibility\/\">\n            <figure><img loading=\"lazy\" decoding=\"async\" width=\"955\" height=\"601\" src=\"https:\/\/adcotrading.eu\/app\/uploads\/2025\/10\/Our-Social-Responsibility.avif\" class=\"attachment-full size-full\" alt=\"\" srcset=\"https:\/\/adcotrading.eu\/app\/uploads\/2025\/10\/Our-Social-Responsibility.avif 955w, https:\/\/adcotrading.eu\/app\/uploads\/2025\/10\/Our-Social-Responsibility-300x189.avif 300w, https:\/\/adcotrading.eu\/app\/uploads\/2025\/10\/Our-Social-Responsibility-768x483.avif 768w\" sizes=\"auto, (max-width: 955px) 100vw, 955px\" \/>                <figcaption>Social Responsibility<\/figcaption>\n            <\/figure>\n        <\/a>\n            <a href=\"http:\/\/adcotrading.eu\/sustainability-first\/carbon-footprint\/\">\n            <figure><img loading=\"lazy\" decoding=\"async\" width=\"955\" height=\"600\" src=\"https:\/\/adcotrading.eu\/app\/uploads\/2025\/10\/Carbon-Footprint.avif\" class=\"attachment-full size-full\" alt=\"\" srcset=\"https:\/\/adcotrading.eu\/app\/uploads\/2025\/10\/Carbon-Footprint.avif 955w, https:\/\/adcotrading.eu\/app\/uploads\/2025\/10\/Carbon-Footprint-300x188.avif 300w, https:\/\/adcotrading.eu\/app\/uploads\/2025\/10\/Carbon-Footprint-768x483.avif 768w\" sizes=\"auto, (max-width: 955px) 100vw, 955px\" \/>                <figcaption>Carbon Footprint<\/figcaption>\n            <\/figure>\n        <\/a>\n            <a href=\"http:\/\/adcotrading.eu\/sustainability-first\/responsible-chemical-management\/\">\n            <figure><img loading=\"lazy\" decoding=\"async\" width=\"956\" height=\"602\" src=\"https:\/\/adcotrading.eu\/app\/uploads\/2025\/10\/Responsible-Chemical-Management.avif\" class=\"attachment-full size-full\" alt=\"\" srcset=\"https:\/\/adcotrading.eu\/app\/uploads\/2025\/10\/Responsible-Chemical-Management.avif 956w, https:\/\/adcotrading.eu\/app\/uploads\/2025\/10\/Responsible-Chemical-Management-300x189.avif 300w, https:\/\/adcotrading.eu\/app\/uploads\/2025\/10\/Responsible-Chemical-Management-768x484.avif 768w\" sizes=\"auto, (max-width: 956px) 100vw, 956px\" \/>                <figcaption>Responsible Chemical Management<\/figcaption>\n            <\/figure>\n        <\/a>\n            <a href=\"http:\/\/adcotrading.eu\/sustainability-first\/traceable\/\">\n            <figure><img loading=\"lazy\" decoding=\"async\" width=\"2560\" height=\"1707\" src=\"https:\/\/adcotrading.eu\/app\/uploads\/2025\/12\/PET-bild.webp\" class=\"attachment-full size-full not-transparent\" alt=\"\" srcset=\"https:\/\/adcotrading.eu\/app\/uploads\/2025\/12\/PET-bild.webp 2560w, https:\/\/adcotrading.eu\/app\/uploads\/2025\/12\/PET-bild-300x200.webp 300w, https:\/\/adcotrading.eu\/app\/uploads\/2025\/12\/PET-bild-1024x683.webp 1024w, https:\/\/adcotrading.eu\/app\/uploads\/2025\/12\/PET-bild-768x512.webp 768w, https:\/\/adcotrading.eu\/app\/uploads\/2025\/12\/PET-bild-1536x1024.webp 1536w, https:\/\/adcotrading.eu\/app\/uploads\/2025\/12\/PET-bild-2048x1366.webp 2048w\" sizes=\"auto, (max-width: 2560px) 100vw, 2560px\" data-has-transparency=\"false\" data-dominant-color=\"8ddae6\" style=\"--dominant-color: #8ddae6;\" \/>                <figcaption>Supply Chain Traceability<\/figcaption>\n            <\/figure>\n        <\/a>\n        <\/div>\n\n<\/div><\/div>\n","protected":false},"excerpt":{"rendered":"<p>UNSERE SOZIALE VERANTWORTUNG Jeder Mensch z\u00e4hlt Soziale Verantwortung \u2013 Nachhaltigkeit auf ganzer Linie Wir haben eine klare Vision: Produkte zu liefern, die hochfunktional, frei von sch\u00e4dlichen Chemikalien und unter fairen Bedingungen hergestellt sind. Um dies zu erreichen, gehen wir oft weiter als unsere Wettbewerber \u2013 f\u00fcr uns ist dies der einzige Weg, um sicherzustellen, dass [&hellip;]<\/p>\n","protected":false},"author":2,"featured_media":0,"parent":1100,"menu_order":0,"comment_status":"closed","ping_status":"closed","template":"","meta":{"_acf_changed":false,"footnotes":""},"class_list":["post-1086","page","type-page","status-publish","hentry"],"acf":[],"yoast_head":"<!-- This site is optimized with the Yoast SEO plugin v27.4 - https:\/\/yoast.com\/product\/yoast-seo-wordpress\/ -->\n<title>Soziale Verantwortung - AD CO. trading<\/title>\n<meta name=\"description\" content=\"Die Kraft der F\u00fcrsorge UNSERE SOZIALE VERANTWORTUNG Jeder Mensch z\u00e4hlt Soziale Verantwortung \u2013 Nachhaltigkeit auf ganzer Linie Wir haben eine klare\" \/>\n<meta name=\"robots\" content=\"index, follow, max-snippet:-1, max-image-preview:large, max-video-preview:-1\" \/>\n<link rel=\"canonical\" href=\"https:\/\/adcotrading.eu\/de\/nachhaltigkeit-an-erster-stelle\/soziale-verantwortung\/\" \/>\n<meta property=\"og:locale\" content=\"de_DE\" \/>\n<meta property=\"og:type\" content=\"article\" \/>\n<meta property=\"og:title\" content=\"Soziale Verantwortung - AD CO. trading\" \/>\n<meta property=\"og:description\" content=\"Die Kraft der F\u00fcrsorge UNSERE SOZIALE VERANTWORTUNG Jeder Mensch z\u00e4hlt Soziale Verantwortung \u2013 Nachhaltigkeit auf ganzer Linie Wir haben eine klare\" \/>\n<meta property=\"og:url\" content=\"https:\/\/adcotrading.eu\/de\/nachhaltigkeit-an-erster-stelle\/soziale-verantwortung\/\" \/>\n<meta property=\"og:site_name\" content=\"AD CO. trading\" \/>\n<meta property=\"article:modified_time\" content=\"2026-04-15T13:04:56+00:00\" \/>\n<meta property=\"og:image\" content=\"https:\/\/adcotrading.eu\/app\/uploads\/2025\/11\/ChatGPT-Image-24-okt.-2025-15_00_31.avif\" \/>\n\t<meta property=\"og:image:width\" content=\"1536\" \/>\n\t<meta property=\"og:image:height\" content=\"1024\" \/>\n\t<meta property=\"og:image:type\" content=\"image\/png\" \/>\n<meta name=\"twitter:card\" content=\"summary_large_image\" \/>\n<meta name=\"twitter:label1\" content=\"Est. reading time\" \/>\n\t<meta name=\"twitter:data1\" content=\"2 minutes\" \/>\n<script type=\"application\/ld+json\" class=\"yoast-schema-graph\">{\"@context\":\"https:\\\/\\\/schema.org\",\"@graph\":[{\"@type\":\"WebPage\",\"@id\":\"https:\\\/\\\/adcotrading.eu\\\/de\\\/nachhaltigkeit-an-erster-stelle\\\/soziale-verantwortung\\\/\",\"url\":\"https:\\\/\\\/adcotrading.eu\\\/de\\\/nachhaltigkeit-an-erster-stelle\\\/soziale-verantwortung\\\/\",\"name\":\"Soziale Verantwortung - AD CO. trading\",\"isPartOf\":{\"@id\":\"https:\\\/\\\/adcotrading.eu\\\/de\\\/#website\"},\"primaryImageOfPage\":{\"@id\":\"https:\\\/\\\/adcotrading.eu\\\/de\\\/nachhaltigkeit-an-erster-stelle\\\/soziale-verantwortung\\\/#primaryimage\"},\"image\":{\"@id\":\"https:\\\/\\\/adcotrading.eu\\\/de\\\/nachhaltigkeit-an-erster-stelle\\\/soziale-verantwortung\\\/#primaryimage\"},\"thumbnailUrl\":\"http:\\\/\\\/adcotrading.eu\\\/app\\\/uploads\\\/2025\\\/11\\\/ChatGPT-Image-24-okt.-2025-15_00_31-1024x683.avif\",\"datePublished\":\"2025-10-23T14:46:03+00:00\",\"dateModified\":\"2026-04-15T13:04:56+00:00\",\"description\":\"Die Kraft der F\u00fcrsorge UNSERE SOZIALE VERANTWORTUNG Jeder Mensch z\u00e4hlt Soziale Verantwortung \u2013 Nachhaltigkeit auf ganzer Linie Wir haben eine klare\",\"breadcrumb\":{\"@id\":\"https:\\\/\\\/adcotrading.eu\\\/de\\\/nachhaltigkeit-an-erster-stelle\\\/soziale-verantwortung\\\/#breadcrumb\"},\"inLanguage\":\"de-DE\",\"potentialAction\":[{\"@type\":\"ReadAction\",\"target\":[\"https:\\\/\\\/adcotrading.eu\\\/de\\\/nachhaltigkeit-an-erster-stelle\\\/soziale-verantwortung\\\/\"]}]},{\"@type\":\"ImageObject\",\"inLanguage\":\"de-DE\",\"@id\":\"https:\\\/\\\/adcotrading.eu\\\/de\\\/nachhaltigkeit-an-erster-stelle\\\/soziale-verantwortung\\\/#primaryimage\",\"url\":\"http:\\\/\\\/adcotrading.eu\\\/app\\\/uploads\\\/2025\\\/11\\\/ChatGPT-Image-24-okt.-2025-15_00_31-1024x683.avif\",\"contentUrl\":\"http:\\\/\\\/adcotrading.eu\\\/app\\\/uploads\\\/2025\\\/11\\\/ChatGPT-Image-24-okt.-2025-15_00_31-1024x683.avif\"},{\"@type\":\"BreadcrumbList\",\"@id\":\"https:\\\/\\\/adcotrading.eu\\\/de\\\/nachhaltigkeit-an-erster-stelle\\\/soziale-verantwortung\\\/#breadcrumb\",\"itemListElement\":[{\"@type\":\"ListItem\",\"position\":1,\"name\":\"Home\",\"item\":\"https:\\\/\\\/adcotrading.eu\\\/de\\\/\"},{\"@type\":\"ListItem\",\"position\":2,\"name\":\"Nachhaltigkeit an erster Stelle\",\"item\":\"https:\\\/\\\/adcotrading.eu\\\/de\\\/nachhaltigkeit-an-erster-stelle\\\/\"},{\"@type\":\"ListItem\",\"position\":3,\"name\":\"Soziale Verantwortung\"}]},{\"@type\":\"WebSite\",\"@id\":\"https:\\\/\\\/adcotrading.eu\\\/de\\\/#website\",\"url\":\"https:\\\/\\\/adcotrading.eu\\\/de\\\/\",\"name\":\"AD CO. trading\",\"description\":\"\",\"potentialAction\":[{\"@type\":\"SearchAction\",\"target\":{\"@type\":\"EntryPoint\",\"urlTemplate\":\"https:\\\/\\\/adcotrading.eu\\\/de\\\/?s={search_term_string}\"},\"query-input\":{\"@type\":\"PropertyValueSpecification\",\"valueRequired\":true,\"valueName\":\"search_term_string\"}}],\"inLanguage\":\"de-DE\"}]}<\/script>\n<!-- \/ Yoast SEO plugin. -->","yoast_head_json":{"title":"Soziale Verantwortung - AD CO. trading","description":"Die Kraft der F\u00fcrsorge UNSERE SOZIALE VERANTWORTUNG Jeder Mensch z\u00e4hlt Soziale Verantwortung \u2013 Nachhaltigkeit auf ganzer Linie Wir haben eine klare","robots":{"index":"index","follow":"follow","max-snippet":"max-snippet:-1","max-image-preview":"max-image-preview:large","max-video-preview":"max-video-preview:-1"},"canonical":"https:\/\/adcotrading.eu\/de\/nachhaltigkeit-an-erster-stelle\/soziale-verantwortung\/","og_locale":"de_DE","og_type":"article","og_title":"Soziale Verantwortung - AD CO. trading","og_description":"Die Kraft der F\u00fcrsorge UNSERE SOZIALE VERANTWORTUNG Jeder Mensch z\u00e4hlt Soziale Verantwortung \u2013 Nachhaltigkeit auf ganzer Linie Wir haben eine klare","og_url":"https:\/\/adcotrading.eu\/de\/nachhaltigkeit-an-erster-stelle\/soziale-verantwortung\/","og_site_name":"AD CO. trading","article_modified_time":"2026-04-15T13:04:56+00:00","og_image":[{"width":1536,"height":1024,"url":"https:\/\/adcotrading.eu\/app\/uploads\/2025\/11\/ChatGPT-Image-24-okt.-2025-15_00_31.avif","type":"image\/png"}],"twitter_card":"summary_large_image","twitter_misc":{"Est. reading time":"2 minutes"},"schema":{"@context":"https:\/\/schema.org","@graph":[{"@type":"WebPage","@id":"https:\/\/adcotrading.eu\/de\/nachhaltigkeit-an-erster-stelle\/soziale-verantwortung\/","url":"https:\/\/adcotrading.eu\/de\/nachhaltigkeit-an-erster-stelle\/soziale-verantwortung\/","name":"Soziale Verantwortung - AD CO. trading","isPartOf":{"@id":"https:\/\/adcotrading.eu\/de\/#website"},"primaryImageOfPage":{"@id":"https:\/\/adcotrading.eu\/de\/nachhaltigkeit-an-erster-stelle\/soziale-verantwortung\/#primaryimage"},"image":{"@id":"https:\/\/adcotrading.eu\/de\/nachhaltigkeit-an-erster-stelle\/soziale-verantwortung\/#primaryimage"},"thumbnailUrl":"http:\/\/adcotrading.eu\/app\/uploads\/2025\/11\/ChatGPT-Image-24-okt.-2025-15_00_31-1024x683.avif","datePublished":"2025-10-23T14:46:03+00:00","dateModified":"2026-04-15T13:04:56+00:00","description":"Die Kraft der F\u00fcrsorge UNSERE SOZIALE VERANTWORTUNG Jeder Mensch z\u00e4hlt Soziale Verantwortung \u2013 Nachhaltigkeit auf ganzer Linie Wir haben eine klare","breadcrumb":{"@id":"https:\/\/adcotrading.eu\/de\/nachhaltigkeit-an-erster-stelle\/soziale-verantwortung\/#breadcrumb"},"inLanguage":"de-DE","potentialAction":[{"@type":"ReadAction","target":["https:\/\/adcotrading.eu\/de\/nachhaltigkeit-an-erster-stelle\/soziale-verantwortung\/"]}]},{"@type":"ImageObject","inLanguage":"de-DE","@id":"https:\/\/adcotrading.eu\/de\/nachhaltigkeit-an-erster-stelle\/soziale-verantwortung\/#primaryimage","url":"http:\/\/adcotrading.eu\/app\/uploads\/2025\/11\/ChatGPT-Image-24-okt.-2025-15_00_31-1024x683.avif","contentUrl":"http:\/\/adcotrading.eu\/app\/uploads\/2025\/11\/ChatGPT-Image-24-okt.-2025-15_00_31-1024x683.avif"},{"@type":"BreadcrumbList","@id":"https:\/\/adcotrading.eu\/de\/nachhaltigkeit-an-erster-stelle\/soziale-verantwortung\/#breadcrumb","itemListElement":[{"@type":"ListItem","position":1,"name":"Home","item":"https:\/\/adcotrading.eu\/de\/"},{"@type":"ListItem","position":2,"name":"Nachhaltigkeit an erster Stelle","item":"https:\/\/adcotrading.eu\/de\/nachhaltigkeit-an-erster-stelle\/"},{"@type":"ListItem","position":3,"name":"Soziale Verantwortung"}]},{"@type":"WebSite","@id":"https:\/\/adcotrading.eu\/de\/#website","url":"https:\/\/adcotrading.eu\/de\/","name":"AD CO. trading","description":"","potentialAction":[{"@type":"SearchAction","target":{"@type":"EntryPoint","urlTemplate":"https:\/\/adcotrading.eu\/de\/?s={search_term_string}"},"query-input":{"@type":"PropertyValueSpecification","valueRequired":true,"valueName":"search_term_string"}}],"inLanguage":"de-DE"}]}},"_links":{"self":[{"href":"https:\/\/adcotrading.eu\/de\/wp-json\/wp\/v2\/pages\/1086","targetHints":{"allow":["GET"]}}],"collection":[{"href":"https:\/\/adcotrading.eu\/de\/wp-json\/wp\/v2\/pages"}],"about":[{"href":"https:\/\/adcotrading.eu\/de\/wp-json\/wp\/v2\/types\/page"}],"author":[{"embeddable":true,"href":"https:\/\/adcotrading.eu\/de\/wp-json\/wp\/v2\/users\/2"}],"replies":[{"embeddable":true,"href":"https:\/\/adcotrading.eu\/de\/wp-json\/wp\/v2\/comments?post=1086"}],"version-history":[{"count":9,"href":"https:\/\/adcotrading.eu\/de\/wp-json\/wp\/v2\/pages\/1086\/revisions"}],"predecessor-version":[{"id":1532,"href":"https:\/\/adcotrading.eu\/de\/wp-json\/wp\/v2\/pages\/1086\/revisions\/1532"}],"up":[{"embeddable":true,"href":"https:\/\/adcotrading.eu\/de\/wp-json\/wp\/v2\/pages\/1100"}],"wp:attachment":[{"href":"https:\/\/adcotrading.eu\/de\/wp-json\/wp\/v2\/media?parent=1086"}],"curies":[{"name":"wp","href":"https:\/\/api.w.org\/{rel}","templated":true}]}}