{"id":1100,"date":"2025-10-23T14:35:53","date_gmt":"2025-10-23T14:35:53","guid":{"rendered":"https:\/\/adcotrading.eu\/nachhaltigkeit-an-erster-stelle\/"},"modified":"2026-04-22T17:55:44","modified_gmt":"2026-04-22T17:55:44","slug":"nachhaltigkeit-an-erster-stelle","status":"publish","type":"page","link":"https:\/\/adcotrading.eu\/de\/nachhaltigkeit-an-erster-stelle\/","title":{"rendered":"Nachhaltigkeit an erster Stelle"},"content":{"rendered":"\n<div class=\"wp-block-cover alignfull has-custom-content-position is-position-center-left adco-cover-block\" style=\"margin-top:0;margin-bottom:0;min-height:70vh;aspect-ratio:unset;\"><img loading=\"lazy\" decoding=\"async\" width=\"1024\" height=\"683\" sizes=\"auto, (max-width: 1024px) 100vw, 1024px\" class=\"wp-block-cover__image-background wp-image-475 size-large\" alt=\"\" src=\"http:\/\/adcotrading.eu\/app\/uploads\/2025\/11\/ChatGPT-Image-24-okt.-2025-15_00_31-1024x683.avif\" style=\"object-position:64% 38%\" data-object-fit=\"cover\" data-object-position=\"64% 38%\" srcset=\"https:\/\/adcotrading.eu\/app\/uploads\/2025\/11\/ChatGPT-Image-24-okt.-2025-15_00_31-1024x683.avif 1024w, https:\/\/adcotrading.eu\/app\/uploads\/2025\/11\/ChatGPT-Image-24-okt.-2025-15_00_31-300x200.avif 300w, https:\/\/adcotrading.eu\/app\/uploads\/2025\/11\/ChatGPT-Image-24-okt.-2025-15_00_31-768x512.avif 768w, https:\/\/adcotrading.eu\/app\/uploads\/2025\/11\/ChatGPT-Image-24-okt.-2025-15_00_31.avif 1536w\" \/><span aria-hidden=\"true\" class=\"wp-block-cover__background has-black-background-color has-background-dim-0 has-background-dim\"><\/span><div class=\"wp-block-cover__inner-container is-layout-constrained wp-block-cover-is-layout-constrained\">\n<h1 class=\"wp-block-heading has-text-align-left\">Die Kraft der F\u00fcrsorge<\/h1>\n<\/div><\/div>\n<div class=\"yoast-breadcrumbs\"><span><span><a href=\"https:\/\/adcotrading.eu\/de\/\">Home<\/a><\/span> \u00bb <span class=\"breadcrumb_last\" aria-current=\"page\">Nachhaltigkeit an erster Stelle<\/span><\/span><\/div>\n<div class=\"wp-block-columns alignwide is-layout-flex wp-container-core-columns-is-layout-28f84493 wp-block-columns-is-layout-flex\">\n<div class=\"wp-block-column is-layout-constrained wp-block-column-is-layout-constrained\" style=\"flex-basis:60%\">\n<h2 class=\"wp-block-heading\">Unser Weg zur Nachhaltigkeit<\/h2>\n\n\n\n<p>Nachhaltigkeit war schon immer ein Teil unserer Identit\u00e4t. Aber f\u00fcr uns ging es nie nur darum, Zertifikate zu sammeln \u2013 es geht darum, gr\u00f6\u00dfere Verantwortung zu \u00fcbernehmen: pr\u00e4sent zu sein und die Realit\u00e4t mit eigenen Augen zu sehen. Deshalb haben wir im Laufe der Jahre unsere Lieferanten pers\u00f6nlich besucht und Beziehungen aufgebaut, die uns die Gewissheit geben, dass alles in Ordnung ist \u2013 nicht nur auf dem Papier mit offiziellen Stempeln, sondern im echten Leben.<\/p>\n\n\n\n<p>Anfang der <strong>2000er<\/strong> Jahre haben wir uns f\u00fcr eine Zertifizierung nach Svensk Milj\u00f6bas entschieden, um unsere Umweltarbeit zu strukturieren und zu verdeutlichen. Was sich anfangs auf unsere eigenen Betriebsabl\u00e4ufe konzentrierte, hat sich seitdem zu einem umfassenden System entwickelt, das die gesamte Wertsch\u00f6pfungskette abdeckt \u2013 einschlie\u00dflich der sozialen Verantwortung in unserem Lieferantennetzwerk. Wir arbeiten mit klaren Zielen in Bereichen wie Einkauf, Transport, Recycling und Abfallmanagement und \u00fcberpr\u00fcfen die Fortschritte j\u00e4hrlich durch interne Kontrollen und externe Audits.<\/p>\n\n\n\n<p>Bereits im Jahr <strong>2004<\/strong> haben wir unseren ersten Nachhaltigkeitsbericht ver\u00f6ffentlicht. Wir waren fr\u00fche Pioniere im Bereich CSR (Corporate Social Responsibility) und haben uns aktiv mit Themen befasst, die zu dieser Zeit in vielen Produktionsl\u00e4ndern weit vom Standard entfernt waren\u00a0\u2013 wie etwa sichere Notausg\u00e4nge, angemessene Arbeitszeiten und eine korrekte Verg\u00fctung von \u00dcberstunden.<br \/>Im Zuge dieser Arbeit haben wir auf Basis unseres Verhaltenskodex ein eigenes CSR-Handbuch entwickelt und eine klare Botschaft vermittelt: \u201eEin niedriger Preis hat auch seinen Preis.\u201c Um sicherzustellen, dass diese Botschaft die Zielgruppe auch wirklich erreicht, haben wir das Handbuch ins Chinesische \u00fcbersetzt. \u00dcber viele Jahre hinweg haben wir intensiv an internen Inspektionen, kulturellem Bewusstsein und langfristigen Verbesserungsma\u00dfnahmen gearbeitet.<\/p>\n\n\n\n<p><strong>2011<\/strong> haben wir unser erstes externes Audit zur sozialen Verantwortung durchgef\u00fchrt. Seitdem \u00fcberpr\u00fcfen wir unsere Fabriken j\u00e4hrlich\u00a0\u2013 sowohl durch interne Nachkontrollen als auch durch unabh\u00e4ngige externe Pr\u00fcfungen. In den letzten Jahren wurde diese Arbeit durch unsere Mitgliedschaft bei BSCI\/amfori weiter gest\u00e4rkt. Hierbei werden unsere Lieferanten nach internationalen Richtlinien f\u00fcr Arbeitsbedingungen und ethische Verantwortung bewertet.<\/p>\n\n\n\n<p>Der n\u00e4chste gro\u00dfe Schritt erfolgte <strong>2014<\/strong>, als wir eine vollst\u00e4ndige Bestandsaufnahme unseres Sortiments hinsichtlich der chemischen Inhaltsstoffe durchf\u00fchrten. Gemeinsam mit unserem Berater f\u00fcr Chemikalien testen wir unsere Produkte seither aktiv in professionellen Laboren\u00a0\u2013 nicht nur nach Standardvorgaben, sondern durch ma\u00dfgeschneiderte Analysen basierend auf den spezifischen Materialien und dem Risikoprofil jedes Produkts. Wir arbeiten mit einem tiefgreifenden und pr\u00e4ventiven Ansatz, der nicht nur die heutigen, sondern auch die zuk\u00fcnftigen Vorschriften im Blick hat.<\/p>\n\n\n\n<p>Unsere langfristigen Bem\u00fchungen erhielten schlie\u00dflich auch externe Anerkennung. Im Jahr <strong>2015<\/strong> wurden wir von der Werbeartikelbranche zum Lieferanten des Jahres ernannt.<\/p>\n\n\n\n<p><strong>2017<\/strong> erhielten wir von der Gemeinde J\u00f6nk\u00f6ping den Preis Initiative des Jahres. Ein Teil der Begr\u00fcndung lautete: \u201eAD Company ist ein Unternehmen unserer Zeit, das deutlich zeigt, dass es m\u00f6glich ist, wirtschaftlichen Erfolg auf Nachhaltigkeit und sozialer Verantwortung aufzubauen.\u201c<\/p>\n\n\n\n<p>Wir sind diesen Weg konsequent weitergegangen und haben unsere Arbeit im Bereich der R\u00fcckverfolgbarkeit vertieft. Die meisten unserer Lieferanten arbeiten bereits seit Jahrzehnten mit uns zusammen, was es uns erleichtert, den steigenden Anforderungen an Transparenz gerecht zu werden. Ende <strong>2022<\/strong> haben wir unsere Verantwortung ausgeweitet: Sie umfasst nun nicht mehr nur die Hauptproduzenten, sondern auch die Akteure hinter den Rohstoffen und Komponenten. Dies verschafft uns bessere Einblicke, eine st\u00e4rkere Kontrolle und eine gr\u00f6\u00dfere Einflussnahme auf jeden einzelnen Schritt\u00a0\u2013 vom Rohmaterial bis zum fertigen Produkt.<\/p>\n\n\n\n<p>Im Jahr <strong>2023<\/strong> haben wir mit einer vollst\u00e4ndigen Berechnung des CO<sub>2<\/sub>-Fu\u00dfabdrucks f\u00fcr unser gesamtes Unternehmen nach der GHG-Methode (Greenhouse Gas Protocol) begonnen. Jetzt erfassen wir j\u00e4hrlich die Klimaauswirkungen jedes einzelnen Produkts \u00fcber alle drei Scopes des GHG-Protokolls hinweg.<\/p>\n\n\n\n<p>Im Laufe des Jahres <strong>2024<\/strong> haben wir damit begonnen, Standardmaterialien schrittweise auslaufen zu lassen und stattdessen bei allen Neuanschaffungen auf recycelte Materialien zu setzen\u00a0\u2013 eine konkrete Ma\u00dfnahme, die unseren \u00f6kologischen Fu\u00dfabdruck reduziert und unsere Verantwortung noch einen Schritt weiter tr\u00e4gt.<\/p>\n\n\n\n<p>Im Jahr <strong>2025<\/strong> gehen wir einen weiteren wichtigen Schritt: Wir sind der erste Importeur in Schweden\u00a0\u2013 und wahrscheinlich in Europa\u00a0\u2013, der ein breites Sortiment an PFAS-freien Produkten aus recycelten Materialien f\u00fchrt. Die Forschung l\u00e4sst keinen Zweifel: PFAS bergen dokumentierte Risiken sowohl f\u00fcr die menschliche Gesundheit als auch f\u00fcr die Umwelt\u00a0\u2013 und wir nehmen das extrem ernst.<\/p>\n\n\n\n<p>Wir warten nicht auf neue Gesetze oder langsame Entscheidungsprozesse. Wir handeln jetzt\u00a0\u2013 so wie wir es seit jeher in jedem Bereich unserer Nachhaltigkeitsarbeit getan haben.<\/p>\n<\/div>\n\n\n\n<div class=\"wp-block-column is-layout-flow wp-block-column-is-layout-flow\" style=\"flex-basis:30%\">\n<div class=\"wp-block-group alignwide is-layout-constrained wp-block-group-is-layout-constrained\">\n<h3 class=\"wp-block-heading alignwide\">Our sustainability initiatives<\/h3>\n\n\n\n<div class=\"sustainable-entrances-block alignwide wp-block\" id=\"block_f0c10901d8e29dc8818b6c9695fe3722\">\n\n    <div class=\"link-items\">\n            <a href=\"http:\/\/adcotrading.eu\/sustainability-first\/social-responsibility\/\">\n            <figure><img loading=\"lazy\" decoding=\"async\" width=\"955\" height=\"601\" src=\"https:\/\/adcotrading.eu\/app\/uploads\/2025\/10\/Our-Social-Responsibility.avif\" class=\"attachment-full size-full\" alt=\"\" srcset=\"https:\/\/adcotrading.eu\/app\/uploads\/2025\/10\/Our-Social-Responsibility.avif 955w, https:\/\/adcotrading.eu\/app\/uploads\/2025\/10\/Our-Social-Responsibility-300x189.avif 300w, https:\/\/adcotrading.eu\/app\/uploads\/2025\/10\/Our-Social-Responsibility-768x483.avif 768w\" sizes=\"auto, (max-width: 955px) 100vw, 955px\" \/>                <figcaption>Social Responsibility<\/figcaption>\n            <\/figure>\n        <\/a>\n            <a href=\"http:\/\/adcotrading.eu\/sustainability-first\/carbon-footprint\/\">\n            <figure><img loading=\"lazy\" decoding=\"async\" width=\"955\" height=\"600\" src=\"https:\/\/adcotrading.eu\/app\/uploads\/2025\/10\/Carbon-Footprint.avif\" class=\"attachment-full size-full\" alt=\"\" srcset=\"https:\/\/adcotrading.eu\/app\/uploads\/2025\/10\/Carbon-Footprint.avif 955w, https:\/\/adcotrading.eu\/app\/uploads\/2025\/10\/Carbon-Footprint-300x188.avif 300w, https:\/\/adcotrading.eu\/app\/uploads\/2025\/10\/Carbon-Footprint-768x483.avif 768w\" sizes=\"auto, (max-width: 955px) 100vw, 955px\" \/>                <figcaption>Carbon Footprint<\/figcaption>\n            <\/figure>\n        <\/a>\n            <a href=\"http:\/\/adcotrading.eu\/sustainability-first\/responsible-chemical-management\/\">\n            <figure><img loading=\"lazy\" decoding=\"async\" width=\"956\" height=\"602\" src=\"https:\/\/adcotrading.eu\/app\/uploads\/2025\/10\/Responsible-Chemical-Management.avif\" class=\"attachment-full size-full\" alt=\"\" srcset=\"https:\/\/adcotrading.eu\/app\/uploads\/2025\/10\/Responsible-Chemical-Management.avif 956w, https:\/\/adcotrading.eu\/app\/uploads\/2025\/10\/Responsible-Chemical-Management-300x189.avif 300w, https:\/\/adcotrading.eu\/app\/uploads\/2025\/10\/Responsible-Chemical-Management-768x484.avif 768w\" sizes=\"auto, (max-width: 956px) 100vw, 956px\" \/>                <figcaption>Responsible Chemical Management<\/figcaption>\n            <\/figure>\n        <\/a>\n            <a href=\"http:\/\/adcotrading.eu\/sustainability-first\/traceable\/\">\n            <figure><img loading=\"lazy\" decoding=\"async\" width=\"2560\" height=\"1707\" src=\"https:\/\/adcotrading.eu\/app\/uploads\/2025\/12\/PET-bild.webp\" class=\"attachment-full size-full not-transparent\" alt=\"\" srcset=\"https:\/\/adcotrading.eu\/app\/uploads\/2025\/12\/PET-bild.webp 2560w, https:\/\/adcotrading.eu\/app\/uploads\/2025\/12\/PET-bild-300x200.webp 300w, https:\/\/adcotrading.eu\/app\/uploads\/2025\/12\/PET-bild-1024x683.webp 1024w, https:\/\/adcotrading.eu\/app\/uploads\/2025\/12\/PET-bild-768x512.webp 768w, https:\/\/adcotrading.eu\/app\/uploads\/2025\/12\/PET-bild-1536x1024.webp 1536w, https:\/\/adcotrading.eu\/app\/uploads\/2025\/12\/PET-bild-2048x1366.webp 2048w\" sizes=\"auto, (max-width: 2560px) 100vw, 2560px\" data-has-transparency=\"false\" data-dominant-color=\"8ddae6\" style=\"--dominant-color: #8ddae6;\" \/>                <figcaption>Supply Chain Traceability<\/figcaption>\n            <\/figure>\n        <\/a>\n        <\/div>\n\n<\/div><\/div>\n<\/div>\n<\/div>\n","protected":false},"excerpt":{"rendered":"<p>Unser Weg zur Nachhaltigkeit Nachhaltigkeit war schon immer ein Teil unserer Identit\u00e4t. Aber f\u00fcr uns ging es nie nur darum, Zertifikate zu sammeln \u2013 es geht darum, gr\u00f6\u00dfere Verantwortung zu \u00fcbernehmen: pr\u00e4sent zu sein und die Realit\u00e4t mit eigenen Augen zu sehen. Deshalb haben wir im Laufe der Jahre unsere Lieferanten pers\u00f6nlich besucht und Beziehungen [&hellip;]<\/p>\n","protected":false},"author":2,"featured_media":0,"parent":0,"menu_order":0,"comment_status":"closed","ping_status":"closed","template":"","meta":{"_acf_changed":false,"footnotes":""},"class_list":["post-1100","page","type-page","status-publish","hentry"],"acf":[],"yoast_head":"<!-- This site is optimized with the Yoast SEO plugin v27.4 - https:\/\/yoast.com\/product\/yoast-seo-wordpress\/ -->\n<title>Nachhaltigkeit an erster Stelle - AD CO. trading<\/title>\n<meta name=\"description\" content=\"Die Kraft der F\u00fcrsorge Unser Weg zur Nachhaltigkeit Nachhaltigkeit war schon immer ein Teil unserer Identit\u00e4t. Aber f\u00fcr uns ging es nie nur darum,\" \/>\n<meta name=\"robots\" content=\"index, follow, max-snippet:-1, max-image-preview:large, max-video-preview:-1\" \/>\n<link rel=\"canonical\" href=\"https:\/\/adcotrading.eu\/de\/nachhaltigkeit-an-erster-stelle\/\" \/>\n<meta property=\"og:locale\" content=\"de_DE\" \/>\n<meta property=\"og:type\" content=\"article\" \/>\n<meta property=\"og:title\" content=\"Nachhaltigkeit an erster Stelle - AD CO. trading\" \/>\n<meta property=\"og:description\" content=\"Die Kraft der F\u00fcrsorge Unser Weg zur Nachhaltigkeit Nachhaltigkeit war schon immer ein Teil unserer Identit\u00e4t. Aber f\u00fcr uns ging es nie nur darum,\" \/>\n<meta property=\"og:url\" content=\"https:\/\/adcotrading.eu\/de\/nachhaltigkeit-an-erster-stelle\/\" \/>\n<meta property=\"og:site_name\" content=\"AD CO. trading\" \/>\n<meta property=\"article:modified_time\" content=\"2026-04-22T17:55:44+00:00\" \/>\n<meta property=\"og:image\" content=\"https:\/\/adcotrading.eu\/app\/uploads\/2025\/11\/ChatGPT-Image-24-okt.-2025-15_00_31.avif\" \/>\n\t<meta property=\"og:image:width\" content=\"1536\" \/>\n\t<meta property=\"og:image:height\" content=\"1024\" \/>\n\t<meta property=\"og:image:type\" content=\"image\/png\" \/>\n<meta name=\"twitter:card\" content=\"summary_large_image\" \/>\n<meta name=\"twitter:label1\" content=\"Est. reading time\" \/>\n\t<meta name=\"twitter:data1\" content=\"4 minutes\" \/>\n<script type=\"application\/ld+json\" class=\"yoast-schema-graph\">{\"@context\":\"https:\\\/\\\/schema.org\",\"@graph\":[{\"@type\":\"WebPage\",\"@id\":\"https:\\\/\\\/adcotrading.eu\\\/de\\\/nachhaltigkeit-an-erster-stelle\\\/\",\"url\":\"https:\\\/\\\/adcotrading.eu\\\/de\\\/nachhaltigkeit-an-erster-stelle\\\/\",\"name\":\"Nachhaltigkeit an erster Stelle - AD CO. trading\",\"isPartOf\":{\"@id\":\"https:\\\/\\\/adcotrading.eu\\\/de\\\/#website\"},\"primaryImageOfPage\":{\"@id\":\"https:\\\/\\\/adcotrading.eu\\\/de\\\/nachhaltigkeit-an-erster-stelle\\\/#primaryimage\"},\"image\":{\"@id\":\"https:\\\/\\\/adcotrading.eu\\\/de\\\/nachhaltigkeit-an-erster-stelle\\\/#primaryimage\"},\"thumbnailUrl\":\"http:\\\/\\\/adcotrading.eu\\\/app\\\/uploads\\\/2025\\\/11\\\/ChatGPT-Image-24-okt.-2025-15_00_31-1024x683.avif\",\"datePublished\":\"2025-10-23T14:35:53+00:00\",\"dateModified\":\"2026-04-22T17:55:44+00:00\",\"description\":\"Die Kraft der F\u00fcrsorge Unser Weg zur Nachhaltigkeit Nachhaltigkeit war schon immer ein Teil unserer Identit\u00e4t. Aber f\u00fcr uns ging es nie nur darum,\",\"breadcrumb\":{\"@id\":\"https:\\\/\\\/adcotrading.eu\\\/de\\\/nachhaltigkeit-an-erster-stelle\\\/#breadcrumb\"},\"inLanguage\":\"de-DE\",\"potentialAction\":[{\"@type\":\"ReadAction\",\"target\":[\"https:\\\/\\\/adcotrading.eu\\\/de\\\/nachhaltigkeit-an-erster-stelle\\\/\"]}]},{\"@type\":\"ImageObject\",\"inLanguage\":\"de-DE\",\"@id\":\"https:\\\/\\\/adcotrading.eu\\\/de\\\/nachhaltigkeit-an-erster-stelle\\\/#primaryimage\",\"url\":\"http:\\\/\\\/adcotrading.eu\\\/app\\\/uploads\\\/2025\\\/11\\\/ChatGPT-Image-24-okt.-2025-15_00_31-1024x683.avif\",\"contentUrl\":\"http:\\\/\\\/adcotrading.eu\\\/app\\\/uploads\\\/2025\\\/11\\\/ChatGPT-Image-24-okt.-2025-15_00_31-1024x683.avif\"},{\"@type\":\"BreadcrumbList\",\"@id\":\"https:\\\/\\\/adcotrading.eu\\\/de\\\/nachhaltigkeit-an-erster-stelle\\\/#breadcrumb\",\"itemListElement\":[{\"@type\":\"ListItem\",\"position\":1,\"name\":\"Home\",\"item\":\"https:\\\/\\\/adcotrading.eu\\\/de\\\/\"},{\"@type\":\"ListItem\",\"position\":2,\"name\":\"Nachhaltigkeit an erster Stelle\"}]},{\"@type\":\"WebSite\",\"@id\":\"https:\\\/\\\/adcotrading.eu\\\/de\\\/#website\",\"url\":\"https:\\\/\\\/adcotrading.eu\\\/de\\\/\",\"name\":\"AD CO. trading\",\"description\":\"\",\"potentialAction\":[{\"@type\":\"SearchAction\",\"target\":{\"@type\":\"EntryPoint\",\"urlTemplate\":\"https:\\\/\\\/adcotrading.eu\\\/de\\\/?s={search_term_string}\"},\"query-input\":{\"@type\":\"PropertyValueSpecification\",\"valueRequired\":true,\"valueName\":\"search_term_string\"}}],\"inLanguage\":\"de-DE\"}]}<\/script>\n<!-- \/ Yoast SEO plugin. -->","yoast_head_json":{"title":"Nachhaltigkeit an erster Stelle - AD CO. trading","description":"Die Kraft der F\u00fcrsorge Unser Weg zur Nachhaltigkeit Nachhaltigkeit war schon immer ein Teil unserer Identit\u00e4t. Aber f\u00fcr uns ging es nie nur darum,","robots":{"index":"index","follow":"follow","max-snippet":"max-snippet:-1","max-image-preview":"max-image-preview:large","max-video-preview":"max-video-preview:-1"},"canonical":"https:\/\/adcotrading.eu\/de\/nachhaltigkeit-an-erster-stelle\/","og_locale":"de_DE","og_type":"article","og_title":"Nachhaltigkeit an erster Stelle - AD CO. trading","og_description":"Die Kraft der F\u00fcrsorge Unser Weg zur Nachhaltigkeit Nachhaltigkeit war schon immer ein Teil unserer Identit\u00e4t. Aber f\u00fcr uns ging es nie nur darum,","og_url":"https:\/\/adcotrading.eu\/de\/nachhaltigkeit-an-erster-stelle\/","og_site_name":"AD CO. trading","article_modified_time":"2026-04-22T17:55:44+00:00","og_image":[{"width":1536,"height":1024,"url":"https:\/\/adcotrading.eu\/app\/uploads\/2025\/11\/ChatGPT-Image-24-okt.-2025-15_00_31.avif","type":"image\/png"}],"twitter_card":"summary_large_image","twitter_misc":{"Est. reading time":"4 minutes"},"schema":{"@context":"https:\/\/schema.org","@graph":[{"@type":"WebPage","@id":"https:\/\/adcotrading.eu\/de\/nachhaltigkeit-an-erster-stelle\/","url":"https:\/\/adcotrading.eu\/de\/nachhaltigkeit-an-erster-stelle\/","name":"Nachhaltigkeit an erster Stelle - AD CO. trading","isPartOf":{"@id":"https:\/\/adcotrading.eu\/de\/#website"},"primaryImageOfPage":{"@id":"https:\/\/adcotrading.eu\/de\/nachhaltigkeit-an-erster-stelle\/#primaryimage"},"image":{"@id":"https:\/\/adcotrading.eu\/de\/nachhaltigkeit-an-erster-stelle\/#primaryimage"},"thumbnailUrl":"http:\/\/adcotrading.eu\/app\/uploads\/2025\/11\/ChatGPT-Image-24-okt.-2025-15_00_31-1024x683.avif","datePublished":"2025-10-23T14:35:53+00:00","dateModified":"2026-04-22T17:55:44+00:00","description":"Die Kraft der F\u00fcrsorge Unser Weg zur Nachhaltigkeit Nachhaltigkeit war schon immer ein Teil unserer Identit\u00e4t. Aber f\u00fcr uns ging es nie nur darum,","breadcrumb":{"@id":"https:\/\/adcotrading.eu\/de\/nachhaltigkeit-an-erster-stelle\/#breadcrumb"},"inLanguage":"de-DE","potentialAction":[{"@type":"ReadAction","target":["https:\/\/adcotrading.eu\/de\/nachhaltigkeit-an-erster-stelle\/"]}]},{"@type":"ImageObject","inLanguage":"de-DE","@id":"https:\/\/adcotrading.eu\/de\/nachhaltigkeit-an-erster-stelle\/#primaryimage","url":"http:\/\/adcotrading.eu\/app\/uploads\/2025\/11\/ChatGPT-Image-24-okt.-2025-15_00_31-1024x683.avif","contentUrl":"http:\/\/adcotrading.eu\/app\/uploads\/2025\/11\/ChatGPT-Image-24-okt.-2025-15_00_31-1024x683.avif"},{"@type":"BreadcrumbList","@id":"https:\/\/adcotrading.eu\/de\/nachhaltigkeit-an-erster-stelle\/#breadcrumb","itemListElement":[{"@type":"ListItem","position":1,"name":"Home","item":"https:\/\/adcotrading.eu\/de\/"},{"@type":"ListItem","position":2,"name":"Nachhaltigkeit an erster Stelle"}]},{"@type":"WebSite","@id":"https:\/\/adcotrading.eu\/de\/#website","url":"https:\/\/adcotrading.eu\/de\/","name":"AD CO. trading","description":"","potentialAction":[{"@type":"SearchAction","target":{"@type":"EntryPoint","urlTemplate":"https:\/\/adcotrading.eu\/de\/?s={search_term_string}"},"query-input":{"@type":"PropertyValueSpecification","valueRequired":true,"valueName":"search_term_string"}}],"inLanguage":"de-DE"}]}},"_links":{"self":[{"href":"https:\/\/adcotrading.eu\/de\/wp-json\/wp\/v2\/pages\/1100","targetHints":{"allow":["GET"]}}],"collection":[{"href":"https:\/\/adcotrading.eu\/de\/wp-json\/wp\/v2\/pages"}],"about":[{"href":"https:\/\/adcotrading.eu\/de\/wp-json\/wp\/v2\/types\/page"}],"author":[{"embeddable":true,"href":"https:\/\/adcotrading.eu\/de\/wp-json\/wp\/v2\/users\/2"}],"replies":[{"embeddable":true,"href":"https:\/\/adcotrading.eu\/de\/wp-json\/wp\/v2\/comments?post=1100"}],"version-history":[{"count":10,"href":"https:\/\/adcotrading.eu\/de\/wp-json\/wp\/v2\/pages\/1100\/revisions"}],"predecessor-version":[{"id":1703,"href":"https:\/\/adcotrading.eu\/de\/wp-json\/wp\/v2\/pages\/1100\/revisions\/1703"}],"wp:attachment":[{"href":"https:\/\/adcotrading.eu\/de\/wp-json\/wp\/v2\/media?parent=1100"}],"curies":[{"name":"wp","href":"https:\/\/api.w.org\/{rel}","templated":true}]}}