{"id":1108,"date":"2025-10-23T14:10:48","date_gmt":"2025-10-23T14:10:48","guid":{"rendered":"https:\/\/adcotrading.eu\/datenschutzerklaerung\/"},"modified":"2026-04-15T13:04:45","modified_gmt":"2026-04-15T13:04:45","slug":"datenschutzerklaerung","status":"publish","type":"page","link":"https:\/\/adcotrading.eu\/de\/datenschutzerklaerung\/","title":{"rendered":"Datenschutzerkl\u00e4rung"},"content":{"rendered":"\n<h1 class=\"wp-block-heading\">Datenschutzerkl\u00e4rung<\/h1>\n\n<h3 class=\"wp-block-heading\">1. Einleitung<\/h3>\n\n<p>AD CO. trading respektiert die Privatsph\u00e4re jedes Einzelnen. In dieser Datenschutzerkl\u00e4rung wird erl\u00e4utert, wie wir Ihre Informationen erheben, nutzen und speichern, damit Sie darauf vertrauen k\u00f6nnen, dass Ihre personenbezogenen Daten sicher behandelt werden. Diese Datenschutzerkl\u00e4rung beschreibt die Verarbeitung personenbezogener Daten durch AD CO. trading in \u00dcbereinstimmung mit der Datenschutz-Grundverordnung (DSGVO). Wir empfehlen Ihnen, diese Datenschutzerkl\u00e4rung sorgf\u00e4ltig zu lesen, bevor Sie personenbezogene Daten an uns \u00fcbermitteln.<\/p>\n\n<p><strong>2. Verantwortlicher f\u00fcr die Datenverarbeitung<\/strong><br\/>AD CO. trading ist der Verantwortliche f\u00fcr die Verarbeitung personenbezogener Daten, wie sie in dieser Datenschutzerkl\u00e4rung beschrieben wird.<\/p>\n\n<p>Wenn Sie Fragen zur Verarbeitung Ihrer personenbezogenen Daten haben, k\u00f6nnen Sie uns \u00fcber die in Abschnitt 11 angegebenen Kontaktdaten kontaktieren.<\/p>\n\n<p><strong>3. F\u00fcr wen gilt diese Richtlinie?<\/strong><\/p>\n\n<p>Diese Datenschutzerkl\u00e4rung gilt f\u00fcr nat\u00fcrliche Personen, die einen Vertrag mit uns geschlossen haben oder beabsichtigen, einen solchen zu schlie\u00dfen. Dies kann in Ihrer Eigenschaft als Kunde, Lieferant oder Gesch\u00e4ftspartner erfolgen.<\/p>\n\n<h3 class=\"wp-block-heading\">4. Geltungsbereich der Richtlinie<\/h3>\n\n<p>In dieser Datenschutzerkl\u00e4rung wird erl\u00e4utert, wie wir Ihre personenbezogenen Daten erheben, nutzen und speichern.<\/p>\n\n<h3 class=\"wp-block-heading\">5. Rechtsgrundlage f\u00fcr die Verarbeitung personenbezogener Daten<\/h3>\n\n<p>AD CO. trading verarbeitet personenbezogene Daten auf der Grundlage von vertraglicher Notwendigkeit, gesetzlichen Verpflichtungen, berechtigten Interessen und, sofern gesetzlich erforderlich, auf Grundlage einer Einwilligung. Wenn Sie sich entscheiden, bestimmte personenbezogene Daten nicht bereitzustellen, kann dies unsere F\u00e4higkeit beeintr\u00e4chtigen, einen Vertrag mit Ihnen abzuschlie\u00dfen oder zu erf\u00fcllen.<\/p>\n\n<h3 class=\"wp-block-heading\">6. Personenbezogene Daten<\/h3>\n\n<p>Wir erheben Informationen \u00fcber Sie, die Sie uns prim\u00e4r direkt oder indirekt zur Verf\u00fcgung stellen. Dies kann beispielsweise im Zusammenhang mit einer Anfrage geschehen, wenn Sie sich \u00fcber unsere Website als Kunde registrieren, wenn Sie einen Vertrag mit uns abschlie\u00dfen oder im Rahmen der Vertragsverwaltung.<\/p>\n\n<p>Zu den verarbeiteten personenbezogenen Daten geh\u00f6ren im Wesentlichen:<\/p>\n\n<ul class=\"wp-block-list\">\n<li>Identifikationsdaten: Name, Handelsregisternummer<\/li>\n\n\n\n<li>Kontaktdaten: Adresse, Telefonnummer, E-Mail-Adresse<\/li>\n\n\n\n<li>Zahlungsinformationen<\/li>\n\n\n\n<li>Kundennummer<\/li>\n\n\n\n<li>Kreditinformationen<\/li>\n\n\n\n<li>IP-Adresse, Surfverhalten<\/li>\n\n\n\n<li>Bestell- und Rechnungsverlauf<\/li>\n<\/ul>\n\n<h3 class=\"wp-block-heading\">6.1 Zwecke der Verarbeitung personenbezogener Daten<\/h3>\n\n<p>Wir verarbeiten Ihre personenbezogenen Daten unter anderem, um unsere vertraglichen Verpflichtungen Ihnen gegen\u00fcber als Kunde oder Lieferant zu erf\u00fcllen, einen hochwertigen Service zu bieten, Reklamationen zu bearbeiten und den Kontakt mit Ihnen zu pflegen.<\/p>\n\n<h4 class=\"wp-block-heading\">6.1.1 Vertragserf\u00fcllung<\/h4>\n\n<p>Wir verarbeiten die Kontaktdaten von Personen, die als Ansprechpartner oder Mitarbeiter unserer Lieferanten oder Gesch\u00e4ftspartner fungieren. Dies geschieht zum Zweck des Abschlusses, der Verwaltung und der Erf\u00fcllung von Vertr\u00e4gen mit Lieferanten oder Partnern. Die Rechtsgrundlage f\u00fcr diese Verarbeitung ist unser berechtigtes Interesse an der Vertragserf\u00fcllung.<\/p>\n\n<p>Wir k\u00f6nnen Ihre Kontaktdaten zudem verarbeiten, um die Gesch\u00e4ftsbeziehung zu bewerten. Personenbezogene Daten von Ansprechpartnern oder Mitarbeitern potenzieller Lieferanten k\u00f6nnen ebenfalls verarbeitet werden, um diese im Rahmen des Beschaffungsprozesses zu bewerten und zu analysieren. Die Rechtsgrundlage f\u00fcr diese Verarbeitung ist unser berechtigtes Interesse am Abschluss und der Erf\u00fcllung von Vertr\u00e4gen mit Lieferanten oder Gesch\u00e4ftspartnern.<\/p>\n\n<h4 class=\"wp-block-heading\">6.1.2 Bereitstellung von Produkten und Dienstleistungen<\/h4>\n\n<p>Wir verarbeiten Ihre Kontakt- und Zahlungsdaten sowie andere relevante personenbezogene Daten, die Sie uns beim Kauf unserer Produkte oder Dienstleistungen zur Verf\u00fcgung stellen, oder wenn Sie Kunde sind bzw. werden m\u00f6chten. Diese Verarbeitung erfolgt zum Zweck des Abschlusses, der Verwaltung und der Erf\u00fcllung des Vertrages mit Ihnen.<\/p>\n\n<h4 class=\"wp-block-heading\">6.1.3 Verwaltung Ihres Kundenkontos<\/h4>\n\n<p>Wir k\u00f6nnen Ihre Kontaktdaten aktualisieren, indem wir beispielsweise Bonit\u00e4tsausk\u00fcnfte einholen oder Informationen nutzen, die auf Ihrer Website verf\u00fcgbar sind, um sicherzustellen, dass die Daten korrekt sind. Die Rechtsgrundlage f\u00fcr diese Verarbeitung ist die Vertragserf\u00fcllung sowie unser berechtigtes Interesse an der Verwaltung und Administration Ihres Kundenkontos.<\/p>\n\n<h4 class=\"wp-block-heading\">6.1.4 Kommunikation<\/h4>\n\n<p>Wenn Sie unseren Kundenservice kontaktieren, verarbeiten wir die von Ihnen bereitgestellten Informationen, die f\u00fcr Ihr Anliegen relevant sind. Diese Verarbeitung erfolgt, um unsere vertraglichen Verpflichtungen zu erf\u00fcllen, Fragen zu beantworten, Serviceleistungen zu erbringen und die Qualit\u00e4t unseres Kundenservice sicherzustellen. Die Rechtsgrundlage f\u00fcr diese Verarbeitung ist die Vertragserf\u00fcllung sowie unser berechtigtes Interesse, die von Ihnen angeforderten Informationen bereitzustellen und unseren Kundenservice kontinuierlich zu verbessern.<\/p>\n\n<h4 class=\"wp-block-heading\">6.1.5 Bewertung, Entwicklung und Verbesserung von Produkten und Dienstleistungen<\/h4>\n\n<p>Ihre personenbezogenen Daten k\u00f6nnen f\u00fcr Kundenanalysen, Marktanalysen, Gesch\u00e4ftsentwicklung, Statistiken sowie f\u00fcr Informations- und Marketingzwecke verarbeitet werden. Die Rechtsgrundlage f\u00fcr diese Verarbeitung ist unser berechtigtes Interesse an der Weiterentwicklung unserer Produkte und Dienstleistungen, dem Angebot hochwertiger und kosteng\u00fcnstiger Produkte sowie der Erbringung eines exzellenten Service.<\/p>\n\n<h4 class=\"wp-block-heading\">6.1.6 Vermarktung unserer Produkte und Dienstleistungen<\/h4>\n\n<p>Wir nutzen Ihre Kontaktdaten und Analyseergebnisse, um unsere Produkte und Dienstleistungen direkt an Sie zu vermarkten. Die werbliche Ansprache kann per Telefon, E-Mail oder Post erfolgen. Die Rechtsgrundlage f\u00fcr diese Verarbeitung ist unser berechtigtes Interesse an der Vermarktung unserer Produkte und Dienstleistungen. Sie haben das Recht, dieser Form des Marketings jederzeit zu widersprechen. Nutzen Sie dazu bitte die entsprechenden Hinweise in unseren Mitteilungen oder kontaktieren Sie uns direkt.<\/p>\n\n<h4 class=\"wp-block-heading\">6.1.7 Umfragen<\/h4>\n\n<p>Wir nutzen Ihre Kontaktdaten und Ihre Antworten auf Umfragen, um Befragungen durchzuf\u00fchren und auszuwerten. Dies dient dazu, unsere Produkte, Dienstleistungen und Betriebsabl\u00e4ufe zu entwickeln und zu verbessern. Die Umfrageantworten werden nach Abschluss der jeweiligen Umfrage anonymisiert.<\/p>\n\n<h4 class=\"wp-block-heading\">6.1.8 Potenzielle Kunden<\/h4>\n\n<p>Zu Marketingzwecken k\u00f6nnen wir Ihre Kontaktdaten aus \u00f6ffentlichen Quellen, wie beispielsweise Ihrer Website, erheben, um Sie per Telefon, E-Mail oder Post zu kontaktieren. Zu diesem Zweck k\u00f6nnen wir auch Statistiken f\u00fcr Analysen erstellen. Die Rechtsgrundlage f\u00fcr diese Verarbeitung ist unser berechtigtes Interesse an der Vermarktung unserer Produkte und Dienstleistungen. Sie k\u00f6nnen diesem Marketing jederzeit widersprechen, wie oben beschrieben.<\/p>\n\n<h4 class=\"wp-block-heading\">6.1.9 Erhebung von Website-Statistiken<\/h4>\n\n<p>Wenn Sie unsere Website besuchen, k\u00f6nnen wir Cookies und \u00e4hnliche Technologien einsetzen, um Informationen wie Ihre IP-Adresse, Ihren Browsertyp und Ihr Surfverhalten zu erfassen. Diese Informationen werden verwendet, um Website-Statistiken zu erstellen und die Funktionalit\u00e4t sowie das Nutzererlebnis unserer Website zu verbessern. Sofern gesetzlich vorgeschrieben, holen wir Ihre Einwilligung f\u00fcr die Verwendung von Cookies und \u00e4hnlichen Technologien ein.<\/p>\n\n<h4 class=\"wp-block-heading\">6.1.10 Gesetzliche Verpflichtungen<\/h4>\n\n<p>Personenbezogene Daten werden verarbeitet, um gesetzliche Verpflichtungen zu erf\u00fcllen, die sich aus Gesetzen, Gerichtsurteilen oder beh\u00f6rdlichen Entscheidungen ergeben. Solche Verpflichtungen k\u00f6nnen Anforderungen an die Produkthaftung und Produktsicherheit umfassen, wie etwa die Kommunikation von Produktwarnungen und R\u00fcckrufen, oder die Einhaltung der Rechnungslegungsvorschriften.<\/p>\n\n<h3 class=\"wp-block-heading\">6.2 Verarbeitung personenbezogener Daten<\/h3>\n\n<p>Wenn AD CO. trading personenbezogene Daten erhebt, verarbeitet und speichert, erfolgt dies stets auf rechtm\u00e4\u00dfige, nach Treu und Glauben, transparente und zweckgebundene Weise sowie nur in dem Umfang, der als notwendig erachtet wird. AD CO. trading verarbeitet personenbezogene Daten so, dass die pers\u00f6nliche Integrit\u00e4t des Einzelnen nicht verletzt wird. Es werden stets angemessene Sicherheitsma\u00dfnahmen angewendet, um personenbezogene Daten zu sch\u00fctzen.<\/p>\n\n<p>Sofern die betroffene Person die angeforderten Informationen nicht bereitstellt, kann uns dies in einigen F\u00e4llen daran hindern, einen Vertrag abzuschlie\u00dfen oder zu erf\u00fcllen. Wenn Sie sich bez\u00fcglich der Bereitstellung bestimmter personenbezogener Daten unsicher f\u00fchlen oder Bedenken haben, k\u00f6nnen Sie sich f\u00fcr weitere Informationen an AD CO. trading wenden (siehe Kontaktdaten unten).<\/p>\n\n<h3 class=\"wp-block-heading\">6.3 Speicherung personenbezogener Daten<\/h3>\n\n<p>Die Aufbewahrungsfrist f\u00fcr personenbezogene Daten h\u00e4ngt von der Art der Daten und dem Zweck ihrer Verarbeitung ab. AD CO. trading speichert personenbezogene Daten nicht l\u00e4nger, als es f\u00fcr die Zwecke, f\u00fcr die sie erhoben wurden, erforderlich ist, sofern gesetzlich nichts anderes vorgeschrieben ist.<\/p>\n\n<p>Als allgemeine Regel gilt: AD CO. trading bewahrt personenbezogene Daten, die in Kunden- und Lieferantenvertr\u00e4gen sowie in Gesch\u00e4ftsunterlagen enthalten sind, f\u00fcr die Dauer des Vertrages und dar\u00fcber hinaus f\u00fcr zehn Jahre auf, in \u00dcbereinstimmung mit der geltenden Rechnungslegungs- und Steuergesetzgebung.<\/p>\n\n<h3 class=\"wp-block-heading\">7. Weitergabe an Partner<\/h3>\n\n<p>AD CO. trading gibt Ihre personenbezogenen Daten nicht an Dritte weiter, es sei denn, dies ist zur Erf\u00fcllung eines Vertrages erforderlich, erfolgt aufgrund gesetzlicher Verpflichtungen oder Sie wurden anderweitig dar\u00fcber informiert.<\/p>\n\n<h3 class=\"wp-block-heading\">8. Soziale Medien<\/h3>\n\n<p>Wenn wir soziale Medien oder Online-Plattformen zu Marketingzwecken nutzen, stellt AD CO. trading diesen Plattformen keine personenbezogenen Daten zur Verf\u00fcgung. Jede Plattform ist unabh\u00e4ngig f\u00fcr die Verarbeitung personenbezogener Daten verantwortlich, die auf ihren jeweiligen Plattformen erfolgt.<\/p>\n\n<p>Alle personenbezogenen Daten, die Sie auf unseren Social-Media-Kan\u00e4len teilen, posten oder mit denen Sie dort interagieren, werden in \u00dcbereinstimmung mit der Datenschutzerkl\u00e4rung der jeweiligen Plattform verarbeitet. AD CO. trading ist f\u00fcr eine solche Verarbeitung nicht verantwortlich.<\/p>\n\n<h3 class=\"wp-block-heading\">9. Ihre Rechte<\/h3>\n\n<p>Sie haben das Recht, einmal pro Kalenderjahr auf schriftlichen und unterzeichneten Antrag an AD CO. trading unentgeltlich Auskunft dar\u00fcber zu erhalten, welche personenbezogenen Daten wir \u00fcber Sie verarbeiten, sowie \u00fcber den Umfang und den Zweck dieser Verarbeitung. Dar\u00fcber hinaus haben Sie jederzeit das Recht, die Sperrung, L\u00f6schung oder Berichtigung Ihrer personenbezogenen Daten zu verlangen. Sie k\u00f6nnen eine erteilte Einwilligung widerrufen und der weiteren Verarbeitung Ihrer Daten widersprechen. Sie haben au\u00dferdem das Recht, die Einschr\u00e4nkung der Verarbeitung sowie die Daten\u00fcbertragbarkeit zu verlangen, sofern dies anwendbar ist. Sie haben zudem das Recht, eine Beschwerde bei einer zust\u00e4ndigen Aufsichtsbeh\u00f6rde einzureichen.<\/p>\n\n<h3 class=\"wp-block-heading\">10. \u00c4nderungen der Richtlinie<\/h3>\n\n<p>AD CO. trading beh\u00e4lt sich das Recht vor, diese Datenschutzerkl\u00e4rung zu \u00e4ndern und zu aktualisieren. Im Falle wesentlicher \u00c4nderungen oder wenn bestehende Daten auf eine andere Weise als in dieser Richtlinie angegeben verarbeitet werden sollen, wird AD CO. trading Sie in angemessener Weise dar\u00fcber informieren.<\/p>\n\n<h3 class=\"wp-block-heading\">11. Kontaktdaten<\/h3>\n\n<p>Falls Sie Fragen zu dieser Datenschutzerkl\u00e4rung oder zu unserer Verarbeitung Ihrer personenbezogenen Daten haben, wenden Sie sich bitte an <strong>sales@adcotrading.eu<\/strong>.<\/p>\n","protected":false},"excerpt":{"rendered":"<p>Datenschutzerkl\u00e4rung 1. Einleitung AD CO. trading respektiert die Privatsph\u00e4re jedes Einzelnen. In dieser Datenschutzerkl\u00e4rung wird erl\u00e4utert, wie wir Ihre Informationen erheben, nutzen und speichern, damit Sie darauf vertrauen k\u00f6nnen, dass Ihre personenbezogenen Daten sicher behandelt werden. Diese Datenschutzerkl\u00e4rung beschreibt die Verarbeitung personenbezogener Daten durch AD CO. trading in \u00dcbereinstimmung mit der Datenschutz-Grundverordnung (DSGVO). Wir empfehlen [&hellip;]<\/p>\n","protected":false},"author":2,"featured_media":0,"parent":0,"menu_order":0,"comment_status":"closed","ping_status":"open","template":"","meta":{"_acf_changed":false,"footnotes":""},"class_list":["post-1108","page","type-page","status-publish","hentry"],"acf":[],"yoast_head":"<!-- This site is optimized with the Yoast SEO plugin v27.4 - https:\/\/yoast.com\/product\/yoast-seo-wordpress\/ -->\n<title>Datenschutzerkl\u00e4rung - AD CO. trading<\/title>\n<meta name=\"description\" content=\"Datenschutzerkl\u00e4rung 1. Einleitung AD CO. trading respektiert die Privatsph\u00e4re jedes Einzelnen. In dieser Datenschutzerkl\u00e4rung wird erl\u00e4utert, wie wir\" \/>\n<meta name=\"robots\" content=\"index, follow, max-snippet:-1, max-image-preview:large, max-video-preview:-1\" \/>\n<link rel=\"canonical\" href=\"https:\/\/adcotrading.eu\/de\/datenschutzerklaerung\/\" \/>\n<meta property=\"og:locale\" content=\"de_DE\" \/>\n<meta property=\"og:type\" content=\"article\" \/>\n<meta property=\"og:title\" content=\"Datenschutzerkl\u00e4rung - AD CO. trading\" \/>\n<meta property=\"og:description\" content=\"Datenschutzerkl\u00e4rung 1. Einleitung AD CO. trading respektiert die Privatsph\u00e4re jedes Einzelnen. In dieser Datenschutzerkl\u00e4rung wird erl\u00e4utert, wie wir\" \/>\n<meta property=\"og:url\" content=\"https:\/\/adcotrading.eu\/de\/datenschutzerklaerung\/\" \/>\n<meta property=\"og:site_name\" content=\"AD CO. trading\" \/>\n<meta property=\"article:modified_time\" content=\"2026-04-15T13:04:45+00:00\" \/>\n<meta name=\"twitter:card\" content=\"summary_large_image\" \/>\n<meta name=\"twitter:label1\" content=\"Est. reading time\" \/>\n\t<meta name=\"twitter:data1\" content=\"8 minutes\" \/>\n<script type=\"application\/ld+json\" class=\"yoast-schema-graph\">{\"@context\":\"https:\\\/\\\/schema.org\",\"@graph\":[{\"@type\":\"WebPage\",\"@id\":\"https:\\\/\\\/adcotrading.eu\\\/de\\\/datenschutzerklaerung\\\/\",\"url\":\"https:\\\/\\\/adcotrading.eu\\\/de\\\/datenschutzerklaerung\\\/\",\"name\":\"Datenschutzerkl\u00e4rung - AD CO. trading\",\"isPartOf\":{\"@id\":\"https:\\\/\\\/adcotrading.eu\\\/de\\\/#website\"},\"datePublished\":\"2025-10-23T14:10:48+00:00\",\"dateModified\":\"2026-04-15T13:04:45+00:00\",\"description\":\"Datenschutzerkl\u00e4rung 1. Einleitung AD CO. trading respektiert die Privatsph\u00e4re jedes Einzelnen. In dieser Datenschutzerkl\u00e4rung wird erl\u00e4utert, wie wir\",\"breadcrumb\":{\"@id\":\"https:\\\/\\\/adcotrading.eu\\\/de\\\/datenschutzerklaerung\\\/#breadcrumb\"},\"inLanguage\":\"de-DE\",\"potentialAction\":[{\"@type\":\"ReadAction\",\"target\":[\"https:\\\/\\\/adcotrading.eu\\\/de\\\/datenschutzerklaerung\\\/\"]}]},{\"@type\":\"BreadcrumbList\",\"@id\":\"https:\\\/\\\/adcotrading.eu\\\/de\\\/datenschutzerklaerung\\\/#breadcrumb\",\"itemListElement\":[{\"@type\":\"ListItem\",\"position\":1,\"name\":\"Home\",\"item\":\"https:\\\/\\\/adcotrading.eu\\\/de\\\/\"},{\"@type\":\"ListItem\",\"position\":2,\"name\":\"Datenschutzerkl\u00e4rung\"}]},{\"@type\":\"WebSite\",\"@id\":\"https:\\\/\\\/adcotrading.eu\\\/de\\\/#website\",\"url\":\"https:\\\/\\\/adcotrading.eu\\\/de\\\/\",\"name\":\"AD CO. trading\",\"description\":\"\",\"potentialAction\":[{\"@type\":\"SearchAction\",\"target\":{\"@type\":\"EntryPoint\",\"urlTemplate\":\"https:\\\/\\\/adcotrading.eu\\\/de\\\/?s={search_term_string}\"},\"query-input\":{\"@type\":\"PropertyValueSpecification\",\"valueRequired\":true,\"valueName\":\"search_term_string\"}}],\"inLanguage\":\"de-DE\"}]}<\/script>\n<!-- \/ Yoast SEO plugin. -->","yoast_head_json":{"title":"Datenschutzerkl\u00e4rung - AD CO. trading","description":"Datenschutzerkl\u00e4rung 1. Einleitung AD CO. trading respektiert die Privatsph\u00e4re jedes Einzelnen. In dieser Datenschutzerkl\u00e4rung wird erl\u00e4utert, wie wir","robots":{"index":"index","follow":"follow","max-snippet":"max-snippet:-1","max-image-preview":"max-image-preview:large","max-video-preview":"max-video-preview:-1"},"canonical":"https:\/\/adcotrading.eu\/de\/datenschutzerklaerung\/","og_locale":"de_DE","og_type":"article","og_title":"Datenschutzerkl\u00e4rung - AD CO. trading","og_description":"Datenschutzerkl\u00e4rung 1. Einleitung AD CO. trading respektiert die Privatsph\u00e4re jedes Einzelnen. In dieser Datenschutzerkl\u00e4rung wird erl\u00e4utert, wie wir","og_url":"https:\/\/adcotrading.eu\/de\/datenschutzerklaerung\/","og_site_name":"AD CO. trading","article_modified_time":"2026-04-15T13:04:45+00:00","twitter_card":"summary_large_image","twitter_misc":{"Est. reading time":"8 minutes"},"schema":{"@context":"https:\/\/schema.org","@graph":[{"@type":"WebPage","@id":"https:\/\/adcotrading.eu\/de\/datenschutzerklaerung\/","url":"https:\/\/adcotrading.eu\/de\/datenschutzerklaerung\/","name":"Datenschutzerkl\u00e4rung - AD CO. trading","isPartOf":{"@id":"https:\/\/adcotrading.eu\/de\/#website"},"datePublished":"2025-10-23T14:10:48+00:00","dateModified":"2026-04-15T13:04:45+00:00","description":"Datenschutzerkl\u00e4rung 1. Einleitung AD CO. trading respektiert die Privatsph\u00e4re jedes Einzelnen. In dieser Datenschutzerkl\u00e4rung wird erl\u00e4utert, wie wir","breadcrumb":{"@id":"https:\/\/adcotrading.eu\/de\/datenschutzerklaerung\/#breadcrumb"},"inLanguage":"de-DE","potentialAction":[{"@type":"ReadAction","target":["https:\/\/adcotrading.eu\/de\/datenschutzerklaerung\/"]}]},{"@type":"BreadcrumbList","@id":"https:\/\/adcotrading.eu\/de\/datenschutzerklaerung\/#breadcrumb","itemListElement":[{"@type":"ListItem","position":1,"name":"Home","item":"https:\/\/adcotrading.eu\/de\/"},{"@type":"ListItem","position":2,"name":"Datenschutzerkl\u00e4rung"}]},{"@type":"WebSite","@id":"https:\/\/adcotrading.eu\/de\/#website","url":"https:\/\/adcotrading.eu\/de\/","name":"AD CO. trading","description":"","potentialAction":[{"@type":"SearchAction","target":{"@type":"EntryPoint","urlTemplate":"https:\/\/adcotrading.eu\/de\/?s={search_term_string}"},"query-input":{"@type":"PropertyValueSpecification","valueRequired":true,"valueName":"search_term_string"}}],"inLanguage":"de-DE"}]}},"_links":{"self":[{"href":"https:\/\/adcotrading.eu\/de\/wp-json\/wp\/v2\/pages\/1108","targetHints":{"allow":["GET"]}}],"collection":[{"href":"https:\/\/adcotrading.eu\/de\/wp-json\/wp\/v2\/pages"}],"about":[{"href":"https:\/\/adcotrading.eu\/de\/wp-json\/wp\/v2\/types\/page"}],"author":[{"embeddable":true,"href":"https:\/\/adcotrading.eu\/de\/wp-json\/wp\/v2\/users\/2"}],"replies":[{"embeddable":true,"href":"https:\/\/adcotrading.eu\/de\/wp-json\/wp\/v2\/comments?post=1108"}],"version-history":[{"count":9,"href":"https:\/\/adcotrading.eu\/de\/wp-json\/wp\/v2\/pages\/1108\/revisions"}],"predecessor-version":[{"id":1544,"href":"https:\/\/adcotrading.eu\/de\/wp-json\/wp\/v2\/pages\/1108\/revisions\/1544"}],"wp:attachment":[{"href":"https:\/\/adcotrading.eu\/de\/wp-json\/wp\/v2\/media?parent=1108"}],"curies":[{"name":"wp","href":"https:\/\/api.w.org\/{rel}","templated":true}]}}