{"id":838,"date":"2025-10-23T14:20:40","date_gmt":"2025-10-23T14:20:40","guid":{"rendered":"https:\/\/adcotrading.eu\/?page_id=838"},"modified":"2026-04-30T08:39:49","modified_gmt":"2026-04-30T08:39:49","slug":"start","status":"publish","type":"page","link":"https:\/\/adcotrading.eu\/de\/","title":{"rendered":"Start"},"content":{"rendered":"\n<div class=\"wp-block-cover alignfull is-light has-custom-content-position is-position-top-center adco-cover-block\" style=\"min-height:90vh;aspect-ratio:unset;\"><img data-dominant-color=\"a7aaa2\" data-has-transparency=\"false\" style=\"--dominant-color: #a7aaa2;\" loading=\"lazy\" decoding=\"async\" width=\"2560\" height=\"2058\" sizes=\"auto, (max-width: 2560px) 100vw, 2560px\" class=\"wp-block-cover__image-background wp-image-993 size-full not-transparent\" alt=\"\" src=\"https:\/\/adcotrading.eu\/app\/uploads\/2026\/03\/ad_co-trading-samlingskassar-2-1-scaled.webp\" data-object-fit=\"cover\" srcset=\"https:\/\/adcotrading.eu\/app\/uploads\/2026\/03\/ad_co-trading-samlingskassar-2-1-scaled.webp 2560w, https:\/\/adcotrading.eu\/app\/uploads\/2026\/03\/ad_co-trading-samlingskassar-2-1-300x241.webp 300w, https:\/\/adcotrading.eu\/app\/uploads\/2026\/03\/ad_co-trading-samlingskassar-2-1-1024x823.webp 1024w, https:\/\/adcotrading.eu\/app\/uploads\/2026\/03\/ad_co-trading-samlingskassar-2-1-768x617.webp 768w, https:\/\/adcotrading.eu\/app\/uploads\/2026\/03\/ad_co-trading-samlingskassar-2-1-1536x1235.webp 1536w, https:\/\/adcotrading.eu\/app\/uploads\/2026\/03\/ad_co-trading-samlingskassar-2-1-2048x1647.webp 2048w\" \/><span aria-hidden=\"true\" class=\"wp-block-cover__background has-black-background-color has-background-dim-0 has-background-dim\"><\/span><div class=\"wp-block-cover__inner-container is-layout-constrained wp-block-cover-is-layout-constrained\">\n<h1 class=\"wp-block-heading alignwide has-text-align-center has-ember-color has-text-color has-hero-supersize-font-size\">The Bag Site<\/h1>\n<\/div><\/div>\n\n<div class=\"wp-block-group alignwide is-content-justification-center is-layout-flex wp-container-core-group-is-layout-36403c5c wp-block-group-is-layout-flex\" style=\"margin-top:var(--wp--preset--spacing--80);margin-bottom:var(--wp--preset--spacing--80)\">\n<figure class=\"wp-block-image size-full is-resized\"><img data-dominant-color=\"1d1d1b\" data-has-transparency=\"true\" loading=\"lazy\" decoding=\"async\" width=\"284\" height=\"394\" sizes=\"auto, (max-width: 284px) 100vw, 284px\" src=\"https:\/\/adcotrading.eu\/app\/uploads\/2025\/11\/logo.webp\" alt=\"\" class=\"wp-image-608 has-transparency\" style=\"--dominant-color: #1d1d1b; width:130px\" srcset=\"https:\/\/adcotrading.eu\/app\/uploads\/2025\/11\/logo.webp 284w, https:\/\/adcotrading.eu\/app\/uploads\/2025\/11\/logo-216x300.webp 216w\" \/><\/figure>\n\n\n\n<div class=\"wp-block-group is-layout-constrained wp-container-core-group-is-layout-060b0d70 wp-block-group-is-layout-constrained\">\n<h2 class=\"wp-block-heading\">Der ultimative Guide f\u00fcr Mehrwegtaschen\u00a0\u2013 von Materialien bis zur Lieferung<\/h2>\n\n\n\n<p>Eine Tasche ist mehr als nur eine Verpackung. <br \/>Sie ist ein Spiegelbild Ihrer Marke, Ihrer Werte und Ihres Engagements f\u00fcr Nachhaltigkeit.<br \/>Mit \u00fcber 50 Jahren Erfahrung stehen wir Ihnen zur Seite, um Sie bei Ihren Entscheidungen von Anfang bis Ende zu unterst\u00fctzen.<\/p>\n<\/div>\n<\/div>\n\n<div class=\"wp-block-group alignwide is-nowrap is-layout-flex wp-container-core-group-is-layout-6c531013 wp-block-group-is-layout-flex\">\n<h3 class=\"wp-block-heading\">Mehrwegtaschen \u2013 Material\u00fcbersicht<\/h3>\n<\/div>\n\n<div class=\"materials-slides-block alignwide wp-block\" id=\"block_513c3e0e84ee55e893019b5ec8b25fb5\">\n\n\n<\/div>\n\n\n<div class=\"wp-block-group alignwide has-linen-soft-background-color has-background is-layout-constrained wp-container-core-group-is-layout-18ca7078 wp-block-group-is-layout-constrained\" style=\"border-top-left-radius:35px;border-top-right-radius:35px;border-bottom-left-radius:35px;border-bottom-right-radius:35px;margin-bottom:var(--wp--preset--spacing--80);padding-top:var(--wp--preset--spacing--70);padding-right:var(--wp--preset--spacing--80);padding-bottom:var(--wp--preset--spacing--70);padding-left:var(--wp--preset--spacing--80)\">\n<h2 class=\"wp-block-heading alignwide has-text-align-left has-forest-color has-text-color has-link-color wp-elements-46483a5643ddb63ad9c9181417fabbcf\" style=\"margin-bottom:var(--wp--preset--spacing--60)\">Die richtige Wahl leicht gemacht<\/h2>\n\n\n\n<div class=\"wp-block-columns alignwide is-layout-flex wp-container-core-columns-is-layout-e0e4babd wp-block-columns-is-layout-flex\" style=\"padding-right:0;padding-left:0\">\n<div class=\"wp-block-column is-layout-flow wp-block-column-is-layout-flow\">\n<p>Eine Tasche ist mehr als nur eine Verpackung \u2013 sie transportiert Ihre Marke, Ihre Werte und Ihr Versprechen an die Nachhaltigkeit. <\/p>\n\n\n\n<p>Deshalb haben wir es uns zur Aufgabe gemacht, die Verantwortung f\u00fcr Sie zu tragen \u2013 mit Fachwissen, Sorgfalt und Kontrolle in jedem einzelnen Schritt.<\/p>\n\n\n\n<p>Durch jahrzehntelange Erfahrung im internationalen Handel wissen wir, worauf es ankommt, damit Taschen in puncto Qualit\u00e4t, Zuverl\u00e4ssigkeit und Nachhaltigkeit wirklich \u00fcberzeugen.<\/p>\n\n\n\n<p>Durch unsere Pr\u00e4senz vor Ort und den engen Kontakt zu unseren Lieferanten stellen wir sicher, dass jedes Produkt richtig gefertigt wird \u2013 sowohl f\u00fcr die Menschen als auch f\u00fcr den Planeten.<br \/><\/p>\n<\/div>\n\n\n\n<div class=\"wp-block-column is-layout-flow wp-block-column-is-layout-flow\">\n<p>Wenn Sie sich f\u00fcr uns entscheiden, erhalten Sie also nicht nur einen Lieferanten \u2013 Sie erhalten Sicherheit.<\/p>\n\n\n\n<p>Weil wir uns mit Taschen bestens auskennen, sorgen wir daf\u00fcr, dass sie genau das tun, was sie tun sollen: Ihre Marke, Ihre Werte und Ihr Gesch\u00e4ft st\u00e4rken.<\/p>\n\n\n\n<p>Deshalb haben wir diesen Leitfaden erstellt \u2013 um unser Wissen zu teilen und es Ihnen zu erleichtern, eine kluge Wahl zu treffen.<\/p>\n\n\n\n<h2 class=\"wp-block-heading has-forest-color has-text-color has-link-color has-x-large-font-size wp-elements-cef713bc1eabebcc4ce17ea6df8c9cd1\">\u201eWir \u00fcbernehmen die Verantwortung \u2013 damit Sie sich bei jeder Wahl sicher f\u00fchlen k\u00f6nnen.\u201c<\/h2>\n<\/div>\n<\/div>\n<\/div>\n\n<div class=\"wp-block-media-text alignwide has-media-on-the-right is-stacked-on-mobile\"><div class=\"wp-block-media-text__content\">\n<div class=\"wp-block-group is-layout-constrained wp-block-group-is-layout-constrained\" style=\"margin-top:0;margin-bottom:0;padding-top:var(--wp--preset--spacing--70);padding-bottom:var(--wp--preset--spacing--70)\">\n<h3 class=\"wp-block-heading has-ember-color has-text-color has-link-color wp-elements-7e9f3a5c1ea204887855caac56e1cd5c\" style=\"font-size:71px\">The Bag Book<\/h3>\n\n\n\n<p><strong>Ihr umfassender Leitfaden zur Wahl der richtigen Tasche<\/strong><\/p>\n\n\n\n<p>In <strong>The Bag Book<\/strong> teilen wir unsere \u00fcber 50-j\u00e4hrige Erfahrung, um Ihnen zu helfen, zu verstehen, worauf es bei der Beschaffung von Mehrwegtaschen wirklich ankommt. Entdecken Sie Materialien, Zertifizierungen, Einblicke in die Produktion und praktische Tipps, die Ihnen die Entscheidung erleichtern. Dieser umfassende Leitfaden erkl\u00e4rt alles, was Sie \u00fcber Mehrwegtaschen wissen m\u00fcssen \u2013 von Materialien wie Baumwolle, Polyester, Non-Woven und R-PET bis hin zu Nachhaltigkeitsstandards, Qualit\u00e4tspr\u00fcfungen und Logistik.<\/p>\n\n\n\n<p>Im Leitfaden erfahren Sie:<\/p>\n\n\n\n<ul class=\"wp-block-list\">\n<li>Wie Sie das richtige Taschenmaterial ausw\u00e4hlen<\/li>\n\n\n\n<li>Was Nachhaltigkeitszertifizierungen wirklich bedeuten<\/li>\n\n\n\n<li>Wie Qualit\u00e4tspr\u00fcfungen die Langlebigkeit sicherstellen<\/li>\n\n\n\n<li>Wie Logistik und Produktion die Lieferung beeinflussen<\/li>\n\n\n\n<li>Worauf Sie bei der Angebotsanfrage an Lieferanten achten sollten<\/li>\n<\/ul>\n\n\n\n<div class=\"wp-block-buttons is-layout-flex wp-block-buttons-is-layout-flex\">\n<div class=\"wp-block-button\"><a class=\"wp-block-button__link has-ember-background-color has-background wp-element-button\" href=\"https:\/\/adcotrading.eu\/app\/uploads\/2026\/03\/the-bag-book-ad-co-trading-pdf.pdf\" target=\"_blank\" rel=\"noreferrer noopener\">Leitfaden herunterladen<\/a><\/div>\n<\/div>\n<\/div>\n<\/div><figure class=\"wp-block-media-text__media\"><img data-dominant-color=\"e8e6e4\" data-has-transparency=\"false\" style=\"--dominant-color: #e8e6e4;\" loading=\"lazy\" decoding=\"async\" width=\"1024\" height=\"683\" src=\"https:\/\/adcotrading.eu\/app\/uploads\/2025\/12\/The-Bag-Book-1024x683.webp\" alt=\"\" class=\"wp-image-793 size-full not-transparent\" srcset=\"https:\/\/adcotrading.eu\/app\/uploads\/2025\/12\/The-Bag-Book-1024x683.webp 1024w, https:\/\/adcotrading.eu\/app\/uploads\/2025\/12\/The-Bag-Book-300x200.webp 300w, https:\/\/adcotrading.eu\/app\/uploads\/2025\/12\/The-Bag-Book-768x512.webp 768w, https:\/\/adcotrading.eu\/app\/uploads\/2025\/12\/The-Bag-Book.webp 1536w\" sizes=\"auto, (max-width: 1024px) 100vw, 1024px\" \/><\/figure><\/div>\n\n<div class=\"wp-block-group alignwide is-layout-constrained wp-block-group-is-layout-constrained\">\n<h3 class=\"wp-block-heading alignwide\">Our sustainability initiatives<\/h3>\n\n\n\n<div class=\"sustainable-entrances-block alignwide wp-block\" id=\"block_00bbdc7a8383dc0ed137b6b4fcbabfdc\">\n\n    <div class=\"link-items\">\n            <a href=\"http:\/\/adcotrading.eu\/sustainability-first\/social-responsibility\/\">\n            <figure><img loading=\"lazy\" decoding=\"async\" width=\"955\" height=\"601\" src=\"https:\/\/adcotrading.eu\/app\/uploads\/2025\/10\/Our-Social-Responsibility.avif\" class=\"attachment-full size-full\" alt=\"\" srcset=\"https:\/\/adcotrading.eu\/app\/uploads\/2025\/10\/Our-Social-Responsibility.avif 955w, https:\/\/adcotrading.eu\/app\/uploads\/2025\/10\/Our-Social-Responsibility-300x189.avif 300w, https:\/\/adcotrading.eu\/app\/uploads\/2025\/10\/Our-Social-Responsibility-768x483.avif 768w\" sizes=\"auto, (max-width: 955px) 100vw, 955px\" \/>                <figcaption>Social Responsibility<\/figcaption>\n            <\/figure>\n        <\/a>\n            <a href=\"http:\/\/adcotrading.eu\/sustainability-first\/carbon-footprint\/\">\n            <figure><img loading=\"lazy\" decoding=\"async\" width=\"955\" height=\"600\" src=\"https:\/\/adcotrading.eu\/app\/uploads\/2025\/10\/Carbon-Footprint.avif\" class=\"attachment-full size-full\" alt=\"\" srcset=\"https:\/\/adcotrading.eu\/app\/uploads\/2025\/10\/Carbon-Footprint.avif 955w, https:\/\/adcotrading.eu\/app\/uploads\/2025\/10\/Carbon-Footprint-300x188.avif 300w, https:\/\/adcotrading.eu\/app\/uploads\/2025\/10\/Carbon-Footprint-768x483.avif 768w\" sizes=\"auto, (max-width: 955px) 100vw, 955px\" \/>                <figcaption>Carbon Footprint<\/figcaption>\n            <\/figure>\n        <\/a>\n            <a href=\"http:\/\/adcotrading.eu\/sustainability-first\/responsible-chemical-management\/\">\n            <figure><img loading=\"lazy\" decoding=\"async\" width=\"956\" height=\"602\" src=\"https:\/\/adcotrading.eu\/app\/uploads\/2025\/10\/Responsible-Chemical-Management.avif\" class=\"attachment-full size-full\" alt=\"\" srcset=\"https:\/\/adcotrading.eu\/app\/uploads\/2025\/10\/Responsible-Chemical-Management.avif 956w, https:\/\/adcotrading.eu\/app\/uploads\/2025\/10\/Responsible-Chemical-Management-300x189.avif 300w, https:\/\/adcotrading.eu\/app\/uploads\/2025\/10\/Responsible-Chemical-Management-768x484.avif 768w\" sizes=\"auto, (max-width: 956px) 100vw, 956px\" \/>                <figcaption>Responsible Chemical Management<\/figcaption>\n            <\/figure>\n        <\/a>\n            <a href=\"http:\/\/adcotrading.eu\/sustainability-first\/traceable\/\">\n            <figure><img loading=\"lazy\" decoding=\"async\" width=\"2560\" height=\"1707\" src=\"https:\/\/adcotrading.eu\/app\/uploads\/2025\/12\/PET-bild.webp\" class=\"attachment-full size-full not-transparent\" alt=\"\" srcset=\"https:\/\/adcotrading.eu\/app\/uploads\/2025\/12\/PET-bild.webp 2560w, https:\/\/adcotrading.eu\/app\/uploads\/2025\/12\/PET-bild-300x200.webp 300w, https:\/\/adcotrading.eu\/app\/uploads\/2025\/12\/PET-bild-1024x683.webp 1024w, https:\/\/adcotrading.eu\/app\/uploads\/2025\/12\/PET-bild-768x512.webp 768w, https:\/\/adcotrading.eu\/app\/uploads\/2025\/12\/PET-bild-1536x1024.webp 1536w, https:\/\/adcotrading.eu\/app\/uploads\/2025\/12\/PET-bild-2048x1366.webp 2048w\" sizes=\"auto, (max-width: 2560px) 100vw, 2560px\" data-has-transparency=\"false\" data-dominant-color=\"8ddae6\" style=\"--dominant-color: #8ddae6;\" \/>                <figcaption>Supply Chain Traceability<\/figcaption>\n            <\/figure>\n        <\/a>\n        <\/div>\n\n<\/div><\/div>\n","protected":false},"excerpt":{"rendered":"<p>Der ultimative Guide f\u00fcr Mehrwegtaschen\u00a0\u2013 von Materialien bis zur Lieferung Eine Tasche ist mehr als nur eine Verpackung. Sie ist ein Spiegelbild Ihrer Marke, Ihrer Werte und Ihres Engagements f\u00fcr Nachhaltigkeit.Mit \u00fcber 50 Jahren Erfahrung stehen wir Ihnen zur Seite, um Sie bei Ihren Entscheidungen von Anfang bis Ende zu unterst\u00fctzen. Mehrwegtaschen \u2013 Material\u00fcbersicht Die [&hellip;]<\/p>\n","protected":false},"author":2,"featured_media":0,"parent":0,"menu_order":0,"comment_status":"closed","ping_status":"closed","template":"","meta":{"_acf_changed":false,"footnotes":""},"class_list":["post-838","page","type-page","status-publish","hentry"],"acf":[],"yoast_head":"<!-- This site is optimized with the Yoast SEO plugin v27.4 - https:\/\/yoast.com\/product\/yoast-seo-wordpress\/ -->\n<title>Start - AD CO. trading<\/title>\n<meta name=\"description\" content=\"The Bag Site Der ultimative Guide f\u00fcr Mehrwegtaschen\u00a0\u2013 von Materialien bis zur Lieferung Eine Tasche ist mehr als nur eine Verpackung. Sie ist ein\" \/>\n<meta name=\"robots\" content=\"index, follow, max-snippet:-1, max-image-preview:large, max-video-preview:-1\" \/>\n<link rel=\"canonical\" href=\"https:\/\/adcotrading.eu\/de\/\" \/>\n<meta property=\"og:locale\" content=\"de_DE\" \/>\n<meta property=\"og:type\" content=\"article\" \/>\n<meta property=\"og:title\" content=\"Start - AD CO. trading\" \/>\n<meta property=\"og:description\" content=\"The Bag Site Der ultimative Guide f\u00fcr Mehrwegtaschen\u00a0\u2013 von Materialien bis zur Lieferung Eine Tasche ist mehr als nur eine Verpackung. Sie ist ein\" \/>\n<meta property=\"og:url\" content=\"https:\/\/adcotrading.eu\/de\/\" \/>\n<meta property=\"og:site_name\" content=\"AD CO. trading\" \/>\n<meta property=\"article:modified_time\" content=\"2026-04-30T08:39:49+00:00\" \/>\n<meta property=\"og:image\" content=\"https:\/\/adcotrading.eu\/app\/uploads\/2026\/03\/ad_co-trading-samlingskassar-2-1-scaled.webp\" \/>\n\t<meta property=\"og:image:width\" content=\"2560\" \/>\n\t<meta property=\"og:image:height\" content=\"2058\" \/>\n\t<meta property=\"og:image:type\" content=\"image\/jpeg\" \/>\n<meta name=\"twitter:card\" content=\"summary_large_image\" \/>\n<meta name=\"twitter:label1\" content=\"Est. reading time\" \/>\n\t<meta name=\"twitter:data1\" content=\"1 minute\" \/>\n<script type=\"application\/ld+json\" class=\"yoast-schema-graph\">{\"@context\":\"https:\\\/\\\/schema.org\",\"@graph\":[{\"@type\":\"WebPage\",\"@id\":\"https:\\\/\\\/adcotrading.eu\\\/de\\\/\",\"url\":\"https:\\\/\\\/adcotrading.eu\\\/de\\\/\",\"name\":\"Start - AD CO. trading\",\"isPartOf\":{\"@id\":\"https:\\\/\\\/adcotrading.eu\\\/de\\\/#website\"},\"primaryImageOfPage\":{\"@id\":\"https:\\\/\\\/adcotrading.eu\\\/de\\\/#primaryimage\"},\"image\":{\"@id\":\"https:\\\/\\\/adcotrading.eu\\\/de\\\/#primaryimage\"},\"thumbnailUrl\":\"https:\\\/\\\/adcotrading.eu\\\/app\\\/uploads\\\/2026\\\/03\\\/ad_co-trading-samlingskassar-2-1-scaled.webp\",\"datePublished\":\"2025-10-23T14:20:40+00:00\",\"dateModified\":\"2026-04-30T08:39:49+00:00\",\"description\":\"The Bag Site Der ultimative Guide f\u00fcr Mehrwegtaschen\u00a0\u2013 von Materialien bis zur Lieferung Eine Tasche ist mehr als nur eine Verpackung. Sie ist ein\",\"breadcrumb\":{\"@id\":\"https:\\\/\\\/adcotrading.eu\\\/de\\\/#breadcrumb\"},\"inLanguage\":\"de-DE\",\"potentialAction\":[{\"@type\":\"ReadAction\",\"target\":[\"https:\\\/\\\/adcotrading.eu\\\/de\\\/\"]}]},{\"@type\":\"ImageObject\",\"inLanguage\":\"de-DE\",\"@id\":\"https:\\\/\\\/adcotrading.eu\\\/de\\\/#primaryimage\",\"url\":\"https:\\\/\\\/adcotrading.eu\\\/app\\\/uploads\\\/2026\\\/03\\\/ad_co-trading-samlingskassar-2-1-scaled.webp\",\"contentUrl\":\"https:\\\/\\\/adcotrading.eu\\\/app\\\/uploads\\\/2026\\\/03\\\/ad_co-trading-samlingskassar-2-1-scaled.webp\"},{\"@type\":\"BreadcrumbList\",\"@id\":\"https:\\\/\\\/adcotrading.eu\\\/de\\\/#breadcrumb\",\"itemListElement\":[{\"@type\":\"ListItem\",\"position\":1,\"name\":\"Home\",\"item\":\"https:\\\/\\\/adcotrading.eu\\\/de\\\/\"},{\"@type\":\"ListItem\",\"position\":2,\"name\":\"Start\"}]},{\"@type\":\"WebSite\",\"@id\":\"https:\\\/\\\/adcotrading.eu\\\/de\\\/#website\",\"url\":\"https:\\\/\\\/adcotrading.eu\\\/de\\\/\",\"name\":\"AD CO. trading\",\"description\":\"\",\"potentialAction\":[{\"@type\":\"SearchAction\",\"target\":{\"@type\":\"EntryPoint\",\"urlTemplate\":\"https:\\\/\\\/adcotrading.eu\\\/de\\\/?s={search_term_string}\"},\"query-input\":{\"@type\":\"PropertyValueSpecification\",\"valueRequired\":true,\"valueName\":\"search_term_string\"}}],\"inLanguage\":\"de-DE\"}]}<\/script>\n<!-- \/ Yoast SEO plugin. -->","yoast_head_json":{"title":"Start - AD CO. trading","description":"The Bag Site Der ultimative Guide f\u00fcr Mehrwegtaschen\u00a0\u2013 von Materialien bis zur Lieferung Eine Tasche ist mehr als nur eine Verpackung. Sie ist ein","robots":{"index":"index","follow":"follow","max-snippet":"max-snippet:-1","max-image-preview":"max-image-preview:large","max-video-preview":"max-video-preview:-1"},"canonical":"https:\/\/adcotrading.eu\/de\/","og_locale":"de_DE","og_type":"article","og_title":"Start - AD CO. trading","og_description":"The Bag Site Der ultimative Guide f\u00fcr Mehrwegtaschen\u00a0\u2013 von Materialien bis zur Lieferung Eine Tasche ist mehr als nur eine Verpackung. Sie ist ein","og_url":"https:\/\/adcotrading.eu\/de\/","og_site_name":"AD CO. trading","article_modified_time":"2026-04-30T08:39:49+00:00","og_image":[{"width":2560,"height":2058,"url":"https:\/\/adcotrading.eu\/app\/uploads\/2026\/03\/ad_co-trading-samlingskassar-2-1-scaled.webp","type":"image\/jpeg"}],"twitter_card":"summary_large_image","twitter_misc":{"Est. reading time":"1 minute"},"schema":{"@context":"https:\/\/schema.org","@graph":[{"@type":"WebPage","@id":"https:\/\/adcotrading.eu\/de\/","url":"https:\/\/adcotrading.eu\/de\/","name":"Start - AD CO. trading","isPartOf":{"@id":"https:\/\/adcotrading.eu\/de\/#website"},"primaryImageOfPage":{"@id":"https:\/\/adcotrading.eu\/de\/#primaryimage"},"image":{"@id":"https:\/\/adcotrading.eu\/de\/#primaryimage"},"thumbnailUrl":"https:\/\/adcotrading.eu\/app\/uploads\/2026\/03\/ad_co-trading-samlingskassar-2-1-scaled.webp","datePublished":"2025-10-23T14:20:40+00:00","dateModified":"2026-04-30T08:39:49+00:00","description":"The Bag Site Der ultimative Guide f\u00fcr Mehrwegtaschen\u00a0\u2013 von Materialien bis zur Lieferung Eine Tasche ist mehr als nur eine Verpackung. Sie ist ein","breadcrumb":{"@id":"https:\/\/adcotrading.eu\/de\/#breadcrumb"},"inLanguage":"de-DE","potentialAction":[{"@type":"ReadAction","target":["https:\/\/adcotrading.eu\/de\/"]}]},{"@type":"ImageObject","inLanguage":"de-DE","@id":"https:\/\/adcotrading.eu\/de\/#primaryimage","url":"https:\/\/adcotrading.eu\/app\/uploads\/2026\/03\/ad_co-trading-samlingskassar-2-1-scaled.webp","contentUrl":"https:\/\/adcotrading.eu\/app\/uploads\/2026\/03\/ad_co-trading-samlingskassar-2-1-scaled.webp"},{"@type":"BreadcrumbList","@id":"https:\/\/adcotrading.eu\/de\/#breadcrumb","itemListElement":[{"@type":"ListItem","position":1,"name":"Home","item":"https:\/\/adcotrading.eu\/de\/"},{"@type":"ListItem","position":2,"name":"Start"}]},{"@type":"WebSite","@id":"https:\/\/adcotrading.eu\/de\/#website","url":"https:\/\/adcotrading.eu\/de\/","name":"AD CO. trading","description":"","potentialAction":[{"@type":"SearchAction","target":{"@type":"EntryPoint","urlTemplate":"https:\/\/adcotrading.eu\/de\/?s={search_term_string}"},"query-input":{"@type":"PropertyValueSpecification","valueRequired":true,"valueName":"search_term_string"}}],"inLanguage":"de-DE"}]}},"_links":{"self":[{"href":"https:\/\/adcotrading.eu\/de\/wp-json\/wp\/v2\/pages\/838","targetHints":{"allow":["GET"]}}],"collection":[{"href":"https:\/\/adcotrading.eu\/de\/wp-json\/wp\/v2\/pages"}],"about":[{"href":"https:\/\/adcotrading.eu\/de\/wp-json\/wp\/v2\/types\/page"}],"author":[{"embeddable":true,"href":"https:\/\/adcotrading.eu\/de\/wp-json\/wp\/v2\/users\/2"}],"replies":[{"embeddable":true,"href":"https:\/\/adcotrading.eu\/de\/wp-json\/wp\/v2\/comments?post=838"}],"version-history":[{"count":11,"href":"https:\/\/adcotrading.eu\/de\/wp-json\/wp\/v2\/pages\/838\/revisions"}],"predecessor-version":[{"id":1651,"href":"https:\/\/adcotrading.eu\/de\/wp-json\/wp\/v2\/pages\/838\/revisions\/1651"}],"wp:attachment":[{"href":"https:\/\/adcotrading.eu\/de\/wp-json\/wp\/v2\/media?parent=838"}],"curies":[{"name":"wp","href":"https:\/\/api.w.org\/{rel}","templated":true}]}}