{"id":1111,"date":"2025-11-05T12:56:47","date_gmt":"2025-11-05T12:56:47","guid":{"rendered":"https:\/\/adcotrading.eu\/trazabilidad-de-la-cadena-de-suministro\/"},"modified":"2026-04-17T14:23:34","modified_gmt":"2026-04-17T14:23:34","slug":"trazabilidad-de-la-cadena-de-suministro","status":"publish","type":"page","link":"https:\/\/adcotrading.eu\/es\/la-sostenibilidad-ante-todo\/trazabilidad-de-la-cadena-de-suministro\/","title":{"rendered":"Trazabilidad de la cadena de suministro"},"content":{"rendered":"\n<div class=\"wp-block-cover alignfull has-custom-content-position is-position-center-left adco-cover-block\" style=\"margin-top:0;margin-bottom:0;min-height:70vh;aspect-ratio:unset;\"><img data-dominant-color=\"6b654f\" data-has-transparency=\"false\" style=\"--dominant-color: #6b654f;\" loading=\"lazy\" decoding=\"async\" width=\"2560\" height=\"1707\" sizes=\"auto, (max-width: 2560px) 100vw, 2560px\" class=\"wp-block-cover__image-background wp-image-758 size-full not-transparent\" alt=\"\" src=\"http:\/\/adcotrading.eu\/app\/uploads\/2025\/11\/DSC8459-2.webp\" data-object-fit=\"cover\" srcset=\"https:\/\/adcotrading.eu\/app\/uploads\/2025\/11\/DSC8459-2.webp 2560w, https:\/\/adcotrading.eu\/app\/uploads\/2025\/11\/DSC8459-2-300x200.webp 300w, https:\/\/adcotrading.eu\/app\/uploads\/2025\/11\/DSC8459-2-1024x683.webp 1024w, https:\/\/adcotrading.eu\/app\/uploads\/2025\/11\/DSC8459-2-768x512.webp 768w, https:\/\/adcotrading.eu\/app\/uploads\/2025\/11\/DSC8459-2-1536x1024.webp 1536w, https:\/\/adcotrading.eu\/app\/uploads\/2025\/11\/DSC8459-2-2048x1366.webp 2048w\" \/><span aria-hidden=\"true\" class=\"wp-block-cover__background has-black-background-color has-background-dim-0 has-background-dim\"><\/span><div class=\"wp-block-cover__inner-container is-layout-constrained wp-block-cover-is-layout-constrained\">\n<h1 class=\"wp-block-heading\">Transparencia en todos los niveles<\/h1>\n<\/div><\/div>\n<div class=\"yoast-breadcrumbs\"><span><span><a href=\"https:\/\/adcotrading.eu\/es\/\">Home<\/a><\/span> \u00bb <span><a href=\"https:\/\/adcotrading.eu\/es\/la-sostenibilidad-ante-todo\/\">La sostenibilidad ante todo<\/a><\/span> \u00bb <span class=\"breadcrumb_last\" aria-current=\"page\">Trazabilidad de la cadena de suministro<\/span><\/span><\/div>\n<div class=\"wp-block-media-text alignwide is-stacked-on-mobile is-vertically-aligned-top\" style=\"margin-top:var(--wp--preset--spacing--80);margin-bottom:var(--wp--preset--spacing--80);grid-template-columns:45% auto\"><figure class=\"wp-block-media-text__media\"><img data-dominant-color=\"736154\" data-has-transparency=\"false\" style=\"--dominant-color: #736154;\" loading=\"lazy\" decoding=\"async\" width=\"768\" height=\"1024\" src=\"http:\/\/adcotrading.eu\/app\/uploads\/2025\/11\/IMG_0144-2-1-768x1024.webp\" alt=\"\" class=\"wp-image-760 size-full not-transparent\" srcset=\"https:\/\/adcotrading.eu\/app\/uploads\/2025\/11\/IMG_0144-2-1-768x1024.webp 768w, https:\/\/adcotrading.eu\/app\/uploads\/2025\/11\/IMG_0144-2-1-225x300.webp 225w, https:\/\/adcotrading.eu\/app\/uploads\/2025\/11\/IMG_0144-2-1-1152x1536.webp 1152w, https:\/\/adcotrading.eu\/app\/uploads\/2025\/11\/IMG_0144-2-1-1536x2048.webp 1536w, https:\/\/adcotrading.eu\/app\/uploads\/2025\/11\/IMG_0144-2-1.webp 1920w\" sizes=\"auto, (max-width: 768px) 100vw, 768px\" \/><\/figure><div class=\"wp-block-media-text__content\">\n<p>Trabajar con materiales reciclados conlleva tanto oportunidades como responsabilidades. Cada paso, desde la recolecci\u00f3n hasta la producci\u00f3n, requiere conocimiento, compromiso y, por encima de todo, transparencia.\u00a0Entender qu\u00e9 hay detr\u00e1s de los materiales que utilizamos nos permite garantizar la calidad, la seguridad y el respeto tanto por el planeta como por las personas que lo habitamos. Este es el pilar del concepto de transparencia que aplicamos a todos los niveles de nuestro trabajo.\u00a0<\/p>\n\n\n\n<p>Los materiales reciclados suelen clasificarse en dos categor\u00edas:<\/p>\n\n\n\n<ul class=\"wp-block-list\">\n<li><strong>Preconsumo:<\/strong><br \/>Residuos generados durante el proceso de fabricaci\u00f3n que nunca llegan al consumidor final.<\/li>\n\n\n\n<li><strong>Posconsumo:<\/strong>\u00a0<br \/>Material utilizado y desechado por los consumidores, que posteriormente se recicla para fabricar nuevos productos.<\/li>\n<\/ul>\n\n\n\n<h5 class=\"wp-block-heading\">El reto de los materiales reciclados<\/h5>\n\n\n\n<p>El principal reto que plantean los materiales reciclados consiste en comprender exactamente qu\u00e9 hay detr\u00e1s de la materia prima. Hacemos todo lo posible por rastrear el origen de los materiales, una tarea compleja que requiere relaciones duraderas, transparencia y confianza en todos los niveles de la cadena de suministro.<\/p>\n\n\n\n<p>Gracias a la estrecha colaboraci\u00f3n con nuestros proveedores y el personal in situ, obtenemos informaci\u00f3n sobre el origen de los materiales y sobre sus subproveedores. Hacemos todo lo posible para que pueda tener la certeza de que las bolsas que adquiere de nosotros no contienen sustancias peligrosas. Al mismo tiempo, nos esforzamos activamente por garantizar que los pl\u00e1sticos y textiles empleados hayan sido recopilados por adultos en condiciones de trabajo seguras y con una remuneraci\u00f3n justa. A pesar de estos esfuerzos, lograr la trazabilidad total de los materiales reciclados posconsumo sigue siendo un aut\u00e9ntico reto. Factores como la complejidad de los flujos de reciclaje, la existencia de m\u00faltiples puntos de recogida y la diversidad de las normas de documentaci\u00f3n imposibilitan que se pueda garantizar la totalidad de la visi\u00f3n de conjunto. Por eso somos transparentes en cuanto a las limitaciones: si alguien afirma poder garantizar la trazabilidad total, es l\u00f3gico que genere escepticismo.<\/p>\n\n\n\n<p>Nuestra propuesta se basa en la mejora constante. Invertimos en auditor\u00edas, en colaboraci\u00f3n con los proveedores y en m\u00e9todos de seguimiento innovadores para acercarnos cada a\u00f1o m\u00e1s a la trazabilidad total. Aunque alcanzar la perfecci\u00f3n es dif\u00edcil, nos marcamos como objetivo garantizar que todas las bolsas que entregamos cumplan con estrictos est\u00e1ndares \u00e9ticos, medioambientales y de seguridad, y que puedas elegir materiales reciclados con toda tranquilidad siempre que sea posible.<\/p>\n<\/div><\/div>\n\n<div class=\"wp-block-group alignwide is-layout-constrained wp-block-group-is-layout-constrained\">\n<h3 class=\"wp-block-heading alignwide\">Our sustainability initiatives<\/h3>\n\n\n\n<div class=\"sustainable-entrances-block alignwide wp-block\" id=\"block_d69913eb88ed527f63b62673ce1ee17a\">\n\n    <div class=\"link-items\">\n            <a href=\"http:\/\/adcotrading.eu\/sustainability-first\/social-responsibility\/\">\n            <figure><img loading=\"lazy\" decoding=\"async\" width=\"955\" height=\"601\" src=\"https:\/\/adcotrading.eu\/app\/uploads\/2025\/10\/Our-Social-Responsibility.avif\" class=\"attachment-full size-full\" alt=\"\" srcset=\"https:\/\/adcotrading.eu\/app\/uploads\/2025\/10\/Our-Social-Responsibility.avif 955w, https:\/\/adcotrading.eu\/app\/uploads\/2025\/10\/Our-Social-Responsibility-300x189.avif 300w, https:\/\/adcotrading.eu\/app\/uploads\/2025\/10\/Our-Social-Responsibility-768x483.avif 768w\" sizes=\"auto, (max-width: 955px) 100vw, 955px\" \/>                <figcaption>Social Responsibility<\/figcaption>\n            <\/figure>\n        <\/a>\n            <a href=\"http:\/\/adcotrading.eu\/sustainability-first\/carbon-footprint\/\">\n            <figure><img loading=\"lazy\" decoding=\"async\" width=\"955\" height=\"600\" src=\"https:\/\/adcotrading.eu\/app\/uploads\/2025\/10\/Carbon-Footprint.avif\" class=\"attachment-full size-full\" alt=\"\" srcset=\"https:\/\/adcotrading.eu\/app\/uploads\/2025\/10\/Carbon-Footprint.avif 955w, https:\/\/adcotrading.eu\/app\/uploads\/2025\/10\/Carbon-Footprint-300x188.avif 300w, https:\/\/adcotrading.eu\/app\/uploads\/2025\/10\/Carbon-Footprint-768x483.avif 768w\" sizes=\"auto, (max-width: 955px) 100vw, 955px\" \/>                <figcaption>Carbon Footprint<\/figcaption>\n            <\/figure>\n        <\/a>\n            <a href=\"http:\/\/adcotrading.eu\/sustainability-first\/responsible-chemical-management\/\">\n            <figure><img loading=\"lazy\" decoding=\"async\" width=\"956\" height=\"602\" src=\"https:\/\/adcotrading.eu\/app\/uploads\/2025\/10\/Responsible-Chemical-Management.avif\" class=\"attachment-full size-full\" alt=\"\" srcset=\"https:\/\/adcotrading.eu\/app\/uploads\/2025\/10\/Responsible-Chemical-Management.avif 956w, https:\/\/adcotrading.eu\/app\/uploads\/2025\/10\/Responsible-Chemical-Management-300x189.avif 300w, https:\/\/adcotrading.eu\/app\/uploads\/2025\/10\/Responsible-Chemical-Management-768x484.avif 768w\" sizes=\"auto, (max-width: 956px) 100vw, 956px\" \/>                <figcaption>Responsible Chemical Management<\/figcaption>\n            <\/figure>\n        <\/a>\n            <a href=\"http:\/\/adcotrading.eu\/sustainability-first\/traceable\/\">\n            <figure><img loading=\"lazy\" decoding=\"async\" width=\"2560\" height=\"1707\" src=\"https:\/\/adcotrading.eu\/app\/uploads\/2025\/12\/PET-bild.webp\" class=\"attachment-full size-full not-transparent\" alt=\"\" srcset=\"https:\/\/adcotrading.eu\/app\/uploads\/2025\/12\/PET-bild.webp 2560w, https:\/\/adcotrading.eu\/app\/uploads\/2025\/12\/PET-bild-300x200.webp 300w, https:\/\/adcotrading.eu\/app\/uploads\/2025\/12\/PET-bild-1024x683.webp 1024w, https:\/\/adcotrading.eu\/app\/uploads\/2025\/12\/PET-bild-768x512.webp 768w, https:\/\/adcotrading.eu\/app\/uploads\/2025\/12\/PET-bild-1536x1024.webp 1536w, https:\/\/adcotrading.eu\/app\/uploads\/2025\/12\/PET-bild-2048x1366.webp 2048w\" sizes=\"auto, (max-width: 2560px) 100vw, 2560px\" data-has-transparency=\"false\" data-dominant-color=\"8ddae6\" style=\"--dominant-color: #8ddae6;\" \/>                <figcaption>Supply Chain Traceability<\/figcaption>\n            <\/figure>\n        <\/a>\n        <\/div>\n\n<\/div><\/div>\n","protected":false},"excerpt":{"rendered":"","protected":false},"author":2,"featured_media":0,"parent":1129,"menu_order":0,"comment_status":"closed","ping_status":"closed","template":"","meta":{"_acf_changed":false,"footnotes":""},"class_list":["post-1111","page","type-page","status-publish","hentry"],"acf":[],"yoast_head":"<!-- This site is optimized with the Yoast SEO plugin v27.4 - https:\/\/yoast.com\/product\/yoast-seo-wordpress\/ -->\n<title>Trazabilidad de la cadena de suministro - AD CO. trading<\/title>\n<meta name=\"description\" content=\"Transparencia en todos los niveles Trabajar con materiales reciclados conlleva tanto oportunidades como responsabilidades. Cada paso, desde la recolecci\u00f3n\" \/>\n<meta name=\"robots\" content=\"index, follow, max-snippet:-1, max-image-preview:large, max-video-preview:-1\" \/>\n<link rel=\"canonical\" href=\"https:\/\/adcotrading.eu\/es\/la-sostenibilidad-ante-todo\/trazabilidad-de-la-cadena-de-suministro\/\" \/>\n<meta property=\"og:locale\" content=\"es_ES\" \/>\n<meta property=\"og:type\" content=\"article\" \/>\n<meta property=\"og:title\" content=\"Trazabilidad de la cadena de suministro - AD CO. trading\" \/>\n<meta property=\"og:description\" content=\"Transparencia en todos los niveles Trabajar con materiales reciclados conlleva tanto oportunidades como responsabilidades. Cada paso, desde la recolecci\u00f3n\" \/>\n<meta property=\"og:url\" content=\"https:\/\/adcotrading.eu\/es\/la-sostenibilidad-ante-todo\/trazabilidad-de-la-cadena-de-suministro\/\" \/>\n<meta property=\"og:site_name\" content=\"AD CO. trading\" \/>\n<meta property=\"article:modified_time\" content=\"2026-04-17T14:23:34+00:00\" \/>\n<meta property=\"og:image\" content=\"https:\/\/adcotrading.eu\/app\/uploads\/2025\/11\/DSC8459-2.webp\" \/>\n\t<meta property=\"og:image:width\" content=\"2560\" \/>\n\t<meta property=\"og:image:height\" content=\"1707\" \/>\n\t<meta property=\"og:image:type\" content=\"image\/jpeg\" \/>\n<meta name=\"twitter:card\" content=\"summary_large_image\" \/>\n<meta name=\"twitter:label1\" content=\"Est. reading time\" \/>\n\t<meta name=\"twitter:data1\" content=\"2 minutes\" \/>\n<script type=\"application\/ld+json\" class=\"yoast-schema-graph\">{\"@context\":\"https:\\\/\\\/schema.org\",\"@graph\":[{\"@type\":\"WebPage\",\"@id\":\"https:\\\/\\\/adcotrading.eu\\\/es\\\/la-sostenibilidad-ante-todo\\\/trazabilidad-de-la-cadena-de-suministro\\\/\",\"url\":\"https:\\\/\\\/adcotrading.eu\\\/es\\\/la-sostenibilidad-ante-todo\\\/trazabilidad-de-la-cadena-de-suministro\\\/\",\"name\":\"Trazabilidad de la cadena de suministro - AD CO. trading\",\"isPartOf\":{\"@id\":\"https:\\\/\\\/adcotrading.eu\\\/es\\\/#website\"},\"primaryImageOfPage\":{\"@id\":\"https:\\\/\\\/adcotrading.eu\\\/es\\\/la-sostenibilidad-ante-todo\\\/trazabilidad-de-la-cadena-de-suministro\\\/#primaryimage\"},\"image\":{\"@id\":\"https:\\\/\\\/adcotrading.eu\\\/es\\\/la-sostenibilidad-ante-todo\\\/trazabilidad-de-la-cadena-de-suministro\\\/#primaryimage\"},\"thumbnailUrl\":\"http:\\\/\\\/adcotrading.eu\\\/app\\\/uploads\\\/2025\\\/11\\\/DSC8459-2.webp\",\"datePublished\":\"2025-11-05T12:56:47+00:00\",\"dateModified\":\"2026-04-17T14:23:34+00:00\",\"description\":\"Transparencia en todos los niveles Trabajar con materiales reciclados conlleva tanto oportunidades como responsabilidades. Cada paso, desde la recolecci\u00f3n\",\"breadcrumb\":{\"@id\":\"https:\\\/\\\/adcotrading.eu\\\/es\\\/la-sostenibilidad-ante-todo\\\/trazabilidad-de-la-cadena-de-suministro\\\/#breadcrumb\"},\"inLanguage\":\"es-ES\",\"potentialAction\":[{\"@type\":\"ReadAction\",\"target\":[\"https:\\\/\\\/adcotrading.eu\\\/es\\\/la-sostenibilidad-ante-todo\\\/trazabilidad-de-la-cadena-de-suministro\\\/\"]}]},{\"@type\":\"ImageObject\",\"inLanguage\":\"es-ES\",\"@id\":\"https:\\\/\\\/adcotrading.eu\\\/es\\\/la-sostenibilidad-ante-todo\\\/trazabilidad-de-la-cadena-de-suministro\\\/#primaryimage\",\"url\":\"http:\\\/\\\/adcotrading.eu\\\/app\\\/uploads\\\/2025\\\/11\\\/DSC8459-2.webp\",\"contentUrl\":\"http:\\\/\\\/adcotrading.eu\\\/app\\\/uploads\\\/2025\\\/11\\\/DSC8459-2.webp\"},{\"@type\":\"BreadcrumbList\",\"@id\":\"https:\\\/\\\/adcotrading.eu\\\/es\\\/la-sostenibilidad-ante-todo\\\/trazabilidad-de-la-cadena-de-suministro\\\/#breadcrumb\",\"itemListElement\":[{\"@type\":\"ListItem\",\"position\":1,\"name\":\"Home\",\"item\":\"https:\\\/\\\/adcotrading.eu\\\/es\\\/\"},{\"@type\":\"ListItem\",\"position\":2,\"name\":\"La sostenibilidad ante todo\",\"item\":\"https:\\\/\\\/adcotrading.eu\\\/es\\\/la-sostenibilidad-ante-todo\\\/\"},{\"@type\":\"ListItem\",\"position\":3,\"name\":\"Trazabilidad de la cadena de suministro\"}]},{\"@type\":\"WebSite\",\"@id\":\"https:\\\/\\\/adcotrading.eu\\\/es\\\/#website\",\"url\":\"https:\\\/\\\/adcotrading.eu\\\/es\\\/\",\"name\":\"AD CO. trading\",\"description\":\"\",\"potentialAction\":[{\"@type\":\"SearchAction\",\"target\":{\"@type\":\"EntryPoint\",\"urlTemplate\":\"https:\\\/\\\/adcotrading.eu\\\/es\\\/?s={search_term_string}\"},\"query-input\":{\"@type\":\"PropertyValueSpecification\",\"valueRequired\":true,\"valueName\":\"search_term_string\"}}],\"inLanguage\":\"es-ES\"}]}<\/script>\n<!-- \/ Yoast SEO plugin. -->","yoast_head_json":{"title":"Trazabilidad de la cadena de suministro - AD CO. trading","description":"Transparencia en todos los niveles Trabajar con materiales reciclados conlleva tanto oportunidades como responsabilidades. Cada paso, desde la recolecci\u00f3n","robots":{"index":"index","follow":"follow","max-snippet":"max-snippet:-1","max-image-preview":"max-image-preview:large","max-video-preview":"max-video-preview:-1"},"canonical":"https:\/\/adcotrading.eu\/es\/la-sostenibilidad-ante-todo\/trazabilidad-de-la-cadena-de-suministro\/","og_locale":"es_ES","og_type":"article","og_title":"Trazabilidad de la cadena de suministro - AD CO. trading","og_description":"Transparencia en todos los niveles Trabajar con materiales reciclados conlleva tanto oportunidades como responsabilidades. Cada paso, desde la recolecci\u00f3n","og_url":"https:\/\/adcotrading.eu\/es\/la-sostenibilidad-ante-todo\/trazabilidad-de-la-cadena-de-suministro\/","og_site_name":"AD CO. trading","article_modified_time":"2026-04-17T14:23:34+00:00","og_image":[{"width":2560,"height":1707,"url":"https:\/\/adcotrading.eu\/app\/uploads\/2025\/11\/DSC8459-2.webp","type":"image\/jpeg"}],"twitter_card":"summary_large_image","twitter_misc":{"Est. reading time":"2 minutes"},"schema":{"@context":"https:\/\/schema.org","@graph":[{"@type":"WebPage","@id":"https:\/\/adcotrading.eu\/es\/la-sostenibilidad-ante-todo\/trazabilidad-de-la-cadena-de-suministro\/","url":"https:\/\/adcotrading.eu\/es\/la-sostenibilidad-ante-todo\/trazabilidad-de-la-cadena-de-suministro\/","name":"Trazabilidad de la cadena de suministro - AD CO. trading","isPartOf":{"@id":"https:\/\/adcotrading.eu\/es\/#website"},"primaryImageOfPage":{"@id":"https:\/\/adcotrading.eu\/es\/la-sostenibilidad-ante-todo\/trazabilidad-de-la-cadena-de-suministro\/#primaryimage"},"image":{"@id":"https:\/\/adcotrading.eu\/es\/la-sostenibilidad-ante-todo\/trazabilidad-de-la-cadena-de-suministro\/#primaryimage"},"thumbnailUrl":"http:\/\/adcotrading.eu\/app\/uploads\/2025\/11\/DSC8459-2.webp","datePublished":"2025-11-05T12:56:47+00:00","dateModified":"2026-04-17T14:23:34+00:00","description":"Transparencia en todos los niveles Trabajar con materiales reciclados conlleva tanto oportunidades como responsabilidades. Cada paso, desde la recolecci\u00f3n","breadcrumb":{"@id":"https:\/\/adcotrading.eu\/es\/la-sostenibilidad-ante-todo\/trazabilidad-de-la-cadena-de-suministro\/#breadcrumb"},"inLanguage":"es-ES","potentialAction":[{"@type":"ReadAction","target":["https:\/\/adcotrading.eu\/es\/la-sostenibilidad-ante-todo\/trazabilidad-de-la-cadena-de-suministro\/"]}]},{"@type":"ImageObject","inLanguage":"es-ES","@id":"https:\/\/adcotrading.eu\/es\/la-sostenibilidad-ante-todo\/trazabilidad-de-la-cadena-de-suministro\/#primaryimage","url":"http:\/\/adcotrading.eu\/app\/uploads\/2025\/11\/DSC8459-2.webp","contentUrl":"http:\/\/adcotrading.eu\/app\/uploads\/2025\/11\/DSC8459-2.webp"},{"@type":"BreadcrumbList","@id":"https:\/\/adcotrading.eu\/es\/la-sostenibilidad-ante-todo\/trazabilidad-de-la-cadena-de-suministro\/#breadcrumb","itemListElement":[{"@type":"ListItem","position":1,"name":"Home","item":"https:\/\/adcotrading.eu\/es\/"},{"@type":"ListItem","position":2,"name":"La sostenibilidad ante todo","item":"https:\/\/adcotrading.eu\/es\/la-sostenibilidad-ante-todo\/"},{"@type":"ListItem","position":3,"name":"Trazabilidad de la cadena de suministro"}]},{"@type":"WebSite","@id":"https:\/\/adcotrading.eu\/es\/#website","url":"https:\/\/adcotrading.eu\/es\/","name":"AD CO. trading","description":"","potentialAction":[{"@type":"SearchAction","target":{"@type":"EntryPoint","urlTemplate":"https:\/\/adcotrading.eu\/es\/?s={search_term_string}"},"query-input":{"@type":"PropertyValueSpecification","valueRequired":true,"valueName":"search_term_string"}}],"inLanguage":"es-ES"}]}},"_links":{"self":[{"href":"https:\/\/adcotrading.eu\/es\/wp-json\/wp\/v2\/pages\/1111","targetHints":{"allow":["GET"]}}],"collection":[{"href":"https:\/\/adcotrading.eu\/es\/wp-json\/wp\/v2\/pages"}],"about":[{"href":"https:\/\/adcotrading.eu\/es\/wp-json\/wp\/v2\/types\/page"}],"author":[{"embeddable":true,"href":"https:\/\/adcotrading.eu\/es\/wp-json\/wp\/v2\/users\/2"}],"replies":[{"embeddable":true,"href":"https:\/\/adcotrading.eu\/es\/wp-json\/wp\/v2\/comments?post=1111"}],"version-history":[{"count":10,"href":"https:\/\/adcotrading.eu\/es\/wp-json\/wp\/v2\/pages\/1111\/revisions"}],"predecessor-version":[{"id":1697,"href":"https:\/\/adcotrading.eu\/es\/wp-json\/wp\/v2\/pages\/1111\/revisions\/1697"}],"up":[{"embeddable":true,"href":"https:\/\/adcotrading.eu\/es\/wp-json\/wp\/v2\/pages\/1129"}],"wp:attachment":[{"href":"https:\/\/adcotrading.eu\/es\/wp-json\/wp\/v2\/media?parent=1111"}],"curies":[{"name":"wp","href":"https:\/\/api.w.org\/{rel}","templated":true}]}}