{"id":1115,"date":"2025-11-05T12:55:40","date_gmt":"2025-11-05T12:55:40","guid":{"rendered":"https:\/\/adcotrading.eu\/gestion-responsable-de-los-productos-quimicos\/"},"modified":"2026-04-15T13:04:54","modified_gmt":"2026-04-15T13:04:54","slug":"gestion-responsable-de-los-productos-quimicos","status":"publish","type":"page","link":"https:\/\/adcotrading.eu\/es\/la-sostenibilidad-ante-todo\/gestion-responsable-de-los-productos-quimicos\/","title":{"rendered":"Gesti\u00f3n responsable de los productos qu\u00edmicos"},"content":{"rendered":"\n<div class=\"wp-block-cover alignfull is-light has-custom-content-position is-position-center-left adco-cover-block\" style=\"margin-top:0;margin-bottom:0;min-height:70vh;aspect-ratio:unset;\"><img data-dominant-color=\"889cad\" data-has-transparency=\"false\" style=\"--dominant-color: #889cad;\" loading=\"lazy\" decoding=\"async\" width=\"1024\" height=\"683\" sizes=\"auto, (max-width: 1024px) 100vw, 1024px\" class=\"wp-block-cover__image-background wp-image-750 size-large not-transparent\" alt=\"\" src=\"http:\/\/adcotrading.eu\/app\/uploads\/2025\/11\/ADCO_iceberg-1-1024x683.webp\" data-object-fit=\"cover\" srcset=\"https:\/\/adcotrading.eu\/app\/uploads\/2025\/11\/ADCO_iceberg-1-1024x683.webp 1024w, https:\/\/adcotrading.eu\/app\/uploads\/2025\/11\/ADCO_iceberg-1-300x200.webp 300w, https:\/\/adcotrading.eu\/app\/uploads\/2025\/11\/ADCO_iceberg-1-768x512.webp 768w, https:\/\/adcotrading.eu\/app\/uploads\/2025\/11\/ADCO_iceberg-1-1536x1024.webp 1536w, https:\/\/adcotrading.eu\/app\/uploads\/2025\/11\/ADCO_iceberg-1-2048x1366.webp 2048w\" \/><span aria-hidden=\"true\" class=\"wp-block-cover__background has-black-background-color has-background-dim-0 has-background-dim\"><\/span><div class=\"wp-block-cover__inner-container is-layout-constrained wp-block-cover-is-layout-constrained\">\n<h5 class=\"wp-block-heading has-text-align-left has-white-color has-text-color has-link-color wp-elements-47042087c051011d208b46e947cc4d3a\"><strong>Gesti\u00f3n responsable de los productos qu\u00edmicos<\/strong><\/h5>\n\n\n\n<h1 class=\"wp-block-heading has-text-align-left has-ember-color has-text-color has-link-color wp-elements-8704830e1cf89b727892042e2114f709\">Cumplimiento del Reglamento REACH<\/h1>\n<\/div><\/div>\n<div class=\"yoast-breadcrumbs\"><span><span><a href=\"https:\/\/adcotrading.eu\/es\/\">Home<\/a><\/span> \u00bb <span><a href=\"https:\/\/adcotrading.eu\/es\/la-sostenibilidad-ante-todo\/\">La sostenibilidad ante todo<\/a><\/span> \u00bb <span class=\"breadcrumb_last\" aria-current=\"page\">Gesti\u00f3n responsable de los productos qu\u00edmicos<\/span><\/span><\/div>\n<div class=\"wp-block-media-text alignwide is-stacked-on-mobile is-vertically-aligned-top\" style=\"margin-top:var(--wp--preset--spacing--80);margin-bottom:var(--wp--preset--spacing--80);grid-template-columns:45% auto\"><figure class=\"wp-block-media-text__media\"><img data-dominant-color=\"889cad\" data-has-transparency=\"false\" style=\"--dominant-color: #889cad;\" loading=\"lazy\" decoding=\"async\" width=\"1024\" height=\"683\" src=\"http:\/\/adcotrading.eu\/app\/uploads\/2025\/11\/ADCO_iceberg-1-1024x683.webp\" alt=\"\" class=\"wp-image-750 size-full not-transparent\" srcset=\"https:\/\/adcotrading.eu\/app\/uploads\/2025\/11\/ADCO_iceberg-1-1024x683.webp 1024w, https:\/\/adcotrading.eu\/app\/uploads\/2025\/11\/ADCO_iceberg-1-300x200.webp 300w, https:\/\/adcotrading.eu\/app\/uploads\/2025\/11\/ADCO_iceberg-1-768x512.webp 768w, https:\/\/adcotrading.eu\/app\/uploads\/2025\/11\/ADCO_iceberg-1-1536x1024.webp 1536w, https:\/\/adcotrading.eu\/app\/uploads\/2025\/11\/ADCO_iceberg-1-2048x1366.webp 2048w\" sizes=\"auto, (max-width: 1024px) 100vw, 1024px\" \/><\/figure><div class=\"wp-block-media-text__content\">\n<h5 class=\"wp-block-heading\">Compromiso constante con la seguridad qu\u00edmica<\/h5>\n\n\n\n<p>Trabajamos continuamente en la gesti\u00f3n de sustancias qu\u00edmicas en el marco del Reglamento REACH de la UE, que incluye normas sobre el registro, las restricciones y las prohibiciones de sustancias en todos los productos importados. Todos nuestros proveedores han firmado nuestra pol\u00edtica sobre sustancias qu\u00edmicas, basada en la legislaci\u00f3n de la UE: una base s\u00f3lida, pero que por s\u00ed sola no basta.<\/p>\n\n\n\n<h5 class=\"wp-block-heading\"><strong>Pruebas y supervisi\u00f3n proactivas<\/strong><\/h5>\n\n\n\n<p>Vamos m\u00e1s all\u00e1 del mero cumplimiento normativo complement\u00e1ndolo con nuestras propias pruebas de laboratorio, garantizando que los productos no contengan las sustancias qu\u00edmicas contempladas en las directivas o se mantengan dentro de los l\u00edmites establecidos para estas. Este trabajo se lleva a cabo de forma constante conforme a un plan elaborado junto con nuestro asesor qu\u00edmico. Esto es fundamental, ya que tanto el reglamento como la lista de sustancias candidatas se actualizan peri\u00f3dicamente en funci\u00f3n de los nuevos hallazgos cient\u00edficos y las evaluaciones de riesgos. Adem\u00e1s de REACH, cumplimos con un amplio abanico de normativas internacionales y nacionales aplicables a nuestros productos.<\/p>\n\n\n\n<h5 class=\"wp-block-heading has-ember-color has-text-color has-link-color wp-elements-59a4ee22d01ca9ac1d2785b104d1baae\">PFAS<\/h5>\n\n\n\n<p>Un \u00e1rea clave de inter\u00e9s son los PFAS, conocidos como las \u00absustancias qu\u00edmicas eternas\u00bb. Mediante medidas preventivas y an\u00e1lisis peri\u00f3dicos, nos esforzamos por minimizar los riesgos y garantizar que nuestros productos no contengan estas sustancias persistentes y nocivas, incluso antes de que entren en vigor los nuevos requisitos legales.<\/p>\n\n\n\n<blockquote class=\"wp-block-quote has-ember-color has-text-color has-link-color has-small-font-size wp-elements-d2d18c30e2e3abcc1ef35c2058978579 is-layout-flow wp-block-quote-is-layout-flow\">\n<p class=\"has-large-font-size\">\u00abLa seguridad qu\u00edmica siempre est\u00e1 presente. La responsabilidad es un compromiso en todo momento\u00bb<\/p>\n<\/blockquote>\n<\/div><\/div>\n\n<div class=\"wp-block-group alignwide is-layout-constrained wp-block-group-is-layout-constrained\">\n<h3 class=\"wp-block-heading alignwide\">Our sustainability initiatives<\/h3>\n\n\n\n<div class=\"sustainable-entrances-block alignwide wp-block\" id=\"block_51f82868fe86dd3d6889facc398e523b\">\n\n    <div class=\"link-items\">\n            <a href=\"http:\/\/adcotrading.eu\/sustainability-first\/social-responsibility\/\">\n            <figure><img loading=\"lazy\" decoding=\"async\" width=\"955\" height=\"601\" src=\"https:\/\/adcotrading.eu\/app\/uploads\/2025\/10\/Our-Social-Responsibility.avif\" class=\"attachment-full size-full\" alt=\"\" srcset=\"https:\/\/adcotrading.eu\/app\/uploads\/2025\/10\/Our-Social-Responsibility.avif 955w, https:\/\/adcotrading.eu\/app\/uploads\/2025\/10\/Our-Social-Responsibility-300x189.avif 300w, https:\/\/adcotrading.eu\/app\/uploads\/2025\/10\/Our-Social-Responsibility-768x483.avif 768w\" sizes=\"auto, (max-width: 955px) 100vw, 955px\" \/>                <figcaption>Social Responsibility<\/figcaption>\n            <\/figure>\n        <\/a>\n            <a href=\"http:\/\/adcotrading.eu\/sustainability-first\/carbon-footprint\/\">\n            <figure><img loading=\"lazy\" decoding=\"async\" width=\"955\" height=\"600\" src=\"https:\/\/adcotrading.eu\/app\/uploads\/2025\/10\/Carbon-Footprint.avif\" class=\"attachment-full size-full\" alt=\"\" srcset=\"https:\/\/adcotrading.eu\/app\/uploads\/2025\/10\/Carbon-Footprint.avif 955w, https:\/\/adcotrading.eu\/app\/uploads\/2025\/10\/Carbon-Footprint-300x188.avif 300w, https:\/\/adcotrading.eu\/app\/uploads\/2025\/10\/Carbon-Footprint-768x483.avif 768w\" sizes=\"auto, (max-width: 955px) 100vw, 955px\" \/>                <figcaption>Carbon Footprint<\/figcaption>\n            <\/figure>\n        <\/a>\n            <a href=\"http:\/\/adcotrading.eu\/sustainability-first\/responsible-chemical-management\/\">\n            <figure><img loading=\"lazy\" decoding=\"async\" width=\"956\" height=\"602\" src=\"https:\/\/adcotrading.eu\/app\/uploads\/2025\/10\/Responsible-Chemical-Management.avif\" class=\"attachment-full size-full\" alt=\"\" srcset=\"https:\/\/adcotrading.eu\/app\/uploads\/2025\/10\/Responsible-Chemical-Management.avif 956w, https:\/\/adcotrading.eu\/app\/uploads\/2025\/10\/Responsible-Chemical-Management-300x189.avif 300w, https:\/\/adcotrading.eu\/app\/uploads\/2025\/10\/Responsible-Chemical-Management-768x484.avif 768w\" sizes=\"auto, (max-width: 956px) 100vw, 956px\" \/>                <figcaption>Responsible Chemical Management<\/figcaption>\n            <\/figure>\n        <\/a>\n            <a href=\"http:\/\/adcotrading.eu\/sustainability-first\/traceable\/\">\n            <figure><img loading=\"lazy\" decoding=\"async\" width=\"2560\" height=\"1707\" src=\"https:\/\/adcotrading.eu\/app\/uploads\/2025\/12\/PET-bild.webp\" class=\"attachment-full size-full not-transparent\" alt=\"\" srcset=\"https:\/\/adcotrading.eu\/app\/uploads\/2025\/12\/PET-bild.webp 2560w, https:\/\/adcotrading.eu\/app\/uploads\/2025\/12\/PET-bild-300x200.webp 300w, https:\/\/adcotrading.eu\/app\/uploads\/2025\/12\/PET-bild-1024x683.webp 1024w, https:\/\/adcotrading.eu\/app\/uploads\/2025\/12\/PET-bild-768x512.webp 768w, https:\/\/adcotrading.eu\/app\/uploads\/2025\/12\/PET-bild-1536x1024.webp 1536w, https:\/\/adcotrading.eu\/app\/uploads\/2025\/12\/PET-bild-2048x1366.webp 2048w\" sizes=\"auto, (max-width: 2560px) 100vw, 2560px\" data-has-transparency=\"false\" data-dominant-color=\"8ddae6\" style=\"--dominant-color: #8ddae6;\" \/>                <figcaption>Supply Chain Traceability<\/figcaption>\n            <\/figure>\n        <\/a>\n        <\/div>\n\n<\/div><\/div>\n","protected":false},"excerpt":{"rendered":"","protected":false},"author":2,"featured_media":0,"parent":1129,"menu_order":0,"comment_status":"closed","ping_status":"closed","template":"","meta":{"_acf_changed":false,"footnotes":""},"class_list":["post-1115","page","type-page","status-publish","hentry"],"acf":[],"yoast_head":"<!-- This site is optimized with the Yoast SEO plugin v27.4 - https:\/\/yoast.com\/product\/yoast-seo-wordpress\/ -->\n<title>Gesti\u00f3n responsable de los productos qu\u00edmicos - AD CO. trading<\/title>\n<meta name=\"description\" content=\"Gesti\u00f3n responsable de los productos qu\u00edmicos Cumplimiento del Reglamento REACH Compromiso constante con la seguridad qu\u00edmica Trabajamos continuamente en\" \/>\n<meta name=\"robots\" content=\"index, follow, max-snippet:-1, max-image-preview:large, max-video-preview:-1\" \/>\n<link rel=\"canonical\" href=\"https:\/\/adcotrading.eu\/es\/la-sostenibilidad-ante-todo\/gestion-responsable-de-los-productos-quimicos\/\" \/>\n<meta property=\"og:locale\" content=\"es_ES\" \/>\n<meta property=\"og:type\" content=\"article\" \/>\n<meta property=\"og:title\" content=\"Gesti\u00f3n responsable de los productos qu\u00edmicos - AD CO. trading\" \/>\n<meta property=\"og:description\" content=\"Gesti\u00f3n responsable de los productos qu\u00edmicos Cumplimiento del Reglamento REACH Compromiso constante con la seguridad qu\u00edmica Trabajamos continuamente en\" \/>\n<meta property=\"og:url\" content=\"https:\/\/adcotrading.eu\/es\/la-sostenibilidad-ante-todo\/gestion-responsable-de-los-productos-quimicos\/\" \/>\n<meta property=\"og:site_name\" content=\"AD CO. trading\" \/>\n<meta property=\"article:modified_time\" content=\"2026-04-15T13:04:54+00:00\" \/>\n<meta property=\"og:image\" content=\"https:\/\/adcotrading.eu\/app\/uploads\/2025\/11\/ADCO_iceberg-1.webp\" \/>\n\t<meta property=\"og:image:width\" content=\"2560\" \/>\n\t<meta property=\"og:image:height\" content=\"1707\" \/>\n\t<meta property=\"og:image:type\" content=\"image\/jpeg\" \/>\n<meta name=\"twitter:card\" content=\"summary_large_image\" \/>\n<meta name=\"twitter:label1\" content=\"Est. reading time\" \/>\n\t<meta name=\"twitter:data1\" content=\"1 minute\" \/>\n<script type=\"application\/ld+json\" class=\"yoast-schema-graph\">{\"@context\":\"https:\\\/\\\/schema.org\",\"@graph\":[{\"@type\":\"WebPage\",\"@id\":\"https:\\\/\\\/adcotrading.eu\\\/es\\\/la-sostenibilidad-ante-todo\\\/gestion-responsable-de-los-productos-quimicos\\\/\",\"url\":\"https:\\\/\\\/adcotrading.eu\\\/es\\\/la-sostenibilidad-ante-todo\\\/gestion-responsable-de-los-productos-quimicos\\\/\",\"name\":\"Gesti\u00f3n responsable de los productos qu\u00edmicos - AD CO. trading\",\"isPartOf\":{\"@id\":\"https:\\\/\\\/adcotrading.eu\\\/es\\\/#website\"},\"primaryImageOfPage\":{\"@id\":\"https:\\\/\\\/adcotrading.eu\\\/es\\\/la-sostenibilidad-ante-todo\\\/gestion-responsable-de-los-productos-quimicos\\\/#primaryimage\"},\"image\":{\"@id\":\"https:\\\/\\\/adcotrading.eu\\\/es\\\/la-sostenibilidad-ante-todo\\\/gestion-responsable-de-los-productos-quimicos\\\/#primaryimage\"},\"thumbnailUrl\":\"http:\\\/\\\/adcotrading.eu\\\/app\\\/uploads\\\/2025\\\/11\\\/ADCO_iceberg-1-1024x683.webp\",\"datePublished\":\"2025-11-05T12:55:40+00:00\",\"dateModified\":\"2026-04-15T13:04:54+00:00\",\"description\":\"Gesti\u00f3n responsable de los productos qu\u00edmicos Cumplimiento del Reglamento REACH Compromiso constante con la seguridad qu\u00edmica Trabajamos continuamente en\",\"breadcrumb\":{\"@id\":\"https:\\\/\\\/adcotrading.eu\\\/es\\\/la-sostenibilidad-ante-todo\\\/gestion-responsable-de-los-productos-quimicos\\\/#breadcrumb\"},\"inLanguage\":\"es-ES\",\"potentialAction\":[{\"@type\":\"ReadAction\",\"target\":[\"https:\\\/\\\/adcotrading.eu\\\/es\\\/la-sostenibilidad-ante-todo\\\/gestion-responsable-de-los-productos-quimicos\\\/\"]}]},{\"@type\":\"ImageObject\",\"inLanguage\":\"es-ES\",\"@id\":\"https:\\\/\\\/adcotrading.eu\\\/es\\\/la-sostenibilidad-ante-todo\\\/gestion-responsable-de-los-productos-quimicos\\\/#primaryimage\",\"url\":\"http:\\\/\\\/adcotrading.eu\\\/app\\\/uploads\\\/2025\\\/11\\\/ADCO_iceberg-1-1024x683.webp\",\"contentUrl\":\"http:\\\/\\\/adcotrading.eu\\\/app\\\/uploads\\\/2025\\\/11\\\/ADCO_iceberg-1-1024x683.webp\"},{\"@type\":\"BreadcrumbList\",\"@id\":\"https:\\\/\\\/adcotrading.eu\\\/es\\\/la-sostenibilidad-ante-todo\\\/gestion-responsable-de-los-productos-quimicos\\\/#breadcrumb\",\"itemListElement\":[{\"@type\":\"ListItem\",\"position\":1,\"name\":\"Home\",\"item\":\"https:\\\/\\\/adcotrading.eu\\\/es\\\/\"},{\"@type\":\"ListItem\",\"position\":2,\"name\":\"La sostenibilidad ante todo\",\"item\":\"https:\\\/\\\/adcotrading.eu\\\/es\\\/la-sostenibilidad-ante-todo\\\/\"},{\"@type\":\"ListItem\",\"position\":3,\"name\":\"Gesti\u00f3n responsable de los productos qu\u00edmicos\"}]},{\"@type\":\"WebSite\",\"@id\":\"https:\\\/\\\/adcotrading.eu\\\/es\\\/#website\",\"url\":\"https:\\\/\\\/adcotrading.eu\\\/es\\\/\",\"name\":\"AD CO. trading\",\"description\":\"\",\"potentialAction\":[{\"@type\":\"SearchAction\",\"target\":{\"@type\":\"EntryPoint\",\"urlTemplate\":\"https:\\\/\\\/adcotrading.eu\\\/es\\\/?s={search_term_string}\"},\"query-input\":{\"@type\":\"PropertyValueSpecification\",\"valueRequired\":true,\"valueName\":\"search_term_string\"}}],\"inLanguage\":\"es-ES\"}]}<\/script>\n<!-- \/ Yoast SEO plugin. -->","yoast_head_json":{"title":"Gesti\u00f3n responsable de los productos qu\u00edmicos - AD CO. trading","description":"Gesti\u00f3n responsable de los productos qu\u00edmicos Cumplimiento del Reglamento REACH Compromiso constante con la seguridad qu\u00edmica Trabajamos continuamente en","robots":{"index":"index","follow":"follow","max-snippet":"max-snippet:-1","max-image-preview":"max-image-preview:large","max-video-preview":"max-video-preview:-1"},"canonical":"https:\/\/adcotrading.eu\/es\/la-sostenibilidad-ante-todo\/gestion-responsable-de-los-productos-quimicos\/","og_locale":"es_ES","og_type":"article","og_title":"Gesti\u00f3n responsable de los productos qu\u00edmicos - AD CO. trading","og_description":"Gesti\u00f3n responsable de los productos qu\u00edmicos Cumplimiento del Reglamento REACH Compromiso constante con la seguridad qu\u00edmica Trabajamos continuamente en","og_url":"https:\/\/adcotrading.eu\/es\/la-sostenibilidad-ante-todo\/gestion-responsable-de-los-productos-quimicos\/","og_site_name":"AD CO. trading","article_modified_time":"2026-04-15T13:04:54+00:00","og_image":[{"width":2560,"height":1707,"url":"https:\/\/adcotrading.eu\/app\/uploads\/2025\/11\/ADCO_iceberg-1.webp","type":"image\/jpeg"}],"twitter_card":"summary_large_image","twitter_misc":{"Est. reading time":"1 minute"},"schema":{"@context":"https:\/\/schema.org","@graph":[{"@type":"WebPage","@id":"https:\/\/adcotrading.eu\/es\/la-sostenibilidad-ante-todo\/gestion-responsable-de-los-productos-quimicos\/","url":"https:\/\/adcotrading.eu\/es\/la-sostenibilidad-ante-todo\/gestion-responsable-de-los-productos-quimicos\/","name":"Gesti\u00f3n responsable de los productos qu\u00edmicos - AD CO. trading","isPartOf":{"@id":"https:\/\/adcotrading.eu\/es\/#website"},"primaryImageOfPage":{"@id":"https:\/\/adcotrading.eu\/es\/la-sostenibilidad-ante-todo\/gestion-responsable-de-los-productos-quimicos\/#primaryimage"},"image":{"@id":"https:\/\/adcotrading.eu\/es\/la-sostenibilidad-ante-todo\/gestion-responsable-de-los-productos-quimicos\/#primaryimage"},"thumbnailUrl":"http:\/\/adcotrading.eu\/app\/uploads\/2025\/11\/ADCO_iceberg-1-1024x683.webp","datePublished":"2025-11-05T12:55:40+00:00","dateModified":"2026-04-15T13:04:54+00:00","description":"Gesti\u00f3n responsable de los productos qu\u00edmicos Cumplimiento del Reglamento REACH Compromiso constante con la seguridad qu\u00edmica Trabajamos continuamente en","breadcrumb":{"@id":"https:\/\/adcotrading.eu\/es\/la-sostenibilidad-ante-todo\/gestion-responsable-de-los-productos-quimicos\/#breadcrumb"},"inLanguage":"es-ES","potentialAction":[{"@type":"ReadAction","target":["https:\/\/adcotrading.eu\/es\/la-sostenibilidad-ante-todo\/gestion-responsable-de-los-productos-quimicos\/"]}]},{"@type":"ImageObject","inLanguage":"es-ES","@id":"https:\/\/adcotrading.eu\/es\/la-sostenibilidad-ante-todo\/gestion-responsable-de-los-productos-quimicos\/#primaryimage","url":"http:\/\/adcotrading.eu\/app\/uploads\/2025\/11\/ADCO_iceberg-1-1024x683.webp","contentUrl":"http:\/\/adcotrading.eu\/app\/uploads\/2025\/11\/ADCO_iceberg-1-1024x683.webp"},{"@type":"BreadcrumbList","@id":"https:\/\/adcotrading.eu\/es\/la-sostenibilidad-ante-todo\/gestion-responsable-de-los-productos-quimicos\/#breadcrumb","itemListElement":[{"@type":"ListItem","position":1,"name":"Home","item":"https:\/\/adcotrading.eu\/es\/"},{"@type":"ListItem","position":2,"name":"La sostenibilidad ante todo","item":"https:\/\/adcotrading.eu\/es\/la-sostenibilidad-ante-todo\/"},{"@type":"ListItem","position":3,"name":"Gesti\u00f3n responsable de los productos qu\u00edmicos"}]},{"@type":"WebSite","@id":"https:\/\/adcotrading.eu\/es\/#website","url":"https:\/\/adcotrading.eu\/es\/","name":"AD CO. trading","description":"","potentialAction":[{"@type":"SearchAction","target":{"@type":"EntryPoint","urlTemplate":"https:\/\/adcotrading.eu\/es\/?s={search_term_string}"},"query-input":{"@type":"PropertyValueSpecification","valueRequired":true,"valueName":"search_term_string"}}],"inLanguage":"es-ES"}]}},"_links":{"self":[{"href":"https:\/\/adcotrading.eu\/es\/wp-json\/wp\/v2\/pages\/1115","targetHints":{"allow":["GET"]}}],"collection":[{"href":"https:\/\/adcotrading.eu\/es\/wp-json\/wp\/v2\/pages"}],"about":[{"href":"https:\/\/adcotrading.eu\/es\/wp-json\/wp\/v2\/types\/page"}],"author":[{"embeddable":true,"href":"https:\/\/adcotrading.eu\/es\/wp-json\/wp\/v2\/users\/2"}],"replies":[{"embeddable":true,"href":"https:\/\/adcotrading.eu\/es\/wp-json\/wp\/v2\/comments?post=1115"}],"version-history":[{"count":9,"href":"https:\/\/adcotrading.eu\/es\/wp-json\/wp\/v2\/pages\/1115\/revisions"}],"predecessor-version":[{"id":1550,"href":"https:\/\/adcotrading.eu\/es\/wp-json\/wp\/v2\/pages\/1115\/revisions\/1550"}],"up":[{"embeddable":true,"href":"https:\/\/adcotrading.eu\/es\/wp-json\/wp\/v2\/pages\/1129"}],"wp:attachment":[{"href":"https:\/\/adcotrading.eu\/es\/wp-json\/wp\/v2\/media?parent=1115"}],"curies":[{"name":"wp","href":"https:\/\/api.w.org\/{rel}","templated":true}]}}