{"id":1117,"date":"2025-11-05T12:54:57","date_gmt":"2025-11-05T12:54:57","guid":{"rendered":"https:\/\/adcotrading.eu\/huella-de-carbono\/"},"modified":"2026-04-15T13:04:55","modified_gmt":"2026-04-15T13:04:55","slug":"huella-de-carbono","status":"publish","type":"page","link":"https:\/\/adcotrading.eu\/es\/la-sostenibilidad-ante-todo\/huella-de-carbono\/","title":{"rendered":"Huella de carbono"},"content":{"rendered":"\n<div class=\"wp-block-cover alignfull is-light has-custom-content-position is-position-center-left adco-cover-block\" style=\"margin-top:0;margin-bottom:0;min-height:70vh;aspect-ratio:unset;\"><img data-dominant-color=\"82867f\" data-has-transparency=\"false\" style=\"--dominant-color: #82867f;\" loading=\"lazy\" decoding=\"async\" width=\"1024\" height=\"768\" sizes=\"auto, (max-width: 1024px) 100vw, 1024px\" class=\"wp-block-cover__image-background wp-image-743 size-large not-transparent\" alt=\"\" src=\"http:\/\/adcotrading.eu\/app\/uploads\/2025\/11\/ADCO-forest-1-1024x768.webp\" data-object-fit=\"cover\" srcset=\"https:\/\/adcotrading.eu\/app\/uploads\/2025\/11\/ADCO-forest-1-1024x768.webp 1024w, https:\/\/adcotrading.eu\/app\/uploads\/2025\/11\/ADCO-forest-1-300x225.webp 300w, https:\/\/adcotrading.eu\/app\/uploads\/2025\/11\/ADCO-forest-1-768x576.webp 768w, https:\/\/adcotrading.eu\/app\/uploads\/2025\/11\/ADCO-forest-1-1536x1152.webp 1536w, https:\/\/adcotrading.eu\/app\/uploads\/2025\/11\/ADCO-forest-1-2048x1536.webp 2048w\" \/><span aria-hidden=\"true\" class=\"wp-block-cover__background has-black-background-color has-background-dim-0 has-background-dim\"><\/span><div class=\"wp-block-cover__inner-container is-layout-constrained wp-block-cover-is-layout-constrained\">\n<h1 class=\"wp-block-heading has-text-align-left has-white-color has-text-color has-link-color wp-elements-0e2efe9599e413e17b36c6dadf1c53bc\">M\u00e1s all\u00e1 de<br\/>la bolsa:<br\/>menor huella,<br\/>mayor impacto<\/h1>\n<\/div><\/div>\n<div class=\"yoast-breadcrumbs\"><span><span><a href=\"https:\/\/adcotrading.eu\/es\/\">Home<\/a><\/span> \u00bb <span><a href=\"https:\/\/adcotrading.eu\/es\/la-sostenibilidad-ante-todo\/\">La sostenibilidad ante todo<\/a><\/span> \u00bb <span class=\"breadcrumb_last\" aria-current=\"page\">Huella de carbono<\/span><\/span><\/div>\n<div class=\"wp-block-media-text alignwide is-stacked-on-mobile is-vertically-aligned-top\" style=\"margin-top:var(--wp--preset--spacing--80);margin-bottom:var(--wp--preset--spacing--80);grid-template-columns:45% auto\"><figure class=\"wp-block-media-text__media\"><img data-dominant-color=\"82867f\" data-has-transparency=\"false\" style=\"--dominant-color: #82867f;\" loading=\"lazy\" decoding=\"async\" width=\"1024\" height=\"768\" src=\"http:\/\/adcotrading.eu\/app\/uploads\/2025\/11\/ADCO-forest-1-1024x768.webp\" alt=\"\" class=\"wp-image-743 size-full not-transparent\" srcset=\"https:\/\/adcotrading.eu\/app\/uploads\/2025\/11\/ADCO-forest-1-1024x768.webp 1024w, https:\/\/adcotrading.eu\/app\/uploads\/2025\/11\/ADCO-forest-1-300x225.webp 300w, https:\/\/adcotrading.eu\/app\/uploads\/2025\/11\/ADCO-forest-1-768x576.webp 768w, https:\/\/adcotrading.eu\/app\/uploads\/2025\/11\/ADCO-forest-1-1536x1152.webp 1536w, https:\/\/adcotrading.eu\/app\/uploads\/2025\/11\/ADCO-forest-1-2048x1536.webp 2048w\" sizes=\"auto, (max-width: 1024px) 100vw, 1024px\" \/><\/figure><div class=\"wp-block-media-text__content\">\n<h5 class=\"wp-block-heading\">REDUCCI\u00d3N DEL IMPACTO CLIM\u00c1TICO PARA UN FUTURO SOSTENIBLE<\/h5>\n\n\n\n<p>Para entender el impacto del cambio clim\u00e1tico se requiere conocimiento. Por eso calculamos la huella de carbono de nuestros productos utilizando el est\u00e1ndar de producto del Protocolo de Gases de Efecto Invernadero (GHG), reconocido internacionalmente. Este m\u00e9todo va m\u00e1s all\u00e1 del CO\u2082 e incluye todos los gases de efecto invernadero relevantes, lo que ofrece una visi\u00f3n clara y comparable de las emisiones a lo largo de toda la cadena de valor.<\/p>\n\n\n\n<p>El Protocolo GHG se basa en tres \u00e1mbitos:<\/p>\n\n\n\n<p><strong>\u00c1MBITO 1:<\/strong> emisiones directas derivadas de las operaciones (por ejemplo, combustible de los veh\u00edculos).<\/p>\n\n\n\n<p><strong>\u00c1MBITO 2:<\/strong> emisiones indirectas derivadas de la energ\u00eda adquirida (por ejemplo, electricidad).<\/p>\n\n\n\n<p><strong>\u00c1MBITO 3:<\/strong> emisiones indirectas derivadas de actividades que escapan a nuestro control directo, como el transporte, los materiales y los procesos de los proveedores.<\/p>\n\n\n\n<p>La aplicaci\u00f3n de este marco nos permite identificar en qu\u00e9 punto del ciclo de vida se producen m\u00e1s emisiones y presentar datos claros sobre cada producto.\u00a0<br\/>Esto ofrece una base fundamentada con la que poder tomar decisiones informadas sobre materiales, m\u00e9todos de producci\u00f3n y log\u00edstica, teniendo en cuenta tanto la funcionalidad como el impacto clim\u00e1tico.<\/p>\n\n\n\n<h5 class=\"wp-block-heading\">CADA BOLSA CUENTA<\/h5>\n\n\n\n<p>Sabemos que cada bolsa tiene un impacto, pero no todos los impactos son iguales.\u00a0Los distintos materiales afectan al planeta de diferentes maneras, desde el uso de la materia prima hasta la producci\u00f3n, el transporte y el reciclaje. Por eso evaluamos cuidadosamente cada decisi\u00f3n que tomamos, siempre con el objetivo de reducir el impacto ambiental de cada bolsa.\u00a0<\/p>\n\n\n\n<p>Nuestro objetivo es sencillo: dise\u00f1ar bolsas que combinen funcionalidad y durabilidad causando el menor impacto posible en el medioambiente. Gracias a la supervisi\u00f3n de todo su ciclo de vida, garantizamos que la producci\u00f3n de cada bolsa contribuya a un futuro m\u00e1s sostenible.<\/p>\n<\/div><\/div>\n\n<div class=\"wp-block-group alignwide is-layout-constrained wp-block-group-is-layout-constrained\">\n<h3 class=\"wp-block-heading alignwide\">Our sustainability initiatives<\/h3>\n\n\n\n<div class=\"sustainable-entrances-block alignwide wp-block\" id=\"block_ca8ce336032f00a9fa74e42039ca9ef3\">\n\n    <div class=\"link-items\">\n            <a href=\"http:\/\/adcotrading.eu\/sustainability-first\/social-responsibility\/\">\n            <figure><img loading=\"lazy\" decoding=\"async\" width=\"955\" height=\"601\" src=\"https:\/\/adcotrading.eu\/app\/uploads\/2025\/10\/Our-Social-Responsibility.avif\" class=\"attachment-full size-full\" alt=\"\" srcset=\"https:\/\/adcotrading.eu\/app\/uploads\/2025\/10\/Our-Social-Responsibility.avif 955w, https:\/\/adcotrading.eu\/app\/uploads\/2025\/10\/Our-Social-Responsibility-300x189.avif 300w, https:\/\/adcotrading.eu\/app\/uploads\/2025\/10\/Our-Social-Responsibility-768x483.avif 768w\" sizes=\"auto, (max-width: 955px) 100vw, 955px\" \/>                <figcaption>Social Responsibility<\/figcaption>\n            <\/figure>\n        <\/a>\n            <a href=\"http:\/\/adcotrading.eu\/sustainability-first\/carbon-footprint\/\">\n            <figure><img loading=\"lazy\" decoding=\"async\" width=\"955\" height=\"600\" src=\"https:\/\/adcotrading.eu\/app\/uploads\/2025\/10\/Carbon-Footprint.avif\" class=\"attachment-full size-full\" alt=\"\" srcset=\"https:\/\/adcotrading.eu\/app\/uploads\/2025\/10\/Carbon-Footprint.avif 955w, https:\/\/adcotrading.eu\/app\/uploads\/2025\/10\/Carbon-Footprint-300x188.avif 300w, https:\/\/adcotrading.eu\/app\/uploads\/2025\/10\/Carbon-Footprint-768x483.avif 768w\" sizes=\"auto, (max-width: 955px) 100vw, 955px\" \/>                <figcaption>Carbon Footprint<\/figcaption>\n            <\/figure>\n        <\/a>\n            <a href=\"http:\/\/adcotrading.eu\/sustainability-first\/responsible-chemical-management\/\">\n            <figure><img loading=\"lazy\" decoding=\"async\" width=\"956\" height=\"602\" src=\"https:\/\/adcotrading.eu\/app\/uploads\/2025\/10\/Responsible-Chemical-Management.avif\" class=\"attachment-full size-full\" alt=\"\" srcset=\"https:\/\/adcotrading.eu\/app\/uploads\/2025\/10\/Responsible-Chemical-Management.avif 956w, https:\/\/adcotrading.eu\/app\/uploads\/2025\/10\/Responsible-Chemical-Management-300x189.avif 300w, https:\/\/adcotrading.eu\/app\/uploads\/2025\/10\/Responsible-Chemical-Management-768x484.avif 768w\" sizes=\"auto, (max-width: 956px) 100vw, 956px\" \/>                <figcaption>Responsible Chemical Management<\/figcaption>\n            <\/figure>\n        <\/a>\n            <a href=\"http:\/\/adcotrading.eu\/sustainability-first\/traceable\/\">\n            <figure><img loading=\"lazy\" decoding=\"async\" width=\"2560\" height=\"1707\" src=\"https:\/\/adcotrading.eu\/app\/uploads\/2025\/12\/PET-bild.webp\" class=\"attachment-full size-full not-transparent\" alt=\"\" srcset=\"https:\/\/adcotrading.eu\/app\/uploads\/2025\/12\/PET-bild.webp 2560w, https:\/\/adcotrading.eu\/app\/uploads\/2025\/12\/PET-bild-300x200.webp 300w, https:\/\/adcotrading.eu\/app\/uploads\/2025\/12\/PET-bild-1024x683.webp 1024w, https:\/\/adcotrading.eu\/app\/uploads\/2025\/12\/PET-bild-768x512.webp 768w, https:\/\/adcotrading.eu\/app\/uploads\/2025\/12\/PET-bild-1536x1024.webp 1536w, https:\/\/adcotrading.eu\/app\/uploads\/2025\/12\/PET-bild-2048x1366.webp 2048w\" sizes=\"auto, (max-width: 2560px) 100vw, 2560px\" data-has-transparency=\"false\" data-dominant-color=\"8ddae6\" style=\"--dominant-color: #8ddae6;\" \/>                <figcaption>Supply Chain Traceability<\/figcaption>\n            <\/figure>\n        <\/a>\n        <\/div>\n\n<\/div><\/div>\n","protected":false},"excerpt":{"rendered":"<p>REDUCCI\u00d3N DEL IMPACTO CLIM\u00c1TICO PARA UN FUTURO SOSTENIBLE Para entender el impacto del cambio clim\u00e1tico se requiere conocimiento. Por eso calculamos la huella de carbono de nuestros productos utilizando el est\u00e1ndar de producto del Protocolo de Gases de Efecto Invernadero (GHG), reconocido internacionalmente. Este m\u00e9todo va m\u00e1s all\u00e1 del CO\u2082 e incluye todos los gases [&hellip;]<\/p>\n","protected":false},"author":2,"featured_media":0,"parent":1129,"menu_order":0,"comment_status":"closed","ping_status":"closed","template":"","meta":{"_acf_changed":false,"footnotes":""},"class_list":["post-1117","page","type-page","status-publish","hentry"],"acf":[],"yoast_head":"<!-- This site is optimized with the Yoast SEO plugin v27.4 - https:\/\/yoast.com\/product\/yoast-seo-wordpress\/ -->\n<title>Huella de carbono - AD CO. trading<\/title>\n<meta name=\"description\" content=\"M\u00e1s all\u00e1 dela bolsa:menor huella,mayor impacto REDUCCI\u00d3N DEL IMPACTO CLIM\u00c1TICO PARA UN FUTURO SOSTENIBLE Para entender el impacto del cambio clim\u00e1tico se\" \/>\n<meta name=\"robots\" content=\"index, follow, max-snippet:-1, max-image-preview:large, max-video-preview:-1\" \/>\n<link rel=\"canonical\" href=\"https:\/\/adcotrading.eu\/es\/la-sostenibilidad-ante-todo\/huella-de-carbono\/\" \/>\n<meta property=\"og:locale\" content=\"es_ES\" \/>\n<meta property=\"og:type\" content=\"article\" \/>\n<meta property=\"og:title\" content=\"Huella de carbono - AD CO. trading\" \/>\n<meta property=\"og:description\" content=\"M\u00e1s all\u00e1 dela bolsa:menor huella,mayor impacto REDUCCI\u00d3N DEL IMPACTO CLIM\u00c1TICO PARA UN FUTURO SOSTENIBLE Para entender el impacto del cambio clim\u00e1tico se\" \/>\n<meta property=\"og:url\" content=\"https:\/\/adcotrading.eu\/es\/la-sostenibilidad-ante-todo\/huella-de-carbono\/\" \/>\n<meta property=\"og:site_name\" content=\"AD CO. trading\" \/>\n<meta property=\"article:modified_time\" content=\"2026-04-15T13:04:55+00:00\" \/>\n<meta property=\"og:image\" content=\"https:\/\/adcotrading.eu\/app\/uploads\/2025\/11\/ADCO-forest-1.webp\" \/>\n\t<meta property=\"og:image:width\" content=\"2560\" \/>\n\t<meta property=\"og:image:height\" content=\"1920\" \/>\n\t<meta property=\"og:image:type\" content=\"image\/jpeg\" \/>\n<meta name=\"twitter:card\" content=\"summary_large_image\" \/>\n<meta name=\"twitter:label1\" content=\"Est. reading time\" \/>\n\t<meta name=\"twitter:data1\" content=\"2 minutes\" \/>\n<script type=\"application\/ld+json\" class=\"yoast-schema-graph\">{\"@context\":\"https:\\\/\\\/schema.org\",\"@graph\":[{\"@type\":\"WebPage\",\"@id\":\"https:\\\/\\\/adcotrading.eu\\\/es\\\/la-sostenibilidad-ante-todo\\\/huella-de-carbono\\\/\",\"url\":\"https:\\\/\\\/adcotrading.eu\\\/es\\\/la-sostenibilidad-ante-todo\\\/huella-de-carbono\\\/\",\"name\":\"Huella de carbono - AD CO. trading\",\"isPartOf\":{\"@id\":\"https:\\\/\\\/adcotrading.eu\\\/es\\\/#website\"},\"primaryImageOfPage\":{\"@id\":\"https:\\\/\\\/adcotrading.eu\\\/es\\\/la-sostenibilidad-ante-todo\\\/huella-de-carbono\\\/#primaryimage\"},\"image\":{\"@id\":\"https:\\\/\\\/adcotrading.eu\\\/es\\\/la-sostenibilidad-ante-todo\\\/huella-de-carbono\\\/#primaryimage\"},\"thumbnailUrl\":\"http:\\\/\\\/adcotrading.eu\\\/app\\\/uploads\\\/2025\\\/11\\\/ADCO-forest-1-1024x768.webp\",\"datePublished\":\"2025-11-05T12:54:57+00:00\",\"dateModified\":\"2026-04-15T13:04:55+00:00\",\"description\":\"M\u00e1s all\u00e1 dela bolsa:menor huella,mayor impacto REDUCCI\u00d3N DEL IMPACTO CLIM\u00c1TICO PARA UN FUTURO SOSTENIBLE Para entender el impacto del cambio clim\u00e1tico se\",\"breadcrumb\":{\"@id\":\"https:\\\/\\\/adcotrading.eu\\\/es\\\/la-sostenibilidad-ante-todo\\\/huella-de-carbono\\\/#breadcrumb\"},\"inLanguage\":\"es-ES\",\"potentialAction\":[{\"@type\":\"ReadAction\",\"target\":[\"https:\\\/\\\/adcotrading.eu\\\/es\\\/la-sostenibilidad-ante-todo\\\/huella-de-carbono\\\/\"]}]},{\"@type\":\"ImageObject\",\"inLanguage\":\"es-ES\",\"@id\":\"https:\\\/\\\/adcotrading.eu\\\/es\\\/la-sostenibilidad-ante-todo\\\/huella-de-carbono\\\/#primaryimage\",\"url\":\"http:\\\/\\\/adcotrading.eu\\\/app\\\/uploads\\\/2025\\\/11\\\/ADCO-forest-1-1024x768.webp\",\"contentUrl\":\"http:\\\/\\\/adcotrading.eu\\\/app\\\/uploads\\\/2025\\\/11\\\/ADCO-forest-1-1024x768.webp\"},{\"@type\":\"BreadcrumbList\",\"@id\":\"https:\\\/\\\/adcotrading.eu\\\/es\\\/la-sostenibilidad-ante-todo\\\/huella-de-carbono\\\/#breadcrumb\",\"itemListElement\":[{\"@type\":\"ListItem\",\"position\":1,\"name\":\"Home\",\"item\":\"https:\\\/\\\/adcotrading.eu\\\/es\\\/\"},{\"@type\":\"ListItem\",\"position\":2,\"name\":\"La sostenibilidad ante todo\",\"item\":\"https:\\\/\\\/adcotrading.eu\\\/es\\\/la-sostenibilidad-ante-todo\\\/\"},{\"@type\":\"ListItem\",\"position\":3,\"name\":\"Huella de carbono\"}]},{\"@type\":\"WebSite\",\"@id\":\"https:\\\/\\\/adcotrading.eu\\\/es\\\/#website\",\"url\":\"https:\\\/\\\/adcotrading.eu\\\/es\\\/\",\"name\":\"AD CO. trading\",\"description\":\"\",\"potentialAction\":[{\"@type\":\"SearchAction\",\"target\":{\"@type\":\"EntryPoint\",\"urlTemplate\":\"https:\\\/\\\/adcotrading.eu\\\/es\\\/?s={search_term_string}\"},\"query-input\":{\"@type\":\"PropertyValueSpecification\",\"valueRequired\":true,\"valueName\":\"search_term_string\"}}],\"inLanguage\":\"es-ES\"}]}<\/script>\n<!-- \/ Yoast SEO plugin. -->","yoast_head_json":{"title":"Huella de carbono - AD CO. trading","description":"M\u00e1s all\u00e1 dela bolsa:menor huella,mayor impacto REDUCCI\u00d3N DEL IMPACTO CLIM\u00c1TICO PARA UN FUTURO SOSTENIBLE Para entender el impacto del cambio clim\u00e1tico se","robots":{"index":"index","follow":"follow","max-snippet":"max-snippet:-1","max-image-preview":"max-image-preview:large","max-video-preview":"max-video-preview:-1"},"canonical":"https:\/\/adcotrading.eu\/es\/la-sostenibilidad-ante-todo\/huella-de-carbono\/","og_locale":"es_ES","og_type":"article","og_title":"Huella de carbono - AD CO. trading","og_description":"M\u00e1s all\u00e1 dela bolsa:menor huella,mayor impacto REDUCCI\u00d3N DEL IMPACTO CLIM\u00c1TICO PARA UN FUTURO SOSTENIBLE Para entender el impacto del cambio clim\u00e1tico se","og_url":"https:\/\/adcotrading.eu\/es\/la-sostenibilidad-ante-todo\/huella-de-carbono\/","og_site_name":"AD CO. trading","article_modified_time":"2026-04-15T13:04:55+00:00","og_image":[{"width":2560,"height":1920,"url":"https:\/\/adcotrading.eu\/app\/uploads\/2025\/11\/ADCO-forest-1.webp","type":"image\/jpeg"}],"twitter_card":"summary_large_image","twitter_misc":{"Est. reading time":"2 minutes"},"schema":{"@context":"https:\/\/schema.org","@graph":[{"@type":"WebPage","@id":"https:\/\/adcotrading.eu\/es\/la-sostenibilidad-ante-todo\/huella-de-carbono\/","url":"https:\/\/adcotrading.eu\/es\/la-sostenibilidad-ante-todo\/huella-de-carbono\/","name":"Huella de carbono - AD CO. trading","isPartOf":{"@id":"https:\/\/adcotrading.eu\/es\/#website"},"primaryImageOfPage":{"@id":"https:\/\/adcotrading.eu\/es\/la-sostenibilidad-ante-todo\/huella-de-carbono\/#primaryimage"},"image":{"@id":"https:\/\/adcotrading.eu\/es\/la-sostenibilidad-ante-todo\/huella-de-carbono\/#primaryimage"},"thumbnailUrl":"http:\/\/adcotrading.eu\/app\/uploads\/2025\/11\/ADCO-forest-1-1024x768.webp","datePublished":"2025-11-05T12:54:57+00:00","dateModified":"2026-04-15T13:04:55+00:00","description":"M\u00e1s all\u00e1 dela bolsa:menor huella,mayor impacto REDUCCI\u00d3N DEL IMPACTO CLIM\u00c1TICO PARA UN FUTURO SOSTENIBLE Para entender el impacto del cambio clim\u00e1tico se","breadcrumb":{"@id":"https:\/\/adcotrading.eu\/es\/la-sostenibilidad-ante-todo\/huella-de-carbono\/#breadcrumb"},"inLanguage":"es-ES","potentialAction":[{"@type":"ReadAction","target":["https:\/\/adcotrading.eu\/es\/la-sostenibilidad-ante-todo\/huella-de-carbono\/"]}]},{"@type":"ImageObject","inLanguage":"es-ES","@id":"https:\/\/adcotrading.eu\/es\/la-sostenibilidad-ante-todo\/huella-de-carbono\/#primaryimage","url":"http:\/\/adcotrading.eu\/app\/uploads\/2025\/11\/ADCO-forest-1-1024x768.webp","contentUrl":"http:\/\/adcotrading.eu\/app\/uploads\/2025\/11\/ADCO-forest-1-1024x768.webp"},{"@type":"BreadcrumbList","@id":"https:\/\/adcotrading.eu\/es\/la-sostenibilidad-ante-todo\/huella-de-carbono\/#breadcrumb","itemListElement":[{"@type":"ListItem","position":1,"name":"Home","item":"https:\/\/adcotrading.eu\/es\/"},{"@type":"ListItem","position":2,"name":"La sostenibilidad ante todo","item":"https:\/\/adcotrading.eu\/es\/la-sostenibilidad-ante-todo\/"},{"@type":"ListItem","position":3,"name":"Huella de carbono"}]},{"@type":"WebSite","@id":"https:\/\/adcotrading.eu\/es\/#website","url":"https:\/\/adcotrading.eu\/es\/","name":"AD CO. trading","description":"","potentialAction":[{"@type":"SearchAction","target":{"@type":"EntryPoint","urlTemplate":"https:\/\/adcotrading.eu\/es\/?s={search_term_string}"},"query-input":{"@type":"PropertyValueSpecification","valueRequired":true,"valueName":"search_term_string"}}],"inLanguage":"es-ES"}]}},"_links":{"self":[{"href":"https:\/\/adcotrading.eu\/es\/wp-json\/wp\/v2\/pages\/1117","targetHints":{"allow":["GET"]}}],"collection":[{"href":"https:\/\/adcotrading.eu\/es\/wp-json\/wp\/v2\/pages"}],"about":[{"href":"https:\/\/adcotrading.eu\/es\/wp-json\/wp\/v2\/types\/page"}],"author":[{"embeddable":true,"href":"https:\/\/adcotrading.eu\/es\/wp-json\/wp\/v2\/users\/2"}],"replies":[{"embeddable":true,"href":"https:\/\/adcotrading.eu\/es\/wp-json\/wp\/v2\/comments?post=1117"}],"version-history":[{"count":9,"href":"https:\/\/adcotrading.eu\/es\/wp-json\/wp\/v2\/pages\/1117\/revisions"}],"predecessor-version":[{"id":1552,"href":"https:\/\/adcotrading.eu\/es\/wp-json\/wp\/v2\/pages\/1117\/revisions\/1552"}],"up":[{"embeddable":true,"href":"https:\/\/adcotrading.eu\/es\/wp-json\/wp\/v2\/pages\/1129"}],"wp:attachment":[{"href":"https:\/\/adcotrading.eu\/es\/wp-json\/wp\/v2\/media?parent=1117"}],"curies":[{"name":"wp","href":"https:\/\/api.w.org\/{rel}","templated":true}]}}