{"id":1121,"date":"2025-10-23T14:46:03","date_gmt":"2025-10-23T14:46:03","guid":{"rendered":"https:\/\/adcotrading.eu\/responsabilidad-social\/"},"modified":"2026-04-15T13:04:56","modified_gmt":"2026-04-15T13:04:56","slug":"responsabilidad-social","status":"publish","type":"page","link":"https:\/\/adcotrading.eu\/es\/la-sostenibilidad-ante-todo\/responsabilidad-social\/","title":{"rendered":"Responsabilidad social"},"content":{"rendered":"\n<div class=\"wp-block-cover alignfull has-custom-content-position is-position-center-left adco-cover-block\" style=\"margin-top:0;margin-bottom:0;min-height:70vh;aspect-ratio:unset;\"><img loading=\"lazy\" decoding=\"async\" width=\"1024\" height=\"683\" sizes=\"auto, (max-width: 1024px) 100vw, 1024px\" class=\"wp-block-cover__image-background wp-image-475 size-large\" alt=\"\" src=\"http:\/\/adcotrading.eu\/app\/uploads\/2025\/11\/ChatGPT-Image-24-okt.-2025-15_00_31-1024x683.avif\" style=\"object-position:64% 38%\" data-object-fit=\"cover\" data-object-position=\"64% 38%\" srcset=\"https:\/\/adcotrading.eu\/app\/uploads\/2025\/11\/ChatGPT-Image-24-okt.-2025-15_00_31-1024x683.avif 1024w, https:\/\/adcotrading.eu\/app\/uploads\/2025\/11\/ChatGPT-Image-24-okt.-2025-15_00_31-300x200.avif 300w, https:\/\/adcotrading.eu\/app\/uploads\/2025\/11\/ChatGPT-Image-24-okt.-2025-15_00_31-768x512.avif 768w, https:\/\/adcotrading.eu\/app\/uploads\/2025\/11\/ChatGPT-Image-24-okt.-2025-15_00_31.avif 1536w\" \/><span aria-hidden=\"true\" class=\"wp-block-cover__background has-black-background-color has-background-dim-0 has-background-dim\"><\/span><div class=\"wp-block-cover__inner-container is-layout-constrained wp-block-cover-is-layout-constrained\">\n<h1 class=\"wp-block-heading has-text-align-left\">El poder de querer<\/h1>\n<\/div><\/div>\n<div class=\"yoast-breadcrumbs\"><span><span><a href=\"https:\/\/adcotrading.eu\/es\/\">Home<\/a><\/span> \u00bb <span><a href=\"https:\/\/adcotrading.eu\/es\/la-sostenibilidad-ante-todo\/\">La sostenibilidad ante todo<\/a><\/span> \u00bb <span class=\"breadcrumb_last\" aria-current=\"page\">Responsabilidad social<\/span><\/span><\/div>\n<div class=\"wp-block-media-text alignwide is-stacked-on-mobile is-vertically-aligned-top\" style=\"margin-top:var(--wp--preset--spacing--80);margin-bottom:var(--wp--preset--spacing--80);grid-template-columns:45% auto\"><figure class=\"wp-block-media-text__media\"><img loading=\"lazy\" decoding=\"async\" width=\"1024\" height=\"683\" src=\"http:\/\/adcotrading.eu\/app\/uploads\/2025\/11\/ChatGPT-Image-24-okt.-2025-15_00_31-1024x683.avif\" alt=\"\" class=\"wp-image-475 size-full\" srcset=\"https:\/\/adcotrading.eu\/app\/uploads\/2025\/11\/ChatGPT-Image-24-okt.-2025-15_00_31-1024x683.avif 1024w, https:\/\/adcotrading.eu\/app\/uploads\/2025\/11\/ChatGPT-Image-24-okt.-2025-15_00_31-300x200.avif 300w, https:\/\/adcotrading.eu\/app\/uploads\/2025\/11\/ChatGPT-Image-24-okt.-2025-15_00_31-768x512.avif 768w, https:\/\/adcotrading.eu\/app\/uploads\/2025\/11\/ChatGPT-Image-24-okt.-2025-15_00_31.avif 1536w\" sizes=\"auto, (max-width: 1024px) 100vw, 1024px\" \/><\/figure><div class=\"wp-block-media-text__content\">\n<h5 class=\"wp-block-heading has-clay-color has-text-color has-link-color wp-elements-93cbf4d62cccaee5dd76a9e26bd1042f\"><strong>NUESTRA RESPONSABILIDAD SOCIAL<\/strong><\/h5>\n\n\n\n<h2 class=\"wp-block-heading has-text-align-left\" style=\"margin-top:0\">Cada persona cuenta<\/h2>\n\n\n\n<h3 class=\"wp-block-heading\">Responsabilidad social: la sostenibilidad en todos los \u00e1mbitos<\/h3>\n\n\n\n<p>Tenemos una visi\u00f3n clara: ofrecer productos altamente funcionales, libres de sustancias qu\u00edmicas nocivas y fabricados en condiciones justas. Para lograrlo, solemos implicarnos un poco m\u00e1s que nuestros competidores. Y es que, para nosotros, esa es la \u00fanica forma de garantizar que todo se haga correctamente. Nuestro objetivo es que todos los productos de nuestro cat\u00e1logo contribuyan a marcar la diferencia. Esta filosof\u00eda nos impulsa a seguir adelante y hace que el esfuerzo merezca la pena.<\/p>\n\n\n\n<h3 class=\"wp-block-heading\">La responsabilidad que protege su marca<\/h3>\n\n\n\n<p>Para usted, como cliente, nuestro compromiso significa que no corre el riesgo de manchar la reputaci\u00f3n de su marca porque, como todos sabemos, los precios bajos suelen tener un coste. Un coste que puede afectar a las empresas, al valor de la marca, a la salud de las personas y, en el peor de los casos, incluso a sus vidas. Y ese es un precio que nunca estamos dispuestos a pagar.<\/p>\n\n\n\n<h3 class=\"wp-block-heading\">La responsabilidad social en la pr\u00e1ctica<\/h3>\n\n\n\n<p>Para nosotros, la responsabilidad social no es un mero tr\u00e1mite burocr\u00e1tico. Se trata de comprender de verdad la realidad de nuestros proveedores y de las personas que trabajan con nosotros. Por eso combinamos auditor\u00edas sociales realizadas por terceros con nuestras propias visitas a las instalaciones, donde nos reunimos con la direcci\u00f3n y los trabajadores, evaluamos las condiciones y colaboramos para fomentar mejoras continuas.<\/p>\n\n\n\n<p>Seguimos el <strong>marco BSCI\/amfori<\/strong>, que se basa en normas laborales internacionales, como los convenios de la OIT y los Principios de Derechos Humanos de las Naciones Unidas. De esta forma, nos aseguramos de que\u00a0<\/p>\n\n\n\n<p>se eval\u00fae peri\u00f3dicamente a los proveedores en aspectos tan fundamentales como la retribuci\u00f3n de salarios justos, la seguridad del entorno de trabajo,\u00a0<\/p>\n\n\n\n<p>la jornada laboral, el trabajo infantil, la libertad de asociaci\u00f3n o la no discriminaci\u00f3n. Pero eso no nos basta. Creemos que las auditor\u00edas solo son el punto de partida de un proceso de desarrollo,\u00a0<\/p>\n\n\n\n<p>no la meta.<\/p>\n\n\n\n<h3 class=\"wp-block-heading\">Una colaboraci\u00f3n basada en la atenci\u00f3n<\/h3>\n\n\n\n<p>Nuestra preocupaci\u00f3n por las personas que forman parte de nuestra cadena de suministro no se limita al cumplimiento normativo: forma parte de nuestra filosof\u00eda empresarial. Creemos que, al establecer relaciones duraderas y trabajar codo con codo con nuestros socios, podemos garantizar un proceso de producci\u00f3n seguro, justo y sostenible\u00a0<\/p>\n\n\n\n<p>para todos los implicados. As\u00ed es como generamos un valor a\u00f1adido real, para los trabajadores, para su marca\u00a0<\/p>\n\n\n\n<p>y para el futuro.<\/p>\n<\/div><\/div>\n\n<div class=\"wp-block-group alignwide is-layout-constrained wp-block-group-is-layout-constrained\">\n<h3 class=\"wp-block-heading alignwide\">Our sustainability initiatives<\/h3>\n\n\n\n<div class=\"sustainable-entrances-block alignwide wp-block\" id=\"block_55cb8a36db0bc86ad27f5a2c4d5fb855\">\n\n    <div class=\"link-items\">\n            <a href=\"http:\/\/adcotrading.eu\/sustainability-first\/social-responsibility\/\">\n            <figure><img loading=\"lazy\" decoding=\"async\" width=\"955\" height=\"601\" src=\"https:\/\/adcotrading.eu\/app\/uploads\/2025\/10\/Our-Social-Responsibility.avif\" class=\"attachment-full size-full\" alt=\"\" srcset=\"https:\/\/adcotrading.eu\/app\/uploads\/2025\/10\/Our-Social-Responsibility.avif 955w, https:\/\/adcotrading.eu\/app\/uploads\/2025\/10\/Our-Social-Responsibility-300x189.avif 300w, https:\/\/adcotrading.eu\/app\/uploads\/2025\/10\/Our-Social-Responsibility-768x483.avif 768w\" sizes=\"auto, (max-width: 955px) 100vw, 955px\" \/>                <figcaption>Social Responsibility<\/figcaption>\n            <\/figure>\n        <\/a>\n            <a href=\"http:\/\/adcotrading.eu\/sustainability-first\/carbon-footprint\/\">\n            <figure><img loading=\"lazy\" decoding=\"async\" width=\"955\" height=\"600\" src=\"https:\/\/adcotrading.eu\/app\/uploads\/2025\/10\/Carbon-Footprint.avif\" class=\"attachment-full size-full\" alt=\"\" srcset=\"https:\/\/adcotrading.eu\/app\/uploads\/2025\/10\/Carbon-Footprint.avif 955w, https:\/\/adcotrading.eu\/app\/uploads\/2025\/10\/Carbon-Footprint-300x188.avif 300w, https:\/\/adcotrading.eu\/app\/uploads\/2025\/10\/Carbon-Footprint-768x483.avif 768w\" sizes=\"auto, (max-width: 955px) 100vw, 955px\" \/>                <figcaption>Carbon Footprint<\/figcaption>\n            <\/figure>\n        <\/a>\n            <a href=\"http:\/\/adcotrading.eu\/sustainability-first\/responsible-chemical-management\/\">\n            <figure><img loading=\"lazy\" decoding=\"async\" width=\"956\" height=\"602\" src=\"https:\/\/adcotrading.eu\/app\/uploads\/2025\/10\/Responsible-Chemical-Management.avif\" class=\"attachment-full size-full\" alt=\"\" srcset=\"https:\/\/adcotrading.eu\/app\/uploads\/2025\/10\/Responsible-Chemical-Management.avif 956w, https:\/\/adcotrading.eu\/app\/uploads\/2025\/10\/Responsible-Chemical-Management-300x189.avif 300w, https:\/\/adcotrading.eu\/app\/uploads\/2025\/10\/Responsible-Chemical-Management-768x484.avif 768w\" sizes=\"auto, (max-width: 956px) 100vw, 956px\" \/>                <figcaption>Responsible Chemical Management<\/figcaption>\n            <\/figure>\n        <\/a>\n            <a href=\"http:\/\/adcotrading.eu\/sustainability-first\/traceable\/\">\n            <figure><img loading=\"lazy\" decoding=\"async\" width=\"2560\" height=\"1707\" src=\"https:\/\/adcotrading.eu\/app\/uploads\/2025\/12\/PET-bild.webp\" class=\"attachment-full size-full not-transparent\" alt=\"\" srcset=\"https:\/\/adcotrading.eu\/app\/uploads\/2025\/12\/PET-bild.webp 2560w, https:\/\/adcotrading.eu\/app\/uploads\/2025\/12\/PET-bild-300x200.webp 300w, https:\/\/adcotrading.eu\/app\/uploads\/2025\/12\/PET-bild-1024x683.webp 1024w, https:\/\/adcotrading.eu\/app\/uploads\/2025\/12\/PET-bild-768x512.webp 768w, https:\/\/adcotrading.eu\/app\/uploads\/2025\/12\/PET-bild-1536x1024.webp 1536w, https:\/\/adcotrading.eu\/app\/uploads\/2025\/12\/PET-bild-2048x1366.webp 2048w\" sizes=\"auto, (max-width: 2560px) 100vw, 2560px\" data-has-transparency=\"false\" data-dominant-color=\"8ddae6\" style=\"--dominant-color: #8ddae6;\" \/>                <figcaption>Supply Chain Traceability<\/figcaption>\n            <\/figure>\n        <\/a>\n        <\/div>\n\n<\/div><\/div>\n","protected":false},"excerpt":{"rendered":"<p>NUESTRA RESPONSABILIDAD SOCIAL Cada persona cuenta Responsabilidad social: la sostenibilidad en todos los \u00e1mbitos Tenemos una visi\u00f3n clara: ofrecer productos altamente funcionales, libres de sustancias qu\u00edmicas nocivas y fabricados en condiciones justas. Para lograrlo, solemos implicarnos un poco m\u00e1s que nuestros competidores. Y es que, para nosotros, esa es la \u00fanica forma de garantizar que [&hellip;]<\/p>\n","protected":false},"author":2,"featured_media":0,"parent":1129,"menu_order":0,"comment_status":"closed","ping_status":"closed","template":"","meta":{"_acf_changed":false,"footnotes":""},"class_list":["post-1121","page","type-page","status-publish","hentry"],"acf":[],"yoast_head":"<!-- This site is optimized with the Yoast SEO plugin v27.4 - https:\/\/yoast.com\/product\/yoast-seo-wordpress\/ -->\n<title>Responsabilidad social - AD CO. trading<\/title>\n<meta name=\"description\" content=\"El poder de querer NUESTRA RESPONSABILIDAD SOCIAL Cada persona cuenta Responsabilidad social: la sostenibilidad en todos los \u00e1mbitos Tenemos una visi\u00f3n\" \/>\n<meta name=\"robots\" content=\"index, follow, max-snippet:-1, max-image-preview:large, max-video-preview:-1\" \/>\n<link rel=\"canonical\" href=\"https:\/\/adcotrading.eu\/es\/la-sostenibilidad-ante-todo\/responsabilidad-social\/\" \/>\n<meta property=\"og:locale\" content=\"es_ES\" \/>\n<meta property=\"og:type\" content=\"article\" \/>\n<meta property=\"og:title\" content=\"Responsabilidad social - AD CO. trading\" \/>\n<meta property=\"og:description\" content=\"El poder de querer NUESTRA RESPONSABILIDAD SOCIAL Cada persona cuenta Responsabilidad social: la sostenibilidad en todos los \u00e1mbitos Tenemos una visi\u00f3n\" \/>\n<meta property=\"og:url\" content=\"https:\/\/adcotrading.eu\/es\/la-sostenibilidad-ante-todo\/responsabilidad-social\/\" \/>\n<meta property=\"og:site_name\" content=\"AD CO. trading\" \/>\n<meta property=\"article:modified_time\" content=\"2026-04-15T13:04:56+00:00\" \/>\n<meta property=\"og:image\" content=\"https:\/\/adcotrading.eu\/app\/uploads\/2025\/11\/ChatGPT-Image-24-okt.-2025-15_00_31.avif\" \/>\n\t<meta property=\"og:image:width\" content=\"1536\" \/>\n\t<meta property=\"og:image:height\" content=\"1024\" \/>\n\t<meta property=\"og:image:type\" content=\"image\/png\" \/>\n<meta name=\"twitter:card\" content=\"summary_large_image\" \/>\n<meta name=\"twitter:label1\" content=\"Est. reading time\" \/>\n\t<meta name=\"twitter:data1\" content=\"2 minutes\" \/>\n<script type=\"application\/ld+json\" class=\"yoast-schema-graph\">{\"@context\":\"https:\\\/\\\/schema.org\",\"@graph\":[{\"@type\":\"WebPage\",\"@id\":\"https:\\\/\\\/adcotrading.eu\\\/es\\\/la-sostenibilidad-ante-todo\\\/responsabilidad-social\\\/\",\"url\":\"https:\\\/\\\/adcotrading.eu\\\/es\\\/la-sostenibilidad-ante-todo\\\/responsabilidad-social\\\/\",\"name\":\"Responsabilidad social - AD CO. trading\",\"isPartOf\":{\"@id\":\"https:\\\/\\\/adcotrading.eu\\\/es\\\/#website\"},\"primaryImageOfPage\":{\"@id\":\"https:\\\/\\\/adcotrading.eu\\\/es\\\/la-sostenibilidad-ante-todo\\\/responsabilidad-social\\\/#primaryimage\"},\"image\":{\"@id\":\"https:\\\/\\\/adcotrading.eu\\\/es\\\/la-sostenibilidad-ante-todo\\\/responsabilidad-social\\\/#primaryimage\"},\"thumbnailUrl\":\"http:\\\/\\\/adcotrading.eu\\\/app\\\/uploads\\\/2025\\\/11\\\/ChatGPT-Image-24-okt.-2025-15_00_31-1024x683.avif\",\"datePublished\":\"2025-10-23T14:46:03+00:00\",\"dateModified\":\"2026-04-15T13:04:56+00:00\",\"description\":\"El poder de querer NUESTRA RESPONSABILIDAD SOCIAL Cada persona cuenta Responsabilidad social: la sostenibilidad en todos los \u00e1mbitos Tenemos una visi\u00f3n\",\"breadcrumb\":{\"@id\":\"https:\\\/\\\/adcotrading.eu\\\/es\\\/la-sostenibilidad-ante-todo\\\/responsabilidad-social\\\/#breadcrumb\"},\"inLanguage\":\"es-ES\",\"potentialAction\":[{\"@type\":\"ReadAction\",\"target\":[\"https:\\\/\\\/adcotrading.eu\\\/es\\\/la-sostenibilidad-ante-todo\\\/responsabilidad-social\\\/\"]}]},{\"@type\":\"ImageObject\",\"inLanguage\":\"es-ES\",\"@id\":\"https:\\\/\\\/adcotrading.eu\\\/es\\\/la-sostenibilidad-ante-todo\\\/responsabilidad-social\\\/#primaryimage\",\"url\":\"http:\\\/\\\/adcotrading.eu\\\/app\\\/uploads\\\/2025\\\/11\\\/ChatGPT-Image-24-okt.-2025-15_00_31-1024x683.avif\",\"contentUrl\":\"http:\\\/\\\/adcotrading.eu\\\/app\\\/uploads\\\/2025\\\/11\\\/ChatGPT-Image-24-okt.-2025-15_00_31-1024x683.avif\"},{\"@type\":\"BreadcrumbList\",\"@id\":\"https:\\\/\\\/adcotrading.eu\\\/es\\\/la-sostenibilidad-ante-todo\\\/responsabilidad-social\\\/#breadcrumb\",\"itemListElement\":[{\"@type\":\"ListItem\",\"position\":1,\"name\":\"Home\",\"item\":\"https:\\\/\\\/adcotrading.eu\\\/es\\\/\"},{\"@type\":\"ListItem\",\"position\":2,\"name\":\"La sostenibilidad ante todo\",\"item\":\"https:\\\/\\\/adcotrading.eu\\\/es\\\/la-sostenibilidad-ante-todo\\\/\"},{\"@type\":\"ListItem\",\"position\":3,\"name\":\"Responsabilidad social\"}]},{\"@type\":\"WebSite\",\"@id\":\"https:\\\/\\\/adcotrading.eu\\\/es\\\/#website\",\"url\":\"https:\\\/\\\/adcotrading.eu\\\/es\\\/\",\"name\":\"AD CO. trading\",\"description\":\"\",\"potentialAction\":[{\"@type\":\"SearchAction\",\"target\":{\"@type\":\"EntryPoint\",\"urlTemplate\":\"https:\\\/\\\/adcotrading.eu\\\/es\\\/?s={search_term_string}\"},\"query-input\":{\"@type\":\"PropertyValueSpecification\",\"valueRequired\":true,\"valueName\":\"search_term_string\"}}],\"inLanguage\":\"es-ES\"}]}<\/script>\n<!-- \/ Yoast SEO plugin. -->","yoast_head_json":{"title":"Responsabilidad social - AD CO. trading","description":"El poder de querer NUESTRA RESPONSABILIDAD SOCIAL Cada persona cuenta Responsabilidad social: la sostenibilidad en todos los \u00e1mbitos Tenemos una visi\u00f3n","robots":{"index":"index","follow":"follow","max-snippet":"max-snippet:-1","max-image-preview":"max-image-preview:large","max-video-preview":"max-video-preview:-1"},"canonical":"https:\/\/adcotrading.eu\/es\/la-sostenibilidad-ante-todo\/responsabilidad-social\/","og_locale":"es_ES","og_type":"article","og_title":"Responsabilidad social - AD CO. trading","og_description":"El poder de querer NUESTRA RESPONSABILIDAD SOCIAL Cada persona cuenta Responsabilidad social: la sostenibilidad en todos los \u00e1mbitos Tenemos una visi\u00f3n","og_url":"https:\/\/adcotrading.eu\/es\/la-sostenibilidad-ante-todo\/responsabilidad-social\/","og_site_name":"AD CO. trading","article_modified_time":"2026-04-15T13:04:56+00:00","og_image":[{"width":1536,"height":1024,"url":"https:\/\/adcotrading.eu\/app\/uploads\/2025\/11\/ChatGPT-Image-24-okt.-2025-15_00_31.avif","type":"image\/png"}],"twitter_card":"summary_large_image","twitter_misc":{"Est. reading time":"2 minutes"},"schema":{"@context":"https:\/\/schema.org","@graph":[{"@type":"WebPage","@id":"https:\/\/adcotrading.eu\/es\/la-sostenibilidad-ante-todo\/responsabilidad-social\/","url":"https:\/\/adcotrading.eu\/es\/la-sostenibilidad-ante-todo\/responsabilidad-social\/","name":"Responsabilidad social - AD CO. trading","isPartOf":{"@id":"https:\/\/adcotrading.eu\/es\/#website"},"primaryImageOfPage":{"@id":"https:\/\/adcotrading.eu\/es\/la-sostenibilidad-ante-todo\/responsabilidad-social\/#primaryimage"},"image":{"@id":"https:\/\/adcotrading.eu\/es\/la-sostenibilidad-ante-todo\/responsabilidad-social\/#primaryimage"},"thumbnailUrl":"http:\/\/adcotrading.eu\/app\/uploads\/2025\/11\/ChatGPT-Image-24-okt.-2025-15_00_31-1024x683.avif","datePublished":"2025-10-23T14:46:03+00:00","dateModified":"2026-04-15T13:04:56+00:00","description":"El poder de querer NUESTRA RESPONSABILIDAD SOCIAL Cada persona cuenta Responsabilidad social: la sostenibilidad en todos los \u00e1mbitos Tenemos una visi\u00f3n","breadcrumb":{"@id":"https:\/\/adcotrading.eu\/es\/la-sostenibilidad-ante-todo\/responsabilidad-social\/#breadcrumb"},"inLanguage":"es-ES","potentialAction":[{"@type":"ReadAction","target":["https:\/\/adcotrading.eu\/es\/la-sostenibilidad-ante-todo\/responsabilidad-social\/"]}]},{"@type":"ImageObject","inLanguage":"es-ES","@id":"https:\/\/adcotrading.eu\/es\/la-sostenibilidad-ante-todo\/responsabilidad-social\/#primaryimage","url":"http:\/\/adcotrading.eu\/app\/uploads\/2025\/11\/ChatGPT-Image-24-okt.-2025-15_00_31-1024x683.avif","contentUrl":"http:\/\/adcotrading.eu\/app\/uploads\/2025\/11\/ChatGPT-Image-24-okt.-2025-15_00_31-1024x683.avif"},{"@type":"BreadcrumbList","@id":"https:\/\/adcotrading.eu\/es\/la-sostenibilidad-ante-todo\/responsabilidad-social\/#breadcrumb","itemListElement":[{"@type":"ListItem","position":1,"name":"Home","item":"https:\/\/adcotrading.eu\/es\/"},{"@type":"ListItem","position":2,"name":"La sostenibilidad ante todo","item":"https:\/\/adcotrading.eu\/es\/la-sostenibilidad-ante-todo\/"},{"@type":"ListItem","position":3,"name":"Responsabilidad social"}]},{"@type":"WebSite","@id":"https:\/\/adcotrading.eu\/es\/#website","url":"https:\/\/adcotrading.eu\/es\/","name":"AD CO. trading","description":"","potentialAction":[{"@type":"SearchAction","target":{"@type":"EntryPoint","urlTemplate":"https:\/\/adcotrading.eu\/es\/?s={search_term_string}"},"query-input":{"@type":"PropertyValueSpecification","valueRequired":true,"valueName":"search_term_string"}}],"inLanguage":"es-ES"}]}},"_links":{"self":[{"href":"https:\/\/adcotrading.eu\/es\/wp-json\/wp\/v2\/pages\/1121","targetHints":{"allow":["GET"]}}],"collection":[{"href":"https:\/\/adcotrading.eu\/es\/wp-json\/wp\/v2\/pages"}],"about":[{"href":"https:\/\/adcotrading.eu\/es\/wp-json\/wp\/v2\/types\/page"}],"author":[{"embeddable":true,"href":"https:\/\/adcotrading.eu\/es\/wp-json\/wp\/v2\/users\/2"}],"replies":[{"embeddable":true,"href":"https:\/\/adcotrading.eu\/es\/wp-json\/wp\/v2\/comments?post=1121"}],"version-history":[{"count":9,"href":"https:\/\/adcotrading.eu\/es\/wp-json\/wp\/v2\/pages\/1121\/revisions"}],"predecessor-version":[{"id":1556,"href":"https:\/\/adcotrading.eu\/es\/wp-json\/wp\/v2\/pages\/1121\/revisions\/1556"}],"up":[{"embeddable":true,"href":"https:\/\/adcotrading.eu\/es\/wp-json\/wp\/v2\/pages\/1129"}],"wp:attachment":[{"href":"https:\/\/adcotrading.eu\/es\/wp-json\/wp\/v2\/media?parent=1121"}],"curies":[{"name":"wp","href":"https:\/\/api.w.org\/{rel}","templated":true}]}}