{"id":1125,"date":"2025-10-23T14:36:46","date_gmt":"2025-10-23T14:36:46","guid":{"rendered":"https:\/\/adcotrading.eu\/guia-de-logistica\/"},"modified":"2026-04-15T13:04:51","modified_gmt":"2026-04-15T13:04:51","slug":"guia-de-logistica","status":"publish","type":"page","link":"https:\/\/adcotrading.eu\/es\/guia-de-logistica\/","title":{"rendered":"Gu\u00eda de log\u00edstica"},"content":{"rendered":"\n<div class=\"wp-block-cover alignfull has-custom-content-position is-position-center-left adco-cover-block\" style=\"margin-top:0;margin-bottom:0;min-height:70vh;aspect-ratio:unset;\"><img data-dominant-color=\"1c303f\" data-has-transparency=\"false\" loading=\"lazy\" decoding=\"async\" width=\"2560\" height=\"1762\" sizes=\"auto, (max-width: 2560px) 100vw, 2560px\" class=\"wp-block-cover__image-background wp-image-678 size-full not-transparent\" alt=\"\" src=\"http:\/\/adcotrading.eu\/app\/uploads\/2025\/11\/maersk-line-4-1.webp\" style=\"--dominant-color: #1c303f; object-position:100% 0%\" data-object-fit=\"cover\" data-object-position=\"100% 0%\" srcset=\"https:\/\/adcotrading.eu\/app\/uploads\/2025\/11\/maersk-line-4-1.webp 2560w, https:\/\/adcotrading.eu\/app\/uploads\/2025\/11\/maersk-line-4-1-300x206.webp 300w, https:\/\/adcotrading.eu\/app\/uploads\/2025\/11\/maersk-line-4-1-1024x705.webp 1024w, https:\/\/adcotrading.eu\/app\/uploads\/2025\/11\/maersk-line-4-1-768x529.webp 768w, https:\/\/adcotrading.eu\/app\/uploads\/2025\/11\/maersk-line-4-1-1536x1057.webp 1536w, https:\/\/adcotrading.eu\/app\/uploads\/2025\/11\/maersk-line-4-1-2048x1410.webp 2048w\" \/><span aria-hidden=\"true\" class=\"wp-block-cover__background has-black-background-color has-background-dim-0 has-background-dim\"><\/span><div class=\"wp-block-cover__inner-container is-layout-constrained wp-block-cover-is-layout-constrained\">\n<h1 class=\"wp-block-heading has-text-align-left\">Transporte m\u00e1s inteligente gracias al conocimiento<\/h1>\n<\/div><\/div>\n<div class=\"yoast-breadcrumbs\"><span><span><a href=\"https:\/\/adcotrading.eu\/es\/\">Home<\/a><\/span> \u00bb <span class=\"breadcrumb_last\" aria-current=\"page\">Gu\u00eda de log\u00edstica<\/span><\/span><\/div>\n<div class=\"wp-block-media-text alignwide is-stacked-on-mobile is-vertically-aligned-top\"><figure class=\"wp-block-media-text__media\"><img data-dominant-color=\"3a4446\" data-has-transparency=\"false\" style=\"--dominant-color: #3a4446;\" loading=\"lazy\" decoding=\"async\" width=\"683\" height=\"1024\" src=\"http:\/\/adcotrading.eu\/app\/uploads\/2025\/11\/william-navarro-FyeVOF4P4YI-unsplash-1-683x1024.webp\" alt=\"\" class=\"wp-image-680 size-full not-transparent\" srcset=\"https:\/\/adcotrading.eu\/app\/uploads\/2025\/11\/william-navarro-FyeVOF4P4YI-unsplash-1-683x1024.webp 683w, https:\/\/adcotrading.eu\/app\/uploads\/2025\/11\/william-navarro-FyeVOF4P4YI-unsplash-1-200x300.webp 200w, https:\/\/adcotrading.eu\/app\/uploads\/2025\/11\/william-navarro-FyeVOF4P4YI-unsplash-1-768x1152.webp 768w, https:\/\/adcotrading.eu\/app\/uploads\/2025\/11\/william-navarro-FyeVOF4P4YI-unsplash-1-1024x1536.webp 1024w, https:\/\/adcotrading.eu\/app\/uploads\/2025\/11\/william-navarro-FyeVOF4P4YI-unsplash-1-1365x2048.webp 1365w, https:\/\/adcotrading.eu\/app\/uploads\/2025\/11\/william-navarro-FyeVOF4P4YI-unsplash-1-scaled.webp 1707w\" sizes=\"auto, (max-width: 683px) 100vw, 683px\" \/><\/figure><div class=\"wp-block-media-text__content\">\n<h2 class=\"wp-block-heading\">Conceptos b\u00e1sicos del transporte<\/h2>\n\n\n\n<p>El mundo de la log\u00edstica tiene su propio lenguaje, con sus propios t\u00e9rminos y reglas.<\/p>\n\n\n\n<p>Esta gu\u00eda r\u00e1pida repasa los fundamentos para poder gestionar los env\u00edos con seguridad.<\/p>\n\n\n\n<p>Puede usarla para tomar el control, o dejar que nosotros nos encarguemos de los detalles. En ambos casos, este es el principio de una gesti\u00f3n m\u00e1s inteligente del transporte.<\/p>\n\n\n\n<h3 class=\"wp-block-heading\">Conceptos b\u00e1sicos del transporte<\/h3>\n\n\n\n<p>El volumen de la carga determina en gran medida el coste de su env\u00edo. En este sentido, se manejan principalmente dos opciones:<\/p>\n\n\n\n<ul class=\"wp-block-list\">\n<li><strong>LCL<\/strong> (<i>Less than Container Load<\/i>, carga inferior al contenedor): para vol\u00famenes de menor tama\u00f1o. En esta opci\u00f3n, el espacio del contenedor se comparte con otros; la mercanc\u00eda se consolida y se env\u00eda en pal\u00e9s.<\/li>\n\n\n\n<li><strong>FCL<\/strong> (<i>Full Container Load<\/i>, carga de contenedor completo): para env\u00edos de mayor tama\u00f1o que llenan un contenedor completo.<\/li>\n<\/ul>\n\n\n\n<p><br\/>Optimizar el uso de los contenedores permite ahorrar costes y reducir las emisiones de carbono. Como se puede apreciar en la ilustraci\u00f3n A, un embalaje eficiente permite colocar 1950 cajas en un contenedor de 40 pies (12 metros) de altura, mientras que en la B, la improvisaci\u00f3n de la carga desperdicia un valioso espacio.<\/p>\n\n\n\n<div class=\"wp-block-group is-nowrap is-layout-flex wp-container-core-group-is-layout-f66f9956 wp-block-group-is-layout-flex\">\n<figure class=\"wp-block-image size-full has-transparency\"><img data-dominant-color=\"cbe2ba\" data-has-transparency=\"false\" loading=\"lazy\" decoding=\"async\" width=\"800\" height=\"447\" sizes=\"auto, (max-width: 800px) 100vw, 800px\" src=\"http:\/\/adcotrading.eu\/app\/uploads\/2025\/11\/image004.webp\" alt=\"\" class=\"wp-image-685 not-transparent\" style=\"--dominant-color: #cbe2ba; aspect-ratio:4\/3;object-fit:contain\" srcset=\"https:\/\/adcotrading.eu\/app\/uploads\/2025\/11\/image004.webp 800w, https:\/\/adcotrading.eu\/app\/uploads\/2025\/11\/image004-300x168.webp 300w, https:\/\/adcotrading.eu\/app\/uploads\/2025\/11\/image004-768x429.webp 768w\" \/><figcaption class=\"wp-element-caption\">A: Uso eficiente del contenedor: maximizaci\u00f3n del volumen, reducci\u00f3n de costes y emisiones.<\/figcaption><\/figure>\n\n\n\n<figure class=\"wp-block-image size-full has-transparency\"><img data-dominant-color=\"d9e4cf\" data-has-transparency=\"false\" loading=\"lazy\" decoding=\"async\" width=\"800\" height=\"373\" sizes=\"auto, (max-width: 800px) 100vw, 800px\" src=\"http:\/\/adcotrading.eu\/app\/uploads\/2025\/11\/image009.webp\" alt=\"\" class=\"wp-image-683 not-transparent\" style=\"--dominant-color: #d9e4cf; aspect-ratio:4\/3;object-fit:contain\" srcset=\"https:\/\/adcotrading.eu\/app\/uploads\/2025\/11\/image009.webp 800w, https:\/\/adcotrading.eu\/app\/uploads\/2025\/11\/image009-300x140.webp 300w, https:\/\/adcotrading.eu\/app\/uploads\/2025\/11\/image009-768x358.webp 768w\" \/><figcaption class=\"wp-element-caption\">B: Carga ineficiente: el espacio desperdiciado aumenta los costes y el impacto ambiental.<\/figcaption><\/figure>\n<\/div>\n\n\n\n<h3 class=\"wp-block-heading\">Tipos de contenedores<\/h3>\n\n\n\n<p>Existen varios tipos de contenedores y vol\u00famenes, pero para los importadores de la mayor\u00eda de los productos, estos son los m\u00e1s relevantes:<\/p>\n\n\n\n<p><strong>20 ft DC<\/strong> (Dry Container): contenedor est\u00e1ndar de 20 pies (6 m). Volumen \u00fatil: aprox. 28 m\u00b3.<\/p>\n\n\n\n<p><strong>40 ft DC<\/strong> (Dry Container): contenedor est\u00e1ndar de 40 pies (12 m). Volumen \u00fatil: aprox. 57 m\u00b3.<\/p>\n\n\n\n<p><strong>40 ft HC<\/strong> (High Cube): contenedor de altura superior a los 40 pies (12 m). Volumen \u00fatil: aprox. 67 m\u00b3.<\/p>\n<\/div><\/div>\n\n<div class=\"wp-block-group alignwide has-ice-blue-background-color has-background is-layout-flow wp-block-group-is-layout-flow\" style=\"border-radius:16px;margin-top:var(--wp--preset--spacing--80);margin-bottom:var(--wp--preset--spacing--80)\">\n<h2 class=\"wp-block-heading has-ember-color has-text-color has-link-color wp-elements-08843802ebfa8a835135d362ad324f73\">Conozca la terminolog\u00eda para controlar el flujo<\/h2>\n\n\n\n<p>El transporte puede ser f\u00e1cil: conozca la terminolog\u00eda y los plazos para que sus mercanc\u00edas lleguen a su destino sin problemas de principio a fin. Tanto si gestionamos el env\u00edo puerta a puerta como si nos encargamos de la entrega seg\u00fan sus condiciones, nuestro objetivo es el mismo: una log\u00edstica fiable y predecible.<\/p>\n\n\n\n<div class=\"wp-block-group alignwide is-layout-grid wp-container-core-group-is-layout-29271053 wp-block-group-is-layout-grid\">\n<div class=\"wp-block-group is-content-justification-left is-layout-constrained wp-container-core-group-is-layout-da852618 wp-block-group-is-layout-constrained\">\n<h3 class=\"wp-block-heading\">Incoterms\u00a0<\/h3>\n\n\n\n<p>Los Incoterms (T\u00e9rminos Comerciales Internacionales) son reglas de comercio internacional que definen las responsabilidades de compradores y vendedores a lo largo del proceso de env\u00edo. En ellos se especifica qui\u00e9n cubre el transporte, el seguro y los costes relacionados; d\u00f3nde se realiza la entrega o el traslado de las mercanc\u00edas; si se incluyen la carga y la descarga; y en qu\u00e9 momento el riesgo pasa del vendedor al comprador. Comprender el Incoterm elegido garantiza que ambas partes tengan una comprensi\u00f3n clara de sus obligaciones, costes y responsabilidades, lo que reduce el riesgo de malentendidos y retrasos.\u00a0<\/p>\n\n\n\n<p>A continuaci\u00f3n se presentan los Incoterms m\u00e1s utilizados, que muestran c\u00f3mo se comparten las responsabilidades y obligaciones entre comprador y vendedor.<\/p>\n\n\n\n<ul class=\"wp-block-list\">\n<li><strong>EXW<\/strong> (<i>Ex Works<\/i>, en f\u00e1brica): <strong>lugar designado<\/strong> <br\/>Una vez que el vendedor haya puesto la mercanc\u00eda a su disposici\u00f3n en el lugar y la hora acordados, por ejemplo, en el almac\u00e9n del vendedor, el comprador se har\u00e1 cargo de todos los costes y riesgos.<\/li>\n\n\n\n<li><strong>FOB<\/strong> (<i>Free On Board<\/i>, franco a bordo): <strong>puerto de carga designado<\/strong><br\/>El vendedor corre con todos los gastos y riesgos hasta que la mercanc\u00eda sea cargada en el buque.\u00a0Tras ello, la responsabilidad se transfiere al comprador. \u00a0<\/li>\n\n\n\n<li><strong>DDP<\/strong> (<i>Delivered Duty Paid<\/i>, entregado con derechos pagados): <strong>lugar de destino designado<\/strong><br\/>El vendedor cubre todos los costes y riesgos hasta que la mercanc\u00eda sea entregada en el destino acordado. El comprador asume la responsabilidad una vez que la mercanc\u00eda est\u00e9 disponible para su descarga en el punto de entrega final.\u00a0<\/li>\n<\/ul>\n<\/div>\n\n\n\n<div class=\"wp-block-group wp-container-content-b4c5012d is-layout-constrained wp-block-group-is-layout-constrained\">\n<h3 class=\"wp-block-heading\">Reservas de transporte mar\u00edtimo<\/h3>\n\n\n\n<p>El transporte mar\u00edtimo requiere de anticipaci\u00f3n en la planificaci\u00f3n para asegurar el espacio y cumplir con los plazos previstos.<br\/>Las reservas suelen realizarse con cinco o seis semanas de antelaci\u00f3n.<\/p>\n\n\n\n<p><strong><i>Cut-off<\/i><\/strong> (Cierre): fechas l\u00edmite para la documentaci\u00f3n y la llegada de los contenedores al puerto.<\/p>\n\n\n\n<p><strong>ETD<\/strong> (<i>Estimated Time of Departure<\/i>, hora estimada de salida): fecha de salida prevista.<\/p>\n\n\n\n<p><strong>ETA<\/strong> (<i>Estimated Time of Arrival<\/i>, hora estimada de llegada): fecha de llegada prevista.<\/p>\n\n\n\n<p><\/p>\n\n\n\n<p><\/p>\n<\/div>\n\n\n\n<div class=\"wp-block-group is-layout-constrained wp-block-group-is-layout-constrained\">\n<h3 class=\"wp-block-heading\">Documentaci\u00f3n esencial<\/h3>\n\n\n\n<p>Est\u00e9 al tanto de los documentos necesarios para el env\u00edo. Estos son algunos de los m\u00e1s importantes:<\/p>\n\n\n\n<p><strong>BL<\/strong> (<i>Bill of Lading<\/i>, conocimiento de embarque): contrato y prueba de propiedad entre el remitente y el transportista.<\/p>\n\n\n\n<p><strong>CI<\/strong> (<i>Commercial Invoice<\/i>, factura comercial): factura de la transacci\u00f3n o factura proforma.<\/p>\n\n\n\n<p><strong>PL<\/strong> (<i>Packing List<\/i>, lista de empaque): listado de los art\u00edculos empacados en el env\u00edo.\u00a0<\/p>\n<\/div>\n\n\n\n<div class=\"wp-block-group is-layout-constrained wp-block-group-is-layout-constrained\">\n<h3 class=\"wp-block-heading\">Desaf\u00edos log\u00edsticos<\/h3>\n\n\n\n<p>Ejemplos de circunstancias que pueden afectar el tiempo de entrega y los costes de env\u00edo:<\/p>\n\n\n\n<ul class=\"wp-block-list\">\n<li><strong>Factores externos<\/strong>: la climatolog\u00eda, las huelgas o la generalizaci\u00f3n de enfermedades pueden alterar los horarios y provocar retrasos inesperados durante la ruta de transporte.<\/li>\n\n\n\n<li><strong>Transbordos<\/strong>: en ocasiones, las mercanc\u00edas se transfieren entre buques durante el trayecto.\u00a0La ausencia de buque de enlace (el buque m\u00e1s peque\u00f1o que sirve de conexi\u00f3n) puede retrasar el env\u00edo varias semanas.<\/li>\n\n\n\n<li>te<strong>Capacidad portuaria<\/strong>: no todos los puertos pueden gestionar buques de gran tama\u00f1o o grandes vol\u00famenes de carga, lo que puede requerir cambios de ruta o provocar tiempos de espera.<\/li>\n\n\n\n<li><strong>Escasez de contenedores<\/strong>: la falta de contenedores disponibles puede provocar un aumento de los costes de flete y una prolongaci\u00f3n de los plazos de entrega.\u00a0<\/li>\n\n\n\n<li><strong>Limitaciones de espacio<\/strong>: el <i>overbooking<\/i> de plazas en los buques y la alta demanda estacional pueden retrasar las fechas de salida y afectar la previsibilidad de las entregas.<\/li>\n\n\n\n<li><strong>Variaciones estacionales<\/strong>: los per\u00edodos de mayor demanda, como el A\u00f1o Nuevo Chino o la Navidad, ejercen una presi\u00f3n adicional sobre la capacidad de producci\u00f3n y env\u00edo, lo que a menudo resulta en plazos de entrega m\u00e1s largos y mayores costes de transporte.<\/li>\n<\/ul>\n<\/div>\n<\/div>\n\n\n\n<div class=\"wp-block-columns alignwide is-layout-flex wp-container-core-columns-is-layout-dc63b7a3 wp-block-columns-is-layout-flex\" style=\"margin-top:var(--wp--preset--spacing--60)\">\n<div class=\"wp-block-column is-layout-flow wp-block-column-is-layout-flow\">\n<h3 class=\"wp-block-heading\">Tiempos de tr\u00e1nsito desde Ciudad Ho Chi Minh<\/h3>\n\n\n\n<p>En este mapa se muestran los tiempos previstos de tr\u00e1nsito mar\u00edtimo, en d\u00edas, desde Ciudad Ho Chi Minh, desde donde se env\u00edan nuestras bolsas, hasta los principales puertos europeos. La duraci\u00f3n del tr\u00e1nsito depende de la ruta, el tipo de buque y el destino, as\u00ed como de la demanda estacional y las condiciones externas. Si bien los plazos pueden variar, esta descripci\u00f3n general ofrece una indicaci\u00f3n \u00fatil del tiempo que suelen tardar los env\u00edos en circunstancias normales. Tener en cuenta estos plazos de entrega permite una mejor planificaci\u00f3n, entregas m\u00e1s fiables y un rendimiento log\u00edstico general m\u00e1s s\u00f3lido.<\/p>\n<\/div>\n\n\n\n<div class=\"wp-block-column is-layout-flow wp-block-column-is-layout-flow\">\n<div class=\"hotspots-image-block wp-block\" id=\"block_de29c04c53c737f7309949f0978894de\">\n\n    <figure><img loading=\"lazy\" decoding=\"async\" width=\"1734\" height=\"1380\" src=\"https:\/\/adcotrading.eu\/app\/uploads\/2025\/12\/shipping.webp\" class=\"attachment-full size-full not-transparent\" alt=\"\" srcset=\"https:\/\/adcotrading.eu\/app\/uploads\/2025\/12\/shipping.webp 1734w, https:\/\/adcotrading.eu\/app\/uploads\/2025\/12\/shipping-300x239.webp 300w, https:\/\/adcotrading.eu\/app\/uploads\/2025\/12\/shipping-1024x815.webp 1024w, https:\/\/adcotrading.eu\/app\/uploads\/2025\/12\/shipping-768x611.webp 768w, https:\/\/adcotrading.eu\/app\/uploads\/2025\/12\/shipping-1536x1222.webp 1536w\" sizes=\"auto, (max-width: 1734px) 100vw, 1734px\" data-has-transparency=\"false\" data-dominant-color=\"f3f2ee\" style=\"--dominant-color: #f3f2ee;\" \/><button data-tippy=\"true\" data-hotspot-id=\"0\" style=\"left: 46.45%; top: 13.79%;\"><\/button><button data-tippy=\"true\" data-hotspot-id=\"1\" style=\"left: 64.84%; top: 24.13%;\"><\/button><button data-tippy=\"true\" data-hotspot-id=\"2\" style=\"left: 59.68%; top: 29.4%;\"><\/button><button data-tippy=\"true\" data-hotspot-id=\"3\" style=\"left: 43.39%; top: 34.67%;\"><\/button><button data-tippy=\"true\" data-hotspot-id=\"4\" style=\"left: 33.06%; top: 38.52%;\"><\/button><button data-tippy=\"true\" data-hotspot-id=\"5\" style=\"left: 25.32%; top: 39.74%;\"><\/button><button data-tippy=\"true\" data-hotspot-id=\"6\" style=\"left: 27.58%; top: 43.59%;\"><\/button><button data-tippy=\"true\" data-hotspot-id=\"7\" style=\"left: 16.13%; top: 71.36%;\"><\/button><button data-tippy=\"true\" data-hotspot-id=\"8\" style=\"left: 22.58%; top: 84.54%;\"><\/button><button data-tippy=\"true\" data-hotspot-id=\"9\" style=\"left: 40.32%; top: 68.32%;\"><\/button><button data-tippy=\"true\" data-hotspot-id=\"10\" style=\"left: 70.48%; top: 89.61%;\"><\/button><\/figure>\n<\/div><\/div>\n<\/div>\n<\/div>\n","protected":false},"excerpt":{"rendered":"<p>Conozca la terminolog\u00eda para controlar el flujo El transporte puede ser f\u00e1cil: conozca la terminolog\u00eda y los plazos para que sus mercanc\u00edas lleguen a su destino sin problemas de principio a fin. Tanto si gestionamos el env\u00edo puerta a puerta como si nos encargamos de la entrega seg\u00fan sus condiciones, nuestro objetivo es el mismo: [&hellip;]<\/p>\n","protected":false},"author":2,"featured_media":0,"parent":0,"menu_order":0,"comment_status":"closed","ping_status":"closed","template":"","meta":{"_acf_changed":false,"footnotes":""},"class_list":["post-1125","page","type-page","status-publish","hentry"],"acf":[],"yoast_head":"<!-- This site is optimized with the Yoast SEO plugin v27.4 - https:\/\/yoast.com\/product\/yoast-seo-wordpress\/ -->\n<title>Gu\u00eda de log\u00edstica - AD CO. trading<\/title>\n<meta name=\"description\" content=\"Transporte m\u00e1s inteligente gracias al conocimiento Conceptos b\u00e1sicos del transporte El mundo de la log\u00edstica tiene su propio lenguaje, con sus propios\" \/>\n<meta name=\"robots\" content=\"index, follow, max-snippet:-1, max-image-preview:large, max-video-preview:-1\" \/>\n<link rel=\"canonical\" href=\"https:\/\/adcotrading.eu\/es\/guia-de-logistica\/\" \/>\n<meta property=\"og:locale\" content=\"es_ES\" \/>\n<meta property=\"og:type\" content=\"article\" \/>\n<meta property=\"og:title\" content=\"Gu\u00eda de log\u00edstica - AD CO. trading\" \/>\n<meta property=\"og:description\" content=\"Transporte m\u00e1s inteligente gracias al conocimiento Conceptos b\u00e1sicos del transporte El mundo de la log\u00edstica tiene su propio lenguaje, con sus propios\" \/>\n<meta property=\"og:url\" content=\"https:\/\/adcotrading.eu\/es\/guia-de-logistica\/\" \/>\n<meta property=\"og:site_name\" content=\"AD CO. trading\" \/>\n<meta property=\"article:modified_time\" content=\"2026-04-15T13:04:51+00:00\" \/>\n<meta property=\"og:image\" content=\"https:\/\/adcotrading.eu\/app\/uploads\/2025\/11\/maersk-line-4-1.webp\" \/>\n\t<meta property=\"og:image:width\" content=\"2560\" \/>\n\t<meta property=\"og:image:height\" content=\"1762\" \/>\n\t<meta property=\"og:image:type\" content=\"image\/jpeg\" \/>\n<meta name=\"twitter:card\" content=\"summary_large_image\" \/>\n<meta name=\"twitter:label1\" content=\"Est. reading time\" \/>\n\t<meta name=\"twitter:data1\" content=\"6 minutes\" \/>\n<script type=\"application\/ld+json\" class=\"yoast-schema-graph\">{\"@context\":\"https:\\\/\\\/schema.org\",\"@graph\":[{\"@type\":\"WebPage\",\"@id\":\"https:\\\/\\\/adcotrading.eu\\\/es\\\/guia-de-logistica\\\/\",\"url\":\"https:\\\/\\\/adcotrading.eu\\\/es\\\/guia-de-logistica\\\/\",\"name\":\"Gu\u00eda de log\u00edstica - AD CO. trading\",\"isPartOf\":{\"@id\":\"https:\\\/\\\/adcotrading.eu\\\/es\\\/#website\"},\"primaryImageOfPage\":{\"@id\":\"https:\\\/\\\/adcotrading.eu\\\/es\\\/guia-de-logistica\\\/#primaryimage\"},\"image\":{\"@id\":\"https:\\\/\\\/adcotrading.eu\\\/es\\\/guia-de-logistica\\\/#primaryimage\"},\"thumbnailUrl\":\"http:\\\/\\\/adcotrading.eu\\\/app\\\/uploads\\\/2025\\\/11\\\/maersk-line-4-1.webp\",\"datePublished\":\"2025-10-23T14:36:46+00:00\",\"dateModified\":\"2026-04-15T13:04:51+00:00\",\"description\":\"Transporte m\u00e1s inteligente gracias al conocimiento Conceptos b\u00e1sicos del transporte El mundo de la log\u00edstica tiene su propio lenguaje, con sus propios\",\"breadcrumb\":{\"@id\":\"https:\\\/\\\/adcotrading.eu\\\/es\\\/guia-de-logistica\\\/#breadcrumb\"},\"inLanguage\":\"es-ES\",\"potentialAction\":[{\"@type\":\"ReadAction\",\"target\":[\"https:\\\/\\\/adcotrading.eu\\\/es\\\/guia-de-logistica\\\/\"]}]},{\"@type\":\"ImageObject\",\"inLanguage\":\"es-ES\",\"@id\":\"https:\\\/\\\/adcotrading.eu\\\/es\\\/guia-de-logistica\\\/#primaryimage\",\"url\":\"http:\\\/\\\/adcotrading.eu\\\/app\\\/uploads\\\/2025\\\/11\\\/maersk-line-4-1.webp\",\"contentUrl\":\"http:\\\/\\\/adcotrading.eu\\\/app\\\/uploads\\\/2025\\\/11\\\/maersk-line-4-1.webp\"},{\"@type\":\"BreadcrumbList\",\"@id\":\"https:\\\/\\\/adcotrading.eu\\\/es\\\/guia-de-logistica\\\/#breadcrumb\",\"itemListElement\":[{\"@type\":\"ListItem\",\"position\":1,\"name\":\"Home\",\"item\":\"https:\\\/\\\/adcotrading.eu\\\/es\\\/\"},{\"@type\":\"ListItem\",\"position\":2,\"name\":\"Gu\u00eda de log\u00edstica\"}]},{\"@type\":\"WebSite\",\"@id\":\"https:\\\/\\\/adcotrading.eu\\\/es\\\/#website\",\"url\":\"https:\\\/\\\/adcotrading.eu\\\/es\\\/\",\"name\":\"AD CO. trading\",\"description\":\"\",\"potentialAction\":[{\"@type\":\"SearchAction\",\"target\":{\"@type\":\"EntryPoint\",\"urlTemplate\":\"https:\\\/\\\/adcotrading.eu\\\/es\\\/?s={search_term_string}\"},\"query-input\":{\"@type\":\"PropertyValueSpecification\",\"valueRequired\":true,\"valueName\":\"search_term_string\"}}],\"inLanguage\":\"es-ES\"}]}<\/script>\n<!-- \/ Yoast SEO plugin. -->","yoast_head_json":{"title":"Gu\u00eda de log\u00edstica - AD CO. trading","description":"Transporte m\u00e1s inteligente gracias al conocimiento Conceptos b\u00e1sicos del transporte El mundo de la log\u00edstica tiene su propio lenguaje, con sus propios","robots":{"index":"index","follow":"follow","max-snippet":"max-snippet:-1","max-image-preview":"max-image-preview:large","max-video-preview":"max-video-preview:-1"},"canonical":"https:\/\/adcotrading.eu\/es\/guia-de-logistica\/","og_locale":"es_ES","og_type":"article","og_title":"Gu\u00eda de log\u00edstica - AD CO. trading","og_description":"Transporte m\u00e1s inteligente gracias al conocimiento Conceptos b\u00e1sicos del transporte El mundo de la log\u00edstica tiene su propio lenguaje, con sus propios","og_url":"https:\/\/adcotrading.eu\/es\/guia-de-logistica\/","og_site_name":"AD CO. trading","article_modified_time":"2026-04-15T13:04:51+00:00","og_image":[{"width":2560,"height":1762,"url":"https:\/\/adcotrading.eu\/app\/uploads\/2025\/11\/maersk-line-4-1.webp","type":"image\/jpeg"}],"twitter_card":"summary_large_image","twitter_misc":{"Est. reading time":"6 minutes"},"schema":{"@context":"https:\/\/schema.org","@graph":[{"@type":"WebPage","@id":"https:\/\/adcotrading.eu\/es\/guia-de-logistica\/","url":"https:\/\/adcotrading.eu\/es\/guia-de-logistica\/","name":"Gu\u00eda de log\u00edstica - AD CO. trading","isPartOf":{"@id":"https:\/\/adcotrading.eu\/es\/#website"},"primaryImageOfPage":{"@id":"https:\/\/adcotrading.eu\/es\/guia-de-logistica\/#primaryimage"},"image":{"@id":"https:\/\/adcotrading.eu\/es\/guia-de-logistica\/#primaryimage"},"thumbnailUrl":"http:\/\/adcotrading.eu\/app\/uploads\/2025\/11\/maersk-line-4-1.webp","datePublished":"2025-10-23T14:36:46+00:00","dateModified":"2026-04-15T13:04:51+00:00","description":"Transporte m\u00e1s inteligente gracias al conocimiento Conceptos b\u00e1sicos del transporte El mundo de la log\u00edstica tiene su propio lenguaje, con sus propios","breadcrumb":{"@id":"https:\/\/adcotrading.eu\/es\/guia-de-logistica\/#breadcrumb"},"inLanguage":"es-ES","potentialAction":[{"@type":"ReadAction","target":["https:\/\/adcotrading.eu\/es\/guia-de-logistica\/"]}]},{"@type":"ImageObject","inLanguage":"es-ES","@id":"https:\/\/adcotrading.eu\/es\/guia-de-logistica\/#primaryimage","url":"http:\/\/adcotrading.eu\/app\/uploads\/2025\/11\/maersk-line-4-1.webp","contentUrl":"http:\/\/adcotrading.eu\/app\/uploads\/2025\/11\/maersk-line-4-1.webp"},{"@type":"BreadcrumbList","@id":"https:\/\/adcotrading.eu\/es\/guia-de-logistica\/#breadcrumb","itemListElement":[{"@type":"ListItem","position":1,"name":"Home","item":"https:\/\/adcotrading.eu\/es\/"},{"@type":"ListItem","position":2,"name":"Gu\u00eda de log\u00edstica"}]},{"@type":"WebSite","@id":"https:\/\/adcotrading.eu\/es\/#website","url":"https:\/\/adcotrading.eu\/es\/","name":"AD CO. trading","description":"","potentialAction":[{"@type":"SearchAction","target":{"@type":"EntryPoint","urlTemplate":"https:\/\/adcotrading.eu\/es\/?s={search_term_string}"},"query-input":{"@type":"PropertyValueSpecification","valueRequired":true,"valueName":"search_term_string"}}],"inLanguage":"es-ES"}]}},"_links":{"self":[{"href":"https:\/\/adcotrading.eu\/es\/wp-json\/wp\/v2\/pages\/1125","targetHints":{"allow":["GET"]}}],"collection":[{"href":"https:\/\/adcotrading.eu\/es\/wp-json\/wp\/v2\/pages"}],"about":[{"href":"https:\/\/adcotrading.eu\/es\/wp-json\/wp\/v2\/types\/page"}],"author":[{"embeddable":true,"href":"https:\/\/adcotrading.eu\/es\/wp-json\/wp\/v2\/users\/2"}],"replies":[{"embeddable":true,"href":"https:\/\/adcotrading.eu\/es\/wp-json\/wp\/v2\/comments?post=1125"}],"version-history":[{"count":9,"href":"https:\/\/adcotrading.eu\/es\/wp-json\/wp\/v2\/pages\/1125\/revisions"}],"predecessor-version":[{"id":1560,"href":"https:\/\/adcotrading.eu\/es\/wp-json\/wp\/v2\/pages\/1125\/revisions\/1560"}],"wp:attachment":[{"href":"https:\/\/adcotrading.eu\/es\/wp-json\/wp\/v2\/media?parent=1125"}],"curies":[{"name":"wp","href":"https:\/\/api.w.org\/{rel}","templated":true}]}}