{"id":1129,"date":"2025-10-23T14:35:53","date_gmt":"2025-10-23T14:35:53","guid":{"rendered":"https:\/\/adcotrading.eu\/la-sostenibilidad-ante-todo\/"},"modified":"2026-04-22T17:55:44","modified_gmt":"2026-04-22T17:55:44","slug":"la-sostenibilidad-ante-todo","status":"publish","type":"page","link":"https:\/\/adcotrading.eu\/es\/la-sostenibilidad-ante-todo\/","title":{"rendered":"La sostenibilidad ante todo"},"content":{"rendered":"\n<div class=\"wp-block-cover alignfull has-custom-content-position is-position-center-left adco-cover-block\" style=\"margin-top:0;margin-bottom:0;min-height:70vh;aspect-ratio:unset;\"><img loading=\"lazy\" decoding=\"async\" width=\"1024\" height=\"683\" sizes=\"auto, (max-width: 1024px) 100vw, 1024px\" class=\"wp-block-cover__image-background wp-image-475 size-large\" alt=\"\" src=\"http:\/\/adcotrading.eu\/app\/uploads\/2025\/11\/ChatGPT-Image-24-okt.-2025-15_00_31-1024x683.avif\" style=\"object-position:64% 38%\" data-object-fit=\"cover\" data-object-position=\"64% 38%\" srcset=\"https:\/\/adcotrading.eu\/app\/uploads\/2025\/11\/ChatGPT-Image-24-okt.-2025-15_00_31-1024x683.avif 1024w, https:\/\/adcotrading.eu\/app\/uploads\/2025\/11\/ChatGPT-Image-24-okt.-2025-15_00_31-300x200.avif 300w, https:\/\/adcotrading.eu\/app\/uploads\/2025\/11\/ChatGPT-Image-24-okt.-2025-15_00_31-768x512.avif 768w, https:\/\/adcotrading.eu\/app\/uploads\/2025\/11\/ChatGPT-Image-24-okt.-2025-15_00_31.avif 1536w\" \/><span aria-hidden=\"true\" class=\"wp-block-cover__background has-black-background-color has-background-dim-0 has-background-dim\"><\/span><div class=\"wp-block-cover__inner-container is-layout-constrained wp-block-cover-is-layout-constrained\">\n<h1 class=\"wp-block-heading has-text-align-left\">El poder de querer<\/h1>\n<\/div><\/div>\n<div class=\"yoast-breadcrumbs\"><span><span><a href=\"https:\/\/adcotrading.eu\/es\/\">Home<\/a><\/span> \u00bb <span class=\"breadcrumb_last\" aria-current=\"page\">La sostenibilidad ante todo<\/span><\/span><\/div>\n<div class=\"wp-block-columns alignwide is-layout-flex wp-container-core-columns-is-layout-28f84493 wp-block-columns-is-layout-flex\">\n<div class=\"wp-block-column is-layout-constrained wp-block-column-is-layout-constrained\" style=\"flex-basis:60%\">\n<h2 class=\"wp-block-heading\">Nuestro camino hacia la sostenibilidad<\/h2>\n\n\n\n<p>La sostenibilidad forma parte de nuestra identidad desde nuestros inicios. Pero para nosotros nunca se ha tratado de acumular t\u00edtulos, sino m\u00e1s bien de asumir una mayor responsabilidad: estar presentes y ver la realidad con nuestros propios ojos. Por eso, durante todos estos a\u00f1os, hemos visitado personalmente a nuestros proveedores y hemos establecido relaciones que nos permiten tener la certeza absoluta de que todo est\u00e1 en orden, no solo sobre el papel con los sellos oficiales, sino tambi\u00e9n en la vida real.<\/p>\n\n\n\n<p>A principios de la d\u00e9cada de <strong>2000<\/strong>, decidimos obtener la certificaci\u00f3n de Svensk Milj\u00f6bas para estructurar y clarificar nuestro trabajo en materia medioambiental. Lo que en un principio se centraba en nuestras propias operaciones se ha convertido desde entonces en un sistema integral que abarca toda la cadena de valor, incluida la responsabilidad social dentro de nuestra red de proveedores. Trabajamos con objetivos claros en \u00e1mbitos como las compras, el transporte, el reciclaje y la gesti\u00f3n de residuos, y evaluamos anualmente los avances mediante controles internos y auditor\u00edas externas.<\/p>\n\n\n\n<p>Ya en <strong>2004<\/strong> publicamos nuestro primer informe de sostenibilidad. Fuimos pioneros en materia de responsabilidad social empresarial (RSE) y abordamos de forma activa cuestiones que, en aquel momento, distaban mucho de ser habituales en muchos pa\u00edses productores, como las salidas de emergencia seguras, los horarios de trabajo razonables y la adecuada remuneraci\u00f3n de las horas extras.<br \/>Como parte de este trabajo, elaboramos nuestro propio manual de RSE basado en nuestro C\u00f3digo de Conducta y transmitimos un mensaje claro: \u00abLos precios bajos tambi\u00e9n tienen un precio\u00bb. Para asegurarnos de que llegara realmente a su p\u00fablico, tradujimos el manual al chino. Durante muchos a\u00f1os, hemos trabajado intensamente en la realizaci\u00f3n de inspecciones internas, la sensibilizaci\u00f3n cultural y las iniciativas de mejora a largo plazo.<\/p>\n\n\n\n<p>En <strong>2011<\/strong> llevamos a cabo nuestra primera auditor\u00eda externa de responsabilidad social y, desde entonces, hemos evaluado nuestras f\u00e1bricas cada a\u00f1o, tanto mediante controles internos como a trav\u00e9s de auditor\u00edas externas independientes. En los \u00faltimos a\u00f1os, este trabajo se ha reforzado a\u00fan m\u00e1s gracias a nuestra pertenencia a BSCI\/amfori, donde nuestros proveedores son evaluados de acuerdo con normas internacionales en materia de condiciones laborales y responsabilidad \u00e9tica.<\/p>\n\n\n\n<p>El siguiente paso importante se dio en <strong>2014<\/strong>, cuando completamos un inventario exhaustivo de nuestro cat\u00e1logo de productos basado en su composici\u00f3n qu\u00edmica. En colaboraci\u00f3n con nuestro asesor qu\u00edmico, hemos sometido nuestros productos a pruebas exhaustivas en laboratorios profesionales, no solo de acuerdo con los requisitos est\u00e1ndar, sino tambi\u00e9n mediante an\u00e1lisis personalizados basados en los materiales y el perfil de riesgo espec\u00edficos de cada producto. Aplicamos un enfoque integral y preventivo a nuestro trabajo que no solo tiene en cuenta la normativa actual, sino tambi\u00e9n la futura.<\/p>\n\n\n\n<p>Nuestros esfuerzos a largo plazo empezaron tambi\u00e9n a granjearse el reconocimiento externo. En <strong>2015<\/strong>, fuimos nombrados \u00abProveedor del A\u00f1o\u00bb por el sector de los art\u00edculos promocionales.<\/p>\n\n\n\n<p>En <strong>2017<\/strong>, recibimos el premio a la \u00abIniciativa del A\u00f1o\u00bb otorgado por el Ayuntamiento de J\u00f6nk\u00f6ping. Extracto de la motivaci\u00f3n expuesta: \u00abAD Company es una empresa de nuestro tiempo que demuestra claramente que es posible alcanzar el \u00e9xito comercial bas\u00e1ndose en la sostenibilidad y la responsabilidad social\u00bb.<\/p>\n\n\n\n<p>Seguimos avanzando por el mismo camino y profundizando en nuestro trabajo en materia de trazabilidad. La mayor\u00eda de nuestros proveedores llevan d\u00e9cadas colaborando con nosotros, lo que facilita el cumplimiento de las crecientes exigencias de transparencia. A finales de <strong>2022<\/strong>, ampliamos nuestra responsabilidad para incluir no solo a los principales productores, sino tambi\u00e9n a los actores que intervienen en el suministro de materias primas y componentes. Esto nos proporciona una perspectiva m\u00e1s amplia y un control m\u00e1s estricto, as\u00ed como una mayor capacidad para influir en cada etapa, desde la materia prima hasta el producto acabado.<\/p>\n\n\n\n<p>En <strong>2023<\/strong>, iniciamos un c\u00e1lculo exhaustivo de la huella de carbono de toda nuestra empresa mediante la aplicaci\u00f3n del m\u00e9todo GHG (Protocolo de Gases de Efecto Invernadero). A d\u00eda de hoy, hacemos un seguimiento anual del impacto clim\u00e1tico de cada producto concreto en los tres \u00e1mbitos del Protocolo de Gases de Efecto Invernadero.<\/p>\n\n\n\n<p>En <strong>2024<\/strong> empezamos a sustituir los materiales convencionales por materiales reciclados en todas nuestras nuevas compras, una medida concreta que reduce nuestra huella clim\u00e1tica y nos permite seguir avanzando en nuestra asunci\u00f3n de responsabilidades.<\/p>\n\n\n\n<p>En <strong>2025<\/strong> daremos otro paso importante: nos convertiremos en el primer importador de Suecia, y probablemente de Europa, en ofrecer una amplia gama de productos libres de PFAS fabricados con materiales reciclados. Las investigaciones no dejan lugar a dudas: Los PFAS plantean riesgos documentados tanto para la salud humana como para el medioambiente, y nos tomamos este dato muy en serio.<\/p>\n\n\n\n<p>No esperamos a que la legislaci\u00f3n o la lentitud en la toma de decisiones nos afecten. Actuamos ahora, tal y como siempre hemos hecho en todos los \u00e1mbitos de nuestro trabajo en materia de sostenibilidad.<\/p>\n<\/div>\n\n\n\n<div class=\"wp-block-column is-layout-flow wp-block-column-is-layout-flow\" style=\"flex-basis:30%\">\n<div class=\"wp-block-group alignwide is-layout-constrained wp-block-group-is-layout-constrained\">\n<h3 class=\"wp-block-heading alignwide\">Our sustainability initiatives<\/h3>\n\n\n\n<div class=\"sustainable-entrances-block alignwide wp-block\" id=\"block_c11917c284d8eb367fcb0d79c2267dda\">\n\n    <div class=\"link-items\">\n            <a href=\"http:\/\/adcotrading.eu\/sustainability-first\/social-responsibility\/\">\n            <figure><img loading=\"lazy\" decoding=\"async\" width=\"955\" height=\"601\" src=\"https:\/\/adcotrading.eu\/app\/uploads\/2025\/10\/Our-Social-Responsibility.avif\" class=\"attachment-full size-full\" alt=\"\" srcset=\"https:\/\/adcotrading.eu\/app\/uploads\/2025\/10\/Our-Social-Responsibility.avif 955w, https:\/\/adcotrading.eu\/app\/uploads\/2025\/10\/Our-Social-Responsibility-300x189.avif 300w, https:\/\/adcotrading.eu\/app\/uploads\/2025\/10\/Our-Social-Responsibility-768x483.avif 768w\" sizes=\"auto, (max-width: 955px) 100vw, 955px\" \/>                <figcaption>Social Responsibility<\/figcaption>\n            <\/figure>\n        <\/a>\n            <a href=\"http:\/\/adcotrading.eu\/sustainability-first\/carbon-footprint\/\">\n            <figure><img loading=\"lazy\" decoding=\"async\" width=\"955\" height=\"600\" src=\"https:\/\/adcotrading.eu\/app\/uploads\/2025\/10\/Carbon-Footprint.avif\" class=\"attachment-full size-full\" alt=\"\" srcset=\"https:\/\/adcotrading.eu\/app\/uploads\/2025\/10\/Carbon-Footprint.avif 955w, https:\/\/adcotrading.eu\/app\/uploads\/2025\/10\/Carbon-Footprint-300x188.avif 300w, https:\/\/adcotrading.eu\/app\/uploads\/2025\/10\/Carbon-Footprint-768x483.avif 768w\" sizes=\"auto, (max-width: 955px) 100vw, 955px\" \/>                <figcaption>Carbon Footprint<\/figcaption>\n            <\/figure>\n        <\/a>\n            <a href=\"http:\/\/adcotrading.eu\/sustainability-first\/responsible-chemical-management\/\">\n            <figure><img loading=\"lazy\" decoding=\"async\" width=\"956\" height=\"602\" src=\"https:\/\/adcotrading.eu\/app\/uploads\/2025\/10\/Responsible-Chemical-Management.avif\" class=\"attachment-full size-full\" alt=\"\" srcset=\"https:\/\/adcotrading.eu\/app\/uploads\/2025\/10\/Responsible-Chemical-Management.avif 956w, https:\/\/adcotrading.eu\/app\/uploads\/2025\/10\/Responsible-Chemical-Management-300x189.avif 300w, https:\/\/adcotrading.eu\/app\/uploads\/2025\/10\/Responsible-Chemical-Management-768x484.avif 768w\" sizes=\"auto, (max-width: 956px) 100vw, 956px\" \/>                <figcaption>Responsible Chemical Management<\/figcaption>\n            <\/figure>\n        <\/a>\n            <a href=\"http:\/\/adcotrading.eu\/sustainability-first\/traceable\/\">\n            <figure><img loading=\"lazy\" decoding=\"async\" width=\"2560\" height=\"1707\" src=\"https:\/\/adcotrading.eu\/app\/uploads\/2025\/12\/PET-bild.webp\" class=\"attachment-full size-full not-transparent\" alt=\"\" srcset=\"https:\/\/adcotrading.eu\/app\/uploads\/2025\/12\/PET-bild.webp 2560w, https:\/\/adcotrading.eu\/app\/uploads\/2025\/12\/PET-bild-300x200.webp 300w, https:\/\/adcotrading.eu\/app\/uploads\/2025\/12\/PET-bild-1024x683.webp 1024w, https:\/\/adcotrading.eu\/app\/uploads\/2025\/12\/PET-bild-768x512.webp 768w, https:\/\/adcotrading.eu\/app\/uploads\/2025\/12\/PET-bild-1536x1024.webp 1536w, https:\/\/adcotrading.eu\/app\/uploads\/2025\/12\/PET-bild-2048x1366.webp 2048w\" sizes=\"auto, (max-width: 2560px) 100vw, 2560px\" data-has-transparency=\"false\" data-dominant-color=\"8ddae6\" style=\"--dominant-color: #8ddae6;\" \/>                <figcaption>Supply Chain Traceability<\/figcaption>\n            <\/figure>\n        <\/a>\n        <\/div>\n\n<\/div><\/div>\n<\/div>\n<\/div>\n","protected":false},"excerpt":{"rendered":"<p>Nuestro camino hacia la sostenibilidad La sostenibilidad forma parte de nuestra identidad desde nuestros inicios. Pero para nosotros nunca se ha tratado de acumular t\u00edtulos, sino m\u00e1s bien de asumir una mayor responsabilidad: estar presentes y ver la realidad con nuestros propios ojos. Por eso, durante todos estos a\u00f1os, hemos visitado personalmente a nuestros proveedores [&hellip;]<\/p>\n","protected":false},"author":2,"featured_media":0,"parent":0,"menu_order":0,"comment_status":"closed","ping_status":"closed","template":"","meta":{"_acf_changed":false,"footnotes":""},"class_list":["post-1129","page","type-page","status-publish","hentry"],"acf":[],"yoast_head":"<!-- This site is optimized with the Yoast SEO plugin v27.4 - https:\/\/yoast.com\/product\/yoast-seo-wordpress\/ -->\n<title>La sostenibilidad ante todo - AD CO. trading<\/title>\n<meta name=\"description\" content=\"El poder de querer Nuestro camino hacia la sostenibilidad La sostenibilidad forma parte de nuestra identidad desde nuestros inicios. Pero para nosotros\" \/>\n<meta name=\"robots\" content=\"index, follow, max-snippet:-1, max-image-preview:large, max-video-preview:-1\" \/>\n<link rel=\"canonical\" href=\"https:\/\/adcotrading.eu\/es\/la-sostenibilidad-ante-todo\/\" \/>\n<meta property=\"og:locale\" content=\"es_ES\" \/>\n<meta property=\"og:type\" content=\"article\" \/>\n<meta property=\"og:title\" content=\"La sostenibilidad ante todo - AD CO. trading\" \/>\n<meta property=\"og:description\" content=\"El poder de querer Nuestro camino hacia la sostenibilidad La sostenibilidad forma parte de nuestra identidad desde nuestros inicios. Pero para nosotros\" \/>\n<meta property=\"og:url\" content=\"https:\/\/adcotrading.eu\/es\/la-sostenibilidad-ante-todo\/\" \/>\n<meta property=\"og:site_name\" content=\"AD CO. trading\" \/>\n<meta property=\"article:modified_time\" content=\"2026-04-22T17:55:44+00:00\" \/>\n<meta property=\"og:image\" content=\"https:\/\/adcotrading.eu\/app\/uploads\/2025\/11\/ChatGPT-Image-24-okt.-2025-15_00_31.avif\" \/>\n\t<meta property=\"og:image:width\" content=\"1536\" \/>\n\t<meta property=\"og:image:height\" content=\"1024\" \/>\n\t<meta property=\"og:image:type\" content=\"image\/png\" \/>\n<meta name=\"twitter:card\" content=\"summary_large_image\" \/>\n<meta name=\"twitter:label1\" content=\"Est. reading time\" \/>\n\t<meta name=\"twitter:data1\" content=\"4 minutes\" \/>\n<script type=\"application\/ld+json\" class=\"yoast-schema-graph\">{\"@context\":\"https:\\\/\\\/schema.org\",\"@graph\":[{\"@type\":\"WebPage\",\"@id\":\"https:\\\/\\\/adcotrading.eu\\\/es\\\/la-sostenibilidad-ante-todo\\\/\",\"url\":\"https:\\\/\\\/adcotrading.eu\\\/es\\\/la-sostenibilidad-ante-todo\\\/\",\"name\":\"La sostenibilidad ante todo - AD CO. trading\",\"isPartOf\":{\"@id\":\"https:\\\/\\\/adcotrading.eu\\\/es\\\/#website\"},\"primaryImageOfPage\":{\"@id\":\"https:\\\/\\\/adcotrading.eu\\\/es\\\/la-sostenibilidad-ante-todo\\\/#primaryimage\"},\"image\":{\"@id\":\"https:\\\/\\\/adcotrading.eu\\\/es\\\/la-sostenibilidad-ante-todo\\\/#primaryimage\"},\"thumbnailUrl\":\"http:\\\/\\\/adcotrading.eu\\\/app\\\/uploads\\\/2025\\\/11\\\/ChatGPT-Image-24-okt.-2025-15_00_31-1024x683.avif\",\"datePublished\":\"2025-10-23T14:35:53+00:00\",\"dateModified\":\"2026-04-22T17:55:44+00:00\",\"description\":\"El poder de querer Nuestro camino hacia la sostenibilidad La sostenibilidad forma parte de nuestra identidad desde nuestros inicios. Pero para nosotros\",\"breadcrumb\":{\"@id\":\"https:\\\/\\\/adcotrading.eu\\\/es\\\/la-sostenibilidad-ante-todo\\\/#breadcrumb\"},\"inLanguage\":\"es-ES\",\"potentialAction\":[{\"@type\":\"ReadAction\",\"target\":[\"https:\\\/\\\/adcotrading.eu\\\/es\\\/la-sostenibilidad-ante-todo\\\/\"]}]},{\"@type\":\"ImageObject\",\"inLanguage\":\"es-ES\",\"@id\":\"https:\\\/\\\/adcotrading.eu\\\/es\\\/la-sostenibilidad-ante-todo\\\/#primaryimage\",\"url\":\"http:\\\/\\\/adcotrading.eu\\\/app\\\/uploads\\\/2025\\\/11\\\/ChatGPT-Image-24-okt.-2025-15_00_31-1024x683.avif\",\"contentUrl\":\"http:\\\/\\\/adcotrading.eu\\\/app\\\/uploads\\\/2025\\\/11\\\/ChatGPT-Image-24-okt.-2025-15_00_31-1024x683.avif\"},{\"@type\":\"BreadcrumbList\",\"@id\":\"https:\\\/\\\/adcotrading.eu\\\/es\\\/la-sostenibilidad-ante-todo\\\/#breadcrumb\",\"itemListElement\":[{\"@type\":\"ListItem\",\"position\":1,\"name\":\"Home\",\"item\":\"https:\\\/\\\/adcotrading.eu\\\/es\\\/\"},{\"@type\":\"ListItem\",\"position\":2,\"name\":\"La sostenibilidad ante todo\"}]},{\"@type\":\"WebSite\",\"@id\":\"https:\\\/\\\/adcotrading.eu\\\/es\\\/#website\",\"url\":\"https:\\\/\\\/adcotrading.eu\\\/es\\\/\",\"name\":\"AD CO. trading\",\"description\":\"\",\"potentialAction\":[{\"@type\":\"SearchAction\",\"target\":{\"@type\":\"EntryPoint\",\"urlTemplate\":\"https:\\\/\\\/adcotrading.eu\\\/es\\\/?s={search_term_string}\"},\"query-input\":{\"@type\":\"PropertyValueSpecification\",\"valueRequired\":true,\"valueName\":\"search_term_string\"}}],\"inLanguage\":\"es-ES\"}]}<\/script>\n<!-- \/ Yoast SEO plugin. -->","yoast_head_json":{"title":"La sostenibilidad ante todo - AD CO. trading","description":"El poder de querer Nuestro camino hacia la sostenibilidad La sostenibilidad forma parte de nuestra identidad desde nuestros inicios. Pero para nosotros","robots":{"index":"index","follow":"follow","max-snippet":"max-snippet:-1","max-image-preview":"max-image-preview:large","max-video-preview":"max-video-preview:-1"},"canonical":"https:\/\/adcotrading.eu\/es\/la-sostenibilidad-ante-todo\/","og_locale":"es_ES","og_type":"article","og_title":"La sostenibilidad ante todo - AD CO. trading","og_description":"El poder de querer Nuestro camino hacia la sostenibilidad La sostenibilidad forma parte de nuestra identidad desde nuestros inicios. Pero para nosotros","og_url":"https:\/\/adcotrading.eu\/es\/la-sostenibilidad-ante-todo\/","og_site_name":"AD CO. trading","article_modified_time":"2026-04-22T17:55:44+00:00","og_image":[{"width":1536,"height":1024,"url":"https:\/\/adcotrading.eu\/app\/uploads\/2025\/11\/ChatGPT-Image-24-okt.-2025-15_00_31.avif","type":"image\/png"}],"twitter_card":"summary_large_image","twitter_misc":{"Est. reading time":"4 minutes"},"schema":{"@context":"https:\/\/schema.org","@graph":[{"@type":"WebPage","@id":"https:\/\/adcotrading.eu\/es\/la-sostenibilidad-ante-todo\/","url":"https:\/\/adcotrading.eu\/es\/la-sostenibilidad-ante-todo\/","name":"La sostenibilidad ante todo - AD CO. trading","isPartOf":{"@id":"https:\/\/adcotrading.eu\/es\/#website"},"primaryImageOfPage":{"@id":"https:\/\/adcotrading.eu\/es\/la-sostenibilidad-ante-todo\/#primaryimage"},"image":{"@id":"https:\/\/adcotrading.eu\/es\/la-sostenibilidad-ante-todo\/#primaryimage"},"thumbnailUrl":"http:\/\/adcotrading.eu\/app\/uploads\/2025\/11\/ChatGPT-Image-24-okt.-2025-15_00_31-1024x683.avif","datePublished":"2025-10-23T14:35:53+00:00","dateModified":"2026-04-22T17:55:44+00:00","description":"El poder de querer Nuestro camino hacia la sostenibilidad La sostenibilidad forma parte de nuestra identidad desde nuestros inicios. Pero para nosotros","breadcrumb":{"@id":"https:\/\/adcotrading.eu\/es\/la-sostenibilidad-ante-todo\/#breadcrumb"},"inLanguage":"es-ES","potentialAction":[{"@type":"ReadAction","target":["https:\/\/adcotrading.eu\/es\/la-sostenibilidad-ante-todo\/"]}]},{"@type":"ImageObject","inLanguage":"es-ES","@id":"https:\/\/adcotrading.eu\/es\/la-sostenibilidad-ante-todo\/#primaryimage","url":"http:\/\/adcotrading.eu\/app\/uploads\/2025\/11\/ChatGPT-Image-24-okt.-2025-15_00_31-1024x683.avif","contentUrl":"http:\/\/adcotrading.eu\/app\/uploads\/2025\/11\/ChatGPT-Image-24-okt.-2025-15_00_31-1024x683.avif"},{"@type":"BreadcrumbList","@id":"https:\/\/adcotrading.eu\/es\/la-sostenibilidad-ante-todo\/#breadcrumb","itemListElement":[{"@type":"ListItem","position":1,"name":"Home","item":"https:\/\/adcotrading.eu\/es\/"},{"@type":"ListItem","position":2,"name":"La sostenibilidad ante todo"}]},{"@type":"WebSite","@id":"https:\/\/adcotrading.eu\/es\/#website","url":"https:\/\/adcotrading.eu\/es\/","name":"AD CO. trading","description":"","potentialAction":[{"@type":"SearchAction","target":{"@type":"EntryPoint","urlTemplate":"https:\/\/adcotrading.eu\/es\/?s={search_term_string}"},"query-input":{"@type":"PropertyValueSpecification","valueRequired":true,"valueName":"search_term_string"}}],"inLanguage":"es-ES"}]}},"_links":{"self":[{"href":"https:\/\/adcotrading.eu\/es\/wp-json\/wp\/v2\/pages\/1129","targetHints":{"allow":["GET"]}}],"collection":[{"href":"https:\/\/adcotrading.eu\/es\/wp-json\/wp\/v2\/pages"}],"about":[{"href":"https:\/\/adcotrading.eu\/es\/wp-json\/wp\/v2\/types\/page"}],"author":[{"embeddable":true,"href":"https:\/\/adcotrading.eu\/es\/wp-json\/wp\/v2\/users\/2"}],"replies":[{"embeddable":true,"href":"https:\/\/adcotrading.eu\/es\/wp-json\/wp\/v2\/comments?post=1129"}],"version-history":[{"count":10,"href":"https:\/\/adcotrading.eu\/es\/wp-json\/wp\/v2\/pages\/1129\/revisions"}],"predecessor-version":[{"id":1704,"href":"https:\/\/adcotrading.eu\/es\/wp-json\/wp\/v2\/pages\/1129\/revisions\/1704"}],"wp:attachment":[{"href":"https:\/\/adcotrading.eu\/es\/wp-json\/wp\/v2\/media?parent=1129"}],"curies":[{"name":"wp","href":"https:\/\/api.w.org\/{rel}","templated":true}]}}