{"id":1136,"date":"2025-10-23T14:10:48","date_gmt":"2025-10-23T14:10:48","guid":{"rendered":"https:\/\/adcotrading.eu\/politica-de-privacidad\/"},"modified":"2026-04-15T13:04:45","modified_gmt":"2026-04-15T13:04:45","slug":"politica-de-privacidad","status":"publish","type":"page","link":"https:\/\/adcotrading.eu\/es\/politica-de-privacidad\/","title":{"rendered":"Pol\u00edtica de privacidad"},"content":{"rendered":"\n<h1 class=\"wp-block-heading\">Pol\u00edtica de privacidad<\/h1>\n\n<h3 class=\"wp-block-heading\">1. Introducci\u00f3n<\/h3>\n\n<p>AD CO. Trading respeta la privacidad de todas las personas. Esta pol\u00edtica de privacidad explica c\u00f3mo recopilamos, utilizamos y almacenamos su informaci\u00f3n, para que pueda tener la certeza de que sus datos personales se gestionan de forma segura. La presente pol\u00edtica de privacidad describe el tratamiento de datos personales que lleva a cabo AD CO. Trading de conformidad con el Reglamento General de Protecci\u00f3n de Datos (RGPD). Le recomendamos que lea atentamente esta pol\u00edtica de privacidad antes de facilitarnos cualquier dato personal.<\/p>\n\n<p><strong>2. Responsable del tratamiento<\/strong><br\/>AD CO. Trading es el responsable del tratamiento de los datos personales descritos en la presente pol\u00edtica de privacidad.<\/p>\n\n<p>Si tiene alguna pregunta sobre el tratamiento de sus datos personales, no dude en ponerse en contacto con nosotros utilizando los datos de contacto que figuran en la secci\u00f3n 11.<\/p>\n\n<p><strong>3. \u00bfA qui\u00e9n se aplica esta pol\u00edtica?<\/strong><\/p>\n\n<p>Esta pol\u00edtica de privacidad se aplica a las personas que hayan celebrado, o deseen celebrar, un contrato con nosotros. Esto puede ser en calidad de cliente, proveedor o socio comercial.<\/p>\n\n<h3 class=\"wp-block-heading\">4. \u00c1mbito de aplicaci\u00f3n de la pol\u00edtica<\/h3>\n\n<p>En esta pol\u00edtica de privacidad se explica c\u00f3mo recopilamos, utilizamos y almacenamos sus datos personales.<\/p>\n\n<h3 class=\"wp-block-heading\">5. Fundamento jur\u00eddico para el tratamiento de datos personales<\/h3>\n\n<p>AD CO. trata los datos personales en virtud de la necesidad contractual, las obligaciones legales, los intereses leg\u00edtimos y, cuando as\u00ed lo exija la ley, el consentimiento. Si decide no facilitar determinados datos personales, esto podr\u00eda afectar a nuestra capacidad para celebrar o cumplir un contrato con usted.<\/p>\n\n<h3 class=\"wp-block-heading\">6. Datos personales<\/h3>\n\n<p>Recopilamos informaci\u00f3n sobre usted que, en su mayor parte, nos facilita usted mismo, ya sea de forma directa o indirecta. Esto puede ocurrir, por ejemplo, en el marco de una consulta, cuando solicita convertirse en cliente a trav\u00e9s de nuestro sitio web, cuando celebra un contrato con nosotros o, en cualquier otro caso, cuando gestionamos un contrato.<\/p>\n\n<p>Los datos personales tratados incluyen principalmente:<\/p>\n\n<ul class=\"wp-block-list\">\n<li>Datos de identificaci\u00f3n: nombre, n\u00famero de registro mercantil<\/li>\n\n\n\n<li>Datos de contacto: direcci\u00f3n, n\u00famero de tel\u00e9fono, direcci\u00f3n de correo electr\u00f3nico<\/li>\n\n\n\n<li>Informaci\u00f3n sobre el pago<\/li>\n\n\n\n<li>N\u00famero de cliente<\/li>\n\n\n\n<li>Informaci\u00f3n crediticia<\/li>\n\n\n\n<li>Direcci\u00f3n IP, comportamiento de navegaci\u00f3n<\/li>\n\n\n\n<li>Historial de pedidos y facturas<\/li>\n<\/ul>\n\n<h3 class=\"wp-block-heading\">6.1 Finalidades del tratamiento de los datos personales<\/h3>\n\n<p>Tratamos sus datos personales con el fin de, entre otras cosas, cumplir el contrato que tenemos con usted como cliente o proveedor, prestarle un buen servicio, gestionar las reclamaciones y mantener el contacto con usted.<\/p>\n\n<h4 class=\"wp-block-heading\">6.1.1 Cumplimiento de los acuerdos<\/h4>\n\n<p>Tratamos los datos de contacto de las personas que act\u00faan como personas de contacto o empleados de nuestros proveedores o socios comerciales. Esto se hace con el fin de celebrar, gestionar y cumplir los acuerdos con proveedores o socios. La base jur\u00eddica de este tratamiento es nuestro inter\u00e9s leg\u00edtimo en cumplir el contrato.<\/p>\n\n<p>Tambi\u00e9n podemos tratar sus datos de contacto para evaluar la relaci\u00f3n comercial. Los datos personales relativos a las personas de contacto o a los empleados de posibles proveedores tambi\u00e9n podr\u00e1n ser tratados con fines de evaluaci\u00f3n y an\u00e1lisis en el marco del proceso de contrataci\u00f3n p\u00fablica. La base jur\u00eddica de este tratamiento es nuestro inter\u00e9s leg\u00edtimo en celebrar y cumplir contratos con proveedores o socios comerciales.<\/p>\n\n<h4 class=\"wp-block-heading\">6.1.2 Suministro de productos y servicios<\/h4>\n\n<p>Tratamos sus datos de contacto y de pago, as\u00ed como otros datos personales pertinentes que nos facilite al adquirir nuestros productos o servicios, o cuando sea cliente o desee convertirse en cliente. Este tratamiento se lleva a cabo con el fin de celebrar, gestionar y cumplir el contrato celebrado con usted.<\/p>\n\n<h4 class=\"wp-block-heading\">6.1.3 Gesti\u00f3n y administraci\u00f3n de su cuenta de cliente<\/h4>\n\n<p>Podemos actualizar sus datos de contacto utilizando, por ejemplo, informes de solvencia o la informaci\u00f3n disponible en su sitio web, con el fin de garantizar que los datos sean correctos. La base jur\u00eddica de este tratamiento es la ejecuci\u00f3n del contrato y nuestro inter\u00e9s leg\u00edtimo en gestionar y administrar su cuenta de cliente.<\/p>\n\n<h4 class=\"wp-block-heading\">6.1.4 Comunicaci\u00f3n<\/h4>\n\n<p>Cuando se pone en contacto con nuestro servicio de atenci\u00f3n al cliente, tratamos la informaci\u00f3n que nos facilita y que sea relevante para su consulta. Este tratamiento se lleva a cabo para cumplir con nuestras obligaciones derivadas del contrato, responder a sus preguntas, prestar nuestros servicios y garantizar la calidad de nuestra atenci\u00f3n al cliente. La base jur\u00eddica de este tratamiento es la ejecuci\u00f3n del contrato y nuestro inter\u00e9s leg\u00edtimo en facilitarle la informaci\u00f3n que solicita y mejorar nuestro servicio de atenci\u00f3n al cliente.<\/p>\n\n<h4 class=\"wp-block-heading\">6.1.5 Evaluaci\u00f3n, desarrollo y mejora de productos y servicios<\/h4>\n\n<p>Sus datos personales podr\u00e1n ser tratados con fines de an\u00e1lisis de clientes, an\u00e1lisis de mercado, desarrollo empresarial, estad\u00edsticas, as\u00ed como con fines informativos y publicitarios. La base jur\u00eddica de este tratamiento es nuestro inter\u00e9s leg\u00edtimo en desarrollar nuestros productos y servicios, ofrecer productos de alta calidad y rentables, y prestar un buen servicio.<\/p>\n\n<h4 class=\"wp-block-heading\">6.1.6 Comercializaci\u00f3n de nuestros productos y servicios<\/h4>\n\n<p>Utilizamos sus datos de contacto y los resultados de los an\u00e1lisis para promocionarle directamente nuestros productos y servicios. Las actividades de marketing pueden realizarse por tel\u00e9fono, correo electr\u00f3nico o correo postal. La base jur\u00eddica de este tratamiento es nuestro inter\u00e9s leg\u00edtimo en comercializar nuestros productos y servicios. Tiene derecho a oponerse a este tipo de comunicaciones comerciales en cualquier momento siguiendo las instrucciones que figuran en nuestras comunicaciones o poni\u00e9ndose en contacto con nosotros directamente.<\/p>\n\n<h4 class=\"wp-block-heading\">6.1.7 Encuestas<\/h4>\n\n<p>Utilizamos sus datos de contacto y sus respuestas a las encuestas para realizar y evaluar dichas encuestas. El objetivo es desarrollar y mejorar nuestros productos, servicios y operaciones. Las respuestas a las encuestas se anonimizan una vez finalizadas.<\/p>\n\n<h4 class=\"wp-block-heading\">6.1.8 Clientes potenciales<\/h4>\n\n<p>Con fines de marketing, podemos recopilar sus datos de contacto, por ejemplo, a trav\u00e9s de su sitio web, para poder ponernos en contacto con usted por tel\u00e9fono, correo electr\u00f3nico o correo postal. Con este fin, tambi\u00e9n podemos recopilar datos estad\u00edsticos para su an\u00e1lisis. La base jur\u00eddica de este tratamiento es nuestro inter\u00e9s leg\u00edtimo en comercializar nuestros productos y servicios. Puede darse de baja de este tipo de comunicaciones de marketing en cualquier momento, tal y como se ha descrito anteriormente.<\/p>\n\n<h4 class=\"wp-block-heading\">6.1.9 Recopilaci\u00f3n de estad\u00edsticas del sitio web<\/h4>\n\n<p>Cuando visita nuestro sitio web, podemos utilizar cookies y tecnolog\u00edas similares para recopilar informaci\u00f3n como la direcci\u00f3n IP, el tipo de navegador y el comportamiento de navegaci\u00f3n. Esta informaci\u00f3n se utiliza para elaborar estad\u00edsticas del sitio web y mejorar su funcionalidad y la experiencia del usuario. Cuando as\u00ed lo exige la ley, solicitamos su consentimiento para el uso de cookies y tecnolog\u00edas similares.<\/p>\n\n<h4 class=\"wp-block-heading\">6.1.10 Obligaciones legales<\/h4>\n\n<p>Los datos personales se tratan para cumplir con las obligaciones legales impuestas por la legislaci\u00f3n, las resoluciones judiciales o las decisiones de las autoridades. Entre dichas obligaciones pueden figurar los requisitos en materia de responsabilidad por productos defectuosos y seguridad de los productos, como la comunicaci\u00f3n de alertas y retiradas de productos, o el cumplimiento de la legislaci\u00f3n contable.<\/p>\n\n<h3 class=\"wp-block-heading\">6.2 Tratamiento de datos personales<\/h3>\n\n<p>Cuando AD CO. Trading recopila, trata y almacena datos personales, lo hace siempre de forma l\u00edcita, leal, transparente y limitada a los fines previstos, y solo en la medida en que se considere necesario. AD CO. trata los datos personales de manera que se evite vulnerar la integridad personal del individuo. Siempre se aplican las medidas de seguridad adecuadas para proteger los datos personales.<\/p>\n\n<p>Si la persona interesada no facilita la informaci\u00f3n solicitada, en algunos casos esto podr\u00eda impedirnos la celebraci\u00f3n o el cumplimiento de un contrato. Si tiene dudas o le preocupa facilitar determinados datos personales, puede ponerse en contacto con AD CO. Trading (v\u00e9anse los datos de contacto m\u00e1s abajo) para obtener m\u00e1s informaci\u00f3n.<\/p>\n\n<h3 class=\"wp-block-heading\">6.3 Conservaci\u00f3n de los datos personales<\/h3>\n\n<p>El plazo de conservaci\u00f3n de los datos personales depende del tipo de datos y de la finalidad de su tratamiento. AD CO. Trading no conserva los datos personales m\u00e1s tiempo del necesario para los fines para los que fueron recopilados, salvo que la ley exija lo contrario.<\/p>\n\n<p>Por regla general, AD CO. conserva los datos personales contenidos en los contratos con clientes y proveedores, as\u00ed como en los registros de transacciones comerciales, durante la vigencia del contrato y durante los diez a\u00f1os posteriores, de conformidad con la legislaci\u00f3n contable y fiscal aplicable.<\/p>\n\n<h3 class=\"wp-block-heading\">7. Comunicaci\u00f3n a los socios comerciales<\/h3>\n\n<p>AD CO. Trading no comparte sus datos personales con terceros, salvo que sea necesario para cumplir un contrato, cumplir con obligaciones legales o en los casos en que se le haya informado de otro modo.<\/p>\n\n<h3 class=\"wp-block-heading\">8. Redes sociales<\/h3>\n\n<p>Cuando utilizamos las redes sociales o plataformas en l\u00ednea con fines de marketing, AD CO. Trading no facilita datos personales a dichas plataformas. Cada plataforma es responsable de forma independiente del tratamiento de datos personales que se lleva a cabo en su respectiva plataforma.<\/p>\n\n<p>Cualquier dato personal que decida compartir, publicar o con el que interact\u00fae en nuestras redes sociales se trata de conformidad con la pol\u00edtica de privacidad de la plataforma correspondiente. AD CO. Trading no se hace responsable de dicho tratamiento.<\/p>\n\n<h3 class=\"wp-block-heading\">9. Sus derechos<\/h3>\n\n<p>Tiene derecho, de forma gratuita una vez al a\u00f1o, previa solicitud por escrito y firmada dirigida a AD CO. Trading, a recibir informaci\u00f3n sobre los datos personales que tratamos sobre usted, as\u00ed como sobre el alcance y la finalidad de dicho tratamiento. Tambi\u00e9n tiene derecho a solicitar que bloqueemos, eliminemos o corrijamos sus datos personales en cualquier momento. Siempre puede retirar un consentimiento otorgado y oponerse al tratamiento posterior de sus datos personales. Tambi\u00e9n tiene derecho a solicitar la limitaci\u00f3n del tratamiento y la portabilidad de los datos, cuando proceda. Tiene derecho a presentar una reclamaci\u00f3n ante una autoridad de control competente.<\/p>\n\n<h3 class=\"wp-block-heading\">10. Modificaciones de la pol\u00edtica<\/h3>\n\n<p>AD CO. Trading se reserva el derecho a modificar y actualizar la presente pol\u00edtica de privacidad. En caso de que se produzcan cambios sustanciales o de que la informaci\u00f3n existente se trate de una forma distinta a la indicada en esta pol\u00edtica, AD CO. Trading le informar\u00e1 al respecto de la forma adecuada.<\/p>\n\n<h3 class=\"wp-block-heading\">11. Datos de contacto<\/h3>\n\n<p>Si tiene alguna pregunta sobre esta pol\u00edtica de privacidad o sobre el tratamiento que hacemos de sus datos personales, p\u00f3ngase en contacto con nosotros en <strong>sales@adcotrading.eu<\/strong>.<\/p>\n","protected":false},"excerpt":{"rendered":"<p>Pol\u00edtica de privacidad 1. Introducci\u00f3n AD CO. Trading respeta la privacidad de todas las personas. Esta pol\u00edtica de privacidad explica c\u00f3mo recopilamos, utilizamos y almacenamos su informaci\u00f3n, para que pueda tener la certeza de que sus datos personales se gestionan de forma segura. La presente pol\u00edtica de privacidad describe el tratamiento de datos personales que [&hellip;]<\/p>\n","protected":false},"author":2,"featured_media":0,"parent":0,"menu_order":0,"comment_status":"closed","ping_status":"open","template":"","meta":{"_acf_changed":false,"footnotes":""},"class_list":["post-1136","page","type-page","status-publish","hentry"],"acf":[],"yoast_head":"<!-- This site is optimized with the Yoast SEO plugin v27.4 - https:\/\/yoast.com\/product\/yoast-seo-wordpress\/ -->\n<title>Pol\u00edtica de privacidad - AD CO. trading<\/title>\n<meta name=\"description\" content=\"Pol\u00edtica de privacidad 1. Introducci\u00f3n AD CO. Trading respeta la privacidad de todas las personas. Esta pol\u00edtica de privacidad explica c\u00f3mo recopilamos,\" \/>\n<meta name=\"robots\" content=\"index, follow, max-snippet:-1, max-image-preview:large, max-video-preview:-1\" \/>\n<link rel=\"canonical\" href=\"https:\/\/adcotrading.eu\/es\/politica-de-privacidad\/\" \/>\n<meta property=\"og:locale\" content=\"es_ES\" \/>\n<meta property=\"og:type\" content=\"article\" \/>\n<meta property=\"og:title\" content=\"Pol\u00edtica de privacidad - AD CO. trading\" \/>\n<meta property=\"og:description\" content=\"Pol\u00edtica de privacidad 1. Introducci\u00f3n AD CO. Trading respeta la privacidad de todas las personas. Esta pol\u00edtica de privacidad explica c\u00f3mo recopilamos,\" \/>\n<meta property=\"og:url\" content=\"https:\/\/adcotrading.eu\/es\/politica-de-privacidad\/\" \/>\n<meta property=\"og:site_name\" content=\"AD CO. trading\" \/>\n<meta property=\"article:modified_time\" content=\"2026-04-15T13:04:45+00:00\" \/>\n<meta name=\"twitter:card\" content=\"summary_large_image\" \/>\n<meta name=\"twitter:label1\" content=\"Est. reading time\" \/>\n\t<meta name=\"twitter:data1\" content=\"9 minutes\" \/>\n<script type=\"application\/ld+json\" class=\"yoast-schema-graph\">{\"@context\":\"https:\\\/\\\/schema.org\",\"@graph\":[{\"@type\":\"WebPage\",\"@id\":\"https:\\\/\\\/adcotrading.eu\\\/es\\\/politica-de-privacidad\\\/\",\"url\":\"https:\\\/\\\/adcotrading.eu\\\/es\\\/politica-de-privacidad\\\/\",\"name\":\"Pol\u00edtica de privacidad - AD CO. trading\",\"isPartOf\":{\"@id\":\"https:\\\/\\\/adcotrading.eu\\\/es\\\/#website\"},\"datePublished\":\"2025-10-23T14:10:48+00:00\",\"dateModified\":\"2026-04-15T13:04:45+00:00\",\"description\":\"Pol\u00edtica de privacidad 1. Introducci\u00f3n AD CO. Trading respeta la privacidad de todas las personas. Esta pol\u00edtica de privacidad explica c\u00f3mo recopilamos,\",\"breadcrumb\":{\"@id\":\"https:\\\/\\\/adcotrading.eu\\\/es\\\/politica-de-privacidad\\\/#breadcrumb\"},\"inLanguage\":\"es-ES\",\"potentialAction\":[{\"@type\":\"ReadAction\",\"target\":[\"https:\\\/\\\/adcotrading.eu\\\/es\\\/politica-de-privacidad\\\/\"]}]},{\"@type\":\"BreadcrumbList\",\"@id\":\"https:\\\/\\\/adcotrading.eu\\\/es\\\/politica-de-privacidad\\\/#breadcrumb\",\"itemListElement\":[{\"@type\":\"ListItem\",\"position\":1,\"name\":\"Home\",\"item\":\"https:\\\/\\\/adcotrading.eu\\\/es\\\/\"},{\"@type\":\"ListItem\",\"position\":2,\"name\":\"Pol\u00edtica de privacidad\"}]},{\"@type\":\"WebSite\",\"@id\":\"https:\\\/\\\/adcotrading.eu\\\/es\\\/#website\",\"url\":\"https:\\\/\\\/adcotrading.eu\\\/es\\\/\",\"name\":\"AD CO. trading\",\"description\":\"\",\"potentialAction\":[{\"@type\":\"SearchAction\",\"target\":{\"@type\":\"EntryPoint\",\"urlTemplate\":\"https:\\\/\\\/adcotrading.eu\\\/es\\\/?s={search_term_string}\"},\"query-input\":{\"@type\":\"PropertyValueSpecification\",\"valueRequired\":true,\"valueName\":\"search_term_string\"}}],\"inLanguage\":\"es-ES\"}]}<\/script>\n<!-- \/ Yoast SEO plugin. -->","yoast_head_json":{"title":"Pol\u00edtica de privacidad - AD CO. trading","description":"Pol\u00edtica de privacidad 1. Introducci\u00f3n AD CO. Trading respeta la privacidad de todas las personas. Esta pol\u00edtica de privacidad explica c\u00f3mo recopilamos,","robots":{"index":"index","follow":"follow","max-snippet":"max-snippet:-1","max-image-preview":"max-image-preview:large","max-video-preview":"max-video-preview:-1"},"canonical":"https:\/\/adcotrading.eu\/es\/politica-de-privacidad\/","og_locale":"es_ES","og_type":"article","og_title":"Pol\u00edtica de privacidad - AD CO. trading","og_description":"Pol\u00edtica de privacidad 1. Introducci\u00f3n AD CO. Trading respeta la privacidad de todas las personas. Esta pol\u00edtica de privacidad explica c\u00f3mo recopilamos,","og_url":"https:\/\/adcotrading.eu\/es\/politica-de-privacidad\/","og_site_name":"AD CO. trading","article_modified_time":"2026-04-15T13:04:45+00:00","twitter_card":"summary_large_image","twitter_misc":{"Est. reading time":"9 minutes"},"schema":{"@context":"https:\/\/schema.org","@graph":[{"@type":"WebPage","@id":"https:\/\/adcotrading.eu\/es\/politica-de-privacidad\/","url":"https:\/\/adcotrading.eu\/es\/politica-de-privacidad\/","name":"Pol\u00edtica de privacidad - AD CO. trading","isPartOf":{"@id":"https:\/\/adcotrading.eu\/es\/#website"},"datePublished":"2025-10-23T14:10:48+00:00","dateModified":"2026-04-15T13:04:45+00:00","description":"Pol\u00edtica de privacidad 1. Introducci\u00f3n AD CO. Trading respeta la privacidad de todas las personas. Esta pol\u00edtica de privacidad explica c\u00f3mo recopilamos,","breadcrumb":{"@id":"https:\/\/adcotrading.eu\/es\/politica-de-privacidad\/#breadcrumb"},"inLanguage":"es-ES","potentialAction":[{"@type":"ReadAction","target":["https:\/\/adcotrading.eu\/es\/politica-de-privacidad\/"]}]},{"@type":"BreadcrumbList","@id":"https:\/\/adcotrading.eu\/es\/politica-de-privacidad\/#breadcrumb","itemListElement":[{"@type":"ListItem","position":1,"name":"Home","item":"https:\/\/adcotrading.eu\/es\/"},{"@type":"ListItem","position":2,"name":"Pol\u00edtica de privacidad"}]},{"@type":"WebSite","@id":"https:\/\/adcotrading.eu\/es\/#website","url":"https:\/\/adcotrading.eu\/es\/","name":"AD CO. trading","description":"","potentialAction":[{"@type":"SearchAction","target":{"@type":"EntryPoint","urlTemplate":"https:\/\/adcotrading.eu\/es\/?s={search_term_string}"},"query-input":{"@type":"PropertyValueSpecification","valueRequired":true,"valueName":"search_term_string"}}],"inLanguage":"es-ES"}]}},"_links":{"self":[{"href":"https:\/\/adcotrading.eu\/es\/wp-json\/wp\/v2\/pages\/1136","targetHints":{"allow":["GET"]}}],"collection":[{"href":"https:\/\/adcotrading.eu\/es\/wp-json\/wp\/v2\/pages"}],"about":[{"href":"https:\/\/adcotrading.eu\/es\/wp-json\/wp\/v2\/types\/page"}],"author":[{"embeddable":true,"href":"https:\/\/adcotrading.eu\/es\/wp-json\/wp\/v2\/users\/2"}],"replies":[{"embeddable":true,"href":"https:\/\/adcotrading.eu\/es\/wp-json\/wp\/v2\/comments?post=1136"}],"version-history":[{"count":9,"href":"https:\/\/adcotrading.eu\/es\/wp-json\/wp\/v2\/pages\/1136\/revisions"}],"predecessor-version":[{"id":1568,"href":"https:\/\/adcotrading.eu\/es\/wp-json\/wp\/v2\/pages\/1136\/revisions\/1568"}],"wp:attachment":[{"href":"https:\/\/adcotrading.eu\/es\/wp-json\/wp\/v2\/media?parent=1136"}],"curies":[{"name":"wp","href":"https:\/\/api.w.org\/{rel}","templated":true}]}}