{"id":1139,"date":"2025-11-05T12:56:47","date_gmt":"2025-11-05T12:56:47","guid":{"rendered":"https:\/\/adcotrading.eu\/tracabilite-de-la-chaine-dapprovisionnement\/"},"modified":"2026-04-17T14:23:34","modified_gmt":"2026-04-17T14:23:34","slug":"tracabilite-de-la-chaine-dapprovisionnement","status":"publish","type":"page","link":"https:\/\/adcotrading.eu\/fr\/le-developpement-durable-avant-tout\/tracabilite-de-la-chaine-dapprovisionnement\/","title":{"rendered":"Tra\u00e7abilit\u00e9 de la cha\u00eene d\u2019approvisionnement"},"content":{"rendered":"\n<div class=\"wp-block-cover alignfull has-custom-content-position is-position-center-left adco-cover-block\" style=\"margin-top:0;margin-bottom:0;min-height:70vh;aspect-ratio:unset;\"><img data-dominant-color=\"6b654f\" data-has-transparency=\"false\" style=\"--dominant-color: #6b654f;\" loading=\"lazy\" decoding=\"async\" width=\"2560\" height=\"1707\" sizes=\"auto, (max-width: 2560px) 100vw, 2560px\" class=\"wp-block-cover__image-background wp-image-758 size-full not-transparent\" alt=\"\" src=\"http:\/\/adcotrading.eu\/app\/uploads\/2025\/11\/DSC8459-2.webp\" data-object-fit=\"cover\" srcset=\"https:\/\/adcotrading.eu\/app\/uploads\/2025\/11\/DSC8459-2.webp 2560w, https:\/\/adcotrading.eu\/app\/uploads\/2025\/11\/DSC8459-2-300x200.webp 300w, https:\/\/adcotrading.eu\/app\/uploads\/2025\/11\/DSC8459-2-1024x683.webp 1024w, https:\/\/adcotrading.eu\/app\/uploads\/2025\/11\/DSC8459-2-768x512.webp 768w, https:\/\/adcotrading.eu\/app\/uploads\/2025\/11\/DSC8459-2-1536x1024.webp 1536w, https:\/\/adcotrading.eu\/app\/uploads\/2025\/11\/DSC8459-2-2048x1366.webp 2048w\" \/><span aria-hidden=\"true\" class=\"wp-block-cover__background has-black-background-color has-background-dim-0 has-background-dim\"><\/span><div class=\"wp-block-cover__inner-container is-layout-constrained wp-block-cover-is-layout-constrained\">\n<h1 class=\"wp-block-heading\">Une transparence \u00e0 tous les niveaux<\/h1>\n<\/div><\/div>\n<div class=\"yoast-breadcrumbs\"><span><span><a href=\"https:\/\/adcotrading.eu\/fr\/\">Home<\/a><\/span> \u00bb <span><a href=\"https:\/\/adcotrading.eu\/fr\/le-developpement-durable-avant-tout\/\">Le d\u00e9veloppement durable avant tout<\/a><\/span> \u00bb <span class=\"breadcrumb_last\" aria-current=\"page\">Tra\u00e7abilit\u00e9 de la cha\u00eene d\u2019approvisionnement<\/span><\/span><\/div>\n<div class=\"wp-block-media-text alignwide is-stacked-on-mobile is-vertically-aligned-top\" style=\"margin-top:var(--wp--preset--spacing--80);margin-bottom:var(--wp--preset--spacing--80);grid-template-columns:45% auto\"><figure class=\"wp-block-media-text__media\"><img data-dominant-color=\"736154\" data-has-transparency=\"false\" style=\"--dominant-color: #736154;\" loading=\"lazy\" decoding=\"async\" width=\"768\" height=\"1024\" src=\"http:\/\/adcotrading.eu\/app\/uploads\/2025\/11\/IMG_0144-2-1-768x1024.webp\" alt=\"\" class=\"wp-image-760 size-full not-transparent\" srcset=\"https:\/\/adcotrading.eu\/app\/uploads\/2025\/11\/IMG_0144-2-1-768x1024.webp 768w, https:\/\/adcotrading.eu\/app\/uploads\/2025\/11\/IMG_0144-2-1-225x300.webp 225w, https:\/\/adcotrading.eu\/app\/uploads\/2025\/11\/IMG_0144-2-1-1152x1536.webp 1152w, https:\/\/adcotrading.eu\/app\/uploads\/2025\/11\/IMG_0144-2-1-1536x2048.webp 1536w, https:\/\/adcotrading.eu\/app\/uploads\/2025\/11\/IMG_0144-2-1.webp 1920w\" sizes=\"auto, (max-width: 768px) 100vw, 768px\" \/><\/figure><div class=\"wp-block-media-text__content\">\n<p>Travailler avec des mat\u00e9riaux recycl\u00e9s offre \u00e0 la fois des opportunit\u00e9s et des responsabilit\u00e9s. Chaque \u00e9tape, de la collecte \u00e0 la production, exige des connaissances, de l\u2019engagement et, surtout, une ouverture d\u2019esprit.\u00a0En comprenant ce qui se cache derri\u00e8re les mat\u00e9riaux que nous utilisons, nous pouvons garantir la qualit\u00e9, la s\u00e9curit\u00e9 et le respect tant des personnes que de la plan\u00e8te. C\u2019est le fondement de notre approche en mati\u00e8re de transparence \u00e0 tous les niveaux.\u00a0<\/p>\n\n\n\n<p>Les mat\u00e9riaux recycl\u00e9s sont souvent class\u00e9s en deux cat\u00e9gories\u00a0:<\/p>\n\n\n\n<ul class=\"wp-block-list\">\n<li><strong>Pr\u00e9-consommation\u00a0:<\/strong><br \/>D\u00e9chets g\u00e9n\u00e9r\u00e9s au cours du processus de fabrication qui ne parviennent jamais au consommateur final.<\/li>\n\n\n\n<li><strong>Post-consommation\u00a0:<\/strong>\u00a0<br \/>Mat\u00e9riaux utilis\u00e9s puis jet\u00e9s par les consommateurs, avant d\u2019\u00eatre recycl\u00e9s en nouveaux produits.<\/li>\n<\/ul>\n\n\n\n<h5 class=\"wp-block-heading\">Le d\u00e9fi des mat\u00e9riaux recycl\u00e9s<\/h5>\n\n\n\n<p>Le plus grand d\u00e9fi li\u00e9 aux mat\u00e9riaux recycl\u00e9s consiste \u00e0 comprendre exactement ce qui se cache derri\u00e8re la mati\u00e8re premi\u00e8re. Nous mettons tout en \u0153uvre pour retracer l\u2019origine des mat\u00e9riaux. Cette t\u00e2che complexe n\u00e9cessite des relations \u00e0 long terme, une transparence et une confiance \u00e0 tous les niveaux de la cha\u00eene d\u2019approvisionnement.<\/p>\n\n\n\n<p>Gr\u00e2ce \u00e0 une \u00e9troite collaboration avec nos fournisseurs et notre personnel sur place, nous parvenons \u00e0 d\u00e9terminer d\u2019o\u00f9 proviennent les mat\u00e9riaux et qui sont leurs sous-traitants. Nous menons des analyses approfondies afin que vous puissiez \u00eatre assur\u00e9s qu\u2019aucune substance dangereuse n\u2019est utilis\u00e9e dans les sacs que vous achetez chez nous. Parall\u00e8lement, nous veillons activement \u00e0 ce que les mati\u00e8res plastiques ou textiles utilis\u00e9s aient \u00e9t\u00e9 collect\u00e9s par des adultes travaillant dans des conditions s\u00fbres et b\u00e9n\u00e9ficiant d\u2019une r\u00e9mun\u00e9ration \u00e9quitable. Malgr\u00e9 ces efforts, parvenir \u00e0 une tra\u00e7abilit\u00e9 compl\u00e8te des mat\u00e9riaux recycl\u00e9s post-consommation reste un v\u00e9ritable d\u00e9fi. Des facteurs tels que la complexit\u00e9 des flux de recyclage, la multiplicit\u00e9 des points de collecte et la diversit\u00e9 des normes en mati\u00e8re de documentation ne permettent pas de garantir une vision d\u2019ensemble compl\u00e8te. C\u2019est pour ces raisons que nous faisons preuve de transparence quant \u00e0 ces limites. Si quelqu\u2019un pr\u00e9tend pouvoir garantir une tra\u00e7abilit\u00e9 totale, il est l\u00e9gitime d\u2019\u00eatre sceptique.<\/p>\n\n\n\n<p>Notre approche repose sur l\u2019am\u00e9lioration continue. Nous investissons dans des audits, l\u2019engagement des fournisseurs et des m\u00e9thodes de suivi innovantes afin de nous rapprocher chaque ann\u00e9e d\u2019une tra\u00e7abilit\u00e9 compl\u00e8te. Il est difficile d\u2019atteindre la perfection. Notre objectif est toutefois de veiller \u00e0 ce que chaque sac que nous commercialisons respecte des normes \u00e9thiques, environnementales et de s\u00e9curit\u00e9 rigoureuses \u2013 et \u00e0 ce que vous puissiez choisir en toute confiance des mat\u00e9riaux recycl\u00e9s chaque fois que cela est possible.<\/p>\n<\/div><\/div>\n\n<div class=\"wp-block-group alignwide is-layout-constrained wp-block-group-is-layout-constrained\">\n<h3 class=\"wp-block-heading alignwide\">Our sustainability initiatives<\/h3>\n\n\n\n<div class=\"sustainable-entrances-block alignwide wp-block\" id=\"block_0ce88f4c63779cfdb08b827b3c4bade2\">\n\n    <div class=\"link-items\">\n            <a href=\"http:\/\/adcotrading.eu\/sustainability-first\/social-responsibility\/\">\n            <figure><img loading=\"lazy\" decoding=\"async\" width=\"955\" height=\"601\" src=\"https:\/\/adcotrading.eu\/app\/uploads\/2025\/10\/Our-Social-Responsibility.avif\" class=\"attachment-full size-full\" alt=\"\" srcset=\"https:\/\/adcotrading.eu\/app\/uploads\/2025\/10\/Our-Social-Responsibility.avif 955w, https:\/\/adcotrading.eu\/app\/uploads\/2025\/10\/Our-Social-Responsibility-300x189.avif 300w, https:\/\/adcotrading.eu\/app\/uploads\/2025\/10\/Our-Social-Responsibility-768x483.avif 768w\" sizes=\"auto, (max-width: 955px) 100vw, 955px\" \/>                <figcaption>Social Responsibility<\/figcaption>\n            <\/figure>\n        <\/a>\n            <a href=\"http:\/\/adcotrading.eu\/sustainability-first\/carbon-footprint\/\">\n            <figure><img loading=\"lazy\" decoding=\"async\" width=\"955\" height=\"600\" src=\"https:\/\/adcotrading.eu\/app\/uploads\/2025\/10\/Carbon-Footprint.avif\" class=\"attachment-full size-full\" alt=\"\" srcset=\"https:\/\/adcotrading.eu\/app\/uploads\/2025\/10\/Carbon-Footprint.avif 955w, https:\/\/adcotrading.eu\/app\/uploads\/2025\/10\/Carbon-Footprint-300x188.avif 300w, https:\/\/adcotrading.eu\/app\/uploads\/2025\/10\/Carbon-Footprint-768x483.avif 768w\" sizes=\"auto, (max-width: 955px) 100vw, 955px\" \/>                <figcaption>Carbon Footprint<\/figcaption>\n            <\/figure>\n        <\/a>\n            <a href=\"http:\/\/adcotrading.eu\/sustainability-first\/responsible-chemical-management\/\">\n            <figure><img loading=\"lazy\" decoding=\"async\" width=\"956\" height=\"602\" src=\"https:\/\/adcotrading.eu\/app\/uploads\/2025\/10\/Responsible-Chemical-Management.avif\" class=\"attachment-full size-full\" alt=\"\" srcset=\"https:\/\/adcotrading.eu\/app\/uploads\/2025\/10\/Responsible-Chemical-Management.avif 956w, https:\/\/adcotrading.eu\/app\/uploads\/2025\/10\/Responsible-Chemical-Management-300x189.avif 300w, https:\/\/adcotrading.eu\/app\/uploads\/2025\/10\/Responsible-Chemical-Management-768x484.avif 768w\" sizes=\"auto, (max-width: 956px) 100vw, 956px\" \/>                <figcaption>Responsible Chemical Management<\/figcaption>\n            <\/figure>\n        <\/a>\n            <a href=\"http:\/\/adcotrading.eu\/sustainability-first\/traceable\/\">\n            <figure><img loading=\"lazy\" decoding=\"async\" width=\"2560\" height=\"1707\" src=\"https:\/\/adcotrading.eu\/app\/uploads\/2025\/12\/PET-bild.webp\" class=\"attachment-full size-full not-transparent\" alt=\"\" srcset=\"https:\/\/adcotrading.eu\/app\/uploads\/2025\/12\/PET-bild.webp 2560w, https:\/\/adcotrading.eu\/app\/uploads\/2025\/12\/PET-bild-300x200.webp 300w, https:\/\/adcotrading.eu\/app\/uploads\/2025\/12\/PET-bild-1024x683.webp 1024w, https:\/\/adcotrading.eu\/app\/uploads\/2025\/12\/PET-bild-768x512.webp 768w, https:\/\/adcotrading.eu\/app\/uploads\/2025\/12\/PET-bild-1536x1024.webp 1536w, https:\/\/adcotrading.eu\/app\/uploads\/2025\/12\/PET-bild-2048x1366.webp 2048w\" sizes=\"auto, (max-width: 2560px) 100vw, 2560px\" data-has-transparency=\"false\" data-dominant-color=\"8ddae6\" style=\"--dominant-color: #8ddae6;\" \/>                <figcaption>Supply Chain Traceability<\/figcaption>\n            <\/figure>\n        <\/a>\n        <\/div>\n\n<\/div><\/div>\n","protected":false},"excerpt":{"rendered":"","protected":false},"author":2,"featured_media":0,"parent":1157,"menu_order":0,"comment_status":"closed","ping_status":"closed","template":"","meta":{"_acf_changed":false,"footnotes":""},"class_list":["post-1139","page","type-page","status-publish","hentry"],"acf":[],"yoast_head":"<!-- This site is optimized with the Yoast SEO plugin v27.4 - https:\/\/yoast.com\/product\/yoast-seo-wordpress\/ -->\n<title>Tra\u00e7abilit\u00e9 de la cha\u00eene d\u2019approvisionnement - AD CO. trading<\/title>\n<meta name=\"description\" content=\"Une transparence \u00e0 tous les niveaux Travailler avec des mat\u00e9riaux recycl\u00e9s offre \u00e0 la fois des opportunit\u00e9s et des responsabilit\u00e9s. Chaque \u00e9tape, de la\" \/>\n<meta name=\"robots\" content=\"index, follow, max-snippet:-1, max-image-preview:large, max-video-preview:-1\" \/>\n<link rel=\"canonical\" href=\"https:\/\/adcotrading.eu\/fr\/le-developpement-durable-avant-tout\/tracabilite-de-la-chaine-dapprovisionnement\/\" \/>\n<meta property=\"og:locale\" content=\"fr_FR\" \/>\n<meta property=\"og:type\" content=\"article\" \/>\n<meta property=\"og:title\" content=\"Tra\u00e7abilit\u00e9 de la cha\u00eene d\u2019approvisionnement - AD CO. trading\" \/>\n<meta property=\"og:description\" content=\"Une transparence \u00e0 tous les niveaux Travailler avec des mat\u00e9riaux recycl\u00e9s offre \u00e0 la fois des opportunit\u00e9s et des responsabilit\u00e9s. Chaque \u00e9tape, de la\" \/>\n<meta property=\"og:url\" content=\"https:\/\/adcotrading.eu\/fr\/le-developpement-durable-avant-tout\/tracabilite-de-la-chaine-dapprovisionnement\/\" \/>\n<meta property=\"og:site_name\" content=\"AD CO. trading\" \/>\n<meta property=\"article:modified_time\" content=\"2026-04-17T14:23:34+00:00\" \/>\n<meta property=\"og:image\" content=\"https:\/\/adcotrading.eu\/app\/uploads\/2025\/11\/DSC8459-2.webp\" \/>\n\t<meta property=\"og:image:width\" content=\"2560\" \/>\n\t<meta property=\"og:image:height\" content=\"1707\" \/>\n\t<meta property=\"og:image:type\" content=\"image\/jpeg\" \/>\n<meta name=\"twitter:card\" content=\"summary_large_image\" \/>\n<meta name=\"twitter:label1\" content=\"Est. reading time\" \/>\n\t<meta name=\"twitter:data1\" content=\"2 minutes\" \/>\n<script type=\"application\/ld+json\" class=\"yoast-schema-graph\">{\"@context\":\"https:\\\/\\\/schema.org\",\"@graph\":[{\"@type\":\"WebPage\",\"@id\":\"https:\\\/\\\/adcotrading.eu\\\/fr\\\/le-developpement-durable-avant-tout\\\/tracabilite-de-la-chaine-dapprovisionnement\\\/\",\"url\":\"https:\\\/\\\/adcotrading.eu\\\/fr\\\/le-developpement-durable-avant-tout\\\/tracabilite-de-la-chaine-dapprovisionnement\\\/\",\"name\":\"Tra\u00e7abilit\u00e9 de la cha\u00eene d\u2019approvisionnement - AD CO. trading\",\"isPartOf\":{\"@id\":\"https:\\\/\\\/adcotrading.eu\\\/fr\\\/#website\"},\"primaryImageOfPage\":{\"@id\":\"https:\\\/\\\/adcotrading.eu\\\/fr\\\/le-developpement-durable-avant-tout\\\/tracabilite-de-la-chaine-dapprovisionnement\\\/#primaryimage\"},\"image\":{\"@id\":\"https:\\\/\\\/adcotrading.eu\\\/fr\\\/le-developpement-durable-avant-tout\\\/tracabilite-de-la-chaine-dapprovisionnement\\\/#primaryimage\"},\"thumbnailUrl\":\"http:\\\/\\\/adcotrading.eu\\\/app\\\/uploads\\\/2025\\\/11\\\/DSC8459-2.webp\",\"datePublished\":\"2025-11-05T12:56:47+00:00\",\"dateModified\":\"2026-04-17T14:23:34+00:00\",\"description\":\"Une transparence \u00e0 tous les niveaux Travailler avec des mat\u00e9riaux recycl\u00e9s offre \u00e0 la fois des opportunit\u00e9s et des responsabilit\u00e9s. Chaque \u00e9tape, de la\",\"breadcrumb\":{\"@id\":\"https:\\\/\\\/adcotrading.eu\\\/fr\\\/le-developpement-durable-avant-tout\\\/tracabilite-de-la-chaine-dapprovisionnement\\\/#breadcrumb\"},\"inLanguage\":\"fr-FR\",\"potentialAction\":[{\"@type\":\"ReadAction\",\"target\":[\"https:\\\/\\\/adcotrading.eu\\\/fr\\\/le-developpement-durable-avant-tout\\\/tracabilite-de-la-chaine-dapprovisionnement\\\/\"]}]},{\"@type\":\"ImageObject\",\"inLanguage\":\"fr-FR\",\"@id\":\"https:\\\/\\\/adcotrading.eu\\\/fr\\\/le-developpement-durable-avant-tout\\\/tracabilite-de-la-chaine-dapprovisionnement\\\/#primaryimage\",\"url\":\"http:\\\/\\\/adcotrading.eu\\\/app\\\/uploads\\\/2025\\\/11\\\/DSC8459-2.webp\",\"contentUrl\":\"http:\\\/\\\/adcotrading.eu\\\/app\\\/uploads\\\/2025\\\/11\\\/DSC8459-2.webp\"},{\"@type\":\"BreadcrumbList\",\"@id\":\"https:\\\/\\\/adcotrading.eu\\\/fr\\\/le-developpement-durable-avant-tout\\\/tracabilite-de-la-chaine-dapprovisionnement\\\/#breadcrumb\",\"itemListElement\":[{\"@type\":\"ListItem\",\"position\":1,\"name\":\"Home\",\"item\":\"https:\\\/\\\/adcotrading.eu\\\/fr\\\/\"},{\"@type\":\"ListItem\",\"position\":2,\"name\":\"Le d\u00e9veloppement durable avant tout\",\"item\":\"https:\\\/\\\/adcotrading.eu\\\/fr\\\/le-developpement-durable-avant-tout\\\/\"},{\"@type\":\"ListItem\",\"position\":3,\"name\":\"Tra\u00e7abilit\u00e9 de la cha\u00eene d\u2019approvisionnement\"}]},{\"@type\":\"WebSite\",\"@id\":\"https:\\\/\\\/adcotrading.eu\\\/fr\\\/#website\",\"url\":\"https:\\\/\\\/adcotrading.eu\\\/fr\\\/\",\"name\":\"AD CO. trading\",\"description\":\"\",\"potentialAction\":[{\"@type\":\"SearchAction\",\"target\":{\"@type\":\"EntryPoint\",\"urlTemplate\":\"https:\\\/\\\/adcotrading.eu\\\/fr\\\/?s={search_term_string}\"},\"query-input\":{\"@type\":\"PropertyValueSpecification\",\"valueRequired\":true,\"valueName\":\"search_term_string\"}}],\"inLanguage\":\"fr-FR\"}]}<\/script>\n<!-- \/ Yoast SEO plugin. -->","yoast_head_json":{"title":"Tra\u00e7abilit\u00e9 de la cha\u00eene d\u2019approvisionnement - AD CO. trading","description":"Une transparence \u00e0 tous les niveaux Travailler avec des mat\u00e9riaux recycl\u00e9s offre \u00e0 la fois des opportunit\u00e9s et des responsabilit\u00e9s. Chaque \u00e9tape, de la","robots":{"index":"index","follow":"follow","max-snippet":"max-snippet:-1","max-image-preview":"max-image-preview:large","max-video-preview":"max-video-preview:-1"},"canonical":"https:\/\/adcotrading.eu\/fr\/le-developpement-durable-avant-tout\/tracabilite-de-la-chaine-dapprovisionnement\/","og_locale":"fr_FR","og_type":"article","og_title":"Tra\u00e7abilit\u00e9 de la cha\u00eene d\u2019approvisionnement - AD CO. trading","og_description":"Une transparence \u00e0 tous les niveaux Travailler avec des mat\u00e9riaux recycl\u00e9s offre \u00e0 la fois des opportunit\u00e9s et des responsabilit\u00e9s. Chaque \u00e9tape, de la","og_url":"https:\/\/adcotrading.eu\/fr\/le-developpement-durable-avant-tout\/tracabilite-de-la-chaine-dapprovisionnement\/","og_site_name":"AD CO. trading","article_modified_time":"2026-04-17T14:23:34+00:00","og_image":[{"width":2560,"height":1707,"url":"https:\/\/adcotrading.eu\/app\/uploads\/2025\/11\/DSC8459-2.webp","type":"image\/jpeg"}],"twitter_card":"summary_large_image","twitter_misc":{"Est. reading time":"2 minutes"},"schema":{"@context":"https:\/\/schema.org","@graph":[{"@type":"WebPage","@id":"https:\/\/adcotrading.eu\/fr\/le-developpement-durable-avant-tout\/tracabilite-de-la-chaine-dapprovisionnement\/","url":"https:\/\/adcotrading.eu\/fr\/le-developpement-durable-avant-tout\/tracabilite-de-la-chaine-dapprovisionnement\/","name":"Tra\u00e7abilit\u00e9 de la cha\u00eene d\u2019approvisionnement - AD CO. trading","isPartOf":{"@id":"https:\/\/adcotrading.eu\/fr\/#website"},"primaryImageOfPage":{"@id":"https:\/\/adcotrading.eu\/fr\/le-developpement-durable-avant-tout\/tracabilite-de-la-chaine-dapprovisionnement\/#primaryimage"},"image":{"@id":"https:\/\/adcotrading.eu\/fr\/le-developpement-durable-avant-tout\/tracabilite-de-la-chaine-dapprovisionnement\/#primaryimage"},"thumbnailUrl":"http:\/\/adcotrading.eu\/app\/uploads\/2025\/11\/DSC8459-2.webp","datePublished":"2025-11-05T12:56:47+00:00","dateModified":"2026-04-17T14:23:34+00:00","description":"Une transparence \u00e0 tous les niveaux Travailler avec des mat\u00e9riaux recycl\u00e9s offre \u00e0 la fois des opportunit\u00e9s et des responsabilit\u00e9s. Chaque \u00e9tape, de la","breadcrumb":{"@id":"https:\/\/adcotrading.eu\/fr\/le-developpement-durable-avant-tout\/tracabilite-de-la-chaine-dapprovisionnement\/#breadcrumb"},"inLanguage":"fr-FR","potentialAction":[{"@type":"ReadAction","target":["https:\/\/adcotrading.eu\/fr\/le-developpement-durable-avant-tout\/tracabilite-de-la-chaine-dapprovisionnement\/"]}]},{"@type":"ImageObject","inLanguage":"fr-FR","@id":"https:\/\/adcotrading.eu\/fr\/le-developpement-durable-avant-tout\/tracabilite-de-la-chaine-dapprovisionnement\/#primaryimage","url":"http:\/\/adcotrading.eu\/app\/uploads\/2025\/11\/DSC8459-2.webp","contentUrl":"http:\/\/adcotrading.eu\/app\/uploads\/2025\/11\/DSC8459-2.webp"},{"@type":"BreadcrumbList","@id":"https:\/\/adcotrading.eu\/fr\/le-developpement-durable-avant-tout\/tracabilite-de-la-chaine-dapprovisionnement\/#breadcrumb","itemListElement":[{"@type":"ListItem","position":1,"name":"Home","item":"https:\/\/adcotrading.eu\/fr\/"},{"@type":"ListItem","position":2,"name":"Le d\u00e9veloppement durable avant tout","item":"https:\/\/adcotrading.eu\/fr\/le-developpement-durable-avant-tout\/"},{"@type":"ListItem","position":3,"name":"Tra\u00e7abilit\u00e9 de la cha\u00eene d\u2019approvisionnement"}]},{"@type":"WebSite","@id":"https:\/\/adcotrading.eu\/fr\/#website","url":"https:\/\/adcotrading.eu\/fr\/","name":"AD CO. trading","description":"","potentialAction":[{"@type":"SearchAction","target":{"@type":"EntryPoint","urlTemplate":"https:\/\/adcotrading.eu\/fr\/?s={search_term_string}"},"query-input":{"@type":"PropertyValueSpecification","valueRequired":true,"valueName":"search_term_string"}}],"inLanguage":"fr-FR"}]}},"_links":{"self":[{"href":"https:\/\/adcotrading.eu\/fr\/wp-json\/wp\/v2\/pages\/1139","targetHints":{"allow":["GET"]}}],"collection":[{"href":"https:\/\/adcotrading.eu\/fr\/wp-json\/wp\/v2\/pages"}],"about":[{"href":"https:\/\/adcotrading.eu\/fr\/wp-json\/wp\/v2\/types\/page"}],"author":[{"embeddable":true,"href":"https:\/\/adcotrading.eu\/fr\/wp-json\/wp\/v2\/users\/2"}],"replies":[{"embeddable":true,"href":"https:\/\/adcotrading.eu\/fr\/wp-json\/wp\/v2\/comments?post=1139"}],"version-history":[{"count":10,"href":"https:\/\/adcotrading.eu\/fr\/wp-json\/wp\/v2\/pages\/1139\/revisions"}],"predecessor-version":[{"id":1698,"href":"https:\/\/adcotrading.eu\/fr\/wp-json\/wp\/v2\/pages\/1139\/revisions\/1698"}],"up":[{"embeddable":true,"href":"https:\/\/adcotrading.eu\/fr\/wp-json\/wp\/v2\/pages\/1157"}],"wp:attachment":[{"href":"https:\/\/adcotrading.eu\/fr\/wp-json\/wp\/v2\/media?parent=1139"}],"curies":[{"name":"wp","href":"https:\/\/api.w.org\/{rel}","templated":true}]}}