{"id":1143,"date":"2025-11-05T12:55:40","date_gmt":"2025-11-05T12:55:40","guid":{"rendered":"https:\/\/adcotrading.eu\/gestion-responsable-des-produits-chimiques\/"},"modified":"2026-04-15T13:04:54","modified_gmt":"2026-04-15T13:04:54","slug":"gestion-responsable-des-produits-chimiques","status":"publish","type":"page","link":"https:\/\/adcotrading.eu\/fr\/le-developpement-durable-avant-tout\/gestion-responsable-des-produits-chimiques\/","title":{"rendered":"Gestion responsable des produits chimiques"},"content":{"rendered":"\n<div class=\"wp-block-cover alignfull is-light has-custom-content-position is-position-center-left adco-cover-block\" style=\"margin-top:0;margin-bottom:0;min-height:70vh;aspect-ratio:unset;\"><img data-dominant-color=\"889cad\" data-has-transparency=\"false\" style=\"--dominant-color: #889cad;\" loading=\"lazy\" decoding=\"async\" width=\"1024\" height=\"683\" sizes=\"auto, (max-width: 1024px) 100vw, 1024px\" class=\"wp-block-cover__image-background wp-image-750 size-large not-transparent\" alt=\"\" src=\"http:\/\/adcotrading.eu\/app\/uploads\/2025\/11\/ADCO_iceberg-1-1024x683.webp\" data-object-fit=\"cover\" srcset=\"https:\/\/adcotrading.eu\/app\/uploads\/2025\/11\/ADCO_iceberg-1-1024x683.webp 1024w, https:\/\/adcotrading.eu\/app\/uploads\/2025\/11\/ADCO_iceberg-1-300x200.webp 300w, https:\/\/adcotrading.eu\/app\/uploads\/2025\/11\/ADCO_iceberg-1-768x512.webp 768w, https:\/\/adcotrading.eu\/app\/uploads\/2025\/11\/ADCO_iceberg-1-1536x1024.webp 1536w, https:\/\/adcotrading.eu\/app\/uploads\/2025\/11\/ADCO_iceberg-1-2048x1366.webp 2048w\" \/><span aria-hidden=\"true\" class=\"wp-block-cover__background has-black-background-color has-background-dim-0 has-background-dim\"><\/span><div class=\"wp-block-cover__inner-container is-layout-constrained wp-block-cover-is-layout-constrained\">\n<h5 class=\"wp-block-heading has-text-align-left has-white-color has-text-color has-link-color wp-elements-dd85dee14a856ef57efc92928a60fb80\"><strong>Gestion responsable des produits chimiques<\/strong><\/h5>\n\n\n\n<h1 class=\"wp-block-heading has-text-align-left has-ember-color has-text-color has-link-color wp-elements-0bb5f48bfd081c134afa8a2eccc86252\">REACH \u2013 \u00e0 port\u00e9e de main<\/h1>\n<\/div><\/div>\n<div class=\"yoast-breadcrumbs\"><span><span><a href=\"https:\/\/adcotrading.eu\/fr\/\">Home<\/a><\/span> \u00bb <span><a href=\"https:\/\/adcotrading.eu\/fr\/le-developpement-durable-avant-tout\/\">Le d\u00e9veloppement durable avant tout<\/a><\/span> \u00bb <span class=\"breadcrumb_last\" aria-current=\"page\">Gestion responsable des produits chimiques<\/span><\/span><\/div>\n<div class=\"wp-block-media-text alignwide is-stacked-on-mobile is-vertically-aligned-top\" style=\"margin-top:var(--wp--preset--spacing--80);margin-bottom:var(--wp--preset--spacing--80);grid-template-columns:45% auto\"><figure class=\"wp-block-media-text__media\"><img data-dominant-color=\"889cad\" data-has-transparency=\"false\" style=\"--dominant-color: #889cad;\" loading=\"lazy\" decoding=\"async\" width=\"1024\" height=\"683\" src=\"http:\/\/adcotrading.eu\/app\/uploads\/2025\/11\/ADCO_iceberg-1-1024x683.webp\" alt=\"\" class=\"wp-image-750 size-full not-transparent\" srcset=\"https:\/\/adcotrading.eu\/app\/uploads\/2025\/11\/ADCO_iceberg-1-1024x683.webp 1024w, https:\/\/adcotrading.eu\/app\/uploads\/2025\/11\/ADCO_iceberg-1-300x200.webp 300w, https:\/\/adcotrading.eu\/app\/uploads\/2025\/11\/ADCO_iceberg-1-768x512.webp 768w, https:\/\/adcotrading.eu\/app\/uploads\/2025\/11\/ADCO_iceberg-1-1536x1024.webp 1536w, https:\/\/adcotrading.eu\/app\/uploads\/2025\/11\/ADCO_iceberg-1-2048x1366.webp 2048w\" sizes=\"auto, (max-width: 1024px) 100vw, 1024px\" \/><\/figure><div class=\"wp-block-media-text__content\">\n<h5 class=\"wp-block-heading\">Un engagement constant en faveur de la s\u00e9curit\u00e9 chimique<\/h5>\n\n\n\n<p>Nous travaillons en permanence \u00e0 la gestion des substances chimiques dans le cadre du r\u00e8glement REACH de l\u2019UE, qui comprend des r\u00e8gles relatives \u00e0 l\u2019enregistrement, aux restrictions et aux interdictions concernant les substances pr\u00e9sentes dans tous les produits import\u00e9s. Tous nos fournisseurs ont sign\u00e9 notre politique en mati\u00e8re de produits chimiques, qui s\u2019appuie sur la l\u00e9gislation europ\u00e9enne. Cette base est solide, mais demeure insuffisante \u00e0 elle seule.<\/p>\n\n\n\n<h5 class=\"wp-block-heading\"><strong>Tests et surveillance proactifs<\/strong><\/h5>\n\n\n\n<p>Nous allons plus loin en compl\u00e9tant la conformit\u00e9 r\u00e9glementaire par nos propres analyses en laboratoire, afin de garantir que les produits ne contiennent pas les substances chimiques vis\u00e9es par les directives, ou que leur concentration reste dans les limites fix\u00e9es. Ce travail est men\u00e9 en continu selon un plan \u00e9labor\u00e9 en collaboration avec notre consultant en chimie. Ceci est essentiel, car le r\u00e8glement ainsi que la liste des substances candidates sont r\u00e9guli\u00e8rement mis \u00e0 jour en fonction des nouvelles d\u00e9couvertes scientifiques et des \u00e9valuations des risques. En plus du r\u00e8glement REACH, nous respectons un large \u00e9ventail de r\u00e9glementations internationales et nationales applicables \u00e0 nos produits.<\/p>\n\n\n\n<h5 class=\"wp-block-heading has-ember-color has-text-color has-link-color wp-elements-59a4ee22d01ca9ac1d2785b104d1baae\">PFAS<\/h5>\n\n\n\n<p>Les PFAS, \u00e9galement appel\u00e9s \u00ab\u00a0produits chimiques \u00e9ternels\u00a0\u00bb, constituent un domaine prioritaire. Gr\u00e2ce \u00e0 des mesures pr\u00e9ventives et \u00e0 des contr\u00f4les r\u00e9guliers, nous nous effor\u00e7ons de r\u00e9duire les risques au minimum et de garantir que nos produits ne contiennent pas ces substances persistantes et nocives, avant m\u00eame que les nouvelles exigences l\u00e9gales n\u2019entrent en vigueur.<\/p>\n\n\n\n<blockquote class=\"wp-block-quote has-ember-color has-text-color has-link-color has-small-font-size wp-elements-083a021c0bf695a236e2a224e6ba4f6c is-layout-flow wp-block-quote-is-layout-flow\">\n<p class=\"has-large-font-size\">\u00ab\u00a0La s\u00e9curit\u00e9 chimique est toujours \u00e0 l\u2019ordre du jour\u00a0: la responsabilit\u00e9 est un engagement \u00e0 chaque \u00e9tape\u00a0\u00bb<\/p>\n<\/blockquote>\n<\/div><\/div>\n\n<div class=\"wp-block-group alignwide is-layout-constrained wp-block-group-is-layout-constrained\">\n<h3 class=\"wp-block-heading alignwide\">Our sustainability initiatives<\/h3>\n\n\n\n<div class=\"sustainable-entrances-block alignwide wp-block\" id=\"block_aa0d975d32550727b83f1b23fcdfd0b0\">\n\n    <div class=\"link-items\">\n            <a href=\"http:\/\/adcotrading.eu\/sustainability-first\/social-responsibility\/\">\n            <figure><img loading=\"lazy\" decoding=\"async\" width=\"955\" height=\"601\" src=\"https:\/\/adcotrading.eu\/app\/uploads\/2025\/10\/Our-Social-Responsibility.avif\" class=\"attachment-full size-full\" alt=\"\" srcset=\"https:\/\/adcotrading.eu\/app\/uploads\/2025\/10\/Our-Social-Responsibility.avif 955w, https:\/\/adcotrading.eu\/app\/uploads\/2025\/10\/Our-Social-Responsibility-300x189.avif 300w, https:\/\/adcotrading.eu\/app\/uploads\/2025\/10\/Our-Social-Responsibility-768x483.avif 768w\" sizes=\"auto, (max-width: 955px) 100vw, 955px\" \/>                <figcaption>Social Responsibility<\/figcaption>\n            <\/figure>\n        <\/a>\n            <a href=\"http:\/\/adcotrading.eu\/sustainability-first\/carbon-footprint\/\">\n            <figure><img loading=\"lazy\" decoding=\"async\" width=\"955\" height=\"600\" src=\"https:\/\/adcotrading.eu\/app\/uploads\/2025\/10\/Carbon-Footprint.avif\" class=\"attachment-full size-full\" alt=\"\" srcset=\"https:\/\/adcotrading.eu\/app\/uploads\/2025\/10\/Carbon-Footprint.avif 955w, https:\/\/adcotrading.eu\/app\/uploads\/2025\/10\/Carbon-Footprint-300x188.avif 300w, https:\/\/adcotrading.eu\/app\/uploads\/2025\/10\/Carbon-Footprint-768x483.avif 768w\" sizes=\"auto, (max-width: 955px) 100vw, 955px\" \/>                <figcaption>Carbon Footprint<\/figcaption>\n            <\/figure>\n        <\/a>\n            <a href=\"http:\/\/adcotrading.eu\/sustainability-first\/responsible-chemical-management\/\">\n            <figure><img loading=\"lazy\" decoding=\"async\" width=\"956\" height=\"602\" src=\"https:\/\/adcotrading.eu\/app\/uploads\/2025\/10\/Responsible-Chemical-Management.avif\" class=\"attachment-full size-full\" alt=\"\" srcset=\"https:\/\/adcotrading.eu\/app\/uploads\/2025\/10\/Responsible-Chemical-Management.avif 956w, https:\/\/adcotrading.eu\/app\/uploads\/2025\/10\/Responsible-Chemical-Management-300x189.avif 300w, https:\/\/adcotrading.eu\/app\/uploads\/2025\/10\/Responsible-Chemical-Management-768x484.avif 768w\" sizes=\"auto, (max-width: 956px) 100vw, 956px\" \/>                <figcaption>Responsible Chemical Management<\/figcaption>\n            <\/figure>\n        <\/a>\n            <a href=\"http:\/\/adcotrading.eu\/sustainability-first\/traceable\/\">\n            <figure><img loading=\"lazy\" decoding=\"async\" width=\"2560\" height=\"1707\" src=\"https:\/\/adcotrading.eu\/app\/uploads\/2025\/12\/PET-bild.webp\" class=\"attachment-full size-full not-transparent\" alt=\"\" srcset=\"https:\/\/adcotrading.eu\/app\/uploads\/2025\/12\/PET-bild.webp 2560w, https:\/\/adcotrading.eu\/app\/uploads\/2025\/12\/PET-bild-300x200.webp 300w, https:\/\/adcotrading.eu\/app\/uploads\/2025\/12\/PET-bild-1024x683.webp 1024w, https:\/\/adcotrading.eu\/app\/uploads\/2025\/12\/PET-bild-768x512.webp 768w, https:\/\/adcotrading.eu\/app\/uploads\/2025\/12\/PET-bild-1536x1024.webp 1536w, https:\/\/adcotrading.eu\/app\/uploads\/2025\/12\/PET-bild-2048x1366.webp 2048w\" sizes=\"auto, (max-width: 2560px) 100vw, 2560px\" data-has-transparency=\"false\" data-dominant-color=\"8ddae6\" style=\"--dominant-color: #8ddae6;\" \/>                <figcaption>Supply Chain Traceability<\/figcaption>\n            <\/figure>\n        <\/a>\n        <\/div>\n\n<\/div><\/div>\n","protected":false},"excerpt":{"rendered":"","protected":false},"author":2,"featured_media":0,"parent":1157,"menu_order":0,"comment_status":"closed","ping_status":"closed","template":"","meta":{"_acf_changed":false,"footnotes":""},"class_list":["post-1143","page","type-page","status-publish","hentry"],"acf":[],"yoast_head":"<!-- This site is optimized with the Yoast SEO plugin v27.4 - https:\/\/yoast.com\/product\/yoast-seo-wordpress\/ -->\n<title>Gestion responsable des produits chimiques - AD CO. trading<\/title>\n<meta name=\"description\" content=\"Gestion responsable des produits chimiques REACH \u2013 \u00e0 port\u00e9e de main Un engagement constant en faveur de la s\u00e9curit\u00e9 chimique Nous travaillons en\" \/>\n<meta name=\"robots\" content=\"index, follow, max-snippet:-1, max-image-preview:large, max-video-preview:-1\" \/>\n<link rel=\"canonical\" href=\"https:\/\/adcotrading.eu\/fr\/le-developpement-durable-avant-tout\/gestion-responsable-des-produits-chimiques\/\" \/>\n<meta property=\"og:locale\" content=\"fr_FR\" \/>\n<meta property=\"og:type\" content=\"article\" \/>\n<meta property=\"og:title\" content=\"Gestion responsable des produits chimiques - AD CO. trading\" \/>\n<meta property=\"og:description\" content=\"Gestion responsable des produits chimiques REACH \u2013 \u00e0 port\u00e9e de main Un engagement constant en faveur de la s\u00e9curit\u00e9 chimique Nous travaillons en\" \/>\n<meta property=\"og:url\" content=\"https:\/\/adcotrading.eu\/fr\/le-developpement-durable-avant-tout\/gestion-responsable-des-produits-chimiques\/\" \/>\n<meta property=\"og:site_name\" content=\"AD CO. trading\" \/>\n<meta property=\"article:modified_time\" content=\"2026-04-15T13:04:54+00:00\" \/>\n<meta property=\"og:image\" content=\"https:\/\/adcotrading.eu\/app\/uploads\/2025\/11\/ADCO_iceberg-1.webp\" \/>\n\t<meta property=\"og:image:width\" content=\"2560\" \/>\n\t<meta property=\"og:image:height\" content=\"1707\" \/>\n\t<meta property=\"og:image:type\" content=\"image\/jpeg\" \/>\n<meta name=\"twitter:card\" content=\"summary_large_image\" \/>\n<meta name=\"twitter:label1\" content=\"Est. reading time\" \/>\n\t<meta name=\"twitter:data1\" content=\"1 minute\" \/>\n<script type=\"application\/ld+json\" class=\"yoast-schema-graph\">{\"@context\":\"https:\\\/\\\/schema.org\",\"@graph\":[{\"@type\":\"WebPage\",\"@id\":\"https:\\\/\\\/adcotrading.eu\\\/fr\\\/le-developpement-durable-avant-tout\\\/gestion-responsable-des-produits-chimiques\\\/\",\"url\":\"https:\\\/\\\/adcotrading.eu\\\/fr\\\/le-developpement-durable-avant-tout\\\/gestion-responsable-des-produits-chimiques\\\/\",\"name\":\"Gestion responsable des produits chimiques - AD CO. trading\",\"isPartOf\":{\"@id\":\"https:\\\/\\\/adcotrading.eu\\\/fr\\\/#website\"},\"primaryImageOfPage\":{\"@id\":\"https:\\\/\\\/adcotrading.eu\\\/fr\\\/le-developpement-durable-avant-tout\\\/gestion-responsable-des-produits-chimiques\\\/#primaryimage\"},\"image\":{\"@id\":\"https:\\\/\\\/adcotrading.eu\\\/fr\\\/le-developpement-durable-avant-tout\\\/gestion-responsable-des-produits-chimiques\\\/#primaryimage\"},\"thumbnailUrl\":\"http:\\\/\\\/adcotrading.eu\\\/app\\\/uploads\\\/2025\\\/11\\\/ADCO_iceberg-1-1024x683.webp\",\"datePublished\":\"2025-11-05T12:55:40+00:00\",\"dateModified\":\"2026-04-15T13:04:54+00:00\",\"description\":\"Gestion responsable des produits chimiques REACH \u2013 \u00e0 port\u00e9e de main Un engagement constant en faveur de la s\u00e9curit\u00e9 chimique Nous travaillons en\",\"breadcrumb\":{\"@id\":\"https:\\\/\\\/adcotrading.eu\\\/fr\\\/le-developpement-durable-avant-tout\\\/gestion-responsable-des-produits-chimiques\\\/#breadcrumb\"},\"inLanguage\":\"fr-FR\",\"potentialAction\":[{\"@type\":\"ReadAction\",\"target\":[\"https:\\\/\\\/adcotrading.eu\\\/fr\\\/le-developpement-durable-avant-tout\\\/gestion-responsable-des-produits-chimiques\\\/\"]}]},{\"@type\":\"ImageObject\",\"inLanguage\":\"fr-FR\",\"@id\":\"https:\\\/\\\/adcotrading.eu\\\/fr\\\/le-developpement-durable-avant-tout\\\/gestion-responsable-des-produits-chimiques\\\/#primaryimage\",\"url\":\"http:\\\/\\\/adcotrading.eu\\\/app\\\/uploads\\\/2025\\\/11\\\/ADCO_iceberg-1-1024x683.webp\",\"contentUrl\":\"http:\\\/\\\/adcotrading.eu\\\/app\\\/uploads\\\/2025\\\/11\\\/ADCO_iceberg-1-1024x683.webp\"},{\"@type\":\"BreadcrumbList\",\"@id\":\"https:\\\/\\\/adcotrading.eu\\\/fr\\\/le-developpement-durable-avant-tout\\\/gestion-responsable-des-produits-chimiques\\\/#breadcrumb\",\"itemListElement\":[{\"@type\":\"ListItem\",\"position\":1,\"name\":\"Home\",\"item\":\"https:\\\/\\\/adcotrading.eu\\\/fr\\\/\"},{\"@type\":\"ListItem\",\"position\":2,\"name\":\"Le d\u00e9veloppement durable avant tout\",\"item\":\"https:\\\/\\\/adcotrading.eu\\\/fr\\\/le-developpement-durable-avant-tout\\\/\"},{\"@type\":\"ListItem\",\"position\":3,\"name\":\"Gestion responsable des produits chimiques\"}]},{\"@type\":\"WebSite\",\"@id\":\"https:\\\/\\\/adcotrading.eu\\\/fr\\\/#website\",\"url\":\"https:\\\/\\\/adcotrading.eu\\\/fr\\\/\",\"name\":\"AD CO. trading\",\"description\":\"\",\"potentialAction\":[{\"@type\":\"SearchAction\",\"target\":{\"@type\":\"EntryPoint\",\"urlTemplate\":\"https:\\\/\\\/adcotrading.eu\\\/fr\\\/?s={search_term_string}\"},\"query-input\":{\"@type\":\"PropertyValueSpecification\",\"valueRequired\":true,\"valueName\":\"search_term_string\"}}],\"inLanguage\":\"fr-FR\"}]}<\/script>\n<!-- \/ Yoast SEO plugin. -->","yoast_head_json":{"title":"Gestion responsable des produits chimiques - AD CO. trading","description":"Gestion responsable des produits chimiques REACH \u2013 \u00e0 port\u00e9e de main Un engagement constant en faveur de la s\u00e9curit\u00e9 chimique Nous travaillons en","robots":{"index":"index","follow":"follow","max-snippet":"max-snippet:-1","max-image-preview":"max-image-preview:large","max-video-preview":"max-video-preview:-1"},"canonical":"https:\/\/adcotrading.eu\/fr\/le-developpement-durable-avant-tout\/gestion-responsable-des-produits-chimiques\/","og_locale":"fr_FR","og_type":"article","og_title":"Gestion responsable des produits chimiques - AD CO. trading","og_description":"Gestion responsable des produits chimiques REACH \u2013 \u00e0 port\u00e9e de main Un engagement constant en faveur de la s\u00e9curit\u00e9 chimique Nous travaillons en","og_url":"https:\/\/adcotrading.eu\/fr\/le-developpement-durable-avant-tout\/gestion-responsable-des-produits-chimiques\/","og_site_name":"AD CO. trading","article_modified_time":"2026-04-15T13:04:54+00:00","og_image":[{"width":2560,"height":1707,"url":"https:\/\/adcotrading.eu\/app\/uploads\/2025\/11\/ADCO_iceberg-1.webp","type":"image\/jpeg"}],"twitter_card":"summary_large_image","twitter_misc":{"Est. reading time":"1 minute"},"schema":{"@context":"https:\/\/schema.org","@graph":[{"@type":"WebPage","@id":"https:\/\/adcotrading.eu\/fr\/le-developpement-durable-avant-tout\/gestion-responsable-des-produits-chimiques\/","url":"https:\/\/adcotrading.eu\/fr\/le-developpement-durable-avant-tout\/gestion-responsable-des-produits-chimiques\/","name":"Gestion responsable des produits chimiques - AD CO. trading","isPartOf":{"@id":"https:\/\/adcotrading.eu\/fr\/#website"},"primaryImageOfPage":{"@id":"https:\/\/adcotrading.eu\/fr\/le-developpement-durable-avant-tout\/gestion-responsable-des-produits-chimiques\/#primaryimage"},"image":{"@id":"https:\/\/adcotrading.eu\/fr\/le-developpement-durable-avant-tout\/gestion-responsable-des-produits-chimiques\/#primaryimage"},"thumbnailUrl":"http:\/\/adcotrading.eu\/app\/uploads\/2025\/11\/ADCO_iceberg-1-1024x683.webp","datePublished":"2025-11-05T12:55:40+00:00","dateModified":"2026-04-15T13:04:54+00:00","description":"Gestion responsable des produits chimiques REACH \u2013 \u00e0 port\u00e9e de main Un engagement constant en faveur de la s\u00e9curit\u00e9 chimique Nous travaillons en","breadcrumb":{"@id":"https:\/\/adcotrading.eu\/fr\/le-developpement-durable-avant-tout\/gestion-responsable-des-produits-chimiques\/#breadcrumb"},"inLanguage":"fr-FR","potentialAction":[{"@type":"ReadAction","target":["https:\/\/adcotrading.eu\/fr\/le-developpement-durable-avant-tout\/gestion-responsable-des-produits-chimiques\/"]}]},{"@type":"ImageObject","inLanguage":"fr-FR","@id":"https:\/\/adcotrading.eu\/fr\/le-developpement-durable-avant-tout\/gestion-responsable-des-produits-chimiques\/#primaryimage","url":"http:\/\/adcotrading.eu\/app\/uploads\/2025\/11\/ADCO_iceberg-1-1024x683.webp","contentUrl":"http:\/\/adcotrading.eu\/app\/uploads\/2025\/11\/ADCO_iceberg-1-1024x683.webp"},{"@type":"BreadcrumbList","@id":"https:\/\/adcotrading.eu\/fr\/le-developpement-durable-avant-tout\/gestion-responsable-des-produits-chimiques\/#breadcrumb","itemListElement":[{"@type":"ListItem","position":1,"name":"Home","item":"https:\/\/adcotrading.eu\/fr\/"},{"@type":"ListItem","position":2,"name":"Le d\u00e9veloppement durable avant tout","item":"https:\/\/adcotrading.eu\/fr\/le-developpement-durable-avant-tout\/"},{"@type":"ListItem","position":3,"name":"Gestion responsable des produits chimiques"}]},{"@type":"WebSite","@id":"https:\/\/adcotrading.eu\/fr\/#website","url":"https:\/\/adcotrading.eu\/fr\/","name":"AD CO. trading","description":"","potentialAction":[{"@type":"SearchAction","target":{"@type":"EntryPoint","urlTemplate":"https:\/\/adcotrading.eu\/fr\/?s={search_term_string}"},"query-input":{"@type":"PropertyValueSpecification","valueRequired":true,"valueName":"search_term_string"}}],"inLanguage":"fr-FR"}]}},"_links":{"self":[{"href":"https:\/\/adcotrading.eu\/fr\/wp-json\/wp\/v2\/pages\/1143","targetHints":{"allow":["GET"]}}],"collection":[{"href":"https:\/\/adcotrading.eu\/fr\/wp-json\/wp\/v2\/pages"}],"about":[{"href":"https:\/\/adcotrading.eu\/fr\/wp-json\/wp\/v2\/types\/page"}],"author":[{"embeddable":true,"href":"https:\/\/adcotrading.eu\/fr\/wp-json\/wp\/v2\/users\/2"}],"replies":[{"embeddable":true,"href":"https:\/\/adcotrading.eu\/fr\/wp-json\/wp\/v2\/comments?post=1143"}],"version-history":[{"count":9,"href":"https:\/\/adcotrading.eu\/fr\/wp-json\/wp\/v2\/pages\/1143\/revisions"}],"predecessor-version":[{"id":1574,"href":"https:\/\/adcotrading.eu\/fr\/wp-json\/wp\/v2\/pages\/1143\/revisions\/1574"}],"up":[{"embeddable":true,"href":"https:\/\/adcotrading.eu\/fr\/wp-json\/wp\/v2\/pages\/1157"}],"wp:attachment":[{"href":"https:\/\/adcotrading.eu\/fr\/wp-json\/wp\/v2\/media?parent=1143"}],"curies":[{"name":"wp","href":"https:\/\/api.w.org\/{rel}","templated":true}]}}