{"id":1145,"date":"2025-11-05T12:54:57","date_gmt":"2025-11-05T12:54:57","guid":{"rendered":"https:\/\/adcotrading.eu\/empreinte-carbone\/"},"modified":"2026-04-15T13:04:55","modified_gmt":"2026-04-15T13:04:55","slug":"empreinte-carbone","status":"publish","type":"page","link":"https:\/\/adcotrading.eu\/fr\/le-developpement-durable-avant-tout\/empreinte-carbone\/","title":{"rendered":"Empreinte carbone"},"content":{"rendered":"\n<div class=\"wp-block-cover alignfull is-light has-custom-content-position is-position-center-left adco-cover-block\" style=\"margin-top:0;margin-bottom:0;min-height:70vh;aspect-ratio:unset;\"><img data-dominant-color=\"82867f\" data-has-transparency=\"false\" style=\"--dominant-color: #82867f;\" loading=\"lazy\" decoding=\"async\" width=\"1024\" height=\"768\" sizes=\"auto, (max-width: 1024px) 100vw, 1024px\" class=\"wp-block-cover__image-background wp-image-743 size-large not-transparent\" alt=\"\" src=\"http:\/\/adcotrading.eu\/app\/uploads\/2025\/11\/ADCO-forest-1-1024x768.webp\" data-object-fit=\"cover\" srcset=\"https:\/\/adcotrading.eu\/app\/uploads\/2025\/11\/ADCO-forest-1-1024x768.webp 1024w, https:\/\/adcotrading.eu\/app\/uploads\/2025\/11\/ADCO-forest-1-300x225.webp 300w, https:\/\/adcotrading.eu\/app\/uploads\/2025\/11\/ADCO-forest-1-768x576.webp 768w, https:\/\/adcotrading.eu\/app\/uploads\/2025\/11\/ADCO-forest-1-1536x1152.webp 1536w, https:\/\/adcotrading.eu\/app\/uploads\/2025\/11\/ADCO-forest-1-2048x1536.webp 2048w\" \/><span aria-hidden=\"true\" class=\"wp-block-cover__background has-black-background-color has-background-dim-0 has-background-dim\"><\/span><div class=\"wp-block-cover__inner-container is-layout-constrained wp-block-cover-is-layout-constrained\">\n<h1 class=\"wp-block-heading has-text-align-left has-white-color has-text-color has-link-color wp-elements-18a10d8a65a83bffe76a8d5f3d81cd4a\">Au-del\u00e0<br\/>du sac\u00a0:<br\/>un impact r\u00e9el,<br\/>une faible empreinte \u00e9cologique<\/h1>\n<\/div><\/div>\n<div class=\"yoast-breadcrumbs\"><span><span><a href=\"https:\/\/adcotrading.eu\/fr\/\">Home<\/a><\/span> \u00bb <span><a href=\"https:\/\/adcotrading.eu\/fr\/le-developpement-durable-avant-tout\/\">Le d\u00e9veloppement durable avant tout<\/a><\/span> \u00bb <span class=\"breadcrumb_last\" aria-current=\"page\">Empreinte carbone<\/span><\/span><\/div>\n<div class=\"wp-block-media-text alignwide is-stacked-on-mobile is-vertically-aligned-top\" style=\"margin-top:var(--wp--preset--spacing--80);margin-bottom:var(--wp--preset--spacing--80);grid-template-columns:45% auto\"><figure class=\"wp-block-media-text__media\"><img data-dominant-color=\"82867f\" data-has-transparency=\"false\" style=\"--dominant-color: #82867f;\" loading=\"lazy\" decoding=\"async\" width=\"1024\" height=\"768\" src=\"http:\/\/adcotrading.eu\/app\/uploads\/2025\/11\/ADCO-forest-1-1024x768.webp\" alt=\"\" class=\"wp-image-743 size-full not-transparent\" srcset=\"https:\/\/adcotrading.eu\/app\/uploads\/2025\/11\/ADCO-forest-1-1024x768.webp 1024w, https:\/\/adcotrading.eu\/app\/uploads\/2025\/11\/ADCO-forest-1-300x225.webp 300w, https:\/\/adcotrading.eu\/app\/uploads\/2025\/11\/ADCO-forest-1-768x576.webp 768w, https:\/\/adcotrading.eu\/app\/uploads\/2025\/11\/ADCO-forest-1-1536x1152.webp 1536w, https:\/\/adcotrading.eu\/app\/uploads\/2025\/11\/ADCO-forest-1-2048x1536.webp 2048w\" sizes=\"auto, (max-width: 1024px) 100vw, 1024px\" \/><\/figure><div class=\"wp-block-media-text__content\">\n<h5 class=\"wp-block-heading\">R\u00c9DUIRE L\u2019IMPACT CLIMATIQUE POUR UN AVENIR DURABLE<\/h5>\n\n\n\n<p>Pour comprendre les effets du changement climatique, il faut d\u2019abord acqu\u00e9rir des connaissances. C\u2019est pourquoi nous calculons l\u2019empreinte carbone de nos produits en nous appuyant sur la Norme du GHG Protocol (Protocole des gaz \u00e0 effet de serre) pour les produits, reconnue \u00e0 l\u2019\u00e9chelle internationale. Cette m\u00e9thode va au-del\u00e0 du CO\u2082 et prend en compte tous les gaz \u00e0 effet de serre pertinents, offrant ainsi une vision transparente et comparable des \u00e9missions sur l\u2019ensemble de la cha\u00eene de valeur.<\/p>\n\n\n\n<p>Le GHG Protocol repose sur trois cat\u00e9gories\u00a0:<\/p>\n\n\n\n<p><strong>CAT\u00c9GORIE\u00a01\u00a0:<\/strong> \u00e9missions directes li\u00e9es aux activit\u00e9s op\u00e9rationnelles (par exemple, carburant des v\u00e9hicules).<\/p>\n\n\n\n<p><strong>CAT\u00c9GORIE\u00a02\u00a0:<\/strong> \u00e9missions indirectes li\u00e9es \u00e0 l\u2019\u00e9nergie achet\u00e9e (par exemple, l\u2019\u00e9lectricit\u00e9).<\/p>\n\n\n\n<p><strong>CAT\u00c9GORIE\u00a03\u00a0:<\/strong> \u00e9missions indirectes r\u00e9sultant d\u2019activit\u00e9s \u00e9chappant au contr\u00f4le direct, telles que le transport, les mat\u00e9riaux et les processus des fournisseurs.<\/p>\n\n\n\n<p>En appliquant ce cadre, nous pouvons d\u00e9terminer \u00e0 quelle \u00e9tape du cycle de vie les \u00e9missions les plus importantes sont g\u00e9n\u00e9r\u00e9es et pr\u00e9senter des donn\u00e9es claires pour chaque produit.\u00a0<br\/>Cela fournit les bases n\u00e9cessaires pour faire des choix \u00e9clair\u00e9s en mati\u00e8re de mat\u00e9riaux, de m\u00e9thodes de production et de logistique, en tenant compte \u00e0 la fois de la fonctionnalit\u00e9 et de l\u2019impact climatique.<\/p>\n\n\n\n<h5 class=\"wp-block-heading\">CHAQUE SAC COMPTE<\/h5>\n\n\n\n<p>Nous sommes conscients de l\u2019impact de chaque sac, mais tous les impacts ne se valent pas.\u00a0Les diff\u00e9rents mat\u00e9riaux ont des impacts vari\u00e9s sur la plan\u00e8te, depuis l\u2019utilisation des mati\u00e8res premi\u00e8res jusqu\u2019\u00e0 la production, le transport et le recyclage. C\u2019est pourquoi nous \u00e9valuons minutieusement chacun de nos choix, en cherchant toujours \u00e0 r\u00e9duire l\u2019empreinte \u00e9cologique de chaque sac.\u00a0<\/p>\n\n\n\n<p>Notre objectif est simple\u00a0: concevoir des sacs qui allient fonctionnalit\u00e9 et durabilit\u00e9, tout en ayant un impact aussi faible que possible sur l\u2019environnement. En intervenant \u00e0 chaque \u00e9tape du cycle de vie, nous veillons \u00e0 ce que chaque sac fabriqu\u00e9 contribue \u00e0 un avenir plus durable.<\/p>\n<\/div><\/div>\n\n<div class=\"wp-block-group alignwide is-layout-constrained wp-block-group-is-layout-constrained\">\n<h3 class=\"wp-block-heading alignwide\">Our sustainability initiatives<\/h3>\n\n\n\n<div class=\"sustainable-entrances-block alignwide wp-block\" id=\"block_85bebb640601e19ae49fa46a13dbc53b\">\n\n    <div class=\"link-items\">\n            <a href=\"http:\/\/adcotrading.eu\/sustainability-first\/social-responsibility\/\">\n            <figure><img loading=\"lazy\" decoding=\"async\" width=\"955\" height=\"601\" src=\"https:\/\/adcotrading.eu\/app\/uploads\/2025\/10\/Our-Social-Responsibility.avif\" class=\"attachment-full size-full\" alt=\"\" srcset=\"https:\/\/adcotrading.eu\/app\/uploads\/2025\/10\/Our-Social-Responsibility.avif 955w, https:\/\/adcotrading.eu\/app\/uploads\/2025\/10\/Our-Social-Responsibility-300x189.avif 300w, https:\/\/adcotrading.eu\/app\/uploads\/2025\/10\/Our-Social-Responsibility-768x483.avif 768w\" sizes=\"auto, (max-width: 955px) 100vw, 955px\" \/>                <figcaption>Social Responsibility<\/figcaption>\n            <\/figure>\n        <\/a>\n            <a href=\"http:\/\/adcotrading.eu\/sustainability-first\/carbon-footprint\/\">\n            <figure><img loading=\"lazy\" decoding=\"async\" width=\"955\" height=\"600\" src=\"https:\/\/adcotrading.eu\/app\/uploads\/2025\/10\/Carbon-Footprint.avif\" class=\"attachment-full size-full\" alt=\"\" srcset=\"https:\/\/adcotrading.eu\/app\/uploads\/2025\/10\/Carbon-Footprint.avif 955w, https:\/\/adcotrading.eu\/app\/uploads\/2025\/10\/Carbon-Footprint-300x188.avif 300w, https:\/\/adcotrading.eu\/app\/uploads\/2025\/10\/Carbon-Footprint-768x483.avif 768w\" sizes=\"auto, (max-width: 955px) 100vw, 955px\" \/>                <figcaption>Carbon Footprint<\/figcaption>\n            <\/figure>\n        <\/a>\n            <a href=\"http:\/\/adcotrading.eu\/sustainability-first\/responsible-chemical-management\/\">\n            <figure><img loading=\"lazy\" decoding=\"async\" width=\"956\" height=\"602\" src=\"https:\/\/adcotrading.eu\/app\/uploads\/2025\/10\/Responsible-Chemical-Management.avif\" class=\"attachment-full size-full\" alt=\"\" srcset=\"https:\/\/adcotrading.eu\/app\/uploads\/2025\/10\/Responsible-Chemical-Management.avif 956w, https:\/\/adcotrading.eu\/app\/uploads\/2025\/10\/Responsible-Chemical-Management-300x189.avif 300w, https:\/\/adcotrading.eu\/app\/uploads\/2025\/10\/Responsible-Chemical-Management-768x484.avif 768w\" sizes=\"auto, (max-width: 956px) 100vw, 956px\" \/>                <figcaption>Responsible Chemical Management<\/figcaption>\n            <\/figure>\n        <\/a>\n            <a href=\"http:\/\/adcotrading.eu\/sustainability-first\/traceable\/\">\n            <figure><img loading=\"lazy\" decoding=\"async\" width=\"2560\" height=\"1707\" src=\"https:\/\/adcotrading.eu\/app\/uploads\/2025\/12\/PET-bild.webp\" class=\"attachment-full size-full not-transparent\" alt=\"\" srcset=\"https:\/\/adcotrading.eu\/app\/uploads\/2025\/12\/PET-bild.webp 2560w, https:\/\/adcotrading.eu\/app\/uploads\/2025\/12\/PET-bild-300x200.webp 300w, https:\/\/adcotrading.eu\/app\/uploads\/2025\/12\/PET-bild-1024x683.webp 1024w, https:\/\/adcotrading.eu\/app\/uploads\/2025\/12\/PET-bild-768x512.webp 768w, https:\/\/adcotrading.eu\/app\/uploads\/2025\/12\/PET-bild-1536x1024.webp 1536w, https:\/\/adcotrading.eu\/app\/uploads\/2025\/12\/PET-bild-2048x1366.webp 2048w\" sizes=\"auto, (max-width: 2560px) 100vw, 2560px\" data-has-transparency=\"false\" data-dominant-color=\"8ddae6\" style=\"--dominant-color: #8ddae6;\" \/>                <figcaption>Supply Chain Traceability<\/figcaption>\n            <\/figure>\n        <\/a>\n        <\/div>\n\n<\/div><\/div>\n","protected":false},"excerpt":{"rendered":"<p>R\u00c9DUIRE L\u2019IMPACT CLIMATIQUE POUR UN AVENIR DURABLE Pour comprendre les effets du changement climatique, il faut d\u2019abord acqu\u00e9rir des connaissances. C\u2019est pourquoi nous calculons l\u2019empreinte carbone de nos produits en nous appuyant sur la Norme du GHG Protocol (Protocole des gaz \u00e0 effet de serre) pour les produits, reconnue \u00e0 l\u2019\u00e9chelle internationale. Cette m\u00e9thode va [&hellip;]<\/p>\n","protected":false},"author":2,"featured_media":0,"parent":1157,"menu_order":0,"comment_status":"closed","ping_status":"closed","template":"","meta":{"_acf_changed":false,"footnotes":""},"class_list":["post-1145","page","type-page","status-publish","hentry"],"acf":[],"yoast_head":"<!-- This site is optimized with the Yoast SEO plugin v27.4 - https:\/\/yoast.com\/product\/yoast-seo-wordpress\/ -->\n<title>Empreinte carbone - AD CO. trading<\/title>\n<meta name=\"description\" content=\"Au-del\u00e0du sac\u00a0:un impact r\u00e9el,une faible empreinte \u00e9cologique R\u00c9DUIRE L\u2019IMPACT CLIMATIQUE POUR UN AVENIR DURABLE Pour comprendre les effets du changement\" \/>\n<meta name=\"robots\" content=\"index, follow, max-snippet:-1, max-image-preview:large, max-video-preview:-1\" \/>\n<link rel=\"canonical\" href=\"https:\/\/adcotrading.eu\/fr\/le-developpement-durable-avant-tout\/empreinte-carbone\/\" \/>\n<meta property=\"og:locale\" content=\"fr_FR\" \/>\n<meta property=\"og:type\" content=\"article\" \/>\n<meta property=\"og:title\" content=\"Empreinte carbone - AD CO. trading\" \/>\n<meta property=\"og:description\" content=\"Au-del\u00e0du sac\u00a0:un impact r\u00e9el,une faible empreinte \u00e9cologique R\u00c9DUIRE L\u2019IMPACT CLIMATIQUE POUR UN AVENIR DURABLE Pour comprendre les effets du changement\" \/>\n<meta property=\"og:url\" content=\"https:\/\/adcotrading.eu\/fr\/le-developpement-durable-avant-tout\/empreinte-carbone\/\" \/>\n<meta property=\"og:site_name\" content=\"AD CO. trading\" \/>\n<meta property=\"article:modified_time\" content=\"2026-04-15T13:04:55+00:00\" \/>\n<meta property=\"og:image\" content=\"https:\/\/adcotrading.eu\/app\/uploads\/2025\/11\/ADCO-forest-1.webp\" \/>\n\t<meta property=\"og:image:width\" content=\"2560\" \/>\n\t<meta property=\"og:image:height\" content=\"1920\" \/>\n\t<meta property=\"og:image:type\" content=\"image\/jpeg\" \/>\n<meta name=\"twitter:card\" content=\"summary_large_image\" \/>\n<meta name=\"twitter:label1\" content=\"Est. reading time\" \/>\n\t<meta name=\"twitter:data1\" content=\"2 minutes\" \/>\n<script type=\"application\/ld+json\" class=\"yoast-schema-graph\">{\"@context\":\"https:\\\/\\\/schema.org\",\"@graph\":[{\"@type\":\"WebPage\",\"@id\":\"https:\\\/\\\/adcotrading.eu\\\/fr\\\/le-developpement-durable-avant-tout\\\/empreinte-carbone\\\/\",\"url\":\"https:\\\/\\\/adcotrading.eu\\\/fr\\\/le-developpement-durable-avant-tout\\\/empreinte-carbone\\\/\",\"name\":\"Empreinte carbone - AD CO. trading\",\"isPartOf\":{\"@id\":\"https:\\\/\\\/adcotrading.eu\\\/fr\\\/#website\"},\"primaryImageOfPage\":{\"@id\":\"https:\\\/\\\/adcotrading.eu\\\/fr\\\/le-developpement-durable-avant-tout\\\/empreinte-carbone\\\/#primaryimage\"},\"image\":{\"@id\":\"https:\\\/\\\/adcotrading.eu\\\/fr\\\/le-developpement-durable-avant-tout\\\/empreinte-carbone\\\/#primaryimage\"},\"thumbnailUrl\":\"http:\\\/\\\/adcotrading.eu\\\/app\\\/uploads\\\/2025\\\/11\\\/ADCO-forest-1-1024x768.webp\",\"datePublished\":\"2025-11-05T12:54:57+00:00\",\"dateModified\":\"2026-04-15T13:04:55+00:00\",\"description\":\"Au-del\u00e0du sac\u00a0:un impact r\u00e9el,une faible empreinte \u00e9cologique R\u00c9DUIRE L\u2019IMPACT CLIMATIQUE POUR UN AVENIR DURABLE Pour comprendre les effets du changement\",\"breadcrumb\":{\"@id\":\"https:\\\/\\\/adcotrading.eu\\\/fr\\\/le-developpement-durable-avant-tout\\\/empreinte-carbone\\\/#breadcrumb\"},\"inLanguage\":\"fr-FR\",\"potentialAction\":[{\"@type\":\"ReadAction\",\"target\":[\"https:\\\/\\\/adcotrading.eu\\\/fr\\\/le-developpement-durable-avant-tout\\\/empreinte-carbone\\\/\"]}]},{\"@type\":\"ImageObject\",\"inLanguage\":\"fr-FR\",\"@id\":\"https:\\\/\\\/adcotrading.eu\\\/fr\\\/le-developpement-durable-avant-tout\\\/empreinte-carbone\\\/#primaryimage\",\"url\":\"http:\\\/\\\/adcotrading.eu\\\/app\\\/uploads\\\/2025\\\/11\\\/ADCO-forest-1-1024x768.webp\",\"contentUrl\":\"http:\\\/\\\/adcotrading.eu\\\/app\\\/uploads\\\/2025\\\/11\\\/ADCO-forest-1-1024x768.webp\"},{\"@type\":\"BreadcrumbList\",\"@id\":\"https:\\\/\\\/adcotrading.eu\\\/fr\\\/le-developpement-durable-avant-tout\\\/empreinte-carbone\\\/#breadcrumb\",\"itemListElement\":[{\"@type\":\"ListItem\",\"position\":1,\"name\":\"Home\",\"item\":\"https:\\\/\\\/adcotrading.eu\\\/fr\\\/\"},{\"@type\":\"ListItem\",\"position\":2,\"name\":\"Le d\u00e9veloppement durable avant tout\",\"item\":\"https:\\\/\\\/adcotrading.eu\\\/fr\\\/le-developpement-durable-avant-tout\\\/\"},{\"@type\":\"ListItem\",\"position\":3,\"name\":\"Empreinte carbone\"}]},{\"@type\":\"WebSite\",\"@id\":\"https:\\\/\\\/adcotrading.eu\\\/fr\\\/#website\",\"url\":\"https:\\\/\\\/adcotrading.eu\\\/fr\\\/\",\"name\":\"AD CO. trading\",\"description\":\"\",\"potentialAction\":[{\"@type\":\"SearchAction\",\"target\":{\"@type\":\"EntryPoint\",\"urlTemplate\":\"https:\\\/\\\/adcotrading.eu\\\/fr\\\/?s={search_term_string}\"},\"query-input\":{\"@type\":\"PropertyValueSpecification\",\"valueRequired\":true,\"valueName\":\"search_term_string\"}}],\"inLanguage\":\"fr-FR\"}]}<\/script>\n<!-- \/ Yoast SEO plugin. -->","yoast_head_json":{"title":"Empreinte carbone - AD CO. trading","description":"Au-del\u00e0du sac\u00a0:un impact r\u00e9el,une faible empreinte \u00e9cologique R\u00c9DUIRE L\u2019IMPACT CLIMATIQUE POUR UN AVENIR DURABLE Pour comprendre les effets du changement","robots":{"index":"index","follow":"follow","max-snippet":"max-snippet:-1","max-image-preview":"max-image-preview:large","max-video-preview":"max-video-preview:-1"},"canonical":"https:\/\/adcotrading.eu\/fr\/le-developpement-durable-avant-tout\/empreinte-carbone\/","og_locale":"fr_FR","og_type":"article","og_title":"Empreinte carbone - AD CO. trading","og_description":"Au-del\u00e0du sac\u00a0:un impact r\u00e9el,une faible empreinte \u00e9cologique R\u00c9DUIRE L\u2019IMPACT CLIMATIQUE POUR UN AVENIR DURABLE Pour comprendre les effets du changement","og_url":"https:\/\/adcotrading.eu\/fr\/le-developpement-durable-avant-tout\/empreinte-carbone\/","og_site_name":"AD CO. trading","article_modified_time":"2026-04-15T13:04:55+00:00","og_image":[{"width":2560,"height":1920,"url":"https:\/\/adcotrading.eu\/app\/uploads\/2025\/11\/ADCO-forest-1.webp","type":"image\/jpeg"}],"twitter_card":"summary_large_image","twitter_misc":{"Est. reading time":"2 minutes"},"schema":{"@context":"https:\/\/schema.org","@graph":[{"@type":"WebPage","@id":"https:\/\/adcotrading.eu\/fr\/le-developpement-durable-avant-tout\/empreinte-carbone\/","url":"https:\/\/adcotrading.eu\/fr\/le-developpement-durable-avant-tout\/empreinte-carbone\/","name":"Empreinte carbone - AD CO. trading","isPartOf":{"@id":"https:\/\/adcotrading.eu\/fr\/#website"},"primaryImageOfPage":{"@id":"https:\/\/adcotrading.eu\/fr\/le-developpement-durable-avant-tout\/empreinte-carbone\/#primaryimage"},"image":{"@id":"https:\/\/adcotrading.eu\/fr\/le-developpement-durable-avant-tout\/empreinte-carbone\/#primaryimage"},"thumbnailUrl":"http:\/\/adcotrading.eu\/app\/uploads\/2025\/11\/ADCO-forest-1-1024x768.webp","datePublished":"2025-11-05T12:54:57+00:00","dateModified":"2026-04-15T13:04:55+00:00","description":"Au-del\u00e0du sac\u00a0:un impact r\u00e9el,une faible empreinte \u00e9cologique R\u00c9DUIRE L\u2019IMPACT CLIMATIQUE POUR UN AVENIR DURABLE Pour comprendre les effets du changement","breadcrumb":{"@id":"https:\/\/adcotrading.eu\/fr\/le-developpement-durable-avant-tout\/empreinte-carbone\/#breadcrumb"},"inLanguage":"fr-FR","potentialAction":[{"@type":"ReadAction","target":["https:\/\/adcotrading.eu\/fr\/le-developpement-durable-avant-tout\/empreinte-carbone\/"]}]},{"@type":"ImageObject","inLanguage":"fr-FR","@id":"https:\/\/adcotrading.eu\/fr\/le-developpement-durable-avant-tout\/empreinte-carbone\/#primaryimage","url":"http:\/\/adcotrading.eu\/app\/uploads\/2025\/11\/ADCO-forest-1-1024x768.webp","contentUrl":"http:\/\/adcotrading.eu\/app\/uploads\/2025\/11\/ADCO-forest-1-1024x768.webp"},{"@type":"BreadcrumbList","@id":"https:\/\/adcotrading.eu\/fr\/le-developpement-durable-avant-tout\/empreinte-carbone\/#breadcrumb","itemListElement":[{"@type":"ListItem","position":1,"name":"Home","item":"https:\/\/adcotrading.eu\/fr\/"},{"@type":"ListItem","position":2,"name":"Le d\u00e9veloppement durable avant tout","item":"https:\/\/adcotrading.eu\/fr\/le-developpement-durable-avant-tout\/"},{"@type":"ListItem","position":3,"name":"Empreinte carbone"}]},{"@type":"WebSite","@id":"https:\/\/adcotrading.eu\/fr\/#website","url":"https:\/\/adcotrading.eu\/fr\/","name":"AD CO. trading","description":"","potentialAction":[{"@type":"SearchAction","target":{"@type":"EntryPoint","urlTemplate":"https:\/\/adcotrading.eu\/fr\/?s={search_term_string}"},"query-input":{"@type":"PropertyValueSpecification","valueRequired":true,"valueName":"search_term_string"}}],"inLanguage":"fr-FR"}]}},"_links":{"self":[{"href":"https:\/\/adcotrading.eu\/fr\/wp-json\/wp\/v2\/pages\/1145","targetHints":{"allow":["GET"]}}],"collection":[{"href":"https:\/\/adcotrading.eu\/fr\/wp-json\/wp\/v2\/pages"}],"about":[{"href":"https:\/\/adcotrading.eu\/fr\/wp-json\/wp\/v2\/types\/page"}],"author":[{"embeddable":true,"href":"https:\/\/adcotrading.eu\/fr\/wp-json\/wp\/v2\/users\/2"}],"replies":[{"embeddable":true,"href":"https:\/\/adcotrading.eu\/fr\/wp-json\/wp\/v2\/comments?post=1145"}],"version-history":[{"count":9,"href":"https:\/\/adcotrading.eu\/fr\/wp-json\/wp\/v2\/pages\/1145\/revisions"}],"predecessor-version":[{"id":1576,"href":"https:\/\/adcotrading.eu\/fr\/wp-json\/wp\/v2\/pages\/1145\/revisions\/1576"}],"up":[{"embeddable":true,"href":"https:\/\/adcotrading.eu\/fr\/wp-json\/wp\/v2\/pages\/1157"}],"wp:attachment":[{"href":"https:\/\/adcotrading.eu\/fr\/wp-json\/wp\/v2\/media?parent=1145"}],"curies":[{"name":"wp","href":"https:\/\/api.w.org\/{rel}","templated":true}]}}