{"id":1149,"date":"2025-10-23T14:46:03","date_gmt":"2025-10-23T14:46:03","guid":{"rendered":"https:\/\/adcotrading.eu\/responsabilite-sociale\/"},"modified":"2026-04-15T13:04:57","modified_gmt":"2026-04-15T13:04:57","slug":"responsabilite-sociale","status":"publish","type":"page","link":"https:\/\/adcotrading.eu\/fr\/le-developpement-durable-avant-tout\/responsabilite-sociale\/","title":{"rendered":"Responsabilit\u00e9 sociale"},"content":{"rendered":"\n<div class=\"wp-block-cover alignfull has-custom-content-position is-position-center-left adco-cover-block\" style=\"margin-top:0;margin-bottom:0;min-height:70vh;aspect-ratio:unset;\"><img loading=\"lazy\" decoding=\"async\" width=\"1024\" height=\"683\" sizes=\"auto, (max-width: 1024px) 100vw, 1024px\" class=\"wp-block-cover__image-background wp-image-475 size-large\" alt=\"\" src=\"http:\/\/adcotrading.eu\/app\/uploads\/2025\/11\/ChatGPT-Image-24-okt.-2025-15_00_31-1024x683.avif\" style=\"object-position:64% 38%\" data-object-fit=\"cover\" data-object-position=\"64% 38%\" srcset=\"https:\/\/adcotrading.eu\/app\/uploads\/2025\/11\/ChatGPT-Image-24-okt.-2025-15_00_31-1024x683.avif 1024w, https:\/\/adcotrading.eu\/app\/uploads\/2025\/11\/ChatGPT-Image-24-okt.-2025-15_00_31-300x200.avif 300w, https:\/\/adcotrading.eu\/app\/uploads\/2025\/11\/ChatGPT-Image-24-okt.-2025-15_00_31-768x512.avif 768w, https:\/\/adcotrading.eu\/app\/uploads\/2025\/11\/ChatGPT-Image-24-okt.-2025-15_00_31.avif 1536w\" \/><span aria-hidden=\"true\" class=\"wp-block-cover__background has-black-background-color has-background-dim-0 has-background-dim\"><\/span><div class=\"wp-block-cover__inner-container is-layout-constrained wp-block-cover-is-layout-constrained\">\n<h1 class=\"wp-block-heading has-text-align-left\">Le pouvoir de prendre soin<\/h1>\n<\/div><\/div>\n<div class=\"yoast-breadcrumbs\"><span><span><a href=\"https:\/\/adcotrading.eu\/fr\/\">Home<\/a><\/span> \u00bb <span><a href=\"https:\/\/adcotrading.eu\/fr\/le-developpement-durable-avant-tout\/\">Le d\u00e9veloppement durable avant tout<\/a><\/span> \u00bb <span class=\"breadcrumb_last\" aria-current=\"page\">Responsabilit\u00e9 sociale<\/span><\/span><\/div>\n<div class=\"wp-block-media-text alignwide is-stacked-on-mobile is-vertically-aligned-top\" style=\"margin-top:var(--wp--preset--spacing--80);margin-bottom:var(--wp--preset--spacing--80);grid-template-columns:45% auto\"><figure class=\"wp-block-media-text__media\"><img loading=\"lazy\" decoding=\"async\" width=\"1024\" height=\"683\" src=\"http:\/\/adcotrading.eu\/app\/uploads\/2025\/11\/ChatGPT-Image-24-okt.-2025-15_00_31-1024x683.avif\" alt=\"\" class=\"wp-image-475 size-full\" srcset=\"https:\/\/adcotrading.eu\/app\/uploads\/2025\/11\/ChatGPT-Image-24-okt.-2025-15_00_31-1024x683.avif 1024w, https:\/\/adcotrading.eu\/app\/uploads\/2025\/11\/ChatGPT-Image-24-okt.-2025-15_00_31-300x200.avif 300w, https:\/\/adcotrading.eu\/app\/uploads\/2025\/11\/ChatGPT-Image-24-okt.-2025-15_00_31-768x512.avif 768w, https:\/\/adcotrading.eu\/app\/uploads\/2025\/11\/ChatGPT-Image-24-okt.-2025-15_00_31.avif 1536w\" sizes=\"auto, (max-width: 1024px) 100vw, 1024px\" \/><\/figure><div class=\"wp-block-media-text__content\">\n<h5 class=\"wp-block-heading has-clay-color has-text-color has-link-color wp-elements-d0754ec4b4475e4d0848d497bf7b8b2d\"><strong>NOTRE RESPONSABILIT\u00c9 SOCIALE<\/strong><\/h5>\n\n\n\n<h2 class=\"wp-block-heading has-text-align-left\" style=\"margin-top:0\">Chaque \u00eatre humain compte<\/h2>\n\n\n\n<h3 class=\"wp-block-heading\">Responsabilit\u00e9 sociale \u2013 Le d\u00e9veloppement durable \u00e0 tous les niveaux<\/h3>\n\n\n\n<p>Notre vision est claire\u00a0: proposer des produits hautement fonctionnels, exempts de substances chimiques nocives et fabriqu\u00e9s dans des conditions \u00e9quitables. Pour y parvenir, nous allons souvent plus loin que nos concurrents. \u00c0 nos yeux, c\u2019est la seule fa\u00e7on de nous assurer que tout est fait correctement. Notre objectif est que chaque produit de notre gamme fasse la diff\u00e9rence. C\u2019est une philosophie qui nous fait aller de l\u2019avant et qui donne tout son sens \u00e0 nos efforts.<\/p>\n\n\n\n<h3 class=\"wp-block-heading\">Une responsabilit\u00e9 qui prot\u00e8ge votre marque<\/h3>\n\n\n\n<p>Pour vous, en tant que client, notre engagement vous garantit que vous ne risquez pas de nuire \u00e0 votre image de marque. En effet, ce n\u2019est un secret pour personne\u00a0: les prix bas ont souvent un co\u00fbt. Ce dernier peut avoir des r\u00e9percussions sur l\u2019entreprise, la valeur de la marque, la sant\u00e9 des personnes et, dans le pire des cas, m\u00eame sur des vies humaines. C\u2019est un prix que nous ne sommes en aucun cas pr\u00eats \u00e0 payer.<\/p>\n\n\n\n<h3 class=\"wp-block-heading\">La responsabilit\u00e9 sociale en action<\/h3>\n\n\n\n<p>Pour nous, la responsabilit\u00e9 sociale n\u2019est pas qu\u2019une simple formalit\u00e9. Il s\u2019agit de v\u00e9ritablement comprendre la r\u00e9alit\u00e9 de nos fournisseurs et des personnes qui travaillent avec nous. Pour cette raison, nous combinons des audits sociaux r\u00e9alis\u00e9s par des organismes ind\u00e9pendants avec nos propres visites sur place, au cours desquelles nous rencontrons les responsables et les travailleurs, \u00e9valuons les conditions de travail et collaborons \u00e0 la mise en place d\u2019am\u00e9liorations continues.<\/p>\n\n\n\n<p>Nous suivons le <strong>cadre de travail BSCI\/amfori<\/strong>, qui repose sur les normes internationales du travail, telles que les conventions de l\u2019OIT et les principes des Nations Unies relatifs aux droits de l\u2019Homme. Cela garantit que nos fournisseurs\u00a0<\/p>\n\n\n\n<p>fassent r\u00e9guli\u00e8rement l\u2019objet d\u2019\u00e9valuations sur des questions essentielles, telles que les salaires \u00e9quitables, la s\u00e9curit\u00e9\u00a0<\/p>\n\n\n\n<p>des conditions de travail, les horaires de travail, le travail des enfants, la libert\u00e9 syndicale et la non-discrimination. Mais nous ne nous arr\u00eatons pas l\u00e0. Nous consid\u00e9rons les audits comme le point de d\u00e9part d\u2019un processus de d\u00e9veloppement\u00a0<\/p>\n\n\n\n<p>et non comme une ligne d\u2019arriv\u00e9e.<\/p>\n\n\n\n<h3 class=\"wp-block-heading\">Un partenariat fond\u00e9 sur le fait de prendre soin<\/h3>\n\n\n\n<p>Notre souci du bien-\u00eatre des personnes impliqu\u00e9es dans notre cha\u00eene d\u2019approvisionnement ne rel\u00e8ve pas simplement de la conformit\u00e9. Il fait partie int\u00e9grante de notre philosophie d\u2019entreprise. Nous sommes convaincus qu\u2019en nouant des relations durables et en travaillant main dans la main avec nos partenaires, nous pouvons garantir un processus de production s\u00fbr, \u00e9quitable et durable\u00a0<\/p>\n\n\n\n<p>pour toutes les personnes concern\u00e9es. C\u2019est ainsi que nous cr\u00e9ons une v\u00e9ritable valeur ajout\u00e9e, tant pour les employ\u00e9s que pour votre marque\u00a0<\/p>\n\n\n\n<p>et pour l\u2019avenir.<\/p>\n<\/div><\/div>\n\n<div class=\"wp-block-group alignwide is-layout-constrained wp-block-group-is-layout-constrained\">\n<h3 class=\"wp-block-heading alignwide\">Our sustainability initiatives<\/h3>\n\n\n\n<div class=\"sustainable-entrances-block alignwide wp-block\" id=\"block_f9bbe7d03ae67b81bf6b0b71b4712deb\">\n\n    <div class=\"link-items\">\n            <a href=\"http:\/\/adcotrading.eu\/sustainability-first\/social-responsibility\/\">\n            <figure><img loading=\"lazy\" decoding=\"async\" width=\"955\" height=\"601\" src=\"https:\/\/adcotrading.eu\/app\/uploads\/2025\/10\/Our-Social-Responsibility.avif\" class=\"attachment-full size-full\" alt=\"\" srcset=\"https:\/\/adcotrading.eu\/app\/uploads\/2025\/10\/Our-Social-Responsibility.avif 955w, https:\/\/adcotrading.eu\/app\/uploads\/2025\/10\/Our-Social-Responsibility-300x189.avif 300w, https:\/\/adcotrading.eu\/app\/uploads\/2025\/10\/Our-Social-Responsibility-768x483.avif 768w\" sizes=\"auto, (max-width: 955px) 100vw, 955px\" \/>                <figcaption>Social Responsibility<\/figcaption>\n            <\/figure>\n        <\/a>\n            <a href=\"http:\/\/adcotrading.eu\/sustainability-first\/carbon-footprint\/\">\n            <figure><img loading=\"lazy\" decoding=\"async\" width=\"955\" height=\"600\" src=\"https:\/\/adcotrading.eu\/app\/uploads\/2025\/10\/Carbon-Footprint.avif\" class=\"attachment-full size-full\" alt=\"\" srcset=\"https:\/\/adcotrading.eu\/app\/uploads\/2025\/10\/Carbon-Footprint.avif 955w, https:\/\/adcotrading.eu\/app\/uploads\/2025\/10\/Carbon-Footprint-300x188.avif 300w, https:\/\/adcotrading.eu\/app\/uploads\/2025\/10\/Carbon-Footprint-768x483.avif 768w\" sizes=\"auto, (max-width: 955px) 100vw, 955px\" \/>                <figcaption>Carbon Footprint<\/figcaption>\n            <\/figure>\n        <\/a>\n            <a href=\"http:\/\/adcotrading.eu\/sustainability-first\/responsible-chemical-management\/\">\n            <figure><img loading=\"lazy\" decoding=\"async\" width=\"956\" height=\"602\" src=\"https:\/\/adcotrading.eu\/app\/uploads\/2025\/10\/Responsible-Chemical-Management.avif\" class=\"attachment-full size-full\" alt=\"\" srcset=\"https:\/\/adcotrading.eu\/app\/uploads\/2025\/10\/Responsible-Chemical-Management.avif 956w, https:\/\/adcotrading.eu\/app\/uploads\/2025\/10\/Responsible-Chemical-Management-300x189.avif 300w, https:\/\/adcotrading.eu\/app\/uploads\/2025\/10\/Responsible-Chemical-Management-768x484.avif 768w\" sizes=\"auto, (max-width: 956px) 100vw, 956px\" \/>                <figcaption>Responsible Chemical Management<\/figcaption>\n            <\/figure>\n        <\/a>\n            <a href=\"http:\/\/adcotrading.eu\/sustainability-first\/traceable\/\">\n            <figure><img loading=\"lazy\" decoding=\"async\" width=\"2560\" height=\"1707\" src=\"https:\/\/adcotrading.eu\/app\/uploads\/2025\/12\/PET-bild.webp\" class=\"attachment-full size-full not-transparent\" alt=\"\" srcset=\"https:\/\/adcotrading.eu\/app\/uploads\/2025\/12\/PET-bild.webp 2560w, https:\/\/adcotrading.eu\/app\/uploads\/2025\/12\/PET-bild-300x200.webp 300w, https:\/\/adcotrading.eu\/app\/uploads\/2025\/12\/PET-bild-1024x683.webp 1024w, https:\/\/adcotrading.eu\/app\/uploads\/2025\/12\/PET-bild-768x512.webp 768w, https:\/\/adcotrading.eu\/app\/uploads\/2025\/12\/PET-bild-1536x1024.webp 1536w, https:\/\/adcotrading.eu\/app\/uploads\/2025\/12\/PET-bild-2048x1366.webp 2048w\" sizes=\"auto, (max-width: 2560px) 100vw, 2560px\" data-has-transparency=\"false\" data-dominant-color=\"8ddae6\" style=\"--dominant-color: #8ddae6;\" \/>                <figcaption>Supply Chain Traceability<\/figcaption>\n            <\/figure>\n        <\/a>\n        <\/div>\n\n<\/div><\/div>\n","protected":false},"excerpt":{"rendered":"<p>NOTRE RESPONSABILIT\u00c9 SOCIALE Chaque \u00eatre humain compte Responsabilit\u00e9 sociale \u2013 Le d\u00e9veloppement durable \u00e0 tous les niveaux Notre vision est claire\u00a0: proposer des produits hautement fonctionnels, exempts de substances chimiques nocives et fabriqu\u00e9s dans des conditions \u00e9quitables. Pour y parvenir, nous allons souvent plus loin que nos concurrents. \u00c0 nos yeux, c\u2019est la seule fa\u00e7on [&hellip;]<\/p>\n","protected":false},"author":2,"featured_media":0,"parent":1157,"menu_order":0,"comment_status":"closed","ping_status":"closed","template":"","meta":{"_acf_changed":false,"footnotes":""},"class_list":["post-1149","page","type-page","status-publish","hentry"],"acf":[],"yoast_head":"<!-- This site is optimized with the Yoast SEO plugin v27.4 - https:\/\/yoast.com\/product\/yoast-seo-wordpress\/ -->\n<title>Responsabilit\u00e9 sociale - AD CO. trading<\/title>\n<meta name=\"description\" content=\"Le pouvoir de prendre soin NOTRE RESPONSABILIT\u00c9 SOCIALE Chaque \u00eatre humain compte Responsabilit\u00e9 sociale \u2013 Le d\u00e9veloppement durable \u00e0 tous les niveaux\" \/>\n<meta name=\"robots\" content=\"index, follow, max-snippet:-1, max-image-preview:large, max-video-preview:-1\" \/>\n<link rel=\"canonical\" href=\"https:\/\/adcotrading.eu\/fr\/le-developpement-durable-avant-tout\/responsabilite-sociale\/\" \/>\n<meta property=\"og:locale\" content=\"fr_FR\" \/>\n<meta property=\"og:type\" content=\"article\" \/>\n<meta property=\"og:title\" content=\"Responsabilit\u00e9 sociale - AD CO. trading\" \/>\n<meta property=\"og:description\" content=\"Le pouvoir de prendre soin NOTRE RESPONSABILIT\u00c9 SOCIALE Chaque \u00eatre humain compte Responsabilit\u00e9 sociale \u2013 Le d\u00e9veloppement durable \u00e0 tous les niveaux\" \/>\n<meta property=\"og:url\" content=\"https:\/\/adcotrading.eu\/fr\/le-developpement-durable-avant-tout\/responsabilite-sociale\/\" \/>\n<meta property=\"og:site_name\" content=\"AD CO. trading\" \/>\n<meta property=\"article:modified_time\" content=\"2026-04-15T13:04:57+00:00\" \/>\n<meta property=\"og:image\" content=\"https:\/\/adcotrading.eu\/app\/uploads\/2025\/11\/ChatGPT-Image-24-okt.-2025-15_00_31.avif\" \/>\n\t<meta property=\"og:image:width\" content=\"1536\" \/>\n\t<meta property=\"og:image:height\" content=\"1024\" \/>\n\t<meta property=\"og:image:type\" content=\"image\/png\" \/>\n<meta name=\"twitter:card\" content=\"summary_large_image\" \/>\n<meta name=\"twitter:label1\" content=\"Est. reading time\" \/>\n\t<meta name=\"twitter:data1\" content=\"2 minutes\" \/>\n<script type=\"application\/ld+json\" class=\"yoast-schema-graph\">{\"@context\":\"https:\\\/\\\/schema.org\",\"@graph\":[{\"@type\":\"WebPage\",\"@id\":\"https:\\\/\\\/adcotrading.eu\\\/fr\\\/le-developpement-durable-avant-tout\\\/responsabilite-sociale\\\/\",\"url\":\"https:\\\/\\\/adcotrading.eu\\\/fr\\\/le-developpement-durable-avant-tout\\\/responsabilite-sociale\\\/\",\"name\":\"Responsabilit\u00e9 sociale - AD CO. trading\",\"isPartOf\":{\"@id\":\"https:\\\/\\\/adcotrading.eu\\\/fr\\\/#website\"},\"primaryImageOfPage\":{\"@id\":\"https:\\\/\\\/adcotrading.eu\\\/fr\\\/le-developpement-durable-avant-tout\\\/responsabilite-sociale\\\/#primaryimage\"},\"image\":{\"@id\":\"https:\\\/\\\/adcotrading.eu\\\/fr\\\/le-developpement-durable-avant-tout\\\/responsabilite-sociale\\\/#primaryimage\"},\"thumbnailUrl\":\"http:\\\/\\\/adcotrading.eu\\\/app\\\/uploads\\\/2025\\\/11\\\/ChatGPT-Image-24-okt.-2025-15_00_31-1024x683.avif\",\"datePublished\":\"2025-10-23T14:46:03+00:00\",\"dateModified\":\"2026-04-15T13:04:57+00:00\",\"description\":\"Le pouvoir de prendre soin NOTRE RESPONSABILIT\u00c9 SOCIALE Chaque \u00eatre humain compte Responsabilit\u00e9 sociale \u2013 Le d\u00e9veloppement durable \u00e0 tous les niveaux\",\"breadcrumb\":{\"@id\":\"https:\\\/\\\/adcotrading.eu\\\/fr\\\/le-developpement-durable-avant-tout\\\/responsabilite-sociale\\\/#breadcrumb\"},\"inLanguage\":\"fr-FR\",\"potentialAction\":[{\"@type\":\"ReadAction\",\"target\":[\"https:\\\/\\\/adcotrading.eu\\\/fr\\\/le-developpement-durable-avant-tout\\\/responsabilite-sociale\\\/\"]}]},{\"@type\":\"ImageObject\",\"inLanguage\":\"fr-FR\",\"@id\":\"https:\\\/\\\/adcotrading.eu\\\/fr\\\/le-developpement-durable-avant-tout\\\/responsabilite-sociale\\\/#primaryimage\",\"url\":\"http:\\\/\\\/adcotrading.eu\\\/app\\\/uploads\\\/2025\\\/11\\\/ChatGPT-Image-24-okt.-2025-15_00_31-1024x683.avif\",\"contentUrl\":\"http:\\\/\\\/adcotrading.eu\\\/app\\\/uploads\\\/2025\\\/11\\\/ChatGPT-Image-24-okt.-2025-15_00_31-1024x683.avif\"},{\"@type\":\"BreadcrumbList\",\"@id\":\"https:\\\/\\\/adcotrading.eu\\\/fr\\\/le-developpement-durable-avant-tout\\\/responsabilite-sociale\\\/#breadcrumb\",\"itemListElement\":[{\"@type\":\"ListItem\",\"position\":1,\"name\":\"Home\",\"item\":\"https:\\\/\\\/adcotrading.eu\\\/fr\\\/\"},{\"@type\":\"ListItem\",\"position\":2,\"name\":\"Le d\u00e9veloppement durable avant tout\",\"item\":\"https:\\\/\\\/adcotrading.eu\\\/fr\\\/le-developpement-durable-avant-tout\\\/\"},{\"@type\":\"ListItem\",\"position\":3,\"name\":\"Responsabilit\u00e9 sociale\"}]},{\"@type\":\"WebSite\",\"@id\":\"https:\\\/\\\/adcotrading.eu\\\/fr\\\/#website\",\"url\":\"https:\\\/\\\/adcotrading.eu\\\/fr\\\/\",\"name\":\"AD CO. trading\",\"description\":\"\",\"potentialAction\":[{\"@type\":\"SearchAction\",\"target\":{\"@type\":\"EntryPoint\",\"urlTemplate\":\"https:\\\/\\\/adcotrading.eu\\\/fr\\\/?s={search_term_string}\"},\"query-input\":{\"@type\":\"PropertyValueSpecification\",\"valueRequired\":true,\"valueName\":\"search_term_string\"}}],\"inLanguage\":\"fr-FR\"}]}<\/script>\n<!-- \/ Yoast SEO plugin. -->","yoast_head_json":{"title":"Responsabilit\u00e9 sociale - AD CO. trading","description":"Le pouvoir de prendre soin NOTRE RESPONSABILIT\u00c9 SOCIALE Chaque \u00eatre humain compte Responsabilit\u00e9 sociale \u2013 Le d\u00e9veloppement durable \u00e0 tous les niveaux","robots":{"index":"index","follow":"follow","max-snippet":"max-snippet:-1","max-image-preview":"max-image-preview:large","max-video-preview":"max-video-preview:-1"},"canonical":"https:\/\/adcotrading.eu\/fr\/le-developpement-durable-avant-tout\/responsabilite-sociale\/","og_locale":"fr_FR","og_type":"article","og_title":"Responsabilit\u00e9 sociale - AD CO. trading","og_description":"Le pouvoir de prendre soin NOTRE RESPONSABILIT\u00c9 SOCIALE Chaque \u00eatre humain compte Responsabilit\u00e9 sociale \u2013 Le d\u00e9veloppement durable \u00e0 tous les niveaux","og_url":"https:\/\/adcotrading.eu\/fr\/le-developpement-durable-avant-tout\/responsabilite-sociale\/","og_site_name":"AD CO. trading","article_modified_time":"2026-04-15T13:04:57+00:00","og_image":[{"width":1536,"height":1024,"url":"https:\/\/adcotrading.eu\/app\/uploads\/2025\/11\/ChatGPT-Image-24-okt.-2025-15_00_31.avif","type":"image\/png"}],"twitter_card":"summary_large_image","twitter_misc":{"Est. reading time":"2 minutes"},"schema":{"@context":"https:\/\/schema.org","@graph":[{"@type":"WebPage","@id":"https:\/\/adcotrading.eu\/fr\/le-developpement-durable-avant-tout\/responsabilite-sociale\/","url":"https:\/\/adcotrading.eu\/fr\/le-developpement-durable-avant-tout\/responsabilite-sociale\/","name":"Responsabilit\u00e9 sociale - AD CO. trading","isPartOf":{"@id":"https:\/\/adcotrading.eu\/fr\/#website"},"primaryImageOfPage":{"@id":"https:\/\/adcotrading.eu\/fr\/le-developpement-durable-avant-tout\/responsabilite-sociale\/#primaryimage"},"image":{"@id":"https:\/\/adcotrading.eu\/fr\/le-developpement-durable-avant-tout\/responsabilite-sociale\/#primaryimage"},"thumbnailUrl":"http:\/\/adcotrading.eu\/app\/uploads\/2025\/11\/ChatGPT-Image-24-okt.-2025-15_00_31-1024x683.avif","datePublished":"2025-10-23T14:46:03+00:00","dateModified":"2026-04-15T13:04:57+00:00","description":"Le pouvoir de prendre soin NOTRE RESPONSABILIT\u00c9 SOCIALE Chaque \u00eatre humain compte Responsabilit\u00e9 sociale \u2013 Le d\u00e9veloppement durable \u00e0 tous les niveaux","breadcrumb":{"@id":"https:\/\/adcotrading.eu\/fr\/le-developpement-durable-avant-tout\/responsabilite-sociale\/#breadcrumb"},"inLanguage":"fr-FR","potentialAction":[{"@type":"ReadAction","target":["https:\/\/adcotrading.eu\/fr\/le-developpement-durable-avant-tout\/responsabilite-sociale\/"]}]},{"@type":"ImageObject","inLanguage":"fr-FR","@id":"https:\/\/adcotrading.eu\/fr\/le-developpement-durable-avant-tout\/responsabilite-sociale\/#primaryimage","url":"http:\/\/adcotrading.eu\/app\/uploads\/2025\/11\/ChatGPT-Image-24-okt.-2025-15_00_31-1024x683.avif","contentUrl":"http:\/\/adcotrading.eu\/app\/uploads\/2025\/11\/ChatGPT-Image-24-okt.-2025-15_00_31-1024x683.avif"},{"@type":"BreadcrumbList","@id":"https:\/\/adcotrading.eu\/fr\/le-developpement-durable-avant-tout\/responsabilite-sociale\/#breadcrumb","itemListElement":[{"@type":"ListItem","position":1,"name":"Home","item":"https:\/\/adcotrading.eu\/fr\/"},{"@type":"ListItem","position":2,"name":"Le d\u00e9veloppement durable avant tout","item":"https:\/\/adcotrading.eu\/fr\/le-developpement-durable-avant-tout\/"},{"@type":"ListItem","position":3,"name":"Responsabilit\u00e9 sociale"}]},{"@type":"WebSite","@id":"https:\/\/adcotrading.eu\/fr\/#website","url":"https:\/\/adcotrading.eu\/fr\/","name":"AD CO. trading","description":"","potentialAction":[{"@type":"SearchAction","target":{"@type":"EntryPoint","urlTemplate":"https:\/\/adcotrading.eu\/fr\/?s={search_term_string}"},"query-input":{"@type":"PropertyValueSpecification","valueRequired":true,"valueName":"search_term_string"}}],"inLanguage":"fr-FR"}]}},"_links":{"self":[{"href":"https:\/\/adcotrading.eu\/fr\/wp-json\/wp\/v2\/pages\/1149","targetHints":{"allow":["GET"]}}],"collection":[{"href":"https:\/\/adcotrading.eu\/fr\/wp-json\/wp\/v2\/pages"}],"about":[{"href":"https:\/\/adcotrading.eu\/fr\/wp-json\/wp\/v2\/types\/page"}],"author":[{"embeddable":true,"href":"https:\/\/adcotrading.eu\/fr\/wp-json\/wp\/v2\/users\/2"}],"replies":[{"embeddable":true,"href":"https:\/\/adcotrading.eu\/fr\/wp-json\/wp\/v2\/comments?post=1149"}],"version-history":[{"count":9,"href":"https:\/\/adcotrading.eu\/fr\/wp-json\/wp\/v2\/pages\/1149\/revisions"}],"predecessor-version":[{"id":1580,"href":"https:\/\/adcotrading.eu\/fr\/wp-json\/wp\/v2\/pages\/1149\/revisions\/1580"}],"up":[{"embeddable":true,"href":"https:\/\/adcotrading.eu\/fr\/wp-json\/wp\/v2\/pages\/1157"}],"wp:attachment":[{"href":"https:\/\/adcotrading.eu\/fr\/wp-json\/wp\/v2\/media?parent=1149"}],"curies":[{"name":"wp","href":"https:\/\/api.w.org\/{rel}","templated":true}]}}