{"id":1164,"date":"2025-10-23T14:10:48","date_gmt":"2025-10-23T14:10:48","guid":{"rendered":"https:\/\/adcotrading.eu\/politique-de-confidentialite\/"},"modified":"2026-04-15T13:04:45","modified_gmt":"2026-04-15T13:04:45","slug":"politique-de-confidentialite","status":"publish","type":"page","link":"https:\/\/adcotrading.eu\/fr\/politique-de-confidentialite\/","title":{"rendered":"Politique de confidentialit\u00e9"},"content":{"rendered":"\n<h1 class=\"wp-block-heading\">Politique de confidentialit\u00e9<\/h1>\n\n<h3 class=\"wp-block-heading\">1. Introduction<\/h3>\n\n<p>AD\u00a0CO.\u00a0trading respecte la vie priv\u00e9e de chacun. La pr\u00e9sente Politique de confidentialit\u00e9 explique comment nous collectons, utilisons et conservons vos informations, afin que vous puissiez avoir l\u2019assurance que vos donn\u00e9es personnelles sont trait\u00e9es en toute s\u00e9curit\u00e9. La pr\u00e9sente Politique de confidentialit\u00e9 d\u00e9crit le traitement des donn\u00e9es personnelles par AD CO.\u00a0trading conform\u00e9ment au R\u00e8glement g\u00e9n\u00e9ral sur la protection des donn\u00e9es (RGPD). Nous vous invitons \u00e0 lire attentivement la pr\u00e9sente Politique de confidentialit\u00e9 avant de nous communiquer des donn\u00e9es personnelles.<\/p>\n\n<p><strong>2. Responsable du traitement<\/strong><br\/>AD\u00a0CO.\u00a0trading est le responsable du traitement des donn\u00e9es personnelles d\u00e9crites dans la pr\u00e9sente Politique de confidentialit\u00e9.<\/p>\n\n<p>Si vous avez des questions concernant le traitement de vos donn\u00e9es personnelles, n\u2019h\u00e9sitez pas \u00e0 nous contacter en utilisant les coordonn\u00e9es indiqu\u00e9es \u00e0 la section\u00a011 ci-dessous.<\/p>\n\n<p><strong>3. \u00c0 qui s\u2019applique cette politique<\/strong><\/p>\n\n<p>La pr\u00e9sente Politique de confidentialit\u00e9 s\u2019applique aux personnes qui ont conclu ou souhaitent conclure un contrat avec nous. Cela peut \u00eatre en tant que client, fournisseur ou partenaire commercial.<\/p>\n\n<h3 class=\"wp-block-heading\">4. Champ d\u2019application de la politique<\/h3>\n\n<p>La pr\u00e9sente Politique de confidentialit\u00e9 explique comment nous collectons, utilisons et conservons vos donn\u00e9es personnelles.<\/p>\n\n<h3 class=\"wp-block-heading\">5. Base juridique du traitement des donn\u00e9es personnelles<\/h3>\n\n<p>AD\u00a0CO.\u00a0trading traite les donn\u00e9es personnelles sur la base de la n\u00e9cessit\u00e9 contractuelle, des obligations l\u00e9gales, des int\u00e9r\u00eats l\u00e9gitimes et, lorsque la loi l\u2019exige, du consentement. Si vous choisissez de ne pas fournir certaines donn\u00e9es personnelles, cela pourrait nous emp\u00eacher de conclure ou d\u2019ex\u00e9cuter un contrat avec vous.<\/p>\n\n<h3 class=\"wp-block-heading\">6. Donn\u00e9es personnelles<\/h3>\n\n<p>Nous recueillons des informations vous concernant que vous nous fournissez principalement de mani\u00e8re directe ou indirecte. Cela peut se produire, par exemple, dans le cadre d\u2019une demande de renseignements, lorsque vous faites une demande d\u2019adh\u00e9sion via notre site web, lorsque vous concluez un contrat avec nous ou, de toute autre mani\u00e8re, lorsque nous g\u00e9rons un contrat.<\/p>\n\n<p>Les donn\u00e9es personnelles trait\u00e9es comprennent principalement\u00a0:<\/p>\n\n<ul class=\"wp-block-list\">\n<li>Donn\u00e9es d\u2019identification \u2013 nom, num\u00e9ro d\u2019enregistrement de l\u2019entreprise<\/li>\n\n\n\n<li>Coordonn\u00e9es \u2013 adresse, num\u00e9ro de t\u00e9l\u00e9phone, adresse e-mail<\/li>\n\n\n\n<li>Informations relatives au paiement<\/li>\n\n\n\n<li>Num\u00e9ro de client<\/li>\n\n\n\n<li>Informations relatives au cr\u00e9dit<\/li>\n\n\n\n<li>Adresse\u00a0IP, comportement de navigation<\/li>\n\n\n\n<li>Historique des commandes et des factures<\/li>\n<\/ul>\n\n<h3 class=\"wp-block-heading\">6.1 Finalit\u00e9s du traitement des donn\u00e9es personnelles<\/h3>\n\n<p>Nous traitons vos donn\u00e9es personnelles afin, entre autres, d\u2019ex\u00e9cuter le contrat qui nous lie \u00e0 vous en tant que client ou fournisseur, de vous offrir un service de qualit\u00e9, de traiter vos r\u00e9clamations et de rester en contact avec vous.<\/p>\n\n<h4 class=\"wp-block-heading\">6.1.1 Ex\u00e9cution des contrats<\/h4>\n\n<p>Nous traitons les coordonn\u00e9es des personnes qui sont des interlocuteurs ou des employ\u00e9s de nos fournisseurs ou partenaires commerciaux. Cette d\u00e9marche a pour but de conclure, de g\u00e9rer et d\u2019ex\u00e9cuter des contrats avec des fournisseurs ou des partenaires. La base juridique de ce traitement est notre int\u00e9r\u00eat l\u00e9gitime \u00e0 l\u2019ex\u00e9cution du contrat.<\/p>\n\n<p>Nous pouvons \u00e9galement traiter vos coordonn\u00e9es afin d\u2019\u00e9valuer notre relation commerciale. Les donn\u00e9es personnelles concernant les interlocuteurs ou les employ\u00e9s de fournisseurs potentiels peuvent \u00e9galement \u00eatre trait\u00e9es \u00e0 des fins d\u2019\u00e9valuation et d\u2019analyse dans le cadre du processus d\u2019approvisionnement. La base juridique de ce traitement est notre int\u00e9r\u00eat l\u00e9gitime \u00e0 conclure et \u00e0 ex\u00e9cuter des contrats avec des fournisseurs ou des partenaires commerciaux.<\/p>\n\n<h4 class=\"wp-block-heading\">6.1.2 Fourniture de produits et de services<\/h4>\n\n<p>Nous traitons vos coordonn\u00e9es et vos informations de paiement, ainsi que les autres donn\u00e9es personnelles pertinentes que vous nous fournissez lorsque vous achetez nos produits ou services, ou lorsque vous \u00eates d\u00e9j\u00e0 client ou souhaitez le devenir. Ce traitement est effectu\u00e9 afin de conclure, de g\u00e9rer et d\u2019ex\u00e9cuter le contrat conclu avec vous.<\/p>\n\n<h4 class=\"wp-block-heading\">6.1.3 Gestion et administration de votre compte client<\/h4>\n\n<p>Nous pouvons mettre \u00e0 jour vos coordonn\u00e9es en nous appuyant, par exemple, sur des rapports de solvabilit\u00e9 ou sur les informations disponibles sur votre site web, afin de garantir l\u2019exactitude de ces donn\u00e9es. La base juridique de ce traitement est l\u2019ex\u00e9cution du contrat ainsi que notre int\u00e9r\u00eat l\u00e9gitime \u00e0 g\u00e9rer et \u00e0 administrer votre compte client.<\/p>\n\n<h4 class=\"wp-block-heading\">6.1.4 Communication<\/h4>\n\n<p>Lorsque vous contactez notre service client, nous traitons les informations que vous nous fournissez et qui sont pertinentes pour votre demande. Ce traitement est effectu\u00e9 afin de respecter nos obligations d\u00e9coulant du contrat, de r\u00e9pondre aux questions, de fournir des services et de garantir la qualit\u00e9 de notre service client. La base juridique de ce traitement est l\u2019ex\u00e9cution du contrat ainsi que notre int\u00e9r\u00eat l\u00e9gitime \u00e0 vous fournir les informations que vous demandez et \u00e0 am\u00e9liorer notre service client.<\/p>\n\n<h4 class=\"wp-block-heading\">6.1.5 \u00c9valuation, d\u00e9veloppement et am\u00e9lioration des produits et services<\/h4>\n\n<p>Vos donn\u00e9es personnelles peuvent \u00eatre trait\u00e9es \u00e0 des fins d\u2019analyse de la client\u00e8le, d\u2019analyse de march\u00e9, de d\u00e9veloppement commercial, de statistiques, ainsi qu\u2019\u00e0 des fins d\u2019information et de marketing. La base juridique de ce traitement r\u00e9side dans notre int\u00e9r\u00eat l\u00e9gitime \u00e0 d\u00e9velopper nos produits et services, \u00e0 proposer des produits de haute qualit\u00e9 et d\u2019un bon rapport qualit\u00e9-prix, ainsi qu\u2019\u00e0 offrir un service de qualit\u00e9.<\/p>\n\n<h4 class=\"wp-block-heading\">6.1.6 Commercialisation de nos produits et services<\/h4>\n\n<p>Nous utilisons vos coordonn\u00e9es et les r\u00e9sultats de l\u2019analyse pour vous proposer directement nos produits et services. Les activit\u00e9s de marketing peuvent \u00eatre men\u00e9es par t\u00e9l\u00e9phone, par e-mail ou par courrier postal. La base juridique de ce traitement est notre int\u00e9r\u00eat l\u00e9gitime \u00e0 commercialiser nos produits et services. Vous avez le droit de vous opposer \u00e0 ce type de communications commerciales \u00e0 tout moment en suivant les instructions fournies dans nos communications ou en nous contactant directement.<\/p>\n\n<h4 class=\"wp-block-heading\">6.1.7 Enqu\u00eates<\/h4>\n\n<p>Nous utilisons vos coordonn\u00e9es et vos r\u00e9ponses aux enqu\u00eates pour mener et \u00e9valuer ces enqu\u00eates. Cela nous permet de d\u00e9velopper et d\u2019am\u00e9liorer nos produits, nos services et nos activit\u00e9s. Les r\u00e9ponses \u00e0 l\u2019enqu\u00eate sont rendues anonymes une fois l\u2019enqu\u00eate termin\u00e9e.<\/p>\n\n<h4 class=\"wp-block-heading\">6.1.8 Clients potentiels<\/h4>\n\n<p>\u00c0 des fins de marketing, nous pouvons recueillir vos coordonn\u00e9es, par exemple sur votre site web, afin de vous contacter par t\u00e9l\u00e9phone, par e-mail ou par courrier postal. \u00c0 cette fin, nous pouvons \u00e9galement \u00e9tablir des statistiques \u00e0 des fins d\u2019analyse. La base juridique de ce traitement est notre int\u00e9r\u00eat l\u00e9gitime \u00e0 commercialiser nos produits et services. Vous pouvez \u00e0 tout moment refuser de recevoir ces communications marketing, comme indiqu\u00e9 ci-dessus.<\/p>\n\n<h4 class=\"wp-block-heading\">6.1.9 Collecte de statistiques relatives au site web<\/h4>\n\n<p>Lorsque vous consultez notre site web, nous pouvons utiliser des cookies et des technologies similaires pour collecter des informations telles que votre adresse\u00a0IP, le type de navigateur utilis\u00e9 et votre comportement de navigation. Ces informations sont utilis\u00e9es pour \u00e9tablir des statistiques sur le site web et am\u00e9liorer ses fonctionnalit\u00e9s ainsi que l\u2019exp\u00e9rience utilisateur. Lorsque la loi l\u2019exige, nous demandons votre consentement pour l\u2019utilisation de cookies et de technologies similaires.<\/p>\n\n<h4 class=\"wp-block-heading\">6.1.10 Obligations l\u00e9gales<\/h4>\n\n<p>Les donn\u00e9es personnelles sont trait\u00e9es afin de respecter les obligations l\u00e9gales impos\u00e9es par la l\u00e9gislation, les d\u00e9cisions de justice ou les d\u00e9cisions des autorit\u00e9s. Ces obligations peuvent inclure des exigences en mati\u00e8re de responsabilit\u00e9 du fait des produits et de s\u00e9curit\u00e9 des produits, telles que la communication d\u2019alertes et de rappels de produits, ou le respect de la l\u00e9gislation comptable.<\/p>\n\n<h3 class=\"wp-block-heading\">6.2 Traitement des donn\u00e9es personnelles<\/h3>\n\n<p>Lorsque AD\u00a0CO.\u00a0trading collecte, traite et conserve des donn\u00e9es personnelles, elle le fait toujours de mani\u00e8re licite, loyale, transparente et limit\u00e9e \u00e0 la finalit\u00e9 vis\u00e9e, et uniquement dans la mesure jug\u00e9e n\u00e9cessaire. AD\u00a0CO.\u00a0trading traite les donn\u00e9es personnelles de mani\u00e8re \u00e0 ne pas porter atteinte \u00e0 l\u2019int\u00e9grit\u00e9 de la personne. Des mesures de s\u00e9curit\u00e9 appropri\u00e9es sont toujours mises en \u0153uvre pour prot\u00e9ger les donn\u00e9es personnelles.<\/p>\n\n<p>Si la personne concern\u00e9e ne fournit pas les informations demand\u00e9es, cela peut, dans certains cas, nous emp\u00eacher de conclure ou d\u2019ex\u00e9cuter un contrat. Si vous avez des doutes ou des inqui\u00e9tudes concernant la communication de certaines donn\u00e9es personnelles, vous pouvez contacter AD\u00a0CO.\u00a0trading (voir les coordonn\u00e9es ci-dessous) pour obtenir de plus amples informations.<\/p>\n\n<h3 class=\"wp-block-heading\">6.3 Conservation des donn\u00e9es personnelles<\/h3>\n\n<p>La dur\u00e9e de conservation des donn\u00e9es personnelles d\u00e9pend du type de donn\u00e9es et de la finalit\u00e9 de leur traitement. AD\u00a0CO.\u00a0trading ne conserve pas les donn\u00e9es personnelles plus longtemps que n\u00e9cessaire aux fins pour lesquelles elles ont \u00e9t\u00e9 collect\u00e9es, sauf si la loi l\u2019exige autrement.<\/p>\n\n<p>En r\u00e8gle g\u00e9n\u00e9rale, AD\u00a0CO.\u00a0trading conserve les donn\u00e9es personnelles figurant dans les contrats conclus avec ses clients et ses fournisseurs ainsi que dans les registres des transactions commerciales pendant toute la dur\u00e9e du contrat et pendant les dix ann\u00e9es qui suivent, conform\u00e9ment \u00e0 la l\u00e9gislation comptable et fiscale en vigueur.<\/p>\n\n<h3 class=\"wp-block-heading\">7. Partage avec les partenaires<\/h3>\n\n<p>AD\u00a0CO.\u00a0trading ne partage pas vos donn\u00e9es personnelles avec des tiers, sauf si cela est n\u00e9cessaire pour ex\u00e9cuter un contrat, se conformer \u00e0 des obligations l\u00e9gales ou si vous en avez \u00e9t\u00e9 inform\u00e9 par ailleurs.<\/p>\n\n<h3 class=\"wp-block-heading\">8. R\u00e9seaux sociaux<\/h3>\n\n<p>Lorsque nous utilisons les r\u00e9seaux sociaux ou des plateformes en ligne \u00e0 des fins de marketing, AD\u00a0CO.\u00a0trading ne transmet aucune donn\u00e9e personnelle \u00e0 ces plateformes. Chaque plateforme est seule responsable du traitement des donn\u00e9es personnelles effectu\u00e9 sur sa plateforme respective.<\/p>\n\n<p>Toutes les donn\u00e9es personnelles que vous choisissez de partager, de publier ou avec lesquelles vous interagissez sur nos r\u00e9seaux sociaux sont trait\u00e9es conform\u00e9ment \u00e0 la politique de confidentialit\u00e9 de la plateforme concern\u00e9e. AD\u00a0CO.\u00a0trading n\u2019est pas responsable de ce traitement.<\/p>\n\n<h3 class=\"wp-block-heading\">9. Vos droits<\/h3>\n\n<p>Vous avez le droit, une fois par ann\u00e9e civile et sans frais, sur simple demande \u00e9crite et sign\u00e9e adress\u00e9e \u00e0 AD\u00a0CO.\u00a0trading, d\u2019obtenir des informations sur les donn\u00e9es personnelles vous concernant que nous traitons, ainsi que sur l\u2019\u00e9tendue et la finalit\u00e9 de ce traitement. Vous avez \u00e9galement le droit de nous demander \u00e0 tout moment de bloquer, de supprimer ou de rectifier vos donn\u00e9es personnelles. Vous pouvez \u00e0 tout moment retirer votre consentement et vous opposer \u00e0 tout traitement ult\u00e9rieur de vos donn\u00e9es personnelles. Vous avez \u00e9galement le droit de demander la limitation du traitement et la portabilit\u00e9 des donn\u00e9es, le cas \u00e9ch\u00e9ant. Vous avez le droit de d\u00e9poser une plainte aupr\u00e8s d\u2019une autorit\u00e9 de contr\u00f4le comp\u00e9tente.<\/p>\n\n<h3 class=\"wp-block-heading\">10. Modifications apport\u00e9es \u00e0 la Politique<\/h3>\n\n<p>AD\u00a0CO.\u00a0trading se r\u00e9serve le droit de modifier et de mettre \u00e0 jour la pr\u00e9sente Politique de confidentialit\u00e9. En cas de modifications importantes ou si les informations existantes sont trait\u00e9es d\u2019une mani\u00e8re diff\u00e9rente de celle indiqu\u00e9e dans la Politique, AD\u00a0CO.\u00a0trading vous en informera de mani\u00e8re appropri\u00e9e.<\/p>\n\n<h3 class=\"wp-block-heading\">11. Coordonn\u00e9es<\/h3>\n\n<p>Si vous avez des questions concernant la pr\u00e9sente Politique de confidentialit\u00e9 ou le traitement de vos donn\u00e9es personnelles, veuillez nous contacter \u00e0 l\u2019adresse <strong>sales@adcotrading.eu<\/strong>.<\/p>\n","protected":false},"excerpt":{"rendered":"<p>Politique de confidentialit\u00e9 1. Introduction AD\u00a0CO.\u00a0trading respecte la vie priv\u00e9e de chacun. La pr\u00e9sente Politique de confidentialit\u00e9 explique comment nous collectons, utilisons et conservons vos informations, afin que vous puissiez avoir l\u2019assurance que vos donn\u00e9es personnelles sont trait\u00e9es en toute s\u00e9curit\u00e9. La pr\u00e9sente Politique de confidentialit\u00e9 d\u00e9crit le traitement des donn\u00e9es personnelles par AD CO.\u00a0trading [&hellip;]<\/p>\n","protected":false},"author":2,"featured_media":0,"parent":0,"menu_order":0,"comment_status":"closed","ping_status":"open","template":"","meta":{"_acf_changed":false,"footnotes":""},"class_list":["post-1164","page","type-page","status-publish","hentry"],"acf":[],"yoast_head":"<!-- This site is optimized with the Yoast SEO plugin v27.4 - https:\/\/yoast.com\/product\/yoast-seo-wordpress\/ -->\n<title>Politique de confidentialit\u00e9 - AD CO. trading<\/title>\n<meta name=\"description\" content=\"Politique de confidentialit\u00e9 1. Introduction AD\u00a0CO.\u00a0trading respecte la vie priv\u00e9e de chacun. La pr\u00e9sente Politique de confidentialit\u00e9 explique comment\" \/>\n<meta name=\"robots\" content=\"index, follow, max-snippet:-1, max-image-preview:large, max-video-preview:-1\" \/>\n<link rel=\"canonical\" href=\"https:\/\/adcotrading.eu\/fr\/politique-de-confidentialite\/\" \/>\n<meta property=\"og:locale\" content=\"fr_FR\" \/>\n<meta property=\"og:type\" content=\"article\" \/>\n<meta property=\"og:title\" content=\"Politique de confidentialit\u00e9 - AD CO. trading\" \/>\n<meta property=\"og:description\" content=\"Politique de confidentialit\u00e9 1. Introduction AD\u00a0CO.\u00a0trading respecte la vie priv\u00e9e de chacun. La pr\u00e9sente Politique de confidentialit\u00e9 explique comment\" \/>\n<meta property=\"og:url\" content=\"https:\/\/adcotrading.eu\/fr\/politique-de-confidentialite\/\" \/>\n<meta property=\"og:site_name\" content=\"AD CO. trading\" \/>\n<meta property=\"article:modified_time\" content=\"2026-04-15T13:04:45+00:00\" \/>\n<meta name=\"twitter:card\" content=\"summary_large_image\" \/>\n<meta name=\"twitter:label1\" content=\"Est. reading time\" \/>\n\t<meta name=\"twitter:data1\" content=\"9 minutes\" \/>\n<script type=\"application\/ld+json\" class=\"yoast-schema-graph\">{\"@context\":\"https:\\\/\\\/schema.org\",\"@graph\":[{\"@type\":\"WebPage\",\"@id\":\"https:\\\/\\\/adcotrading.eu\\\/fr\\\/politique-de-confidentialite\\\/\",\"url\":\"https:\\\/\\\/adcotrading.eu\\\/fr\\\/politique-de-confidentialite\\\/\",\"name\":\"Politique de confidentialit\u00e9 - AD CO. trading\",\"isPartOf\":{\"@id\":\"https:\\\/\\\/adcotrading.eu\\\/fr\\\/#website\"},\"datePublished\":\"2025-10-23T14:10:48+00:00\",\"dateModified\":\"2026-04-15T13:04:45+00:00\",\"description\":\"Politique de confidentialit\u00e9 1. Introduction AD\u00a0CO.\u00a0trading respecte la vie priv\u00e9e de chacun. La pr\u00e9sente Politique de confidentialit\u00e9 explique comment\",\"breadcrumb\":{\"@id\":\"https:\\\/\\\/adcotrading.eu\\\/fr\\\/politique-de-confidentialite\\\/#breadcrumb\"},\"inLanguage\":\"fr-FR\",\"potentialAction\":[{\"@type\":\"ReadAction\",\"target\":[\"https:\\\/\\\/adcotrading.eu\\\/fr\\\/politique-de-confidentialite\\\/\"]}]},{\"@type\":\"BreadcrumbList\",\"@id\":\"https:\\\/\\\/adcotrading.eu\\\/fr\\\/politique-de-confidentialite\\\/#breadcrumb\",\"itemListElement\":[{\"@type\":\"ListItem\",\"position\":1,\"name\":\"Home\",\"item\":\"https:\\\/\\\/adcotrading.eu\\\/fr\\\/\"},{\"@type\":\"ListItem\",\"position\":2,\"name\":\"Politique de confidentialit\u00e9\"}]},{\"@type\":\"WebSite\",\"@id\":\"https:\\\/\\\/adcotrading.eu\\\/fr\\\/#website\",\"url\":\"https:\\\/\\\/adcotrading.eu\\\/fr\\\/\",\"name\":\"AD CO. trading\",\"description\":\"\",\"potentialAction\":[{\"@type\":\"SearchAction\",\"target\":{\"@type\":\"EntryPoint\",\"urlTemplate\":\"https:\\\/\\\/adcotrading.eu\\\/fr\\\/?s={search_term_string}\"},\"query-input\":{\"@type\":\"PropertyValueSpecification\",\"valueRequired\":true,\"valueName\":\"search_term_string\"}}],\"inLanguage\":\"fr-FR\"}]}<\/script>\n<!-- \/ Yoast SEO plugin. -->","yoast_head_json":{"title":"Politique de confidentialit\u00e9 - AD CO. trading","description":"Politique de confidentialit\u00e9 1. Introduction AD\u00a0CO.\u00a0trading respecte la vie priv\u00e9e de chacun. La pr\u00e9sente Politique de confidentialit\u00e9 explique comment","robots":{"index":"index","follow":"follow","max-snippet":"max-snippet:-1","max-image-preview":"max-image-preview:large","max-video-preview":"max-video-preview:-1"},"canonical":"https:\/\/adcotrading.eu\/fr\/politique-de-confidentialite\/","og_locale":"fr_FR","og_type":"article","og_title":"Politique de confidentialit\u00e9 - AD CO. trading","og_description":"Politique de confidentialit\u00e9 1. Introduction AD\u00a0CO.\u00a0trading respecte la vie priv\u00e9e de chacun. La pr\u00e9sente Politique de confidentialit\u00e9 explique comment","og_url":"https:\/\/adcotrading.eu\/fr\/politique-de-confidentialite\/","og_site_name":"AD CO. trading","article_modified_time":"2026-04-15T13:04:45+00:00","twitter_card":"summary_large_image","twitter_misc":{"Est. reading time":"9 minutes"},"schema":{"@context":"https:\/\/schema.org","@graph":[{"@type":"WebPage","@id":"https:\/\/adcotrading.eu\/fr\/politique-de-confidentialite\/","url":"https:\/\/adcotrading.eu\/fr\/politique-de-confidentialite\/","name":"Politique de confidentialit\u00e9 - AD CO. trading","isPartOf":{"@id":"https:\/\/adcotrading.eu\/fr\/#website"},"datePublished":"2025-10-23T14:10:48+00:00","dateModified":"2026-04-15T13:04:45+00:00","description":"Politique de confidentialit\u00e9 1. Introduction AD\u00a0CO.\u00a0trading respecte la vie priv\u00e9e de chacun. La pr\u00e9sente Politique de confidentialit\u00e9 explique comment","breadcrumb":{"@id":"https:\/\/adcotrading.eu\/fr\/politique-de-confidentialite\/#breadcrumb"},"inLanguage":"fr-FR","potentialAction":[{"@type":"ReadAction","target":["https:\/\/adcotrading.eu\/fr\/politique-de-confidentialite\/"]}]},{"@type":"BreadcrumbList","@id":"https:\/\/adcotrading.eu\/fr\/politique-de-confidentialite\/#breadcrumb","itemListElement":[{"@type":"ListItem","position":1,"name":"Home","item":"https:\/\/adcotrading.eu\/fr\/"},{"@type":"ListItem","position":2,"name":"Politique de confidentialit\u00e9"}]},{"@type":"WebSite","@id":"https:\/\/adcotrading.eu\/fr\/#website","url":"https:\/\/adcotrading.eu\/fr\/","name":"AD CO. trading","description":"","potentialAction":[{"@type":"SearchAction","target":{"@type":"EntryPoint","urlTemplate":"https:\/\/adcotrading.eu\/fr\/?s={search_term_string}"},"query-input":{"@type":"PropertyValueSpecification","valueRequired":true,"valueName":"search_term_string"}}],"inLanguage":"fr-FR"}]}},"_links":{"self":[{"href":"https:\/\/adcotrading.eu\/fr\/wp-json\/wp\/v2\/pages\/1164","targetHints":{"allow":["GET"]}}],"collection":[{"href":"https:\/\/adcotrading.eu\/fr\/wp-json\/wp\/v2\/pages"}],"about":[{"href":"https:\/\/adcotrading.eu\/fr\/wp-json\/wp\/v2\/types\/page"}],"author":[{"embeddable":true,"href":"https:\/\/adcotrading.eu\/fr\/wp-json\/wp\/v2\/users\/2"}],"replies":[{"embeddable":true,"href":"https:\/\/adcotrading.eu\/fr\/wp-json\/wp\/v2\/comments?post=1164"}],"version-history":[{"count":9,"href":"https:\/\/adcotrading.eu\/fr\/wp-json\/wp\/v2\/pages\/1164\/revisions"}],"predecessor-version":[{"id":1592,"href":"https:\/\/adcotrading.eu\/fr\/wp-json\/wp\/v2\/pages\/1164\/revisions\/1592"}],"wp:attachment":[{"href":"https:\/\/adcotrading.eu\/fr\/wp-json\/wp\/v2\/media?parent=1164"}],"curies":[{"name":"wp","href":"https:\/\/api.w.org\/{rel}","templated":true}]}}