{"id":1195,"date":"2025-11-05T12:56:47","date_gmt":"2025-11-05T12:56:47","guid":{"rendered":"https:\/\/adcotrading.eu\/tracciabilita-della-catena-di-approvvigionamento\/"},"modified":"2026-04-17T14:23:34","modified_gmt":"2026-04-17T14:23:34","slug":"tracciabilita-della-catena-di-approvvigionamento","status":"publish","type":"page","link":"https:\/\/adcotrading.eu\/it\/la-sostenibilita-prima-di-tutto\/tracciabilita-della-catena-di-approvvigionamento\/","title":{"rendered":"Tracciabilit\u00e0 della catena di approvvigionamento"},"content":{"rendered":"\n<div class=\"wp-block-cover alignfull has-custom-content-position is-position-center-left adco-cover-block\" style=\"margin-top:0;margin-bottom:0;min-height:70vh;aspect-ratio:unset;\"><img data-dominant-color=\"6b654f\" data-has-transparency=\"false\" style=\"--dominant-color: #6b654f;\" loading=\"lazy\" decoding=\"async\" width=\"2560\" height=\"1707\" sizes=\"auto, (max-width: 2560px) 100vw, 2560px\" class=\"wp-block-cover__image-background wp-image-758 size-full not-transparent\" alt=\"\" src=\"http:\/\/adcotrading.eu\/app\/uploads\/2025\/11\/DSC8459-2.webp\" data-object-fit=\"cover\" srcset=\"https:\/\/adcotrading.eu\/app\/uploads\/2025\/11\/DSC8459-2.webp 2560w, https:\/\/adcotrading.eu\/app\/uploads\/2025\/11\/DSC8459-2-300x200.webp 300w, https:\/\/adcotrading.eu\/app\/uploads\/2025\/11\/DSC8459-2-1024x683.webp 1024w, https:\/\/adcotrading.eu\/app\/uploads\/2025\/11\/DSC8459-2-768x512.webp 768w, https:\/\/adcotrading.eu\/app\/uploads\/2025\/11\/DSC8459-2-1536x1024.webp 1536w, https:\/\/adcotrading.eu\/app\/uploads\/2025\/11\/DSC8459-2-2048x1366.webp 2048w\" \/><span aria-hidden=\"true\" class=\"wp-block-cover__background has-black-background-color has-background-dim-0 has-background-dim\"><\/span><div class=\"wp-block-cover__inner-container is-layout-constrained wp-block-cover-is-layout-constrained\">\n<h1 class=\"wp-block-heading\">Trasparenza a tutti i livelli<\/h1>\n<\/div><\/div>\n<div class=\"yoast-breadcrumbs\"><span><span><a href=\"https:\/\/adcotrading.eu\/it\/\">Home<\/a><\/span> \u00bb <span><a href=\"https:\/\/adcotrading.eu\/it\/la-sostenibilita-prima-di-tutto\/\">La sostenibilit\u00e0 prima di tutto<\/a><\/span> \u00bb <span class=\"breadcrumb_last\" aria-current=\"page\">Tracciabilit\u00e0 della catena di approvvigionamento<\/span><\/span><\/div>\n<div class=\"wp-block-media-text alignwide is-stacked-on-mobile is-vertically-aligned-top\" style=\"margin-top:var(--wp--preset--spacing--80);margin-bottom:var(--wp--preset--spacing--80);grid-template-columns:45% auto\"><figure class=\"wp-block-media-text__media\"><img data-dominant-color=\"736154\" data-has-transparency=\"false\" style=\"--dominant-color: #736154;\" loading=\"lazy\" decoding=\"async\" width=\"768\" height=\"1024\" src=\"http:\/\/adcotrading.eu\/app\/uploads\/2025\/11\/IMG_0144-2-1-768x1024.webp\" alt=\"\" class=\"wp-image-760 size-full not-transparent\" srcset=\"https:\/\/adcotrading.eu\/app\/uploads\/2025\/11\/IMG_0144-2-1-768x1024.webp 768w, https:\/\/adcotrading.eu\/app\/uploads\/2025\/11\/IMG_0144-2-1-225x300.webp 225w, https:\/\/adcotrading.eu\/app\/uploads\/2025\/11\/IMG_0144-2-1-1152x1536.webp 1152w, https:\/\/adcotrading.eu\/app\/uploads\/2025\/11\/IMG_0144-2-1-1536x2048.webp 1536w, https:\/\/adcotrading.eu\/app\/uploads\/2025\/11\/IMG_0144-2-1.webp 1920w\" sizes=\"auto, (max-width: 768px) 100vw, 768px\" \/><\/figure><div class=\"wp-block-media-text__content\">\n<p>Lavorare con materiali riciclati comporta sia opportunit\u00e0 che responsabilit\u00e0. Ogni fase \u2014 dalla raccolta alla produzione \u2014 richiede competenza, impegno e, soprattutto, apertura mentale.\u00a0Comprendere cosa si nasconde dietro i materiali che utilizziamo ci consente di garantire qualit\u00e0, sicurezza e rispetto sia per le persone che per il pianeta. Questa \u00e8 la base del nostro approccio alla trasparenza a tutti i livelli.\u00a0<\/p>\n\n\n\n<p>I materiali riciclati vengono spesso suddivisi in due categorie:<\/p>\n\n\n\n<ul class=\"wp-block-list\">\n<li><strong>Pre-consumo:<\/strong><br \/>Rifiuti generati durante la produzione che non arrivano mai al consumatore finale.<\/li>\n\n\n\n<li><strong>Post-consumo:<\/strong>\u00a0<br \/>Materiale utilizzato e smaltito dai consumatori, poi riciclato per realizzare nuovi prodotti.<\/li>\n<\/ul>\n\n\n\n<h5 class=\"wp-block-heading\">La sfida dei materiali riciclati<\/h5>\n\n\n\n<p>La sfida maggiore quando si tratta di materiali riciclati \u00e8 capire esattamente cosa si nasconde dietro la materia prima. Facciamo tutto il possibile per risalire all&#8217;origine dei materiali: un compito complesso che richiede rapporti duraturi, trasparenza e fiducia a tutti i livelli della catena di approvvigionamento.<\/p>\n\n\n\n<p>Grazie alla stretta collaborazione con i nostri fornitori e il personale in loco, riusciamo a capire da dove provengono i materiali e chi sono i loro subfornitori. Facciamo tutto il possibile per assicurarci che nei sacchetti che vendiamo non siano presenti sostanze pericolose. Allo stesso tempo, ci impegniamo attivamente per garantire che la plastica o i tessuti utilizzati siano stati raccolti da adulti in condizioni di lavoro sicure e con una retribuzione equa. Nonostante questi sforzi, garantire la completa tracciabilit\u00e0 dei materiali riciclati post-consumo rimane una vera sfida. Fattori quali flussi di riciclaggio complessi, punti di raccolta multipli e standard di documentazione variabili rendono impossibile garantire un quadro completo della situazione. Ecco perch\u00e9 siamo trasparenti riguardo ai limiti: se qualcuno sostiene di poter garantire una tracciabilit\u00e0 totale, \u00e8 lecito essere scettici.<\/p>\n\n\n\n<p>Il nostro approccio si basa sul miglioramento continuo. Investiamo in audit, nel coinvolgimento dei fornitori e in metodi di tracciabilit\u00e0 innovativi per avvicinarci anno dopo anno alla tracciabilit\u00e0 completa. Sebbene la perfezione sia difficile da raggiungere, il nostro obiettivo \u00e8 garantire che ogni borsa che produciamo soddisfi elevati standard etici, ambientali e di sicurezza \u2013 e che possiate scegliere con fiducia materiali riciclati sempre che sia possibile.<\/p>\n<\/div><\/div>\n\n<div class=\"wp-block-group alignwide is-layout-constrained wp-block-group-is-layout-constrained\">\n<h3 class=\"wp-block-heading alignwide\">Our sustainability initiatives<\/h3>\n\n\n\n<div class=\"sustainable-entrances-block alignwide wp-block\" id=\"block_338c4d8f6467fde30c47c398ad74a2df\">\n\n    <div class=\"link-items\">\n            <a href=\"http:\/\/adcotrading.eu\/sustainability-first\/social-responsibility\/\">\n            <figure><img loading=\"lazy\" decoding=\"async\" width=\"955\" height=\"601\" src=\"https:\/\/adcotrading.eu\/app\/uploads\/2025\/10\/Our-Social-Responsibility.avif\" class=\"attachment-full size-full\" alt=\"\" srcset=\"https:\/\/adcotrading.eu\/app\/uploads\/2025\/10\/Our-Social-Responsibility.avif 955w, https:\/\/adcotrading.eu\/app\/uploads\/2025\/10\/Our-Social-Responsibility-300x189.avif 300w, https:\/\/adcotrading.eu\/app\/uploads\/2025\/10\/Our-Social-Responsibility-768x483.avif 768w\" sizes=\"auto, (max-width: 955px) 100vw, 955px\" \/>                <figcaption>Social Responsibility<\/figcaption>\n            <\/figure>\n        <\/a>\n            <a href=\"http:\/\/adcotrading.eu\/sustainability-first\/carbon-footprint\/\">\n            <figure><img loading=\"lazy\" decoding=\"async\" width=\"955\" height=\"600\" src=\"https:\/\/adcotrading.eu\/app\/uploads\/2025\/10\/Carbon-Footprint.avif\" class=\"attachment-full size-full\" alt=\"\" srcset=\"https:\/\/adcotrading.eu\/app\/uploads\/2025\/10\/Carbon-Footprint.avif 955w, https:\/\/adcotrading.eu\/app\/uploads\/2025\/10\/Carbon-Footprint-300x188.avif 300w, https:\/\/adcotrading.eu\/app\/uploads\/2025\/10\/Carbon-Footprint-768x483.avif 768w\" sizes=\"auto, (max-width: 955px) 100vw, 955px\" \/>                <figcaption>Carbon Footprint<\/figcaption>\n            <\/figure>\n        <\/a>\n            <a href=\"http:\/\/adcotrading.eu\/sustainability-first\/responsible-chemical-management\/\">\n            <figure><img loading=\"lazy\" decoding=\"async\" width=\"956\" height=\"602\" src=\"https:\/\/adcotrading.eu\/app\/uploads\/2025\/10\/Responsible-Chemical-Management.avif\" class=\"attachment-full size-full\" alt=\"\" srcset=\"https:\/\/adcotrading.eu\/app\/uploads\/2025\/10\/Responsible-Chemical-Management.avif 956w, https:\/\/adcotrading.eu\/app\/uploads\/2025\/10\/Responsible-Chemical-Management-300x189.avif 300w, https:\/\/adcotrading.eu\/app\/uploads\/2025\/10\/Responsible-Chemical-Management-768x484.avif 768w\" sizes=\"auto, (max-width: 956px) 100vw, 956px\" \/>                <figcaption>Responsible Chemical Management<\/figcaption>\n            <\/figure>\n        <\/a>\n            <a href=\"http:\/\/adcotrading.eu\/sustainability-first\/traceable\/\">\n            <figure><img loading=\"lazy\" decoding=\"async\" width=\"2560\" height=\"1707\" src=\"https:\/\/adcotrading.eu\/app\/uploads\/2025\/12\/PET-bild.webp\" class=\"attachment-full size-full not-transparent\" alt=\"\" srcset=\"https:\/\/adcotrading.eu\/app\/uploads\/2025\/12\/PET-bild.webp 2560w, https:\/\/adcotrading.eu\/app\/uploads\/2025\/12\/PET-bild-300x200.webp 300w, https:\/\/adcotrading.eu\/app\/uploads\/2025\/12\/PET-bild-1024x683.webp 1024w, https:\/\/adcotrading.eu\/app\/uploads\/2025\/12\/PET-bild-768x512.webp 768w, https:\/\/adcotrading.eu\/app\/uploads\/2025\/12\/PET-bild-1536x1024.webp 1536w, https:\/\/adcotrading.eu\/app\/uploads\/2025\/12\/PET-bild-2048x1366.webp 2048w\" sizes=\"auto, (max-width: 2560px) 100vw, 2560px\" data-has-transparency=\"false\" data-dominant-color=\"8ddae6\" style=\"--dominant-color: #8ddae6;\" \/>                <figcaption>Supply Chain Traceability<\/figcaption>\n            <\/figure>\n        <\/a>\n        <\/div>\n\n<\/div><\/div>\n","protected":false},"excerpt":{"rendered":"","protected":false},"author":2,"featured_media":0,"parent":1640,"menu_order":0,"comment_status":"closed","ping_status":"closed","template":"","meta":{"_acf_changed":false,"footnotes":""},"class_list":["post-1195","page","type-page","status-publish","hentry"],"acf":[],"yoast_head":"<!-- This site is optimized with the Yoast SEO plugin v27.4 - https:\/\/yoast.com\/product\/yoast-seo-wordpress\/ -->\n<title>Tracciabilit\u00e0 della catena di approvvigionamento - AD CO. trading<\/title>\n<meta name=\"description\" content=\"Trasparenza a tutti i livelli Lavorare con materiali riciclati comporta sia opportunit\u00e0 che responsabilit\u00e0. Ogni fase \u2014 dalla raccolta alla produzione \u2014\" \/>\n<meta name=\"robots\" content=\"index, follow, max-snippet:-1, max-image-preview:large, max-video-preview:-1\" \/>\n<link rel=\"canonical\" href=\"https:\/\/adcotrading.eu\/it\/la-sostenibilita-prima-di-tutto\/tracciabilita-della-catena-di-approvvigionamento\/\" \/>\n<meta property=\"og:locale\" content=\"it_IT\" \/>\n<meta property=\"og:type\" content=\"article\" \/>\n<meta property=\"og:title\" content=\"Tracciabilit\u00e0 della catena di approvvigionamento - AD CO. trading\" \/>\n<meta property=\"og:description\" content=\"Trasparenza a tutti i livelli Lavorare con materiali riciclati comporta sia opportunit\u00e0 che responsabilit\u00e0. Ogni fase \u2014 dalla raccolta alla produzione \u2014\" \/>\n<meta property=\"og:url\" content=\"https:\/\/adcotrading.eu\/it\/la-sostenibilita-prima-di-tutto\/tracciabilita-della-catena-di-approvvigionamento\/\" \/>\n<meta property=\"og:site_name\" content=\"AD CO. trading\" \/>\n<meta property=\"article:modified_time\" content=\"2026-04-17T14:23:34+00:00\" \/>\n<meta property=\"og:image\" content=\"https:\/\/adcotrading.eu\/app\/uploads\/2025\/11\/DSC8459-2.webp\" \/>\n\t<meta property=\"og:image:width\" content=\"2560\" \/>\n\t<meta property=\"og:image:height\" content=\"1707\" \/>\n\t<meta property=\"og:image:type\" content=\"image\/jpeg\" \/>\n<meta name=\"twitter:card\" content=\"summary_large_image\" \/>\n<meta name=\"twitter:label1\" content=\"Est. reading time\" \/>\n\t<meta name=\"twitter:data1\" content=\"2 minutes\" \/>\n<script type=\"application\/ld+json\" class=\"yoast-schema-graph\">{\"@context\":\"https:\\\/\\\/schema.org\",\"@graph\":[{\"@type\":\"WebPage\",\"@id\":\"https:\\\/\\\/adcotrading.eu\\\/it\\\/la-sostenibilita-prima-di-tutto\\\/tracciabilita-della-catena-di-approvvigionamento\\\/\",\"url\":\"https:\\\/\\\/adcotrading.eu\\\/it\\\/la-sostenibilita-prima-di-tutto\\\/tracciabilita-della-catena-di-approvvigionamento\\\/\",\"name\":\"Tracciabilit\u00e0 della catena di approvvigionamento - AD CO. trading\",\"isPartOf\":{\"@id\":\"https:\\\/\\\/adcotrading.eu\\\/it\\\/#website\"},\"primaryImageOfPage\":{\"@id\":\"https:\\\/\\\/adcotrading.eu\\\/it\\\/la-sostenibilita-prima-di-tutto\\\/tracciabilita-della-catena-di-approvvigionamento\\\/#primaryimage\"},\"image\":{\"@id\":\"https:\\\/\\\/adcotrading.eu\\\/it\\\/la-sostenibilita-prima-di-tutto\\\/tracciabilita-della-catena-di-approvvigionamento\\\/#primaryimage\"},\"thumbnailUrl\":\"http:\\\/\\\/adcotrading.eu\\\/app\\\/uploads\\\/2025\\\/11\\\/DSC8459-2.webp\",\"datePublished\":\"2025-11-05T12:56:47+00:00\",\"dateModified\":\"2026-04-17T14:23:34+00:00\",\"description\":\"Trasparenza a tutti i livelli Lavorare con materiali riciclati comporta sia opportunit\u00e0 che responsabilit\u00e0. Ogni fase \u2014 dalla raccolta alla produzione \u2014\",\"breadcrumb\":{\"@id\":\"https:\\\/\\\/adcotrading.eu\\\/it\\\/la-sostenibilita-prima-di-tutto\\\/tracciabilita-della-catena-di-approvvigionamento\\\/#breadcrumb\"},\"inLanguage\":\"it-IT\",\"potentialAction\":[{\"@type\":\"ReadAction\",\"target\":[\"https:\\\/\\\/adcotrading.eu\\\/it\\\/la-sostenibilita-prima-di-tutto\\\/tracciabilita-della-catena-di-approvvigionamento\\\/\"]}]},{\"@type\":\"ImageObject\",\"inLanguage\":\"it-IT\",\"@id\":\"https:\\\/\\\/adcotrading.eu\\\/it\\\/la-sostenibilita-prima-di-tutto\\\/tracciabilita-della-catena-di-approvvigionamento\\\/#primaryimage\",\"url\":\"http:\\\/\\\/adcotrading.eu\\\/app\\\/uploads\\\/2025\\\/11\\\/DSC8459-2.webp\",\"contentUrl\":\"http:\\\/\\\/adcotrading.eu\\\/app\\\/uploads\\\/2025\\\/11\\\/DSC8459-2.webp\"},{\"@type\":\"BreadcrumbList\",\"@id\":\"https:\\\/\\\/adcotrading.eu\\\/it\\\/la-sostenibilita-prima-di-tutto\\\/tracciabilita-della-catena-di-approvvigionamento\\\/#breadcrumb\",\"itemListElement\":[{\"@type\":\"ListItem\",\"position\":1,\"name\":\"Home\",\"item\":\"https:\\\/\\\/adcotrading.eu\\\/it\\\/\"},{\"@type\":\"ListItem\",\"position\":2,\"name\":\"La sostenibilit\u00e0 prima di tutto\",\"item\":\"https:\\\/\\\/adcotrading.eu\\\/it\\\/la-sostenibilita-prima-di-tutto\\\/\"},{\"@type\":\"ListItem\",\"position\":3,\"name\":\"Tracciabilit\u00e0 della catena di approvvigionamento\"}]},{\"@type\":\"WebSite\",\"@id\":\"https:\\\/\\\/adcotrading.eu\\\/it\\\/#website\",\"url\":\"https:\\\/\\\/adcotrading.eu\\\/it\\\/\",\"name\":\"AD CO. trading\",\"description\":\"\",\"potentialAction\":[{\"@type\":\"SearchAction\",\"target\":{\"@type\":\"EntryPoint\",\"urlTemplate\":\"https:\\\/\\\/adcotrading.eu\\\/it\\\/?s={search_term_string}\"},\"query-input\":{\"@type\":\"PropertyValueSpecification\",\"valueRequired\":true,\"valueName\":\"search_term_string\"}}],\"inLanguage\":\"it-IT\"}]}<\/script>\n<!-- \/ Yoast SEO plugin. -->","yoast_head_json":{"title":"Tracciabilit\u00e0 della catena di approvvigionamento - AD CO. trading","description":"Trasparenza a tutti i livelli Lavorare con materiali riciclati comporta sia opportunit\u00e0 che responsabilit\u00e0. Ogni fase \u2014 dalla raccolta alla produzione \u2014","robots":{"index":"index","follow":"follow","max-snippet":"max-snippet:-1","max-image-preview":"max-image-preview:large","max-video-preview":"max-video-preview:-1"},"canonical":"https:\/\/adcotrading.eu\/it\/la-sostenibilita-prima-di-tutto\/tracciabilita-della-catena-di-approvvigionamento\/","og_locale":"it_IT","og_type":"article","og_title":"Tracciabilit\u00e0 della catena di approvvigionamento - AD CO. trading","og_description":"Trasparenza a tutti i livelli Lavorare con materiali riciclati comporta sia opportunit\u00e0 che responsabilit\u00e0. Ogni fase \u2014 dalla raccolta alla produzione \u2014","og_url":"https:\/\/adcotrading.eu\/it\/la-sostenibilita-prima-di-tutto\/tracciabilita-della-catena-di-approvvigionamento\/","og_site_name":"AD CO. trading","article_modified_time":"2026-04-17T14:23:34+00:00","og_image":[{"width":2560,"height":1707,"url":"https:\/\/adcotrading.eu\/app\/uploads\/2025\/11\/DSC8459-2.webp","type":"image\/jpeg"}],"twitter_card":"summary_large_image","twitter_misc":{"Est. reading time":"2 minutes"},"schema":{"@context":"https:\/\/schema.org","@graph":[{"@type":"WebPage","@id":"https:\/\/adcotrading.eu\/it\/la-sostenibilita-prima-di-tutto\/tracciabilita-della-catena-di-approvvigionamento\/","url":"https:\/\/adcotrading.eu\/it\/la-sostenibilita-prima-di-tutto\/tracciabilita-della-catena-di-approvvigionamento\/","name":"Tracciabilit\u00e0 della catena di approvvigionamento - AD CO. trading","isPartOf":{"@id":"https:\/\/adcotrading.eu\/it\/#website"},"primaryImageOfPage":{"@id":"https:\/\/adcotrading.eu\/it\/la-sostenibilita-prima-di-tutto\/tracciabilita-della-catena-di-approvvigionamento\/#primaryimage"},"image":{"@id":"https:\/\/adcotrading.eu\/it\/la-sostenibilita-prima-di-tutto\/tracciabilita-della-catena-di-approvvigionamento\/#primaryimage"},"thumbnailUrl":"http:\/\/adcotrading.eu\/app\/uploads\/2025\/11\/DSC8459-2.webp","datePublished":"2025-11-05T12:56:47+00:00","dateModified":"2026-04-17T14:23:34+00:00","description":"Trasparenza a tutti i livelli Lavorare con materiali riciclati comporta sia opportunit\u00e0 che responsabilit\u00e0. Ogni fase \u2014 dalla raccolta alla produzione \u2014","breadcrumb":{"@id":"https:\/\/adcotrading.eu\/it\/la-sostenibilita-prima-di-tutto\/tracciabilita-della-catena-di-approvvigionamento\/#breadcrumb"},"inLanguage":"it-IT","potentialAction":[{"@type":"ReadAction","target":["https:\/\/adcotrading.eu\/it\/la-sostenibilita-prima-di-tutto\/tracciabilita-della-catena-di-approvvigionamento\/"]}]},{"@type":"ImageObject","inLanguage":"it-IT","@id":"https:\/\/adcotrading.eu\/it\/la-sostenibilita-prima-di-tutto\/tracciabilita-della-catena-di-approvvigionamento\/#primaryimage","url":"http:\/\/adcotrading.eu\/app\/uploads\/2025\/11\/DSC8459-2.webp","contentUrl":"http:\/\/adcotrading.eu\/app\/uploads\/2025\/11\/DSC8459-2.webp"},{"@type":"BreadcrumbList","@id":"https:\/\/adcotrading.eu\/it\/la-sostenibilita-prima-di-tutto\/tracciabilita-della-catena-di-approvvigionamento\/#breadcrumb","itemListElement":[{"@type":"ListItem","position":1,"name":"Home","item":"https:\/\/adcotrading.eu\/it\/"},{"@type":"ListItem","position":2,"name":"La sostenibilit\u00e0 prima di tutto","item":"https:\/\/adcotrading.eu\/it\/la-sostenibilita-prima-di-tutto\/"},{"@type":"ListItem","position":3,"name":"Tracciabilit\u00e0 della catena di approvvigionamento"}]},{"@type":"WebSite","@id":"https:\/\/adcotrading.eu\/it\/#website","url":"https:\/\/adcotrading.eu\/it\/","name":"AD CO. trading","description":"","potentialAction":[{"@type":"SearchAction","target":{"@type":"EntryPoint","urlTemplate":"https:\/\/adcotrading.eu\/it\/?s={search_term_string}"},"query-input":{"@type":"PropertyValueSpecification","valueRequired":true,"valueName":"search_term_string"}}],"inLanguage":"it-IT"}]}},"_links":{"self":[{"href":"https:\/\/adcotrading.eu\/it\/wp-json\/wp\/v2\/pages\/1195","targetHints":{"allow":["GET"]}}],"collection":[{"href":"https:\/\/adcotrading.eu\/it\/wp-json\/wp\/v2\/pages"}],"about":[{"href":"https:\/\/adcotrading.eu\/it\/wp-json\/wp\/v2\/types\/page"}],"author":[{"embeddable":true,"href":"https:\/\/adcotrading.eu\/it\/wp-json\/wp\/v2\/users\/2"}],"replies":[{"embeddable":true,"href":"https:\/\/adcotrading.eu\/it\/wp-json\/wp\/v2\/comments?post=1195"}],"version-history":[{"count":2,"href":"https:\/\/adcotrading.eu\/it\/wp-json\/wp\/v2\/pages\/1195\/revisions"}],"predecessor-version":[{"id":1699,"href":"https:\/\/adcotrading.eu\/it\/wp-json\/wp\/v2\/pages\/1195\/revisions\/1699"}],"up":[{"embeddable":true,"href":"https:\/\/adcotrading.eu\/it\/wp-json\/wp\/v2\/pages\/1640"}],"wp:attachment":[{"href":"https:\/\/adcotrading.eu\/it\/wp-json\/wp\/v2\/media?parent=1195"}],"curies":[{"name":"wp","href":"https:\/\/api.w.org\/{rel}","templated":true}]}}