{"id":1658,"date":"2025-10-23T14:10:48","date_gmt":"2025-10-23T14:10:48","guid":{"rendered":"https:\/\/adcotrading.eu\/informativa-sulla-privacy\/"},"modified":"2026-04-15T14:31:32","modified_gmt":"2026-04-15T14:31:32","slug":"informativa-sulla-privacy","status":"publish","type":"page","link":"https:\/\/adcotrading.eu\/it\/informativa-sulla-privacy\/","title":{"rendered":"Informativa sulla privacy"},"content":{"rendered":"\n<h1 class=\"wp-block-heading\">Informativa sulla privacy<\/h1>\n\n<h3 class=\"wp-block-heading\">1. Introduzione<\/h3>\n\n<p>AD CO. trading rispetta la privacy di ogni individuo. Questa Informativa sulla privacy spiega come raccogliamo, utilizziamo e conserviamo le tue informazioni, in modo che tu possa essere certo che i tuoi dati personali siano trattati in modo sicuro. La presente Informativa sulla privacy descrive il trattamento dei dati personali da parte di AD CO. trading in conformit\u00e0 al Regolamento generale sulla protezione dei dati (GDPR). Ti invitiamo a leggere attentamente la presente Informativa sulla privacy prima di condividere con noi qualsiasi dato personale.<\/p>\n\n<p><strong>2. Titolare del trattamento dei dati<\/strong><br\/>AD CO. trading \u00e8 il titolare del trattamento dei dati personali descritto nella presente Informativa sulla privacy.<\/p>\n\n<p>Per qualsiasi domanda relativa al trattamento dei tuoi dati personali, non esitare a contattarci utilizzando i recapiti forniti nella sezione 11 qui di seguito.<\/p>\n\n<p><strong>3. Chi \u00e8 soggetto alla presente informativa?<\/strong><\/p>\n\n<p>La presente Informativa sulla privacy si applica alle persone fisiche che hanno stipulato, o desiderano stipulare, un accordo con noi. Ci\u00f2 pu\u00f2 avvenire in qualit\u00e0 di cliente, fornitore o partner commerciale.<\/p>\n\n<h3 class=\"wp-block-heading\">4. Ambito di applicazione dell\u2019informativa<\/h3>\n\n<p>La presente Informativa sulla privacy spiega come raccogliamo, utilizziamo e conserviamo i tuoi dati personali.<\/p>\n\n<h3 class=\"wp-block-heading\">5. Base giuridica per il trattamento dei dati personali<\/h3>\n\n<p>AD CO. tratta i dati personali sulla base di necessit\u00e0 contrattuali, obblighi di legge, interessi legittimi e, ove richiesto dalla legge, del consenso. Se decidi di non fornire determinati dati personali, ci\u00f2 potrebbe compromettere la nostra capacit\u00e0 di stipulare o adempiere a un contratto con te.<\/p>\n\n<h3 class=\"wp-block-heading\">6. Dati personali<\/h3>\n\n<p>Raccogliamo informazioni su di te che ci fornisci principalmente in modo diretto o indiretto. Ci\u00f2 pu\u00f2 verificarsi, ad esempio, in relazione a una richiesta di informazioni, quando si presenta una domanda per diventare clienti tramite il nostro sito web, quando si stipula un contratto con noi o in altri casi quando gestiamo un contratto.<\/p>\n\n<p>I dati personali trattati comprendono principalmente:<\/p>\n\n<ul class=\"wp-block-list\">\n<li>Dati identificativi: nome, numero di registrazione dell&#8217;azienda<\/li>\n\n\n\n<li>Dati di contatto: indirizzo, numero di telefono, indirizzo email<\/li>\n\n\n\n<li>Informazioni di pagamento<\/li>\n\n\n\n<li>Numero cliente<\/li>\n\n\n\n<li>Informazioni sul credito<\/li>\n\n\n\n<li>Indirizzo IP, comportamento di navigazione<\/li>\n\n\n\n<li>Cronologia degli ordini e delle fatture<\/li>\n<\/ul>\n\n<h3 class=\"wp-block-heading\">6.1 Finalit\u00e0 del trattamento dei dati personali<\/h3>\n\n<p>Trattiamo i tuoi dati personali, tra l&#8217;altro, per adempiere al contratto stipulato con te in qualit\u00e0 di cliente o fornitore, fornirti un servizio di qualit\u00e0, gestire i reclami e mantenerci in contatto.<\/p>\n\n<h4 class=\"wp-block-heading\">6.1.1 Esecuzione degli accordi<\/h4>\n\n<p>Trattiamo i dati di contatto delle persone che sono referenti o dipendenti dei nostri fornitori o partner commerciali. Ci\u00f2 avviene allo scopo di stipulare, gestire e adempiere agli accordi con fornitori o partner. La base giuridica per questo trattamento \u00e8 il nostro legittimo interesse ad adempiere al contratto.<\/p>\n\n<p>Potremmo inoltre trattare i tuoi dati di contatto per valutare il rapporto commerciale. I dati personali relativi alle persone di contatto o ai dipendenti dei potenziali fornitori possono essere trattati anche a fini di valutazione e analisi nell&#8217;ambito del processo di approvvigionamento. La base giuridica per questo trattamento \u00e8 il nostro legittimo interesse a stipulare e adempiere agli accordi con fornitori o partner commerciali.<\/p>\n\n<h4 class=\"wp-block-heading\">6.1.2 Fornitura di prodotti e servizi<\/h4>\n\n<p>Trattiamo i tuoi dati di contatto e di pagamento, nonch\u00e9 altri dati personali rilevanti che ci fornisci quando acquisti i nostri prodotti o servizi, o quando sei o desideri diventare un nostro cliente. Il presente trattamento dei dati \u00e8 necessario per stipulare, gestire e adempiere al contratto con l&#8217;utente.<\/p>\n\n<h4 class=\"wp-block-heading\">6.1.3 Gestione e amministrazione del tuo account cliente<\/h4>\n\n<p>Potremmo aggiornare i tuoi dati di contatto utilizzando, ad esempio, report di credito o informazioni disponibili sul tuo sito web, al fine di garantire l&#8217;accuratezza delle informazioni. La base giuridica per questo trattamento \u00e8 l&#8217;esecuzione del contratto e il nostro legittimo interesse nella gestione e amministrazione del tuo account cliente.<\/p>\n\n<h4 class=\"wp-block-heading\">6.1.4 Comunicazione<\/h4>\n\n<p>Quando contatti il \u200b\u200bnostro servizio clienti, elaboriamo le informazioni che ci fornisci e che sono pertinenti alla tua richiesta. Questo trattamento dei dati viene effettuato per adempiere ai nostri obblighi contrattuali, rispondere alle domande, fornire assistenza e garantire la qualit\u00e0 del nostro servizio clienti. La base giuridica per questo trattamento \u00e8 l&#8217;esecuzione del contratto e il nostro legittimo interesse a fornire le informazioni richieste e a migliorare il nostro servizio clienti.<\/p>\n\n<h4 class=\"wp-block-heading\">6.1.5 Valutazione, sviluppo e miglioramento di prodotti e servizi<\/h4>\n\n<p>I tuoi dati personali possono essere trattati per analisi dei clienti, analisi di mercato, sviluppo aziendale, statistiche e finalit\u00e0 informative e di marketing. La base giuridica per questo trattamento \u00e8 il nostro legittimo interesse a sviluppare i nostri prodotti e servizi, offrire prodotti di alta qualit\u00e0 a prezzi competitivi e fornire un buon servizio.<\/p>\n\n<h4 class=\"wp-block-heading\">6.1.6 Commercializzazione dei nostri prodotti e servizi<\/h4>\n\n<p>Utilizziamo i tuoi dati di contatto e i risultati delle analisi per promuovere direttamente i nostri prodotti e servizi. Le attivit\u00e0 di marketing possono essere svolte tramite telefono, e-mail o posta ordinaria. La base giuridica per questo trattamento \u00e8 il nostro legittimo interesse a commercializzare i nostri prodotti e servizi. Hai il diritto di opporti a tali attivit\u00e0 di marketing in qualsiasi momento seguendo le istruzioni fornite nelle nostre comunicazioni o contattandoci direttamente.<\/p>\n\n<h4 class=\"wp-block-heading\">6.1.7 Sondaggi<\/h4>\n\n<p>Utilizziamo i tuoi dati di contatto e le tue risposte ai sondaggi per condurre e valutare gli stessi. Questo viene fatto per sviluppare e migliorare i nostri prodotti, servizi e operazioni. Le risposte al sondaggio diventano anonime una volta completato il questionario.<\/p>\n\n<h4 class=\"wp-block-heading\">6.1.8 Clienti potenziali<\/h4>\n\n<p>Per finalit\u00e0 di marketing, potremmo raccogliere i tuoi dati di contatto, ad esempio, dal tuo sito web, al fine di contattarti telefonicamente, via e-mail o per posta. A tale scopo, possiamo anche elaborare statistiche per le analisi. La base giuridica per questo trattamento \u00e8 il nostro legittimo interesse a commercializzare i nostri prodotti e servizi. \u00c8 possibile rinunciare a ricevere tali comunicazioni di marketing in qualsiasi momento, come descritto sopra.<\/p>\n\n<h4 class=\"wp-block-heading\">6.1.9 Raccolta di statistiche del sito web<\/h4>\n\n<p>Quando visiti il nostro sito web, potremmo utilizzare cookie e tecnologie simili per raccogliere informazioni come l&#8217;indirizzo IP, il tipo di browser e le abitudini di navigazione. Queste informazioni vengono utilizzate per compilare statistiche sul sito web e per migliorare la funzionalit\u00e0 e l&#8217;esperienza utente del nostro sito. Laddove previsto dalla legge, otteniamo il tuo consenso per l&#8217;utilizzo di cookie e tecnologie simili.<\/p>\n\n<h4 class=\"wp-block-heading\">6.1.10 Obblighi legali<\/h4>\n\n<p>I dati personali vengono trattati per adempiere agli obblighi legali imposti da leggi, sentenze o decisioni delle autorit\u00e0. Tali obblighi possono includere la responsabilit\u00e0 del prodotto e i requisiti di sicurezza del prodotto, come la comunicazione di avvisi e richiami di prodotti, o il rispetto della normativa contabile.<\/p>\n\n<h3 class=\"wp-block-heading\">6.2 Trattamento dei dati personali<\/h3>\n\n<p>Quando AD CO. trading raccoglie, elabora e archivia dati personali, ci\u00f2 avviene sempre in modo lecito, corretto, trasparente e limitato allo scopo, e solo nella misura ritenuta necessaria. AD CO. tratta i dati personali in modo da evitare di violare l&#8217;integrit\u00e0 personale dell&#8217;individuo. Vengono sempre applicate misure di sicurezza adeguate per proteggere i dati personali.<\/p>\n\n<p>Qualora l&#8217;interessato non fornisca le informazioni richieste, ci\u00f2 potrebbe in alcuni casi impedirci di stipulare o adempiere a un contratto. In caso di dubbi o preoccupazioni in merito alla fornitura di determinati dati personali, puoi contattare AD CO. trading (vedi i recapiti qui sotto) per ulteriori informazioni.<\/p>\n\n<h3 class=\"wp-block-heading\">6.3 Conservazione dei dati personali<\/h3>\n\n<p>Il periodo di conservazione dei dati personali dipende dal tipo di dati e dalla finalit\u00e0 del loro trattamento. AD CO. trading non conserva i dati personali pi\u00f9 a lungo del necessario per le finalit\u00e0 per cui sono stati raccolti, salvo diversamente previsto dalla legge.<\/p>\n\n<p>Di norma, AD CO. trading conserva i dati personali contenuti negli accordi con clienti e fornitori e nei registri delle transazioni commerciali per tutta la durata dell&#8217;accordo e per dieci anni successivi, in conformit\u00e0 con la normativa contabile e fiscale vigente.<\/p>\n\n<h3 class=\"wp-block-heading\">7. Condivisione con i partner<\/h3>\n\n<p>AD CO. trading non condivide i dati personali dell&#8217;utente con terzi, salvo nei casi in cui ci\u00f2 sia necessario per l&#8217;adempimento di un contratto, per ottemperare a obblighi di legge o qualora l&#8217;utente ne sia stato altrimenti informato.<\/p>\n\n<h3 class=\"wp-block-heading\">8. Social media<\/h3>\n\n<p>Quando utilizziamo i social media o le piattaforme online per scopi di marketing, AD CO. trading non fornisce a queste piattaforme dati personali. Ogni piattaforma \u00e8 autonomamente responsabile del trattamento dei dati personali effettuato sulla piattaforma stessa.<\/p>\n\n<p>Qualsiasi dato personale che scegli di condividere, pubblicare o con cui interagisci sui nostri canali social viene trattato in conformit\u00e0 con l&#8217;informativa sulla privacy della rispettiva piattaforma. AD CO. trading non \u00e8 responsabile di tale elaborazione.<\/p>\n\n<h3 class=\"wp-block-heading\">9. I tuoi diritti<\/h3>\n\n<p>Una volta all\u2019anno hai diritto gratuitamente, previa richiesta scritta e firmata ad AD CO. trading, di ricevere informazioni sui dati personali che trattiamo, nonch\u00e9 sull&#8217;ambito e le finalit\u00e0 di tale trattamento. Hai inoltre il diritto di richiedere in qualsiasi momento il blocco, la cancellazione o la correzione dei tuoi dati personali. \u00c8 sempre possibile revocare il consenso precedentemente fornito e opporsi all&#8217;ulteriore trattamento dei propri dati personali. Hai inoltre il diritto di richiedere la limitazione del trattamento e la portabilit\u00e0 dei dati, ove applicabile. Hai il diritto di presentare un reclamo all&#8217;autorit\u00e0 di controllo competente.<\/p>\n\n<h3 class=\"wp-block-heading\">10. Modifiche all\u2019informativa<\/h3>\n\n<p>AD CO. trading si riserva il diritto di modificare e aggiornare la presente Informativa sulla privacy. In caso di modifiche sostanziali o qualora le informazioni esistenti vengano elaborate in modo diverso da quanto indicato nella presente Informativa, AD CO. trading ti informer\u00e0 in modo appropriato.<\/p>\n\n<h3 class=\"wp-block-heading\">11. Informazioni di contatto<\/h3>\n\n<p>Per qualsiasi domanda relativa alla presente Informativa sulla privacy o al trattamento dei tuoi dati personali, ti preghiamo di contattarci all&#8217;indirizzo <strong>sales@adcotrading.eu<\/strong> .<\/p>\n","protected":false},"excerpt":{"rendered":"<p>Informativa sulla privacy 1. Introduzione AD CO. trading rispetta la privacy di ogni individuo. Questa Informativa sulla privacy spiega come raccogliamo, utilizziamo e conserviamo le tue informazioni, in modo che tu possa essere certo che i tuoi dati personali siano trattati in modo sicuro. La presente Informativa sulla privacy descrive il trattamento dei dati personali [&hellip;]<\/p>\n","protected":false},"author":2,"featured_media":0,"parent":0,"menu_order":0,"comment_status":"closed","ping_status":"open","template":"","meta":{"_acf_changed":false,"footnotes":""},"class_list":["post-1658","page","type-page","status-publish","hentry"],"acf":[],"yoast_head":"<!-- This site is optimized with the Yoast SEO plugin v27.4 - https:\/\/yoast.com\/product\/yoast-seo-wordpress\/ -->\n<title>Informativa sulla privacy - AD CO. trading<\/title>\n<meta name=\"description\" content=\"Informativa sulla privacy 1. Introduzione AD CO. trading rispetta la privacy di ogni individuo. Questa Informativa sulla privacy spiega come raccogliamo,\" \/>\n<meta name=\"robots\" content=\"index, follow, max-snippet:-1, max-image-preview:large, max-video-preview:-1\" \/>\n<link rel=\"canonical\" href=\"https:\/\/adcotrading.eu\/it\/informativa-sulla-privacy\/\" \/>\n<meta property=\"og:locale\" content=\"it_IT\" \/>\n<meta property=\"og:type\" content=\"article\" \/>\n<meta property=\"og:title\" content=\"Informativa sulla privacy - AD CO. trading\" \/>\n<meta property=\"og:description\" content=\"Informativa sulla privacy 1. Introduzione AD CO. trading rispetta la privacy di ogni individuo. Questa Informativa sulla privacy spiega come raccogliamo,\" \/>\n<meta property=\"og:url\" content=\"https:\/\/adcotrading.eu\/it\/informativa-sulla-privacy\/\" \/>\n<meta property=\"og:site_name\" content=\"AD CO. trading\" \/>\n<meta property=\"article:modified_time\" content=\"2026-04-15T14:31:32+00:00\" \/>\n<meta name=\"twitter:card\" content=\"summary_large_image\" \/>\n<meta name=\"twitter:label1\" content=\"Est. reading time\" \/>\n\t<meta name=\"twitter:data1\" content=\"8 minutes\" \/>\n<script type=\"application\/ld+json\" class=\"yoast-schema-graph\">{\"@context\":\"https:\\\/\\\/schema.org\",\"@graph\":[{\"@type\":\"WebPage\",\"@id\":\"https:\\\/\\\/adcotrading.eu\\\/it\\\/informativa-sulla-privacy\\\/\",\"url\":\"https:\\\/\\\/adcotrading.eu\\\/it\\\/informativa-sulla-privacy\\\/\",\"name\":\"Informativa sulla privacy - AD CO. trading\",\"isPartOf\":{\"@id\":\"https:\\\/\\\/adcotrading.eu\\\/it\\\/#website\"},\"datePublished\":\"2025-10-23T14:10:48+00:00\",\"dateModified\":\"2026-04-15T14:31:32+00:00\",\"description\":\"Informativa sulla privacy 1. Introduzione AD CO. trading rispetta la privacy di ogni individuo. Questa Informativa sulla privacy spiega come raccogliamo,\",\"breadcrumb\":{\"@id\":\"https:\\\/\\\/adcotrading.eu\\\/it\\\/informativa-sulla-privacy\\\/#breadcrumb\"},\"inLanguage\":\"it-IT\",\"potentialAction\":[{\"@type\":\"ReadAction\",\"target\":[\"https:\\\/\\\/adcotrading.eu\\\/it\\\/informativa-sulla-privacy\\\/\"]}]},{\"@type\":\"BreadcrumbList\",\"@id\":\"https:\\\/\\\/adcotrading.eu\\\/it\\\/informativa-sulla-privacy\\\/#breadcrumb\",\"itemListElement\":[{\"@type\":\"ListItem\",\"position\":1,\"name\":\"Home\",\"item\":\"https:\\\/\\\/adcotrading.eu\\\/it\\\/\"},{\"@type\":\"ListItem\",\"position\":2,\"name\":\"Informativa sulla privacy\"}]},{\"@type\":\"WebSite\",\"@id\":\"https:\\\/\\\/adcotrading.eu\\\/it\\\/#website\",\"url\":\"https:\\\/\\\/adcotrading.eu\\\/it\\\/\",\"name\":\"AD CO. trading\",\"description\":\"\",\"potentialAction\":[{\"@type\":\"SearchAction\",\"target\":{\"@type\":\"EntryPoint\",\"urlTemplate\":\"https:\\\/\\\/adcotrading.eu\\\/it\\\/?s={search_term_string}\"},\"query-input\":{\"@type\":\"PropertyValueSpecification\",\"valueRequired\":true,\"valueName\":\"search_term_string\"}}],\"inLanguage\":\"it-IT\"}]}<\/script>\n<!-- \/ Yoast SEO plugin. -->","yoast_head_json":{"title":"Informativa sulla privacy - AD CO. trading","description":"Informativa sulla privacy 1. Introduzione AD CO. trading rispetta la privacy di ogni individuo. Questa Informativa sulla privacy spiega come raccogliamo,","robots":{"index":"index","follow":"follow","max-snippet":"max-snippet:-1","max-image-preview":"max-image-preview:large","max-video-preview":"max-video-preview:-1"},"canonical":"https:\/\/adcotrading.eu\/it\/informativa-sulla-privacy\/","og_locale":"it_IT","og_type":"article","og_title":"Informativa sulla privacy - AD CO. trading","og_description":"Informativa sulla privacy 1. Introduzione AD CO. trading rispetta la privacy di ogni individuo. Questa Informativa sulla privacy spiega come raccogliamo,","og_url":"https:\/\/adcotrading.eu\/it\/informativa-sulla-privacy\/","og_site_name":"AD CO. trading","article_modified_time":"2026-04-15T14:31:32+00:00","twitter_card":"summary_large_image","twitter_misc":{"Est. reading time":"8 minutes"},"schema":{"@context":"https:\/\/schema.org","@graph":[{"@type":"WebPage","@id":"https:\/\/adcotrading.eu\/it\/informativa-sulla-privacy\/","url":"https:\/\/adcotrading.eu\/it\/informativa-sulla-privacy\/","name":"Informativa sulla privacy - AD CO. trading","isPartOf":{"@id":"https:\/\/adcotrading.eu\/it\/#website"},"datePublished":"2025-10-23T14:10:48+00:00","dateModified":"2026-04-15T14:31:32+00:00","description":"Informativa sulla privacy 1. Introduzione AD CO. trading rispetta la privacy di ogni individuo. Questa Informativa sulla privacy spiega come raccogliamo,","breadcrumb":{"@id":"https:\/\/adcotrading.eu\/it\/informativa-sulla-privacy\/#breadcrumb"},"inLanguage":"it-IT","potentialAction":[{"@type":"ReadAction","target":["https:\/\/adcotrading.eu\/it\/informativa-sulla-privacy\/"]}]},{"@type":"BreadcrumbList","@id":"https:\/\/adcotrading.eu\/it\/informativa-sulla-privacy\/#breadcrumb","itemListElement":[{"@type":"ListItem","position":1,"name":"Home","item":"https:\/\/adcotrading.eu\/it\/"},{"@type":"ListItem","position":2,"name":"Informativa sulla privacy"}]},{"@type":"WebSite","@id":"https:\/\/adcotrading.eu\/it\/#website","url":"https:\/\/adcotrading.eu\/it\/","name":"AD CO. trading","description":"","potentialAction":[{"@type":"SearchAction","target":{"@type":"EntryPoint","urlTemplate":"https:\/\/adcotrading.eu\/it\/?s={search_term_string}"},"query-input":{"@type":"PropertyValueSpecification","valueRequired":true,"valueName":"search_term_string"}}],"inLanguage":"it-IT"}]}},"_links":{"self":[{"href":"https:\/\/adcotrading.eu\/it\/wp-json\/wp\/v2\/pages\/1658","targetHints":{"allow":["GET"]}}],"collection":[{"href":"https:\/\/adcotrading.eu\/it\/wp-json\/wp\/v2\/pages"}],"about":[{"href":"https:\/\/adcotrading.eu\/it\/wp-json\/wp\/v2\/types\/page"}],"author":[{"embeddable":true,"href":"https:\/\/adcotrading.eu\/it\/wp-json\/wp\/v2\/users\/2"}],"replies":[{"embeddable":true,"href":"https:\/\/adcotrading.eu\/it\/wp-json\/wp\/v2\/comments?post=1658"}],"version-history":[{"count":1,"href":"https:\/\/adcotrading.eu\/it\/wp-json\/wp\/v2\/pages\/1658\/revisions"}],"predecessor-version":[{"id":1659,"href":"https:\/\/adcotrading.eu\/it\/wp-json\/wp\/v2\/pages\/1658\/revisions\/1659"}],"wp:attachment":[{"href":"https:\/\/adcotrading.eu\/it\/wp-json\/wp\/v2\/media?parent=1658"}],"curies":[{"name":"wp","href":"https:\/\/api.w.org\/{rel}","templated":true}]}}