{"id":1668,"date":"2025-10-23T14:46:03","date_gmt":"2025-10-23T14:46:03","guid":{"rendered":"https:\/\/adcotrading.eu\/la-sostenibilita-prima-di-tutto\/responsabilita-sociale\/"},"modified":"2026-04-15T14:33:04","modified_gmt":"2026-04-15T14:33:04","slug":"responsabilita-sociale","status":"publish","type":"page","link":"https:\/\/adcotrading.eu\/it\/la-sostenibilita-prima-di-tutto\/responsabilita-sociale\/","title":{"rendered":"Responsabilit\u00e0 sociale"},"content":{"rendered":"\n<div class=\"wp-block-cover alignfull has-custom-content-position is-position-center-left adco-cover-block\" style=\"margin-top:0;margin-bottom:0;min-height:70vh;aspect-ratio:unset;\"><img loading=\"lazy\" decoding=\"async\" width=\"1024\" height=\"683\" sizes=\"auto, (max-width: 1024px) 100vw, 1024px\" class=\"wp-block-cover__image-background wp-image-475 size-large\" alt=\"\" src=\"http:\/\/adcotrading.eu\/app\/uploads\/2025\/11\/ChatGPT-Image-24-okt.-2025-15_00_31-1024x683.avif\" style=\"object-position:64% 38%\" data-object-fit=\"cover\" data-object-position=\"64% 38%\" srcset=\"https:\/\/adcotrading.eu\/app\/uploads\/2025\/11\/ChatGPT-Image-24-okt.-2025-15_00_31-1024x683.avif 1024w, https:\/\/adcotrading.eu\/app\/uploads\/2025\/11\/ChatGPT-Image-24-okt.-2025-15_00_31-300x200.avif 300w, https:\/\/adcotrading.eu\/app\/uploads\/2025\/11\/ChatGPT-Image-24-okt.-2025-15_00_31-768x512.avif 768w, https:\/\/adcotrading.eu\/app\/uploads\/2025\/11\/ChatGPT-Image-24-okt.-2025-15_00_31.avif 1536w\" \/><span aria-hidden=\"true\" class=\"wp-block-cover__background has-black-background-color has-background-dim-0 has-background-dim\"><\/span><div class=\"wp-block-cover__inner-container is-layout-constrained wp-block-cover-is-layout-constrained\">\n<h1 class=\"wp-block-heading has-text-align-left\">Il potere della cura<\/h1>\n<\/div><\/div>\n<div class=\"yoast-breadcrumbs\"><span><span><a href=\"https:\/\/adcotrading.eu\/it\/\">Home<\/a><\/span> \u00bb <span><a href=\"https:\/\/adcotrading.eu\/it\/la-sostenibilita-prima-di-tutto\/\">La sostenibilit\u00e0 prima di tutto<\/a><\/span> \u00bb <span class=\"breadcrumb_last\" aria-current=\"page\">Responsabilit\u00e0 sociale<\/span><\/span><\/div>\n<div class=\"wp-block-media-text alignwide is-stacked-on-mobile is-vertically-aligned-top\" style=\"margin-top:var(--wp--preset--spacing--80);margin-bottom:var(--wp--preset--spacing--80);grid-template-columns:45% auto\"><figure class=\"wp-block-media-text__media\"><img loading=\"lazy\" decoding=\"async\" width=\"1024\" height=\"683\" src=\"http:\/\/adcotrading.eu\/app\/uploads\/2025\/11\/ChatGPT-Image-24-okt.-2025-15_00_31-1024x683.avif\" alt=\"\" class=\"wp-image-475 size-full\" srcset=\"https:\/\/adcotrading.eu\/app\/uploads\/2025\/11\/ChatGPT-Image-24-okt.-2025-15_00_31-1024x683.avif 1024w, https:\/\/adcotrading.eu\/app\/uploads\/2025\/11\/ChatGPT-Image-24-okt.-2025-15_00_31-300x200.avif 300w, https:\/\/adcotrading.eu\/app\/uploads\/2025\/11\/ChatGPT-Image-24-okt.-2025-15_00_31-768x512.avif 768w, https:\/\/adcotrading.eu\/app\/uploads\/2025\/11\/ChatGPT-Image-24-okt.-2025-15_00_31.avif 1536w\" sizes=\"auto, (max-width: 1024px) 100vw, 1024px\" \/><\/figure><div class=\"wp-block-media-text__content\">\n<h5 class=\"wp-block-heading has-clay-color has-text-color has-link-color wp-elements-d285d3497ed8304bb37e0fe13dafef40\"><strong>LA NOSTRA RESPONSABILIT\u00c0 SOCIALE<\/strong><\/h5>\n\n\n\n<h2 class=\"wp-block-heading has-text-align-left\" style=\"margin-top:0\">Ogni persona conta<\/h2>\n\n\n\n<h3 class=\"wp-block-heading\">Responsabilit\u00e0 sociale \u2013 Sostenibilit\u00e0 a tutti i livelli<\/h3>\n\n\n\n<p>Abbiamo una visione chiara: offrire prodotti altamente funzionali, privi di sostanze chimiche nocive e realizzati in condizioni eque. Per raggiungere questo obiettivo, spesso ci spingiamo oltre rispetto ai nostri concorrenti: per noi \u00e8 l&#8217;unico modo per garantire che tutto sia fatto come si deve. Il nostro obiettivo \u00e8 che ogni prodotto della nostra gamma faccia la differenza. \u00c8 una filosofia che ci spinge ad andare avanti e che rende lo sforzo degno di essere compiuto.<\/p>\n\n\n\n<h3 class=\"wp-block-heading\">Una responsabilit\u00e0 che tutela il tuo brand<\/h3>\n\n\n\n<p>Per te, in quanto cliente, il nostro impegno significa che non corri il rischio di compromettere il tuo brand perch\u00e9, come tutti sappiamo, i prezzi bassi spesso hanno un costo. Un costo che pu\u00f2 incidere sull&#8217;attivit\u00e0, sul valore del brand, sulla salute delle persone e, nei casi peggiori, persino sulle vite umane. \u00c8 un prezzo che non siamo mai disposti a pagare.<\/p>\n\n\n\n<h3 class=\"wp-block-heading\">La responsabilit\u00e0 sociale nella pratica<\/h3>\n\n\n\n<p>Per noi, la responsabilit\u00e0 sociale non \u00e8 una semplice formalit\u00e0. Si tratta di comprendere davvero la realt\u00e0 dei nostri fornitori e delle persone che lavorano con noi. Ecco perch\u00e9 integriamo gli audit sociali condotti da terzi con le nostre visite in loco, durante le quali incontriamo i dirigenti e i lavoratori, verifichiamo le condizioni e collaboriamo per garantire un miglioramento continuo.<\/p>\n\n\n\n<p>Seguiamo il <strong>quadro di riferimento BSCI\/amfori<\/strong>, che si basa su standard internazionali in materia di lavoro: quali le convenzioni dell&#8217;OIL e i principi delle Nazioni Unite in materia di diritti umani. Ci\u00f2 garantisce che i nostri\u00a0<\/p>\n\n\n\n<p>fornitori vengono regolarmente valutati in merito a questioni fondamentali quali salari equi e condizioni di lavoro sicure,\u00a0<\/p>\n\n\n\n<p>orari di lavoro, lavoro minorile, libert\u00e0 di associazione e non discriminazione. Ma non ci fermiamo qui. Consideriamo gli audit come il punto di partenza di un processo di sviluppo,\u00a0<\/p>\n\n\n\n<p>non come il traguardo finale.<\/p>\n\n\n\n<h3 class=\"wp-block-heading\">Una collaborazione basata sulla cura<\/h3>\n\n\n\n<p>La nostra attenzione verso le persone coinvolte nella nostra catena di approvvigionamento non \u00e8 solo una questione di conformit\u00e0: \u00e8 parte integrante della nostra filosofia aziendale. Siamo convinti che, instaurando rapporti duraturi e lavorando fianco a fianco con i nostri partner, possiamo garantire un processo produttivo sicuro, equo e sostenibile\u00a0<\/p>\n\n\n\n<p>per tutte le persone coinvolte. \u00c8 cos\u00ec che creiamo vero valore, per i lavoratori, per il tuo brand\u00a0<\/p>\n\n\n\n<p>e per il futuro.<\/p>\n<\/div><\/div>\n\n<div class=\"wp-block-group alignwide is-layout-constrained wp-block-group-is-layout-constrained\">\n<h3 class=\"wp-block-heading alignwide\">Our sustainability initiatives<\/h3>\n\n\n\n<div class=\"sustainable-entrances-block alignwide wp-block\" id=\"block_76609418e07794ba3a2c2f697aaa3ec6\">\n\n    <div class=\"link-items\">\n            <a href=\"http:\/\/adcotrading.eu\/sustainability-first\/social-responsibility\/\">\n            <figure><img loading=\"lazy\" decoding=\"async\" width=\"955\" height=\"601\" src=\"https:\/\/adcotrading.eu\/app\/uploads\/2025\/10\/Our-Social-Responsibility.avif\" class=\"attachment-full size-full\" alt=\"\" srcset=\"https:\/\/adcotrading.eu\/app\/uploads\/2025\/10\/Our-Social-Responsibility.avif 955w, https:\/\/adcotrading.eu\/app\/uploads\/2025\/10\/Our-Social-Responsibility-300x189.avif 300w, https:\/\/adcotrading.eu\/app\/uploads\/2025\/10\/Our-Social-Responsibility-768x483.avif 768w\" sizes=\"auto, (max-width: 955px) 100vw, 955px\" \/>                <figcaption>Social Responsibility<\/figcaption>\n            <\/figure>\n        <\/a>\n            <a href=\"http:\/\/adcotrading.eu\/sustainability-first\/carbon-footprint\/\">\n            <figure><img loading=\"lazy\" decoding=\"async\" width=\"955\" height=\"600\" src=\"https:\/\/adcotrading.eu\/app\/uploads\/2025\/10\/Carbon-Footprint.avif\" class=\"attachment-full size-full\" alt=\"\" srcset=\"https:\/\/adcotrading.eu\/app\/uploads\/2025\/10\/Carbon-Footprint.avif 955w, https:\/\/adcotrading.eu\/app\/uploads\/2025\/10\/Carbon-Footprint-300x188.avif 300w, https:\/\/adcotrading.eu\/app\/uploads\/2025\/10\/Carbon-Footprint-768x483.avif 768w\" sizes=\"auto, (max-width: 955px) 100vw, 955px\" \/>                <figcaption>Carbon Footprint<\/figcaption>\n            <\/figure>\n        <\/a>\n            <a href=\"http:\/\/adcotrading.eu\/sustainability-first\/responsible-chemical-management\/\">\n            <figure><img loading=\"lazy\" decoding=\"async\" width=\"956\" height=\"602\" src=\"https:\/\/adcotrading.eu\/app\/uploads\/2025\/10\/Responsible-Chemical-Management.avif\" class=\"attachment-full size-full\" alt=\"\" srcset=\"https:\/\/adcotrading.eu\/app\/uploads\/2025\/10\/Responsible-Chemical-Management.avif 956w, https:\/\/adcotrading.eu\/app\/uploads\/2025\/10\/Responsible-Chemical-Management-300x189.avif 300w, https:\/\/adcotrading.eu\/app\/uploads\/2025\/10\/Responsible-Chemical-Management-768x484.avif 768w\" sizes=\"auto, (max-width: 956px) 100vw, 956px\" \/>                <figcaption>Responsible Chemical Management<\/figcaption>\n            <\/figure>\n        <\/a>\n            <a href=\"http:\/\/adcotrading.eu\/sustainability-first\/traceable\/\">\n            <figure><img loading=\"lazy\" decoding=\"async\" width=\"2560\" height=\"1707\" src=\"https:\/\/adcotrading.eu\/app\/uploads\/2025\/12\/PET-bild.webp\" class=\"attachment-full size-full not-transparent\" alt=\"\" srcset=\"https:\/\/adcotrading.eu\/app\/uploads\/2025\/12\/PET-bild.webp 2560w, https:\/\/adcotrading.eu\/app\/uploads\/2025\/12\/PET-bild-300x200.webp 300w, https:\/\/adcotrading.eu\/app\/uploads\/2025\/12\/PET-bild-1024x683.webp 1024w, https:\/\/adcotrading.eu\/app\/uploads\/2025\/12\/PET-bild-768x512.webp 768w, https:\/\/adcotrading.eu\/app\/uploads\/2025\/12\/PET-bild-1536x1024.webp 1536w, https:\/\/adcotrading.eu\/app\/uploads\/2025\/12\/PET-bild-2048x1366.webp 2048w\" sizes=\"auto, (max-width: 2560px) 100vw, 2560px\" data-has-transparency=\"false\" data-dominant-color=\"8ddae6\" style=\"--dominant-color: #8ddae6;\" \/>                <figcaption>Supply Chain Traceability<\/figcaption>\n            <\/figure>\n        <\/a>\n        <\/div>\n\n<\/div><\/div>\n","protected":false},"excerpt":{"rendered":"<p>LA NOSTRA RESPONSABILIT\u00c0 SOCIALE Ogni persona conta Responsabilit\u00e0 sociale \u2013 Sostenibilit\u00e0 a tutti i livelli Abbiamo una visione chiara: offrire prodotti altamente funzionali, privi di sostanze chimiche nocive e realizzati in condizioni eque. Per raggiungere questo obiettivo, spesso ci spingiamo oltre rispetto ai nostri concorrenti: per noi \u00e8 l&#8217;unico modo per garantire che tutto sia [&hellip;]<\/p>\n","protected":false},"author":2,"featured_media":0,"parent":1640,"menu_order":0,"comment_status":"closed","ping_status":"closed","template":"","meta":{"_acf_changed":false,"footnotes":""},"class_list":["post-1668","page","type-page","status-publish","hentry"],"acf":[],"yoast_head":"<!-- This site is optimized with the Yoast SEO plugin v27.4 - https:\/\/yoast.com\/product\/yoast-seo-wordpress\/ -->\n<title>Responsabilit\u00e0 sociale - AD CO. trading<\/title>\n<meta name=\"description\" content=\"Il potere della cura LA NOSTRA RESPONSABILIT\u00c0 SOCIALE Ogni persona conta Responsabilit\u00e0 sociale \u2013 Sostenibilit\u00e0 a tutti i livelli Abbiamo una visione\" \/>\n<meta name=\"robots\" content=\"index, follow, max-snippet:-1, max-image-preview:large, max-video-preview:-1\" \/>\n<link rel=\"canonical\" href=\"https:\/\/adcotrading.eu\/it\/la-sostenibilita-prima-di-tutto\/responsabilita-sociale\/\" \/>\n<meta property=\"og:locale\" content=\"it_IT\" \/>\n<meta property=\"og:type\" content=\"article\" \/>\n<meta property=\"og:title\" content=\"Responsabilit\u00e0 sociale - AD CO. trading\" \/>\n<meta property=\"og:description\" content=\"Il potere della cura LA NOSTRA RESPONSABILIT\u00c0 SOCIALE Ogni persona conta Responsabilit\u00e0 sociale \u2013 Sostenibilit\u00e0 a tutti i livelli Abbiamo una visione\" \/>\n<meta property=\"og:url\" content=\"https:\/\/adcotrading.eu\/it\/la-sostenibilita-prima-di-tutto\/responsabilita-sociale\/\" \/>\n<meta property=\"og:site_name\" content=\"AD CO. trading\" \/>\n<meta property=\"article:modified_time\" content=\"2026-04-15T14:33:04+00:00\" \/>\n<meta property=\"og:image\" content=\"https:\/\/adcotrading.eu\/app\/uploads\/2025\/11\/ChatGPT-Image-24-okt.-2025-15_00_31.avif\" \/>\n\t<meta property=\"og:image:width\" content=\"1536\" \/>\n\t<meta property=\"og:image:height\" content=\"1024\" \/>\n\t<meta property=\"og:image:type\" content=\"image\/png\" \/>\n<meta name=\"twitter:card\" content=\"summary_large_image\" \/>\n<meta name=\"twitter:label1\" content=\"Est. reading time\" \/>\n\t<meta name=\"twitter:data1\" content=\"2 minutes\" \/>\n<script type=\"application\/ld+json\" class=\"yoast-schema-graph\">{\"@context\":\"https:\\\/\\\/schema.org\",\"@graph\":[{\"@type\":\"WebPage\",\"@id\":\"https:\\\/\\\/adcotrading.eu\\\/it\\\/la-sostenibilita-prima-di-tutto\\\/responsabilita-sociale\\\/\",\"url\":\"https:\\\/\\\/adcotrading.eu\\\/it\\\/la-sostenibilita-prima-di-tutto\\\/responsabilita-sociale\\\/\",\"name\":\"Responsabilit\u00e0 sociale - AD CO. trading\",\"isPartOf\":{\"@id\":\"https:\\\/\\\/adcotrading.eu\\\/it\\\/#website\"},\"primaryImageOfPage\":{\"@id\":\"https:\\\/\\\/adcotrading.eu\\\/it\\\/la-sostenibilita-prima-di-tutto\\\/responsabilita-sociale\\\/#primaryimage\"},\"image\":{\"@id\":\"https:\\\/\\\/adcotrading.eu\\\/it\\\/la-sostenibilita-prima-di-tutto\\\/responsabilita-sociale\\\/#primaryimage\"},\"thumbnailUrl\":\"http:\\\/\\\/adcotrading.eu\\\/app\\\/uploads\\\/2025\\\/11\\\/ChatGPT-Image-24-okt.-2025-15_00_31-1024x683.avif\",\"datePublished\":\"2025-10-23T14:46:03+00:00\",\"dateModified\":\"2026-04-15T14:33:04+00:00\",\"description\":\"Il potere della cura LA NOSTRA RESPONSABILIT\u00c0 SOCIALE Ogni persona conta Responsabilit\u00e0 sociale \u2013 Sostenibilit\u00e0 a tutti i livelli Abbiamo una visione\",\"breadcrumb\":{\"@id\":\"https:\\\/\\\/adcotrading.eu\\\/it\\\/la-sostenibilita-prima-di-tutto\\\/responsabilita-sociale\\\/#breadcrumb\"},\"inLanguage\":\"it-IT\",\"potentialAction\":[{\"@type\":\"ReadAction\",\"target\":[\"https:\\\/\\\/adcotrading.eu\\\/it\\\/la-sostenibilita-prima-di-tutto\\\/responsabilita-sociale\\\/\"]}]},{\"@type\":\"ImageObject\",\"inLanguage\":\"it-IT\",\"@id\":\"https:\\\/\\\/adcotrading.eu\\\/it\\\/la-sostenibilita-prima-di-tutto\\\/responsabilita-sociale\\\/#primaryimage\",\"url\":\"http:\\\/\\\/adcotrading.eu\\\/app\\\/uploads\\\/2025\\\/11\\\/ChatGPT-Image-24-okt.-2025-15_00_31-1024x683.avif\",\"contentUrl\":\"http:\\\/\\\/adcotrading.eu\\\/app\\\/uploads\\\/2025\\\/11\\\/ChatGPT-Image-24-okt.-2025-15_00_31-1024x683.avif\"},{\"@type\":\"BreadcrumbList\",\"@id\":\"https:\\\/\\\/adcotrading.eu\\\/it\\\/la-sostenibilita-prima-di-tutto\\\/responsabilita-sociale\\\/#breadcrumb\",\"itemListElement\":[{\"@type\":\"ListItem\",\"position\":1,\"name\":\"Home\",\"item\":\"https:\\\/\\\/adcotrading.eu\\\/it\\\/\"},{\"@type\":\"ListItem\",\"position\":2,\"name\":\"La sostenibilit\u00e0 prima di tutto\",\"item\":\"https:\\\/\\\/adcotrading.eu\\\/it\\\/la-sostenibilita-prima-di-tutto\\\/\"},{\"@type\":\"ListItem\",\"position\":3,\"name\":\"Responsabilit\u00e0 sociale\"}]},{\"@type\":\"WebSite\",\"@id\":\"https:\\\/\\\/adcotrading.eu\\\/it\\\/#website\",\"url\":\"https:\\\/\\\/adcotrading.eu\\\/it\\\/\",\"name\":\"AD CO. trading\",\"description\":\"\",\"potentialAction\":[{\"@type\":\"SearchAction\",\"target\":{\"@type\":\"EntryPoint\",\"urlTemplate\":\"https:\\\/\\\/adcotrading.eu\\\/it\\\/?s={search_term_string}\"},\"query-input\":{\"@type\":\"PropertyValueSpecification\",\"valueRequired\":true,\"valueName\":\"search_term_string\"}}],\"inLanguage\":\"it-IT\"}]}<\/script>\n<!-- \/ Yoast SEO plugin. -->","yoast_head_json":{"title":"Responsabilit\u00e0 sociale - AD CO. trading","description":"Il potere della cura LA NOSTRA RESPONSABILIT\u00c0 SOCIALE Ogni persona conta Responsabilit\u00e0 sociale \u2013 Sostenibilit\u00e0 a tutti i livelli Abbiamo una visione","robots":{"index":"index","follow":"follow","max-snippet":"max-snippet:-1","max-image-preview":"max-image-preview:large","max-video-preview":"max-video-preview:-1"},"canonical":"https:\/\/adcotrading.eu\/it\/la-sostenibilita-prima-di-tutto\/responsabilita-sociale\/","og_locale":"it_IT","og_type":"article","og_title":"Responsabilit\u00e0 sociale - AD CO. trading","og_description":"Il potere della cura LA NOSTRA RESPONSABILIT\u00c0 SOCIALE Ogni persona conta Responsabilit\u00e0 sociale \u2013 Sostenibilit\u00e0 a tutti i livelli Abbiamo una visione","og_url":"https:\/\/adcotrading.eu\/it\/la-sostenibilita-prima-di-tutto\/responsabilita-sociale\/","og_site_name":"AD CO. trading","article_modified_time":"2026-04-15T14:33:04+00:00","og_image":[{"width":1536,"height":1024,"url":"https:\/\/adcotrading.eu\/app\/uploads\/2025\/11\/ChatGPT-Image-24-okt.-2025-15_00_31.avif","type":"image\/png"}],"twitter_card":"summary_large_image","twitter_misc":{"Est. reading time":"2 minutes"},"schema":{"@context":"https:\/\/schema.org","@graph":[{"@type":"WebPage","@id":"https:\/\/adcotrading.eu\/it\/la-sostenibilita-prima-di-tutto\/responsabilita-sociale\/","url":"https:\/\/adcotrading.eu\/it\/la-sostenibilita-prima-di-tutto\/responsabilita-sociale\/","name":"Responsabilit\u00e0 sociale - AD CO. trading","isPartOf":{"@id":"https:\/\/adcotrading.eu\/it\/#website"},"primaryImageOfPage":{"@id":"https:\/\/adcotrading.eu\/it\/la-sostenibilita-prima-di-tutto\/responsabilita-sociale\/#primaryimage"},"image":{"@id":"https:\/\/adcotrading.eu\/it\/la-sostenibilita-prima-di-tutto\/responsabilita-sociale\/#primaryimage"},"thumbnailUrl":"http:\/\/adcotrading.eu\/app\/uploads\/2025\/11\/ChatGPT-Image-24-okt.-2025-15_00_31-1024x683.avif","datePublished":"2025-10-23T14:46:03+00:00","dateModified":"2026-04-15T14:33:04+00:00","description":"Il potere della cura LA NOSTRA RESPONSABILIT\u00c0 SOCIALE Ogni persona conta Responsabilit\u00e0 sociale \u2013 Sostenibilit\u00e0 a tutti i livelli Abbiamo una visione","breadcrumb":{"@id":"https:\/\/adcotrading.eu\/it\/la-sostenibilita-prima-di-tutto\/responsabilita-sociale\/#breadcrumb"},"inLanguage":"it-IT","potentialAction":[{"@type":"ReadAction","target":["https:\/\/adcotrading.eu\/it\/la-sostenibilita-prima-di-tutto\/responsabilita-sociale\/"]}]},{"@type":"ImageObject","inLanguage":"it-IT","@id":"https:\/\/adcotrading.eu\/it\/la-sostenibilita-prima-di-tutto\/responsabilita-sociale\/#primaryimage","url":"http:\/\/adcotrading.eu\/app\/uploads\/2025\/11\/ChatGPT-Image-24-okt.-2025-15_00_31-1024x683.avif","contentUrl":"http:\/\/adcotrading.eu\/app\/uploads\/2025\/11\/ChatGPT-Image-24-okt.-2025-15_00_31-1024x683.avif"},{"@type":"BreadcrumbList","@id":"https:\/\/adcotrading.eu\/it\/la-sostenibilita-prima-di-tutto\/responsabilita-sociale\/#breadcrumb","itemListElement":[{"@type":"ListItem","position":1,"name":"Home","item":"https:\/\/adcotrading.eu\/it\/"},{"@type":"ListItem","position":2,"name":"La sostenibilit\u00e0 prima di tutto","item":"https:\/\/adcotrading.eu\/it\/la-sostenibilita-prima-di-tutto\/"},{"@type":"ListItem","position":3,"name":"Responsabilit\u00e0 sociale"}]},{"@type":"WebSite","@id":"https:\/\/adcotrading.eu\/it\/#website","url":"https:\/\/adcotrading.eu\/it\/","name":"AD CO. trading","description":"","potentialAction":[{"@type":"SearchAction","target":{"@type":"EntryPoint","urlTemplate":"https:\/\/adcotrading.eu\/it\/?s={search_term_string}"},"query-input":{"@type":"PropertyValueSpecification","valueRequired":true,"valueName":"search_term_string"}}],"inLanguage":"it-IT"}]}},"_links":{"self":[{"href":"https:\/\/adcotrading.eu\/it\/wp-json\/wp\/v2\/pages\/1668","targetHints":{"allow":["GET"]}}],"collection":[{"href":"https:\/\/adcotrading.eu\/it\/wp-json\/wp\/v2\/pages"}],"about":[{"href":"https:\/\/adcotrading.eu\/it\/wp-json\/wp\/v2\/types\/page"}],"author":[{"embeddable":true,"href":"https:\/\/adcotrading.eu\/it\/wp-json\/wp\/v2\/users\/2"}],"replies":[{"embeddable":true,"href":"https:\/\/adcotrading.eu\/it\/wp-json\/wp\/v2\/comments?post=1668"}],"version-history":[{"count":1,"href":"https:\/\/adcotrading.eu\/it\/wp-json\/wp\/v2\/pages\/1668\/revisions"}],"predecessor-version":[{"id":1669,"href":"https:\/\/adcotrading.eu\/it\/wp-json\/wp\/v2\/pages\/1668\/revisions\/1669"}],"up":[{"embeddable":true,"href":"https:\/\/adcotrading.eu\/it\/wp-json\/wp\/v2\/pages\/1640"}],"wp:attachment":[{"href":"https:\/\/adcotrading.eu\/it\/wp-json\/wp\/v2\/media?parent=1668"}],"curies":[{"name":"wp","href":"https:\/\/api.w.org\/{rel}","templated":true}]}}