{"id":1683,"date":"2025-11-05T12:55:40","date_gmt":"2025-11-05T12:55:40","guid":{"rendered":"https:\/\/adcotrading.eu\/la-sostenibilita-prima-di-tutto\/gestione-responsabile-delle-sostanze-chimiche\/"},"modified":"2026-04-15T14:34:31","modified_gmt":"2026-04-15T14:34:31","slug":"gestione-responsabile-delle-sostanze-chimiche","status":"publish","type":"page","link":"https:\/\/adcotrading.eu\/it\/la-sostenibilita-prima-di-tutto\/gestione-responsabile-delle-sostanze-chimiche\/","title":{"rendered":"Gestione responsabile delle sostanze chimiche"},"content":{"rendered":"\n<div class=\"wp-block-cover alignfull is-light has-custom-content-position is-position-center-left adco-cover-block\" style=\"margin-top:0;margin-bottom:0;min-height:70vh;aspect-ratio:unset;\"><img data-dominant-color=\"889cad\" data-has-transparency=\"false\" style=\"--dominant-color: #889cad;\" loading=\"lazy\" decoding=\"async\" width=\"1024\" height=\"683\" sizes=\"auto, (max-width: 1024px) 100vw, 1024px\" class=\"wp-block-cover__image-background wp-image-750 size-large not-transparent\" alt=\"\" src=\"http:\/\/adcotrading.eu\/app\/uploads\/2025\/11\/ADCO_iceberg-1-1024x683.webp\" data-object-fit=\"cover\" srcset=\"https:\/\/adcotrading.eu\/app\/uploads\/2025\/11\/ADCO_iceberg-1-1024x683.webp 1024w, https:\/\/adcotrading.eu\/app\/uploads\/2025\/11\/ADCO_iceberg-1-300x200.webp 300w, https:\/\/adcotrading.eu\/app\/uploads\/2025\/11\/ADCO_iceberg-1-768x512.webp 768w, https:\/\/adcotrading.eu\/app\/uploads\/2025\/11\/ADCO_iceberg-1-1536x1024.webp 1536w, https:\/\/adcotrading.eu\/app\/uploads\/2025\/11\/ADCO_iceberg-1-2048x1366.webp 2048w\" \/><span aria-hidden=\"true\" class=\"wp-block-cover__background has-black-background-color has-background-dim-0 has-background-dim\"><\/span><div class=\"wp-block-cover__inner-container is-layout-constrained wp-block-cover-is-layout-constrained\">\n<h5 class=\"wp-block-heading has-text-align-left has-white-color has-text-color has-link-color wp-elements-6037a98b3ca426118ccca9079b0b0512\"><strong>Gestione responsabile delle sostanze chimiche<\/strong><\/h5>\n\n\n\n<h1 class=\"wp-block-heading has-text-align-left has-ember-color has-text-color has-link-color wp-elements-08cea4bb90ac094b1d8d478903e53fb7\">REACH \u2014 alla portata di tutti<\/h1>\n<\/div><\/div>\n<div class=\"yoast-breadcrumbs\"><span><span><a href=\"https:\/\/adcotrading.eu\/it\/\">Home<\/a><\/span> \u00bb <span><a href=\"https:\/\/adcotrading.eu\/it\/la-sostenibilita-prima-di-tutto\/\">La sostenibilit\u00e0 prima di tutto<\/a><\/span> \u00bb <span class=\"breadcrumb_last\" aria-current=\"page\">Gestione responsabile delle sostanze chimiche<\/span><\/span><\/div>\n<div class=\"wp-block-media-text alignwide is-stacked-on-mobile is-vertically-aligned-top\" style=\"margin-top:var(--wp--preset--spacing--80);margin-bottom:var(--wp--preset--spacing--80);grid-template-columns:45% auto\"><figure class=\"wp-block-media-text__media\"><img data-dominant-color=\"889cad\" data-has-transparency=\"false\" style=\"--dominant-color: #889cad;\" loading=\"lazy\" decoding=\"async\" width=\"1024\" height=\"683\" src=\"http:\/\/adcotrading.eu\/app\/uploads\/2025\/11\/ADCO_iceberg-1-1024x683.webp\" alt=\"\" class=\"wp-image-750 size-full not-transparent\" srcset=\"https:\/\/adcotrading.eu\/app\/uploads\/2025\/11\/ADCO_iceberg-1-1024x683.webp 1024w, https:\/\/adcotrading.eu\/app\/uploads\/2025\/11\/ADCO_iceberg-1-300x200.webp 300w, https:\/\/adcotrading.eu\/app\/uploads\/2025\/11\/ADCO_iceberg-1-768x512.webp 768w, https:\/\/adcotrading.eu\/app\/uploads\/2025\/11\/ADCO_iceberg-1-1536x1024.webp 1536w, https:\/\/adcotrading.eu\/app\/uploads\/2025\/11\/ADCO_iceberg-1-2048x1366.webp 2048w\" sizes=\"auto, (max-width: 1024px) 100vw, 1024px\" \/><\/figure><div class=\"wp-block-media-text__content\">\n<h5 class=\"wp-block-heading\">Impegno continuo per la sicurezza chimica<\/h5>\n\n\n\n<p>Lavoriamo continuamente con la gestione delle sostanze chimiche ai sensi del regolamento REACH dell&#8217;UE, che include regole sulla registrazione, le restrizioni e i divieti per le sostanze in tutti i prodotti importati. Tutti i nostri fornitori hanno sottoscritto la nostra politica sulle sostanze chimiche, basata sulla legislazione dell&#8217;UE: una base solida, ma da sola non sufficiente.<\/p>\n\n\n\n<h5 class=\"wp-block-heading\"><strong>Test e monitoraggio proattivi<\/strong><\/h5>\n\n\n\n<p>Facciamo un passo in pi\u00f9 rispetto alla conformit\u00e0 normativa, integrando i nostri test di laboratorio per garantire che i prodotti siano privi delle sostanze chimiche contemplate dalle direttive o che rientrino nei limiti previsti. Questo lavoro viene svolto continuamente secondo un piano sviluppato con il nostro consulente chimico. \u00c8 essenziale, poich\u00e9 sia il regolamento che l&#8217;elenco dei candidati vengono aggiornati regolarmente sulla base di nuove scoperte scientifiche e valutazioni del rischio. Oltre al regolamento REACH, ci atteniamo a un&#8217;ampia gamma di normative internazionali e nazionali relative ai nostri prodotti.<\/p>\n\n\n\n<h5 class=\"wp-block-heading has-ember-color has-text-color has-link-color wp-elements-59a4ee22d01ca9ac1d2785b104d1baae\">PFAS<\/h5>\n\n\n\n<p>Un ambito di particolare interesse \u00e8 quello dei PFAS, noti come \u201csostanze chimiche eterne\u201d. Attraverso misure preventive e test regolari, lavoriamo per ridurre al minimo i rischi e garantire che i nostri prodotti non contengano queste sostanze persistenti e nocive, anche prima dell&#8217;entrata in vigore di nuovi requisiti legali.<\/p>\n\n\n\n<blockquote class=\"wp-block-quote has-ember-color has-text-color has-link-color has-small-font-size wp-elements-f894a18a04652910c6b39bd8521aab79 is-layout-flow wp-block-quote-is-layout-flow\">\n<p class=\"has-large-font-size\">\u201cLa sicurezza chimica \u00e8 sempre all&#8217;ordine del giorno: la responsabilit\u00e0 \u00e8 un impegno in ogni fase\u201d<\/p>\n<\/blockquote>\n<\/div><\/div>\n\n<div class=\"wp-block-group alignwide is-layout-constrained wp-block-group-is-layout-constrained\">\n<h3 class=\"wp-block-heading alignwide\">Our sustainability initiatives<\/h3>\n\n\n\n<div class=\"sustainable-entrances-block alignwide wp-block\" id=\"block_d2ba92debf156ed131bdc252fb9fff1a\">\n\n    <div class=\"link-items\">\n            <a href=\"http:\/\/adcotrading.eu\/sustainability-first\/social-responsibility\/\">\n            <figure><img loading=\"lazy\" decoding=\"async\" width=\"955\" height=\"601\" src=\"https:\/\/adcotrading.eu\/app\/uploads\/2025\/10\/Our-Social-Responsibility.avif\" class=\"attachment-full size-full\" alt=\"\" srcset=\"https:\/\/adcotrading.eu\/app\/uploads\/2025\/10\/Our-Social-Responsibility.avif 955w, https:\/\/adcotrading.eu\/app\/uploads\/2025\/10\/Our-Social-Responsibility-300x189.avif 300w, https:\/\/adcotrading.eu\/app\/uploads\/2025\/10\/Our-Social-Responsibility-768x483.avif 768w\" sizes=\"auto, (max-width: 955px) 100vw, 955px\" \/>                <figcaption>Social Responsibility<\/figcaption>\n            <\/figure>\n        <\/a>\n            <a href=\"http:\/\/adcotrading.eu\/sustainability-first\/carbon-footprint\/\">\n            <figure><img loading=\"lazy\" decoding=\"async\" width=\"955\" height=\"600\" src=\"https:\/\/adcotrading.eu\/app\/uploads\/2025\/10\/Carbon-Footprint.avif\" class=\"attachment-full size-full\" alt=\"\" srcset=\"https:\/\/adcotrading.eu\/app\/uploads\/2025\/10\/Carbon-Footprint.avif 955w, https:\/\/adcotrading.eu\/app\/uploads\/2025\/10\/Carbon-Footprint-300x188.avif 300w, https:\/\/adcotrading.eu\/app\/uploads\/2025\/10\/Carbon-Footprint-768x483.avif 768w\" sizes=\"auto, (max-width: 955px) 100vw, 955px\" \/>                <figcaption>Carbon Footprint<\/figcaption>\n            <\/figure>\n        <\/a>\n            <a href=\"http:\/\/adcotrading.eu\/sustainability-first\/responsible-chemical-management\/\">\n            <figure><img loading=\"lazy\" decoding=\"async\" width=\"956\" height=\"602\" src=\"https:\/\/adcotrading.eu\/app\/uploads\/2025\/10\/Responsible-Chemical-Management.avif\" class=\"attachment-full size-full\" alt=\"\" srcset=\"https:\/\/adcotrading.eu\/app\/uploads\/2025\/10\/Responsible-Chemical-Management.avif 956w, https:\/\/adcotrading.eu\/app\/uploads\/2025\/10\/Responsible-Chemical-Management-300x189.avif 300w, https:\/\/adcotrading.eu\/app\/uploads\/2025\/10\/Responsible-Chemical-Management-768x484.avif 768w\" sizes=\"auto, (max-width: 956px) 100vw, 956px\" \/>                <figcaption>Responsible Chemical Management<\/figcaption>\n            <\/figure>\n        <\/a>\n            <a href=\"http:\/\/adcotrading.eu\/sustainability-first\/traceable\/\">\n            <figure><img loading=\"lazy\" decoding=\"async\" width=\"2560\" height=\"1707\" src=\"https:\/\/adcotrading.eu\/app\/uploads\/2025\/12\/PET-bild.webp\" class=\"attachment-full size-full not-transparent\" alt=\"\" srcset=\"https:\/\/adcotrading.eu\/app\/uploads\/2025\/12\/PET-bild.webp 2560w, https:\/\/adcotrading.eu\/app\/uploads\/2025\/12\/PET-bild-300x200.webp 300w, https:\/\/adcotrading.eu\/app\/uploads\/2025\/12\/PET-bild-1024x683.webp 1024w, https:\/\/adcotrading.eu\/app\/uploads\/2025\/12\/PET-bild-768x512.webp 768w, https:\/\/adcotrading.eu\/app\/uploads\/2025\/12\/PET-bild-1536x1024.webp 1536w, https:\/\/adcotrading.eu\/app\/uploads\/2025\/12\/PET-bild-2048x1366.webp 2048w\" sizes=\"auto, (max-width: 2560px) 100vw, 2560px\" data-has-transparency=\"false\" data-dominant-color=\"8ddae6\" style=\"--dominant-color: #8ddae6;\" \/>                <figcaption>Supply Chain Traceability<\/figcaption>\n            <\/figure>\n        <\/a>\n        <\/div>\n\n<\/div><\/div>\n","protected":false},"excerpt":{"rendered":"","protected":false},"author":2,"featured_media":0,"parent":1640,"menu_order":0,"comment_status":"closed","ping_status":"closed","template":"","meta":{"_acf_changed":false,"footnotes":""},"class_list":["post-1683","page","type-page","status-publish","hentry"],"acf":[],"yoast_head":"<!-- This site is optimized with the Yoast SEO plugin v27.4 - https:\/\/yoast.com\/product\/yoast-seo-wordpress\/ -->\n<title>Gestione responsabile delle sostanze chimiche - AD CO. trading<\/title>\n<meta name=\"description\" content=\"Gestione responsabile delle sostanze chimiche REACH \u2014 alla portata di tutti Impegno continuo per la sicurezza chimica Lavoriamo continuamente con la\" \/>\n<meta name=\"robots\" content=\"index, follow, max-snippet:-1, max-image-preview:large, max-video-preview:-1\" \/>\n<link rel=\"canonical\" href=\"https:\/\/adcotrading.eu\/it\/la-sostenibilita-prima-di-tutto\/gestione-responsabile-delle-sostanze-chimiche\/\" \/>\n<meta property=\"og:locale\" content=\"it_IT\" \/>\n<meta property=\"og:type\" content=\"article\" \/>\n<meta property=\"og:title\" content=\"Gestione responsabile delle sostanze chimiche - AD CO. trading\" \/>\n<meta property=\"og:description\" content=\"Gestione responsabile delle sostanze chimiche REACH \u2014 alla portata di tutti Impegno continuo per la sicurezza chimica Lavoriamo continuamente con la\" \/>\n<meta property=\"og:url\" content=\"https:\/\/adcotrading.eu\/it\/la-sostenibilita-prima-di-tutto\/gestione-responsabile-delle-sostanze-chimiche\/\" \/>\n<meta property=\"og:site_name\" content=\"AD CO. trading\" \/>\n<meta property=\"article:modified_time\" content=\"2026-04-15T14:34:31+00:00\" \/>\n<meta property=\"og:image\" content=\"https:\/\/adcotrading.eu\/app\/uploads\/2025\/11\/ADCO_iceberg-1.webp\" \/>\n\t<meta property=\"og:image:width\" content=\"2560\" \/>\n\t<meta property=\"og:image:height\" content=\"1707\" \/>\n\t<meta property=\"og:image:type\" content=\"image\/jpeg\" \/>\n<meta name=\"twitter:card\" content=\"summary_large_image\" \/>\n<meta name=\"twitter:label1\" content=\"Est. reading time\" \/>\n\t<meta name=\"twitter:data1\" content=\"1 minute\" \/>\n<script type=\"application\/ld+json\" class=\"yoast-schema-graph\">{\"@context\":\"https:\\\/\\\/schema.org\",\"@graph\":[{\"@type\":\"WebPage\",\"@id\":\"https:\\\/\\\/adcotrading.eu\\\/it\\\/la-sostenibilita-prima-di-tutto\\\/gestione-responsabile-delle-sostanze-chimiche\\\/\",\"url\":\"https:\\\/\\\/adcotrading.eu\\\/it\\\/la-sostenibilita-prima-di-tutto\\\/gestione-responsabile-delle-sostanze-chimiche\\\/\",\"name\":\"Gestione responsabile delle sostanze chimiche - AD CO. trading\",\"isPartOf\":{\"@id\":\"https:\\\/\\\/adcotrading.eu\\\/it\\\/#website\"},\"primaryImageOfPage\":{\"@id\":\"https:\\\/\\\/adcotrading.eu\\\/it\\\/la-sostenibilita-prima-di-tutto\\\/gestione-responsabile-delle-sostanze-chimiche\\\/#primaryimage\"},\"image\":{\"@id\":\"https:\\\/\\\/adcotrading.eu\\\/it\\\/la-sostenibilita-prima-di-tutto\\\/gestione-responsabile-delle-sostanze-chimiche\\\/#primaryimage\"},\"thumbnailUrl\":\"http:\\\/\\\/adcotrading.eu\\\/app\\\/uploads\\\/2025\\\/11\\\/ADCO_iceberg-1-1024x683.webp\",\"datePublished\":\"2025-11-05T12:55:40+00:00\",\"dateModified\":\"2026-04-15T14:34:31+00:00\",\"description\":\"Gestione responsabile delle sostanze chimiche REACH \u2014 alla portata di tutti Impegno continuo per la sicurezza chimica Lavoriamo continuamente con la\",\"breadcrumb\":{\"@id\":\"https:\\\/\\\/adcotrading.eu\\\/it\\\/la-sostenibilita-prima-di-tutto\\\/gestione-responsabile-delle-sostanze-chimiche\\\/#breadcrumb\"},\"inLanguage\":\"it-IT\",\"potentialAction\":[{\"@type\":\"ReadAction\",\"target\":[\"https:\\\/\\\/adcotrading.eu\\\/it\\\/la-sostenibilita-prima-di-tutto\\\/gestione-responsabile-delle-sostanze-chimiche\\\/\"]}]},{\"@type\":\"ImageObject\",\"inLanguage\":\"it-IT\",\"@id\":\"https:\\\/\\\/adcotrading.eu\\\/it\\\/la-sostenibilita-prima-di-tutto\\\/gestione-responsabile-delle-sostanze-chimiche\\\/#primaryimage\",\"url\":\"http:\\\/\\\/adcotrading.eu\\\/app\\\/uploads\\\/2025\\\/11\\\/ADCO_iceberg-1-1024x683.webp\",\"contentUrl\":\"http:\\\/\\\/adcotrading.eu\\\/app\\\/uploads\\\/2025\\\/11\\\/ADCO_iceberg-1-1024x683.webp\"},{\"@type\":\"BreadcrumbList\",\"@id\":\"https:\\\/\\\/adcotrading.eu\\\/it\\\/la-sostenibilita-prima-di-tutto\\\/gestione-responsabile-delle-sostanze-chimiche\\\/#breadcrumb\",\"itemListElement\":[{\"@type\":\"ListItem\",\"position\":1,\"name\":\"Home\",\"item\":\"https:\\\/\\\/adcotrading.eu\\\/it\\\/\"},{\"@type\":\"ListItem\",\"position\":2,\"name\":\"La sostenibilit\u00e0 prima di tutto\",\"item\":\"https:\\\/\\\/adcotrading.eu\\\/it\\\/la-sostenibilita-prima-di-tutto\\\/\"},{\"@type\":\"ListItem\",\"position\":3,\"name\":\"Gestione responsabile delle sostanze chimiche\"}]},{\"@type\":\"WebSite\",\"@id\":\"https:\\\/\\\/adcotrading.eu\\\/it\\\/#website\",\"url\":\"https:\\\/\\\/adcotrading.eu\\\/it\\\/\",\"name\":\"AD CO. trading\",\"description\":\"\",\"potentialAction\":[{\"@type\":\"SearchAction\",\"target\":{\"@type\":\"EntryPoint\",\"urlTemplate\":\"https:\\\/\\\/adcotrading.eu\\\/it\\\/?s={search_term_string}\"},\"query-input\":{\"@type\":\"PropertyValueSpecification\",\"valueRequired\":true,\"valueName\":\"search_term_string\"}}],\"inLanguage\":\"it-IT\"}]}<\/script>\n<!-- \/ Yoast SEO plugin. -->","yoast_head_json":{"title":"Gestione responsabile delle sostanze chimiche - AD CO. trading","description":"Gestione responsabile delle sostanze chimiche REACH \u2014 alla portata di tutti Impegno continuo per la sicurezza chimica Lavoriamo continuamente con la","robots":{"index":"index","follow":"follow","max-snippet":"max-snippet:-1","max-image-preview":"max-image-preview:large","max-video-preview":"max-video-preview:-1"},"canonical":"https:\/\/adcotrading.eu\/it\/la-sostenibilita-prima-di-tutto\/gestione-responsabile-delle-sostanze-chimiche\/","og_locale":"it_IT","og_type":"article","og_title":"Gestione responsabile delle sostanze chimiche - AD CO. trading","og_description":"Gestione responsabile delle sostanze chimiche REACH \u2014 alla portata di tutti Impegno continuo per la sicurezza chimica Lavoriamo continuamente con la","og_url":"https:\/\/adcotrading.eu\/it\/la-sostenibilita-prima-di-tutto\/gestione-responsabile-delle-sostanze-chimiche\/","og_site_name":"AD CO. trading","article_modified_time":"2026-04-15T14:34:31+00:00","og_image":[{"width":2560,"height":1707,"url":"https:\/\/adcotrading.eu\/app\/uploads\/2025\/11\/ADCO_iceberg-1.webp","type":"image\/jpeg"}],"twitter_card":"summary_large_image","twitter_misc":{"Est. reading time":"1 minute"},"schema":{"@context":"https:\/\/schema.org","@graph":[{"@type":"WebPage","@id":"https:\/\/adcotrading.eu\/it\/la-sostenibilita-prima-di-tutto\/gestione-responsabile-delle-sostanze-chimiche\/","url":"https:\/\/adcotrading.eu\/it\/la-sostenibilita-prima-di-tutto\/gestione-responsabile-delle-sostanze-chimiche\/","name":"Gestione responsabile delle sostanze chimiche - AD CO. trading","isPartOf":{"@id":"https:\/\/adcotrading.eu\/it\/#website"},"primaryImageOfPage":{"@id":"https:\/\/adcotrading.eu\/it\/la-sostenibilita-prima-di-tutto\/gestione-responsabile-delle-sostanze-chimiche\/#primaryimage"},"image":{"@id":"https:\/\/adcotrading.eu\/it\/la-sostenibilita-prima-di-tutto\/gestione-responsabile-delle-sostanze-chimiche\/#primaryimage"},"thumbnailUrl":"http:\/\/adcotrading.eu\/app\/uploads\/2025\/11\/ADCO_iceberg-1-1024x683.webp","datePublished":"2025-11-05T12:55:40+00:00","dateModified":"2026-04-15T14:34:31+00:00","description":"Gestione responsabile delle sostanze chimiche REACH \u2014 alla portata di tutti Impegno continuo per la sicurezza chimica Lavoriamo continuamente con la","breadcrumb":{"@id":"https:\/\/adcotrading.eu\/it\/la-sostenibilita-prima-di-tutto\/gestione-responsabile-delle-sostanze-chimiche\/#breadcrumb"},"inLanguage":"it-IT","potentialAction":[{"@type":"ReadAction","target":["https:\/\/adcotrading.eu\/it\/la-sostenibilita-prima-di-tutto\/gestione-responsabile-delle-sostanze-chimiche\/"]}]},{"@type":"ImageObject","inLanguage":"it-IT","@id":"https:\/\/adcotrading.eu\/it\/la-sostenibilita-prima-di-tutto\/gestione-responsabile-delle-sostanze-chimiche\/#primaryimage","url":"http:\/\/adcotrading.eu\/app\/uploads\/2025\/11\/ADCO_iceberg-1-1024x683.webp","contentUrl":"http:\/\/adcotrading.eu\/app\/uploads\/2025\/11\/ADCO_iceberg-1-1024x683.webp"},{"@type":"BreadcrumbList","@id":"https:\/\/adcotrading.eu\/it\/la-sostenibilita-prima-di-tutto\/gestione-responsabile-delle-sostanze-chimiche\/#breadcrumb","itemListElement":[{"@type":"ListItem","position":1,"name":"Home","item":"https:\/\/adcotrading.eu\/it\/"},{"@type":"ListItem","position":2,"name":"La sostenibilit\u00e0 prima di tutto","item":"https:\/\/adcotrading.eu\/it\/la-sostenibilita-prima-di-tutto\/"},{"@type":"ListItem","position":3,"name":"Gestione responsabile delle sostanze chimiche"}]},{"@type":"WebSite","@id":"https:\/\/adcotrading.eu\/it\/#website","url":"https:\/\/adcotrading.eu\/it\/","name":"AD CO. trading","description":"","potentialAction":[{"@type":"SearchAction","target":{"@type":"EntryPoint","urlTemplate":"https:\/\/adcotrading.eu\/it\/?s={search_term_string}"},"query-input":{"@type":"PropertyValueSpecification","valueRequired":true,"valueName":"search_term_string"}}],"inLanguage":"it-IT"}]}},"_links":{"self":[{"href":"https:\/\/adcotrading.eu\/it\/wp-json\/wp\/v2\/pages\/1683","targetHints":{"allow":["GET"]}}],"collection":[{"href":"https:\/\/adcotrading.eu\/it\/wp-json\/wp\/v2\/pages"}],"about":[{"href":"https:\/\/adcotrading.eu\/it\/wp-json\/wp\/v2\/types\/page"}],"author":[{"embeddable":true,"href":"https:\/\/adcotrading.eu\/it\/wp-json\/wp\/v2\/users\/2"}],"replies":[{"embeddable":true,"href":"https:\/\/adcotrading.eu\/it\/wp-json\/wp\/v2\/comments?post=1683"}],"version-history":[{"count":1,"href":"https:\/\/adcotrading.eu\/it\/wp-json\/wp\/v2\/pages\/1683\/revisions"}],"predecessor-version":[{"id":1685,"href":"https:\/\/adcotrading.eu\/it\/wp-json\/wp\/v2\/pages\/1683\/revisions\/1685"}],"up":[{"embeddable":true,"href":"https:\/\/adcotrading.eu\/it\/wp-json\/wp\/v2\/pages\/1640"}],"wp:attachment":[{"href":"https:\/\/adcotrading.eu\/it\/wp-json\/wp\/v2\/media?parent=1683"}],"curies":[{"name":"wp","href":"https:\/\/api.w.org\/{rel}","templated":true}]}}