{"id":1197,"date":"2025-10-23T14:36:46","date_gmt":"2025-10-23T14:36:46","guid":{"rendered":"https:\/\/adcotrading.eu\/logistikguide\/"},"modified":"2026-04-15T13:00:44","modified_gmt":"2026-04-15T13:00:44","slug":"logistikguide","status":"publish","type":"page","link":"https:\/\/adcotrading.eu\/sv\/logistikguide\/","title":{"rendered":"Logistikguide"},"content":{"rendered":"\n<div class=\"wp-block-cover alignfull has-custom-content-position is-position-center-left adco-cover-block\" style=\"margin-top:0;margin-bottom:0;min-height:70vh;aspect-ratio:unset;\"><img data-dominant-color=\"1c303f\" data-has-transparency=\"false\" loading=\"lazy\" decoding=\"async\" width=\"2560\" height=\"1762\" sizes=\"auto, (max-width: 2560px) 100vw, 2560px\" class=\"wp-block-cover__image-background wp-image-678 size-full not-transparent\" alt=\"\" src=\"http:\/\/adcotrading.eu\/app\/uploads\/2025\/11\/maersk-line-4-1.webp\" style=\"--dominant-color: #1c303f; object-position:100% 0%\" data-object-fit=\"cover\" data-object-position=\"100% 0%\" srcset=\"https:\/\/adcotrading.eu\/app\/uploads\/2025\/11\/maersk-line-4-1.webp 2560w, https:\/\/adcotrading.eu\/app\/uploads\/2025\/11\/maersk-line-4-1-300x206.webp 300w, https:\/\/adcotrading.eu\/app\/uploads\/2025\/11\/maersk-line-4-1-1024x705.webp 1024w, https:\/\/adcotrading.eu\/app\/uploads\/2025\/11\/maersk-line-4-1-768x529.webp 768w, https:\/\/adcotrading.eu\/app\/uploads\/2025\/11\/maersk-line-4-1-1536x1057.webp 1536w, https:\/\/adcotrading.eu\/app\/uploads\/2025\/11\/maersk-line-4-1-2048x1410.webp 2048w\" \/><span aria-hidden=\"true\" class=\"wp-block-cover__background has-black-background-color has-background-dim-0 has-background-dim\"><\/span><div class=\"wp-block-cover__inner-container is-layout-constrained wp-block-cover-is-layout-constrained\">\n<h1 class=\"wp-block-heading has-text-align-left\">En smartare frakt b\u00f6rjar med kunskap<\/h1>\n<\/div><\/div>\n<div class=\"yoast-breadcrumbs\"><span><span><a href=\"https:\/\/adcotrading.eu\/sv\/\">Home<\/a><\/span> \u00bb <span class=\"breadcrumb_last\" aria-current=\"page\">Logistikguide<\/span><\/span><\/div>\n<div class=\"wp-block-media-text alignwide is-stacked-on-mobile is-vertically-aligned-top\"><figure class=\"wp-block-media-text__media\"><img data-dominant-color=\"3a4446\" data-has-transparency=\"false\" style=\"--dominant-color: #3a4446;\" loading=\"lazy\" decoding=\"async\" width=\"683\" height=\"1024\" src=\"http:\/\/adcotrading.eu\/app\/uploads\/2025\/11\/william-navarro-FyeVOF4P4YI-unsplash-1-683x1024.webp\" alt=\"\" class=\"wp-image-680 size-full not-transparent\" srcset=\"https:\/\/adcotrading.eu\/app\/uploads\/2025\/11\/william-navarro-FyeVOF4P4YI-unsplash-1-683x1024.webp 683w, https:\/\/adcotrading.eu\/app\/uploads\/2025\/11\/william-navarro-FyeVOF4P4YI-unsplash-1-200x300.webp 200w, https:\/\/adcotrading.eu\/app\/uploads\/2025\/11\/william-navarro-FyeVOF4P4YI-unsplash-1-768x1152.webp 768w, https:\/\/adcotrading.eu\/app\/uploads\/2025\/11\/william-navarro-FyeVOF4P4YI-unsplash-1-1024x1536.webp 1024w, https:\/\/adcotrading.eu\/app\/uploads\/2025\/11\/william-navarro-FyeVOF4P4YI-unsplash-1-1365x2048.webp 1365w, https:\/\/adcotrading.eu\/app\/uploads\/2025\/11\/william-navarro-FyeVOF4P4YI-unsplash-1-scaled.webp 1707w\" sizes=\"auto, (max-width: 683px) 100vw, 683px\" \/><\/figure><div class=\"wp-block-media-text__content\">\n<h2 class=\"wp-block-heading\">Grundl\u00e4ggande information om frakt<\/h2>\n\n\n\n<p>Logistikv\u00e4rlden har sitt eget spr\u00e5k med egna termer och regler.<\/p>\n\n\n\n<p>Denna snabbl\u00e4nk ger dig den viktigaste informationen du beh\u00f6ver f\u00f6r att hantera frakt med tillf\u00f6rsikt.<\/p>\n\n\n\n<p>Anv\u00e4nd den f\u00f6r att sj\u00e4lv ha full kontroll, eller l\u00e5t oss hantera detaljerna. Vad du \u00e4n v\u00e4ljer \u2013 smartare frakt b\u00f6rjar h\u00e4r.<\/p>\n\n\n\n<h3 class=\"wp-block-heading\">Grundl\u00e4ggande information om frakt<\/h3>\n\n\n\n<p>Fraktkostnaden beror till stor del p\u00e5 lastens volym. Tv\u00e5 huvudsakliga alternativ anv\u00e4nds:<\/p>\n\n\n\n<ul class=\"wp-block-list\">\n<li><strong>LCL <\/strong>(Less than Container Load) \u2013 f\u00f6r mindre volymer. Du delar containerutrymme med andra; godset sampackas och fraktas som en pall.<\/li>\n\n\n\n<li><strong>FCL<\/strong> (Full Container Load) \u2013 f\u00f6r st\u00f6rre f\u00f6rs\u00e4ndelser som kan fylla en hel container.<\/li>\n<\/ul>\n\n\n\n<p><br\/>Optimering av containervolymen sparar b\u00e5de pengar och minskar koldioxidutsl\u00e4ppen. Som framg\u00e5r av bild\u00a0A ryms 1\u00a0950\u00a0kartonger i en 40-fots HC-container vid effektiv lastning, medan en ineffektiv lastning som p\u00e5 bild\u00a0B sl\u00f6sar bort v\u00e4rdefullt utrymme.<\/p>\n\n\n\n<div class=\"wp-block-group is-nowrap is-layout-flex wp-container-core-group-is-layout-f66f9956 wp-block-group-is-layout-flex\">\n<figure class=\"wp-block-image size-full has-transparency\"><img data-dominant-color=\"cbe2ba\" data-has-transparency=\"false\" loading=\"lazy\" decoding=\"async\" width=\"800\" height=\"447\" sizes=\"auto, (max-width: 800px) 100vw, 800px\" src=\"http:\/\/adcotrading.eu\/app\/uploads\/2025\/11\/image004.webp\" alt=\"\" class=\"wp-image-685 not-transparent\" style=\"--dominant-color: #cbe2ba; aspect-ratio:4\/3;object-fit:contain\" srcset=\"https:\/\/adcotrading.eu\/app\/uploads\/2025\/11\/image004.webp 800w, https:\/\/adcotrading.eu\/app\/uploads\/2025\/11\/image004-300x168.webp 300w, https:\/\/adcotrading.eu\/app\/uploads\/2025\/11\/image004-768x429.webp 768w\" \/><figcaption class=\"wp-element-caption\">A: Effektivt containerutnyttjande \u2013 maximerad volym samt minskade kostnader och utsl\u00e4pp.<\/figcaption><\/figure>\n\n\n\n<figure class=\"wp-block-image size-full has-transparency\"><img data-dominant-color=\"d9e4cf\" data-has-transparency=\"false\" loading=\"lazy\" decoding=\"async\" width=\"800\" height=\"373\" sizes=\"auto, (max-width: 800px) 100vw, 800px\" src=\"http:\/\/adcotrading.eu\/app\/uploads\/2025\/11\/image009.webp\" alt=\"\" class=\"wp-image-683 not-transparent\" style=\"--dominant-color: #d9e4cf; aspect-ratio:4\/3;object-fit:contain\" srcset=\"https:\/\/adcotrading.eu\/app\/uploads\/2025\/11\/image009.webp 800w, https:\/\/adcotrading.eu\/app\/uploads\/2025\/11\/image009-300x140.webp 300w, https:\/\/adcotrading.eu\/app\/uploads\/2025\/11\/image009-768x358.webp 768w\" \/><figcaption class=\"wp-element-caption\">B: Ineffektiv lastning \u2013 outnyttjad volym \u00f6kar kostnaderna och milj\u00f6p\u00e5verkan.<\/figcaption><\/figure>\n<\/div>\n\n\n\n<h3 class=\"wp-block-heading\">Containertyper<\/h3>\n\n\n\n<p>Det finns flera olika typer av containrar och volymer, men f\u00f6r import\u00f6rer av de flesta produkter \u00e4r f\u00f6ljande de mest relevanta:<\/p>\n\n\n\n<p><strong>20-fots DC<\/strong> (torrcontainer) \u2013 standardcontainer p\u00e5 20\u00a0fot. Anv\u00e4ndbar volym: ca 28\u00a0m\u00b3.<\/p>\n\n\n\n<p><strong>40-fots DC <\/strong>(torrcontainer) \u2013 standardcontainer p\u00e5 40\u00a0fot. Anv\u00e4ndbar volym: ca 57\u00a0m\u00b3.<\/p>\n\n\n\n<p><strong>40-fots HC<\/strong> (High Cube) \u2013 en h\u00f6gre 40-fots container. Anv\u00e4ndbar volym: ca 67\u00a0m\u00b3.<\/p>\n<\/div><\/div>\n\n<div class=\"wp-block-group alignwide has-ice-blue-background-color has-background is-layout-flow wp-block-group-is-layout-flow\" style=\"border-radius:16px;margin-top:var(--wp--preset--spacing--80);margin-bottom:var(--wp--preset--spacing--80)\">\n<h2 class=\"wp-block-heading has-ember-color has-text-color has-link-color wp-elements-983dbebc163d44e250ff092c03b10064\">L\u00e4r k\u00e4nna termerna \u2013 bem\u00e4stra fl\u00f6det<\/h2>\n\n\n\n<p>Frakt p\u00e5 enkelt s\u00e4tt \u2013 l\u00e4r dig de viktigaste begreppen och tidsramarna s\u00e5 att ditt gods transporteras smidigt fr\u00e5n start till m\u00e5l. Oavsett om vi tar hand om hela transporten fr\u00e5n start till m\u00e5l eller hanterar leveransen enligt dina villkor \u00e4r v\u00e5rt m\u00e5l detsamma: tillf\u00f6rlitlig och f\u00f6ruts\u00e4gbar logistik.<\/p>\n\n\n\n<div class=\"wp-block-group alignwide is-layout-grid wp-container-core-group-is-layout-29271053 wp-block-group-is-layout-grid\">\n<div class=\"wp-block-group is-content-justification-left is-layout-constrained wp-container-core-group-is-layout-da852618 wp-block-group-is-layout-constrained\">\n<h3 class=\"wp-block-heading\">Incoterms\u00a0<\/h3>\n\n\n\n<p>Incoterms (International Commercial Terms) \u00e4r internationella handelsregler som fastst\u00e4ller k\u00f6parens och s\u00e4ljarens ansvar under hela fraktprocessen. I dem anges vem som st\u00e5r f\u00f6r transport-, f\u00f6rs\u00e4krings- och d\u00e4rmed sammanh\u00e4ngande kostnader, var leveransen eller \u00f6verl\u00e4mnandet av godset ska ske, om lastning och lossning ing\u00e5r samt vid vilken tidpunkt risken \u00f6verg\u00e5r fr\u00e5n s\u00e4ljaren till k\u00f6paren. Genom att f\u00f6rst\u00e5 den valda Incoterms-villkoret s\u00e4kerst\u00e4lls att b\u00e5da parter har en klar uppfattning om sina skyldigheter, kostnader och ansvar, vilket minskar risken f\u00f6r missf\u00f6rst\u00e5nd och f\u00f6rseningar.\u00a0<\/p>\n\n\n\n<p>Nedan f\u00f6ljer de vanligaste Incoterms-villkoren, som visar hur ansvar och skyldigheter f\u00f6rdelas mellan k\u00f6pare och s\u00e4ljare.<\/p>\n\n\n\n<ul class=\"wp-block-list\">\n<li><strong>EXW <\/strong>(Ex Works) \u2013 <strong>angiven plats<\/strong> <br\/>K\u00f6paren ansvarar f\u00f6r alla kostnader och risker fr\u00e5n och med det att s\u00e4ljaren har st\u00e4llt godset till f\u00f6rfogande vid den \u00f6verenskomna tidpunkten och platsen, t.ex. i s\u00e4ljarens lager.<\/li>\n\n\n\n<li><strong>FOB<\/strong> (Free On Board) \u2013 <strong>angiven avg\u00e5ngshamn<\/strong><br\/>S\u00e4ljaren st\u00e5r f\u00f6r alla kostnader och risker fram till dess att godset lastas ombord p\u00e5 fartyget.\u00a0D\u00e4refter \u00f6verg\u00e5r ansvaret till k\u00f6paren. \u00a0<\/li>\n\n\n\n<li><strong>DDP<\/strong> (Delivered Duty Paid) \u2013 <strong>angiven best\u00e4mmelseort<\/strong><br\/>S\u00e4ljaren st\u00e5r f\u00f6r alla kostnader och risker fram till dess att godset har levererats till den \u00f6verenskomna destinationen. K\u00f6paren \u00f6vertar ansvaret s\u00e5 snart godset \u00e4r tillg\u00e4ngligt f\u00f6r lossning vid den slutliga leveransplatsen.\u00a0<\/li>\n<\/ul>\n<\/div>\n\n\n\n<div class=\"wp-block-group wp-container-content-b4c5012d is-layout-constrained wp-block-group-is-layout-constrained\">\n<h3 class=\"wp-block-heading\">Bokning av sj\u00f6frakt<\/h3>\n\n\n\n<p>Sj\u00f6frakt kr\u00e4ver planering i god tid f\u00f6r att s\u00e4kra lastutrymme och h\u00e5lla tidsplanen.<br\/>Bokningar g\u00f6rs vanligtvis 5\u20136\u00a0veckor i f\u00f6rv\u00e4g.<\/p>\n\n\n\n<p><strong>Sista datum <\/strong>\u2013 tidsfrister f\u00f6r inl\u00e4mning av dokumentation och containerankomst till hamnen.<\/p>\n\n\n\n<p><strong>ETD<\/strong> (ber\u00e4knad avg\u00e5ngstid) \u2013 planerat avg\u00e5ngsdatum.<\/p>\n\n\n\n<p><strong>ETA<\/strong> (ber\u00e4knad ankomsttid) \u2013 planerat ankomstdatum.<\/p>\n\n\n\n<p><\/p>\n\n\n\n<p><\/p>\n<\/div>\n\n\n\n<div class=\"wp-block-group is-layout-constrained wp-block-group-is-layout-constrained\">\n<h3 class=\"wp-block-heading\">Viktig dokumentation<\/h3>\n\n\n\n<p>H\u00e5ll koll p\u00e5 de viktigaste dokumenten som kr\u00e4vs f\u00f6r transporten. De viktigaste \u00e4r bland andra:<\/p>\n\n\n\n<p><strong>BL<\/strong> (konossement) \u2013 avtal och \u00e4garbevis mellan avs\u00e4ndare och transport\u00f6r.<\/p>\n\n\n\n<p><strong>CI<\/strong> (handelsfaktura) \u2013 handelsfaktura eller proformafaktura.<\/p>\n\n\n\n<p><strong>PL<\/strong> (packlista) \u2013 f\u00f6rteckning \u00f6ver de artiklar som ing\u00e5r i f\u00f6rs\u00e4ndelsen.\u00a0<\/p>\n<\/div>\n\n\n\n<div class=\"wp-block-group is-layout-constrained wp-block-group-is-layout-constrained\">\n<h3 class=\"wp-block-heading\">Logistiska utmaningar<\/h3>\n\n\n\n<p>Exempel p\u00e5 omst\u00e4ndigheter som kan p\u00e5verka leveranstiden och fraktkostnaderna:<\/p>\n\n\n\n<ul class=\"wp-block-list\">\n<li><strong>Yttre faktorer<\/strong> \u2013 v\u00e4derf\u00f6rh\u00e5llanden, strejker eller utbredd sjukdom kan st\u00f6ra tidtabellerna och orsaka ov\u00e4ntade f\u00f6rseningar l\u00e4ngs transportv\u00e4gen.<\/li>\n\n\n\n<li><strong>Omlastning <\/strong>\u2013 gods \u00f6verf\u00f6rs ibland mellan fartyg under resans g\u00e5ng.\u00a0Att missa anslutningen med ett matarfartyg \u2013 det mindre anslutande fartyget \u2013 kan leveransen f\u00f6rsenas med flera veckor.<\/li>\n\n\n\n<li><strong>Hamnkapacitet<\/strong> \u2013 inte alla hamnar kan ta emot stora fartyg eller stora lastvolymer, vilket kan kr\u00e4va omdirigering eller leda till v\u00e4ntetider.<\/li>\n\n\n\n<li><strong>Containerbrist<\/strong> \u2013 brist p\u00e5 tillg\u00e4ngliga containrar kan leda till h\u00f6gre fraktpriser och l\u00e4ngre leveranstider.\u00a0<\/li>\n\n\n\n<li><strong>Begr\u00e4nsat utrymme <\/strong>\u2013 \u00f6verbokade fartyg och h\u00f6g s\u00e4songsefterfr\u00e5gan kan leda till att avg\u00e5ngsdatum skjuts fram och p\u00e5verka leveranss\u00e4kerheten.<\/li>\n\n\n\n<li><strong>S\u00e4songsvariationer <\/strong>\u2013 h\u00f6gs\u00e4songer som det kinesiska ny\u00e5ret och julen inneb\u00e4r en extra belastning p\u00e5 produktions- och transportkapaciteten, vilket ofta leder till l\u00e4ngre leveranstider och h\u00f6gre transportkostnader.<\/li>\n<\/ul>\n<\/div>\n<\/div>\n\n\n\n<div class=\"wp-block-columns alignwide is-layout-flex wp-container-core-columns-is-layout-dc63b7a3 wp-block-columns-is-layout-flex\" style=\"margin-top:var(--wp--preset--spacing--60)\">\n<div class=\"wp-block-column is-layout-flow wp-block-column-is-layout-flow\">\n<h3 class=\"wp-block-heading\">Transiteringstider fr\u00e5n Ho Chi Minh-staden<\/h3>\n\n\n\n<p>Denna karta visar ber\u00e4knade transporttider f\u00f6r sj\u00f6frakt, i dagar, fr\u00e5n Ho Chi Minh-staden \u2013 d\u00e4r v\u00e5ra b\u00e4rkassar skickas ifr\u00e5n \u2013 till st\u00f6rre europeiska hamnar. Transporttiden beror p\u00e5 vald rutt, fartygstyp och destination, samt p\u00e5 s\u00e4songsefterfr\u00e5gan och yttre f\u00f6rh\u00e5llanden. \u00c4ven om tidsplanerna kan variera ger \u00f6versikten en god uppfattning om hur l\u00e5ng tid leveranser vanligtvis tar under normala omst\u00e4ndigheter. Genom att ta h\u00e4nsyn till dessa ledtider kan man planera b\u00e4ttre, s\u00e4kerst\u00e4lla mer tillf\u00f6rlitliga leveranser och uppn\u00e5 en b\u00e4ttre \u00f6vergripande logistisk prestanda.<\/p>\n<\/div>\n\n\n\n<div class=\"wp-block-column is-layout-flow wp-block-column-is-layout-flow\">\n<div class=\"hotspots-image-block wp-block\" id=\"block_e82be96c55dd0671a86ab22da8f46b55\">\n\n    <figure><img loading=\"lazy\" decoding=\"async\" width=\"1734\" height=\"1380\" src=\"https:\/\/adcotrading.eu\/app\/uploads\/2025\/12\/shipping.webp\" class=\"attachment-full size-full not-transparent\" alt=\"\" srcset=\"https:\/\/adcotrading.eu\/app\/uploads\/2025\/12\/shipping.webp 1734w, https:\/\/adcotrading.eu\/app\/uploads\/2025\/12\/shipping-300x239.webp 300w, https:\/\/adcotrading.eu\/app\/uploads\/2025\/12\/shipping-1024x815.webp 1024w, https:\/\/adcotrading.eu\/app\/uploads\/2025\/12\/shipping-768x611.webp 768w, https:\/\/adcotrading.eu\/app\/uploads\/2025\/12\/shipping-1536x1222.webp 1536w\" sizes=\"auto, (max-width: 1734px) 100vw, 1734px\" data-has-transparency=\"false\" data-dominant-color=\"f3f2ee\" style=\"--dominant-color: #f3f2ee;\" \/><button data-tippy=\"true\" data-hotspot-id=\"0\" style=\"left: 46.45%; top: 13.79%;\"><\/button><button data-tippy=\"true\" data-hotspot-id=\"1\" style=\"left: 64.84%; top: 24.13%;\"><\/button><button data-tippy=\"true\" data-hotspot-id=\"2\" style=\"left: 59.68%; top: 29.4%;\"><\/button><button data-tippy=\"true\" data-hotspot-id=\"3\" style=\"left: 43.39%; top: 34.67%;\"><\/button><button data-tippy=\"true\" data-hotspot-id=\"4\" style=\"left: 33.06%; top: 38.52%;\"><\/button><button data-tippy=\"true\" data-hotspot-id=\"5\" style=\"left: 25.32%; top: 39.74%;\"><\/button><button data-tippy=\"true\" data-hotspot-id=\"6\" style=\"left: 27.58%; top: 43.59%;\"><\/button><button data-tippy=\"true\" data-hotspot-id=\"7\" style=\"left: 16.13%; top: 71.36%;\"><\/button><button data-tippy=\"true\" data-hotspot-id=\"8\" style=\"left: 22.58%; top: 84.54%;\"><\/button><button data-tippy=\"true\" data-hotspot-id=\"9\" style=\"left: 40.32%; top: 68.32%;\"><\/button><button data-tippy=\"true\" data-hotspot-id=\"10\" style=\"left: 70.48%; top: 89.61%;\"><\/button><\/figure>\n<\/div><\/div>\n<\/div>\n<\/div>\n","protected":false},"excerpt":{"rendered":"<p>L\u00e4r k\u00e4nna termerna \u2013 bem\u00e4stra fl\u00f6det Frakt p\u00e5 enkelt s\u00e4tt \u2013 l\u00e4r dig de viktigaste begreppen och tidsramarna s\u00e5 att ditt gods transporteras smidigt fr\u00e5n start till m\u00e5l. Oavsett om vi tar hand om hela transporten fr\u00e5n start till m\u00e5l eller hanterar leveransen enligt dina villkor \u00e4r v\u00e5rt m\u00e5l detsamma: tillf\u00f6rlitlig och f\u00f6ruts\u00e4gbar logistik. Incoterms\u00a0 [&hellip;]<\/p>\n","protected":false},"author":2,"featured_media":0,"parent":0,"menu_order":0,"comment_status":"closed","ping_status":"closed","template":"","meta":{"_acf_changed":false,"footnotes":""},"class_list":["post-1197","page","type-page","status-publish","hentry"],"acf":[],"yoast_head":"<!-- This site is optimized with the Yoast SEO plugin v27.4 - https:\/\/yoast.com\/product\/yoast-seo-wordpress\/ -->\n<title>Logistikguide - AD CO. trading<\/title>\n<meta name=\"description\" content=\"En smartare frakt b\u00f6rjar med kunskap Grundl\u00e4ggande information om frakt Logistikv\u00e4rlden har sitt eget spr\u00e5k med egna termer och regler. Denna snabbl\u00e4nk\" \/>\n<meta name=\"robots\" content=\"index, follow, max-snippet:-1, max-image-preview:large, max-video-preview:-1\" \/>\n<link rel=\"canonical\" href=\"https:\/\/adcotrading.eu\/sv\/logistikguide\/\" \/>\n<meta property=\"og:locale\" content=\"sv_SE\" \/>\n<meta property=\"og:type\" content=\"article\" \/>\n<meta property=\"og:title\" content=\"Logistikguide - AD CO. trading\" \/>\n<meta property=\"og:description\" content=\"En smartare frakt b\u00f6rjar med kunskap Grundl\u00e4ggande information om frakt Logistikv\u00e4rlden har sitt eget spr\u00e5k med egna termer och regler. Denna snabbl\u00e4nk\" \/>\n<meta property=\"og:url\" content=\"https:\/\/adcotrading.eu\/sv\/logistikguide\/\" \/>\n<meta property=\"og:site_name\" content=\"AD CO. trading\" \/>\n<meta property=\"article:modified_time\" content=\"2026-04-15T13:00:44+00:00\" \/>\n<meta property=\"og:image\" content=\"https:\/\/adcotrading.eu\/app\/uploads\/2025\/11\/maersk-line-4-1.webp\" \/>\n\t<meta property=\"og:image:width\" content=\"2560\" \/>\n\t<meta property=\"og:image:height\" content=\"1762\" \/>\n\t<meta property=\"og:image:type\" content=\"image\/jpeg\" \/>\n<meta name=\"twitter:card\" content=\"summary_large_image\" \/>\n<meta name=\"twitter:label1\" content=\"Ber\u00e4knad l\u00e4stid\" \/>\n\t<meta name=\"twitter:data1\" content=\"5 minuter\" \/>\n<script type=\"application\/ld+json\" class=\"yoast-schema-graph\">{\"@context\":\"https:\\\/\\\/schema.org\",\"@graph\":[{\"@type\":\"WebPage\",\"@id\":\"https:\\\/\\\/adcotrading.eu\\\/sv\\\/logistikguide\\\/\",\"url\":\"https:\\\/\\\/adcotrading.eu\\\/sv\\\/logistikguide\\\/\",\"name\":\"Logistikguide - AD CO. trading\",\"isPartOf\":{\"@id\":\"https:\\\/\\\/adcotrading.eu\\\/sv\\\/#website\"},\"primaryImageOfPage\":{\"@id\":\"https:\\\/\\\/adcotrading.eu\\\/sv\\\/logistikguide\\\/#primaryimage\"},\"image\":{\"@id\":\"https:\\\/\\\/adcotrading.eu\\\/sv\\\/logistikguide\\\/#primaryimage\"},\"thumbnailUrl\":\"http:\\\/\\\/adcotrading.eu\\\/app\\\/uploads\\\/2025\\\/11\\\/maersk-line-4-1.webp\",\"datePublished\":\"2025-10-23T14:36:46+00:00\",\"dateModified\":\"2026-04-15T13:00:44+00:00\",\"description\":\"En smartare frakt b\u00f6rjar med kunskap Grundl\u00e4ggande information om frakt Logistikv\u00e4rlden har sitt eget spr\u00e5k med egna termer och regler. Denna snabbl\u00e4nk\",\"breadcrumb\":{\"@id\":\"https:\\\/\\\/adcotrading.eu\\\/sv\\\/logistikguide\\\/#breadcrumb\"},\"inLanguage\":\"sv-SE\",\"potentialAction\":[{\"@type\":\"ReadAction\",\"target\":[\"https:\\\/\\\/adcotrading.eu\\\/sv\\\/logistikguide\\\/\"]}]},{\"@type\":\"ImageObject\",\"inLanguage\":\"sv-SE\",\"@id\":\"https:\\\/\\\/adcotrading.eu\\\/sv\\\/logistikguide\\\/#primaryimage\",\"url\":\"http:\\\/\\\/adcotrading.eu\\\/app\\\/uploads\\\/2025\\\/11\\\/maersk-line-4-1.webp\",\"contentUrl\":\"http:\\\/\\\/adcotrading.eu\\\/app\\\/uploads\\\/2025\\\/11\\\/maersk-line-4-1.webp\"},{\"@type\":\"BreadcrumbList\",\"@id\":\"https:\\\/\\\/adcotrading.eu\\\/sv\\\/logistikguide\\\/#breadcrumb\",\"itemListElement\":[{\"@type\":\"ListItem\",\"position\":1,\"name\":\"Home\",\"item\":\"https:\\\/\\\/adcotrading.eu\\\/sv\\\/\"},{\"@type\":\"ListItem\",\"position\":2,\"name\":\"Logistikguide\"}]},{\"@type\":\"WebSite\",\"@id\":\"https:\\\/\\\/adcotrading.eu\\\/sv\\\/#website\",\"url\":\"https:\\\/\\\/adcotrading.eu\\\/sv\\\/\",\"name\":\"AD CO. trading\",\"description\":\"\",\"potentialAction\":[{\"@type\":\"SearchAction\",\"target\":{\"@type\":\"EntryPoint\",\"urlTemplate\":\"https:\\\/\\\/adcotrading.eu\\\/sv\\\/?s={search_term_string}\"},\"query-input\":{\"@type\":\"PropertyValueSpecification\",\"valueRequired\":true,\"valueName\":\"search_term_string\"}}],\"inLanguage\":\"sv-SE\"}]}<\/script>\n<!-- \/ Yoast SEO plugin. -->","yoast_head_json":{"title":"Logistikguide - AD CO. trading","description":"En smartare frakt b\u00f6rjar med kunskap Grundl\u00e4ggande information om frakt Logistikv\u00e4rlden har sitt eget spr\u00e5k med egna termer och regler. Denna snabbl\u00e4nk","robots":{"index":"index","follow":"follow","max-snippet":"max-snippet:-1","max-image-preview":"max-image-preview:large","max-video-preview":"max-video-preview:-1"},"canonical":"https:\/\/adcotrading.eu\/sv\/logistikguide\/","og_locale":"sv_SE","og_type":"article","og_title":"Logistikguide - AD CO. trading","og_description":"En smartare frakt b\u00f6rjar med kunskap Grundl\u00e4ggande information om frakt Logistikv\u00e4rlden har sitt eget spr\u00e5k med egna termer och regler. Denna snabbl\u00e4nk","og_url":"https:\/\/adcotrading.eu\/sv\/logistikguide\/","og_site_name":"AD CO. trading","article_modified_time":"2026-04-15T13:00:44+00:00","og_image":[{"width":2560,"height":1762,"url":"https:\/\/adcotrading.eu\/app\/uploads\/2025\/11\/maersk-line-4-1.webp","type":"image\/jpeg"}],"twitter_card":"summary_large_image","twitter_misc":{"Ber\u00e4knad l\u00e4stid":"5 minuter"},"schema":{"@context":"https:\/\/schema.org","@graph":[{"@type":"WebPage","@id":"https:\/\/adcotrading.eu\/sv\/logistikguide\/","url":"https:\/\/adcotrading.eu\/sv\/logistikguide\/","name":"Logistikguide - AD CO. trading","isPartOf":{"@id":"https:\/\/adcotrading.eu\/sv\/#website"},"primaryImageOfPage":{"@id":"https:\/\/adcotrading.eu\/sv\/logistikguide\/#primaryimage"},"image":{"@id":"https:\/\/adcotrading.eu\/sv\/logistikguide\/#primaryimage"},"thumbnailUrl":"http:\/\/adcotrading.eu\/app\/uploads\/2025\/11\/maersk-line-4-1.webp","datePublished":"2025-10-23T14:36:46+00:00","dateModified":"2026-04-15T13:00:44+00:00","description":"En smartare frakt b\u00f6rjar med kunskap Grundl\u00e4ggande information om frakt Logistikv\u00e4rlden har sitt eget spr\u00e5k med egna termer och regler. Denna snabbl\u00e4nk","breadcrumb":{"@id":"https:\/\/adcotrading.eu\/sv\/logistikguide\/#breadcrumb"},"inLanguage":"sv-SE","potentialAction":[{"@type":"ReadAction","target":["https:\/\/adcotrading.eu\/sv\/logistikguide\/"]}]},{"@type":"ImageObject","inLanguage":"sv-SE","@id":"https:\/\/adcotrading.eu\/sv\/logistikguide\/#primaryimage","url":"http:\/\/adcotrading.eu\/app\/uploads\/2025\/11\/maersk-line-4-1.webp","contentUrl":"http:\/\/adcotrading.eu\/app\/uploads\/2025\/11\/maersk-line-4-1.webp"},{"@type":"BreadcrumbList","@id":"https:\/\/adcotrading.eu\/sv\/logistikguide\/#breadcrumb","itemListElement":[{"@type":"ListItem","position":1,"name":"Home","item":"https:\/\/adcotrading.eu\/sv\/"},{"@type":"ListItem","position":2,"name":"Logistikguide"}]},{"@type":"WebSite","@id":"https:\/\/adcotrading.eu\/sv\/#website","url":"https:\/\/adcotrading.eu\/sv\/","name":"AD CO. trading","description":"","potentialAction":[{"@type":"SearchAction","target":{"@type":"EntryPoint","urlTemplate":"https:\/\/adcotrading.eu\/sv\/?s={search_term_string}"},"query-input":{"@type":"PropertyValueSpecification","valueRequired":true,"valueName":"search_term_string"}}],"inLanguage":"sv-SE"}]}},"_links":{"self":[{"href":"https:\/\/adcotrading.eu\/sv\/wp-json\/wp\/v2\/pages\/1197","targetHints":{"allow":["GET"]}}],"collection":[{"href":"https:\/\/adcotrading.eu\/sv\/wp-json\/wp\/v2\/pages"}],"about":[{"href":"https:\/\/adcotrading.eu\/sv\/wp-json\/wp\/v2\/types\/page"}],"author":[{"embeddable":true,"href":"https:\/\/adcotrading.eu\/sv\/wp-json\/wp\/v2\/users\/2"}],"replies":[{"embeddable":true,"href":"https:\/\/adcotrading.eu\/sv\/wp-json\/wp\/v2\/comments?post=1197"}],"version-history":[{"count":3,"href":"https:\/\/adcotrading.eu\/sv\/wp-json\/wp\/v2\/pages\/1197\/revisions"}],"predecessor-version":[{"id":1520,"href":"https:\/\/adcotrading.eu\/sv\/wp-json\/wp\/v2\/pages\/1197\/revisions\/1520"}],"wp:attachment":[{"href":"https:\/\/adcotrading.eu\/sv\/wp-json\/wp\/v2\/media?parent=1197"}],"curies":[{"name":"wp","href":"https:\/\/api.w.org\/{rel}","templated":true}]}}