{"id":1656,"date":"2025-10-23T14:10:48","date_gmt":"2025-10-23T14:10:48","guid":{"rendered":"https:\/\/adcotrading.eu\/integritetspolicy\/"},"modified":"2026-04-15T14:31:23","modified_gmt":"2026-04-15T14:31:23","slug":"integritetspolicy","status":"publish","type":"page","link":"https:\/\/adcotrading.eu\/sv\/integritetspolicy\/","title":{"rendered":"Integritetspolicy"},"content":{"rendered":"\n<h1 class=\"wp-block-heading\">Integritetspolicy<\/h1>\n\n<h3 class=\"wp-block-heading\">1. Inledning<\/h3>\n\n<p>AD CO. trading respekterar varje enskild persons integritet. I denna integritetspolicy f\u00f6rklarar vi hur vi samlar in, anv\u00e4nder och lagrar dina uppgifter, s\u00e5 att du kan k\u00e4nna dig trygg med att dina personuppgifter behandlas p\u00e5 ett s\u00e4kert s\u00e4tt. Denna integritetspolicy beskriver hur AD\u00a0CO. trading behandlar personuppgifter i enlighet med den allm\u00e4nna dataskyddsf\u00f6rordningen (GDPR). Vi uppmanar dig att noggrant l\u00e4sa igenom denna integritetspolicy innan du delar med dig av n\u00e5gra personuppgifter till oss.<\/p>\n\n<p><strong>2. Personuppgiftsansvarig<\/strong><br\/>AD CO. trading \u00e4r den personuppgiftsansvarige som ansvarar f\u00f6r behandlingen av personuppgifter som beskrivs i denna integritetspolicy.<\/p>\n\n<p>Om du har n\u00e5gra fr\u00e5gor ang\u00e5ende behandlingen av dina personuppgifter \u00e4r du v\u00e4lkommen att kontakta oss via de kontaktuppgifter som anges i punkt\u00a011 nedan.<\/p>\n\n<p><strong>3. Vem omfattas av denna integritetspolicy?<\/strong><\/p>\n\n<p>Denna integritetspolicy g\u00e4ller f\u00f6r personer som har ing\u00e5tt eller \u00f6nskar ing\u00e5 ett avtal med oss. Detta kan ske i egenskap av kund, leverant\u00f6r eller aff\u00e4rspartner.<\/p>\n\n<h3 class=\"wp-block-heading\">4. Integritetspolicyns till\u00e4mpningsomr\u00e5de<\/h3>\n\n<p>I denna integritetspolicy f\u00f6rklarar vi hur vi samlar in, anv\u00e4nder och lagrar dina personuppgifter.<\/p>\n\n<h3 class=\"wp-block-heading\">5. R\u00e4ttslig grund f\u00f6r behandlingen av personuppgifter<\/h3>\n\n<p>AD CO. behandlar personuppgifter p\u00e5 grundval av avtalsenliga krav, r\u00e4ttsliga skyldigheter, ber\u00e4ttigade intressen och, n\u00e4r lagen s\u00e5 kr\u00e4ver, samtycke. Om du v\u00e4ljer att inte uppge vissa personuppgifter kan det p\u00e5verka v\u00e5r m\u00f6jlighet att ing\u00e5 eller fullg\u00f6ra ett avtal med dig.<\/p>\n\n<h3 class=\"wp-block-heading\">6. Personuppgifter<\/h3>\n\n<p>Vi samlar in uppgifter om dig som du i f\u00f6rsta hand uppger till oss, antingen direkt eller indirekt. Detta kan till exempel ske i samband med en f\u00f6rfr\u00e5gan, n\u00e4r du ans\u00f6ker om att bli kund via v\u00e5r webbplats, n\u00e4r du ing\u00e5r ett avtal med oss eller p\u00e5 annat s\u00e4tt n\u00e4r vi hanterar ett avtal.<\/p>\n\n<p>De personuppgifter som behandlas omfattar fr\u00e4mst:<\/p>\n\n<ul class=\"wp-block-list\">\n<li>Identifieringsuppgifter \u2013 namn, organisationsnummer<\/li>\n\n\n\n<li>Kontaktuppgifter \u2013 adress, telefonnummer, e-postadress<\/li>\n\n\n\n<li>Betalningsinformation<\/li>\n\n\n\n<li>Kundnummer<\/li>\n\n\n\n<li>Kreditupplysning<\/li>\n\n\n\n<li>IP-adress, surfbeteende<\/li>\n\n\n\n<li>Order- och fakturahistorik<\/li>\n<\/ul>\n\n<h3 class=\"wp-block-heading\">6.1 Syften med behandlingen av personuppgifter<\/h3>\n\n<p>Vi behandlar dina personuppgifter f\u00f6r att bland annat fullg\u00f6ra v\u00e5rt avtal med dig som kund eller leverant\u00f6r, ge god service, hantera klagom\u00e5l och h\u00e5lla kontakten med dig.<\/p>\n\n<h4 class=\"wp-block-heading\">6.1.1 Fullg\u00f6rande av avtal<\/h4>\n\n<p>Vi behandlar kontaktuppgifter f\u00f6r personer som \u00e4r kontaktpersoner eller anst\u00e4llda hos v\u00e5ra leverant\u00f6rer eller aff\u00e4rspartner. Detta g\u00f6rs i syfte att ing\u00e5, administrera och fullg\u00f6ra avtal med leverant\u00f6rer eller samarbetspartner. Den r\u00e4ttsliga grunden f\u00f6r denna behandling \u00e4r v\u00e5rt ber\u00e4ttigade intresse av att fullg\u00f6ra avtalet.<\/p>\n\n<p>Vi kan \u00e4ven komma att behandla dina kontaktuppgifter f\u00f6r att utv\u00e4rdera aff\u00e4rsrelationen. Personuppgifter om kontaktpersoner eller anst\u00e4llda hos potentiella leverant\u00f6rer kan ocks\u00e5 komma att behandlas i syfte att utv\u00e4rdera och analysera dem som en del av upphandlingsprocessen. Den r\u00e4ttsliga grunden f\u00f6r denna behandling \u00e4r v\u00e5rt ber\u00e4ttigade intresse av att ing\u00e5 och fullg\u00f6ra avtal med leverant\u00f6rer eller aff\u00e4rspartner.<\/p>\n\n<h4 class=\"wp-block-heading\">6.1.2 Tillhandah\u00e5llande av produkter och tj\u00e4nster<\/h4>\n\n<p>Vi behandlar dina kontakt- och betalningsuppgifter samt andra relevanta personuppgifter som du uppger n\u00e4r du k\u00f6per v\u00e5ra produkter eller tj\u00e4nster, eller n\u00e4r du \u00e4r kund eller vill bli kund. Denna behandling sker i syfte att ing\u00e5, administrera och fullg\u00f6ra avtalet med dig.<\/p>\n\n<h4 class=\"wp-block-heading\">6.1.3 Hantering och administration av ditt kundkonto<\/h4>\n\n<p>Vi kan komma att uppdatera dina kontaktuppgifter med hj\u00e4lp av exempelvis kreditupplysningar eller information som finns tillg\u00e4nglig p\u00e5 din webbplats f\u00f6r att s\u00e4kerst\u00e4lla att uppgifterna \u00e4r korrekta. Den r\u00e4ttsliga grunden f\u00f6r denna behandling \u00e4r fullg\u00f6randet av avtalet samt v\u00e5rt ber\u00e4ttigade intresse av att hantera och administrera ditt kundkonto.<\/p>\n\n<h4 class=\"wp-block-heading\">6.1.4 Kommunikation<\/h4>\n\n<p>N\u00e4r du kontaktar v\u00e5r kundtj\u00e4nst behandlar vi de uppgifter du l\u00e4mnar som \u00e4r relevanta f\u00f6r ditt \u00e4rende. Denna behandling sker f\u00f6r att fullg\u00f6ra v\u00e5ra skyldigheter enligt avtalet, besvara fr\u00e5gor, tillhandah\u00e5lla tj\u00e4nster och s\u00e4kerst\u00e4lla kvaliteten p\u00e5 v\u00e5r kundtj\u00e4nst. Den r\u00e4ttsliga grunden f\u00f6r denna behandling \u00e4r fullg\u00f6randet av avtalet samt v\u00e5rt ber\u00e4ttigade intresse av att tillhandah\u00e5lla den information du beg\u00e4r och f\u00f6rb\u00e4ttra v\u00e5r kundtj\u00e4nst.<\/p>\n\n<h4 class=\"wp-block-heading\">6.1.5 Utv\u00e4rdering, utveckling och f\u00f6rb\u00e4ttring av produkter och tj\u00e4nster<\/h4>\n\n<p>Dina personuppgifter kan komma att behandlas f\u00f6r kundanalyser, marknadsanalyser, aff\u00e4rsutveckling, statistik samt informations- och marknadsf\u00f6rings\u00e4ndam\u00e5l. Den r\u00e4ttsliga grunden f\u00f6r denna behandling \u00e4r v\u00e5rt ber\u00e4ttigade intresse av att utveckla v\u00e5ra produkter och tj\u00e4nster, erbjuda h\u00f6gkvalitativa och kostnadseffektiva produkter samt ge god service.<\/p>\n\n<h4 class=\"wp-block-heading\">6.1.6 Marknadsf\u00f6ring av v\u00e5ra produkter och tj\u00e4nster<\/h4>\n\n<p>Vi anv\u00e4nder dina kontaktuppgifter och analysresultat f\u00f6r att marknadsf\u00f6ra v\u00e5ra produkter och tj\u00e4nster direkt till dig. Marknadsf\u00f6ring kan ske via telefon, e-post eller vanlig post. Den r\u00e4ttsliga grunden f\u00f6r denna behandling \u00e4r v\u00e5rt ber\u00e4ttigade intresse av att marknadsf\u00f6ra v\u00e5ra produkter och tj\u00e4nster. Du har r\u00e4tt att n\u00e4r som helst inv\u00e4nda mot s\u00e5dan marknadsf\u00f6ring genom att f\u00f6lja anvisningarna i v\u00e5ra meddelanden eller genom att kontakta oss direkt.<\/p>\n\n<h4 class=\"wp-block-heading\">6.1.7 Enk\u00e4ter<\/h4>\n\n<p>Vi anv\u00e4nder dina kontaktuppgifter och dina svar p\u00e5 enk\u00e4ter f\u00f6r att genomf\u00f6ra och utv\u00e4rdera enk\u00e4ter. Detta g\u00f6rs f\u00f6r att utveckla och f\u00f6rb\u00e4ttra v\u00e5ra produkter, tj\u00e4nster och v\u00e5r verksamhet. Enk\u00e4tsvaren anonymiseras efter att enk\u00e4ten har slutf\u00f6rts.<\/p>\n\n<h4 class=\"wp-block-heading\">6.1.8 Potentiella kunder<\/h4>\n\n<p>I marknadsf\u00f6ringssyfte kan vi komma att samla in dina kontaktuppgifter fr\u00e5n exempelvis din webbplats f\u00f6r att kunna kontakta dig via telefon, e-post eller vanlig post. I detta syfte kan vi \u00e4ven sammanst\u00e4lla statistik f\u00f6r analys\u00e4ndam\u00e5l. Den r\u00e4ttsliga grunden f\u00f6r denna behandling \u00e4r v\u00e5rt ber\u00e4ttigade intresse av att marknadsf\u00f6ra v\u00e5ra produkter och tj\u00e4nster. Du kan n\u00e4r som helst v\u00e4lja att avregistrera dig fr\u00e5n s\u00e5dan marknadsf\u00f6ring enligt beskrivningen ovan.<\/p>\n\n<h4 class=\"wp-block-heading\">6.1.9 Insamling av webbplatsstatistik<\/h4>\n\n<p>N\u00e4r du bes\u00f6ker v\u00e5r webbplats kan vi komma att anv\u00e4nda cookies och liknande tekniker f\u00f6r att samla in information som IP-adress, webbl\u00e4sartyp och surfbeteende. Denna information anv\u00e4nds f\u00f6r att sammanst\u00e4lla webbplatsstatistik och f\u00f6rb\u00e4ttra funktionaliteten och anv\u00e4ndarupplevelsen p\u00e5 v\u00e5r webbplats. I de fall det kr\u00e4vs enligt lag inh\u00e4mtar vi ditt samtycke till anv\u00e4ndningen av cookies och liknande teknik.<\/p>\n\n<h4 class=\"wp-block-heading\">6.1.10 R\u00e4ttsliga skyldigheter<\/h4>\n\n<p>Personuppgifter behandlas f\u00f6r att uppfylla r\u00e4ttsliga skyldigheter som f\u00f6ljer av lagar, domstolsbeslut eller myndighetsbeslut. S\u00e5dana skyldigheter kan omfatta produktansvar och krav p\u00e5 produkts\u00e4kerhet, till exempel att informera om produktvarningar och \u00e5terkallelser, eller efterlevnad av redovisningslagstiftning.<\/p>\n\n<h3 class=\"wp-block-heading\">6.2 Behandling av personuppgifter<\/h3>\n\n<p>N\u00e4r AD CO. trading samlar in, behandlar och lagrar personuppgifter sker detta alltid p\u00e5 ett lagligt, r\u00e4ttvist, transparent och \u00e4ndam\u00e5lsbegr\u00e4nsat s\u00e4tt, och endast i den utstr\u00e4ckning som anses n\u00f6dv\u00e4ndigt. AD CO. behandlar personuppgifter p\u00e5 ett s\u00e4tt som inte kr\u00e4nker den enskildes integritet. L\u00e4mpliga s\u00e4kerhets\u00e5tg\u00e4rder vidtas alltid f\u00f6r att skydda personuppgifter.<\/p>\n\n<p>Om den registrerade inte uppger de beg\u00e4rda uppgifterna kan detta i vissa fall hindra oss fr\u00e5n att ing\u00e5 eller fullg\u00f6ra ett avtal. Om du k\u00e4nner dig os\u00e4ker eller har funderingar kring att uppge vissa personuppgifter kan du kontakta AD CO. trading (se kontaktuppgifter nedan) f\u00f6r mer information.<\/p>\n\n<h3 class=\"wp-block-heading\">6.3 Lagring av personuppgifter<\/h3>\n\n<p>Lagringstiden f\u00f6r personuppgifter beror p\u00e5 vilken typ av uppgifter det r\u00f6r sig om och syftet med behandlingen. AD CO. lagrar inte personuppgifter l\u00e4ngre \u00e4n vad som \u00e4r n\u00f6dv\u00e4ndigt f\u00f6r de \u00e4ndam\u00e5l f\u00f6r vilka de samlades in, s\u00e5vida inte annat f\u00f6ljer av lag.<\/p>\n\n<p>Som huvudregel bevarar AD CO. personuppgifter som ing\u00e5r i kund- och leverant\u00f6rsavtal samt i dokumentation av aff\u00e4rstransaktioner under avtalets giltighetstid och i tio \u00e5r d\u00e4refter, i enlighet med g\u00e4llande redovisnings- och skattelagstiftning.<\/p>\n\n<h3 class=\"wp-block-heading\">7. Delning av personuppgifter med samarbetspartner<\/h3>\n\n<p>AD CO. trading delar inte dina personuppgifter med tredje part, s\u00e5vida det inte \u00e4r n\u00f6dv\u00e4ndigt f\u00f6r att fullg\u00f6ra ett avtal, uppfylla lagstadgade skyldigheter eller i de fall d\u00e4r du p\u00e5 annat s\u00e4tt har informerats om detta.<\/p>\n\n<h3 class=\"wp-block-heading\">8. Sociala medier<\/h3>\n\n<p>N\u00e4r vi anv\u00e4nder sociala medier eller onlineplattformar i marknadsf\u00f6ringssyfte l\u00e4mnar AD CO. trading inte ut n\u00e5gra personuppgifter till dessa plattformar. Varje plattform ansvarar sj\u00e4lvst\u00e4ndigt f\u00f6r den behandling av personuppgifter som sker p\u00e5 respektive plattform.<\/p>\n\n<p>Alla personuppgifter som du v\u00e4ljer att dela med dig av, publicera eller interagera med p\u00e5 v\u00e5ra sociala mediekanaler behandlas i enlighet med respektive plattforms integritetspolicy. AD CO. trading ansvarar inte f\u00f6r s\u00e5dan behandling.<\/p>\n\n<h3 class=\"wp-block-heading\">9. Dina r\u00e4ttigheter<\/h3>\n\n<p>Du har r\u00e4tt att utan kostnad en g\u00e5ng per kalender\u00e5r efter skriftlig och undertecknad beg\u00e4ran till AD CO. trading f\u00e5 information om vilka personuppgifter vi behandlar om dig samt om omfattningen och syftet med denna behandling. Du har ocks\u00e5 r\u00e4tt att n\u00e4r som helst beg\u00e4ra att vi sp\u00e4rrar, raderar eller r\u00e4ttar dina personuppgifter. Du har alltid r\u00e4tt att \u00e5terkalla ett givet samtycke och inv\u00e4nda mot fortsatt behandling av dina personuppgifter. Du har ocks\u00e5 r\u00e4tt att beg\u00e4ra begr\u00e4nsning av behandlingen och dataportabilitet, i till\u00e4mpliga fall. Du har r\u00e4tt att l\u00e4mna in ett klagom\u00e5l till en beh\u00f6rig tillsynsmyndighet.<\/p>\n\n<h3 class=\"wp-block-heading\">10. \u00c4ndringar i policyn<\/h3>\n\n<p>AD CO. trading f\u00f6rbeh\u00e5ller sig r\u00e4tten att \u00e4ndra och uppdatera denna integritetspolicy. Om v\u00e4sentliga \u00e4ndringar sker eller om befintlig information behandlas p\u00e5 ett annat s\u00e4tt \u00e4n vad som anges i policyn kommer AD CO. trading att informera dig p\u00e5 l\u00e4mpligt s\u00e4tt.<\/p>\n\n<h3 class=\"wp-block-heading\">11. Kontaktuppgifter<\/h3>\n\n<p>Om du har n\u00e5gra fr\u00e5gor ang\u00e5ende denna integritetspolicy eller v\u00e5r behandling av dina personuppgifter \u00e4r du v\u00e4lkommen att kontakta oss p\u00e5 <strong>sales@adcotrading.eu<\/strong>.<\/p>\n","protected":false},"excerpt":{"rendered":"<p>Integritetspolicy 1. Inledning AD CO. trading respekterar varje enskild persons integritet. I denna integritetspolicy f\u00f6rklarar vi hur vi samlar in, anv\u00e4nder och lagrar dina uppgifter, s\u00e5 att du kan k\u00e4nna dig trygg med att dina personuppgifter behandlas p\u00e5 ett s\u00e4kert s\u00e4tt. Denna integritetspolicy beskriver hur AD\u00a0CO. trading behandlar personuppgifter i enlighet med den allm\u00e4nna dataskyddsf\u00f6rordningen [&hellip;]<\/p>\n","protected":false},"author":2,"featured_media":0,"parent":0,"menu_order":0,"comment_status":"closed","ping_status":"open","template":"","meta":{"_acf_changed":false,"footnotes":""},"class_list":["post-1656","page","type-page","status-publish","hentry"],"acf":[],"yoast_head":"<!-- This site is optimized with the Yoast SEO plugin v27.4 - https:\/\/yoast.com\/product\/yoast-seo-wordpress\/ -->\n<title>Integritetspolicy - AD CO. trading<\/title>\n<meta name=\"description\" content=\"Integritetspolicy 1. Inledning AD CO. trading respekterar varje enskild persons integritet. I denna integritetspolicy f\u00f6rklarar vi hur vi samlar in,\" \/>\n<meta name=\"robots\" content=\"index, follow, max-snippet:-1, max-image-preview:large, max-video-preview:-1\" \/>\n<link rel=\"canonical\" href=\"https:\/\/adcotrading.eu\/sv\/integritetspolicy\/\" \/>\n<meta property=\"og:locale\" content=\"sv_SE\" \/>\n<meta property=\"og:type\" content=\"article\" \/>\n<meta property=\"og:title\" content=\"Integritetspolicy - AD CO. trading\" \/>\n<meta property=\"og:description\" content=\"Integritetspolicy 1. Inledning AD CO. trading respekterar varje enskild persons integritet. I denna integritetspolicy f\u00f6rklarar vi hur vi samlar in,\" \/>\n<meta property=\"og:url\" content=\"https:\/\/adcotrading.eu\/sv\/integritetspolicy\/\" \/>\n<meta property=\"og:site_name\" content=\"AD CO. trading\" \/>\n<meta property=\"article:modified_time\" content=\"2026-04-15T14:31:23+00:00\" \/>\n<meta name=\"twitter:card\" content=\"summary_large_image\" \/>\n<meta name=\"twitter:label1\" content=\"Ber\u00e4knad l\u00e4stid\" \/>\n\t<meta name=\"twitter:data1\" content=\"8 minuter\" \/>\n<script type=\"application\/ld+json\" class=\"yoast-schema-graph\">{\"@context\":\"https:\\\/\\\/schema.org\",\"@graph\":[{\"@type\":\"WebPage\",\"@id\":\"https:\\\/\\\/adcotrading.eu\\\/sv\\\/integritetspolicy\\\/\",\"url\":\"https:\\\/\\\/adcotrading.eu\\\/sv\\\/integritetspolicy\\\/\",\"name\":\"Integritetspolicy - AD CO. trading\",\"isPartOf\":{\"@id\":\"https:\\\/\\\/adcotrading.eu\\\/sv\\\/#website\"},\"datePublished\":\"2025-10-23T14:10:48+00:00\",\"dateModified\":\"2026-04-15T14:31:23+00:00\",\"description\":\"Integritetspolicy 1. Inledning AD CO. trading respekterar varje enskild persons integritet. I denna integritetspolicy f\u00f6rklarar vi hur vi samlar in,\",\"breadcrumb\":{\"@id\":\"https:\\\/\\\/adcotrading.eu\\\/sv\\\/integritetspolicy\\\/#breadcrumb\"},\"inLanguage\":\"sv-SE\",\"potentialAction\":[{\"@type\":\"ReadAction\",\"target\":[\"https:\\\/\\\/adcotrading.eu\\\/sv\\\/integritetspolicy\\\/\"]}]},{\"@type\":\"BreadcrumbList\",\"@id\":\"https:\\\/\\\/adcotrading.eu\\\/sv\\\/integritetspolicy\\\/#breadcrumb\",\"itemListElement\":[{\"@type\":\"ListItem\",\"position\":1,\"name\":\"Home\",\"item\":\"https:\\\/\\\/adcotrading.eu\\\/sv\\\/\"},{\"@type\":\"ListItem\",\"position\":2,\"name\":\"Integritetspolicy\"}]},{\"@type\":\"WebSite\",\"@id\":\"https:\\\/\\\/adcotrading.eu\\\/sv\\\/#website\",\"url\":\"https:\\\/\\\/adcotrading.eu\\\/sv\\\/\",\"name\":\"AD CO. trading\",\"description\":\"\",\"potentialAction\":[{\"@type\":\"SearchAction\",\"target\":{\"@type\":\"EntryPoint\",\"urlTemplate\":\"https:\\\/\\\/adcotrading.eu\\\/sv\\\/?s={search_term_string}\"},\"query-input\":{\"@type\":\"PropertyValueSpecification\",\"valueRequired\":true,\"valueName\":\"search_term_string\"}}],\"inLanguage\":\"sv-SE\"}]}<\/script>\n<!-- \/ Yoast SEO plugin. -->","yoast_head_json":{"title":"Integritetspolicy - AD CO. trading","description":"Integritetspolicy 1. Inledning AD CO. trading respekterar varje enskild persons integritet. I denna integritetspolicy f\u00f6rklarar vi hur vi samlar in,","robots":{"index":"index","follow":"follow","max-snippet":"max-snippet:-1","max-image-preview":"max-image-preview:large","max-video-preview":"max-video-preview:-1"},"canonical":"https:\/\/adcotrading.eu\/sv\/integritetspolicy\/","og_locale":"sv_SE","og_type":"article","og_title":"Integritetspolicy - AD CO. trading","og_description":"Integritetspolicy 1. Inledning AD CO. trading respekterar varje enskild persons integritet. I denna integritetspolicy f\u00f6rklarar vi hur vi samlar in,","og_url":"https:\/\/adcotrading.eu\/sv\/integritetspolicy\/","og_site_name":"AD CO. trading","article_modified_time":"2026-04-15T14:31:23+00:00","twitter_card":"summary_large_image","twitter_misc":{"Ber\u00e4knad l\u00e4stid":"8 minuter"},"schema":{"@context":"https:\/\/schema.org","@graph":[{"@type":"WebPage","@id":"https:\/\/adcotrading.eu\/sv\/integritetspolicy\/","url":"https:\/\/adcotrading.eu\/sv\/integritetspolicy\/","name":"Integritetspolicy - AD CO. trading","isPartOf":{"@id":"https:\/\/adcotrading.eu\/sv\/#website"},"datePublished":"2025-10-23T14:10:48+00:00","dateModified":"2026-04-15T14:31:23+00:00","description":"Integritetspolicy 1. Inledning AD CO. trading respekterar varje enskild persons integritet. I denna integritetspolicy f\u00f6rklarar vi hur vi samlar in,","breadcrumb":{"@id":"https:\/\/adcotrading.eu\/sv\/integritetspolicy\/#breadcrumb"},"inLanguage":"sv-SE","potentialAction":[{"@type":"ReadAction","target":["https:\/\/adcotrading.eu\/sv\/integritetspolicy\/"]}]},{"@type":"BreadcrumbList","@id":"https:\/\/adcotrading.eu\/sv\/integritetspolicy\/#breadcrumb","itemListElement":[{"@type":"ListItem","position":1,"name":"Home","item":"https:\/\/adcotrading.eu\/sv\/"},{"@type":"ListItem","position":2,"name":"Integritetspolicy"}]},{"@type":"WebSite","@id":"https:\/\/adcotrading.eu\/sv\/#website","url":"https:\/\/adcotrading.eu\/sv\/","name":"AD CO. trading","description":"","potentialAction":[{"@type":"SearchAction","target":{"@type":"EntryPoint","urlTemplate":"https:\/\/adcotrading.eu\/sv\/?s={search_term_string}"},"query-input":{"@type":"PropertyValueSpecification","valueRequired":true,"valueName":"search_term_string"}}],"inLanguage":"sv-SE"}]}},"_links":{"self":[{"href":"https:\/\/adcotrading.eu\/sv\/wp-json\/wp\/v2\/pages\/1656","targetHints":{"allow":["GET"]}}],"collection":[{"href":"https:\/\/adcotrading.eu\/sv\/wp-json\/wp\/v2\/pages"}],"about":[{"href":"https:\/\/adcotrading.eu\/sv\/wp-json\/wp\/v2\/types\/page"}],"author":[{"embeddable":true,"href":"https:\/\/adcotrading.eu\/sv\/wp-json\/wp\/v2\/users\/2"}],"replies":[{"embeddable":true,"href":"https:\/\/adcotrading.eu\/sv\/wp-json\/wp\/v2\/comments?post=1656"}],"version-history":[{"count":1,"href":"https:\/\/adcotrading.eu\/sv\/wp-json\/wp\/v2\/pages\/1656\/revisions"}],"predecessor-version":[{"id":1657,"href":"https:\/\/adcotrading.eu\/sv\/wp-json\/wp\/v2\/pages\/1656\/revisions\/1657"}],"wp:attachment":[{"href":"https:\/\/adcotrading.eu\/sv\/wp-json\/wp\/v2\/media?parent=1656"}],"curies":[{"name":"wp","href":"https:\/\/api.w.org\/{rel}","templated":true}]}}