{"id":1663,"date":"2025-10-23T14:40:40","date_gmt":"2025-10-23T14:40:40","guid":{"rendered":"https:\/\/adcotrading.eu\/om-oss\/"},"modified":"2026-04-28T11:47:23","modified_gmt":"2026-04-28T11:47:23","slug":"om-oss","status":"publish","type":"page","link":"https:\/\/adcotrading.eu\/sv\/om-oss\/","title":{"rendered":"Om oss"},"content":{"rendered":"\n<div class=\"wp-block-cover alignfull has-custom-content-position is-position-center-left adco-cover-block\" style=\"margin-bottom:0;min-height:70vh;aspect-ratio:unset;\"><img loading=\"lazy\" decoding=\"async\" width=\"955\" height=\"600\" sizes=\"auto, (max-width: 955px) 100vw, 955px\" class=\"wp-block-cover__image-background wp-image-105 size-full\" alt=\"\" src=\"http:\/\/adcotrading.eu\/app\/uploads\/2025\/10\/Carbon-Footprint.avif\" data-object-fit=\"cover\" srcset=\"https:\/\/adcotrading.eu\/app\/uploads\/2025\/10\/Carbon-Footprint.avif 955w, https:\/\/adcotrading.eu\/app\/uploads\/2025\/10\/Carbon-Footprint-300x188.avif 300w, https:\/\/adcotrading.eu\/app\/uploads\/2025\/10\/Carbon-Footprint-768x483.avif 768w\" \/><span aria-hidden=\"true\" class=\"wp-block-cover__background has-black-background-color has-background-dim-40 has-background-dim\"><\/span><div class=\"wp-block-cover__inner-container is-layout-constrained wp-block-cover-is-layout-constrained\">\n<h1 class=\"wp-block-heading has-text-align-left\" style=\"margin-top:0\">Om AD CO. trading<\/h1>\n\n\n\n<ul class=\"wp-block-list\">\n<li>Din partner inom h\u00e5llbara \u00e5teranv\u00e4ndbara v\u00e4skor <\/li>\n<\/ul>\n<\/div><\/div>\n<div class=\"yoast-breadcrumbs\"><span><span><a href=\"https:\/\/adcotrading.eu\/sv\/\">Home<\/a><\/span> \u00bb <span class=\"breadcrumb_last\" aria-current=\"page\">Om oss<\/span><\/span><\/div>\n<h1 class=\"wp-block-heading has-forest-color has-text-color has-link-color wp-elements-070b2198ffdae814ab5cc2bcb3ef2ce8\">Om oss \u2013 din partner inom h\u00e5llbara och \u00e5teranv\u00e4ndbara b\u00e4rkassar<\/h1>\n\n<p><\/p>\n\n<p><\/p>\n\n<p>H\u00e5llbarhet har alltid varit en del av v\u00e5r identitet.<br \/>Men f\u00f6r oss har det aldrig handlat om att samla certifikat, utan om att ta ansvar.<br \/><br \/>Att vara n\u00e4rvarande och se verkligheten med egna \u00f6gon.<br \/><br \/>D\u00e4rf\u00f6r har vi under \u00e5rens lopp personligen bes\u00f6kt v\u00e5ra leverant\u00f6rer och byggt upp relationer som ger oss fullt f\u00f6rtroende f\u00f6r att allt verkligen \u00e4r i sin ordning \u2013 inte bara p\u00e5 pappret med officiella st\u00e4mplar, utan i verkligheten.<br \/><br \/>I b\u00f6rjan av 2000-talet valde vi att certifieras enligt Svensk Milj\u00f6bas som ett s\u00e4tt att strukturera och tydligg\u00f6ra v\u00e5rt milj\u00f6arbete. Det som fr\u00e5n b\u00f6rjan fokuserade p\u00e5 v\u00e5r egen verksamhet har sedan dess utvecklats till ett helt\u00e4ckande system som omfattar hela v\u00e4rdekedjan och som \u00e4ven inkluderar socialt ansvarstagande inom v\u00e5rt leverant\u00f6rsn\u00e4tverk. Vi arbetar med tydliga m\u00e5l inom omr\u00e5den som ink\u00f6p, transporter, \u00e5tervinning och avfallshantering, och vi f\u00f6ljer upp framstegen \u00e5rligen genom interna kontroller och externa revisioner.<br \/><br \/>Redan 2004 publicerade vi v\u00e5r f\u00f6rsta h\u00e5llbarhetsrapport. Vi gick tidigt i br\u00e4schen f\u00f6r CSR (Corporate Social Responsibility) och arbetade aktivt med fr\u00e5gor som p\u00e5 den tiden var l\u00e5ngt ifr\u00e5n allm\u00e4n praxis i m\u00e5nga produktionsl\u00e4nder \u2013 som s\u00e4kra brandutg\u00e5ngar, rimliga arbetstider och korrekt \u00f6vertidsers\u00e4ttning.<br \/><br \/>Som ett led i detta arbete tog vi fram en egen CSR-handbok med v\u00e5r uppf\u00f6randekod som grund och spred v\u00e5rt budskap:<br \/><em>\u201dEtt l\u00e5gt pris har ocks\u00e5 ett pris.\u201d<\/em><br \/><br \/>F\u00f6r att s\u00e4kerst\u00e4lla att den verkligen n\u00e5dde ut \u00f6versatte vi \u00e4ven handboken till kinesiska. Under m\u00e5nga \u00e5r arbetade vi intensivt med interna inspektioner, kulturell medvetenhet och l\u00e5ngsiktiga f\u00f6rb\u00e4ttringsarbeten.<\/p>\n\n<p><br \/>\u00c5r\u00a02011 genomf\u00f6rde vi v\u00e5r f\u00f6rsta externa revision inom socialt ansvarstagande, och sedan dess har vi \u00e5rligen granskat v\u00e5ra fabriker \u2013 b\u00e5de genom interna uppf\u00f6ljningar och genom oberoende tredjepartsrevisioner. Under senare \u00e5r har detta arbete ytterligare st\u00e4rkts genom v\u00e5rt medlemskap i BSCI\/amfori, d\u00e4r v\u00e5ra leverant\u00f6rer utv\u00e4rderas enligt internationellt erk\u00e4nda standarder f\u00f6r arbetsvillkor, m\u00e4nskliga r\u00e4ttigheter och etiskt ansvar.<\/p>\n\n<p><br \/>N\u00e4sta stora steg tog vi 2014 d\u00e5 vi genomf\u00f6rde en fullst\u00e4ndig inventering av v\u00e5rt produktsortiment utifr\u00e5n kemiskt inneh\u00e5ll. I samarbete med v\u00e5r kemikaliekonsult har vi sedan dess aktivt testat v\u00e5ra produkter i professionella laboratorier \u2013 inte enbart enligt standardkrav, utan med anpassade baserade p\u00e5 varje produkts unika material och riskprofil. Vi arbetar med en f\u00f6rdjupad och f\u00f6rebyggande analys d\u00e4r vi inte bara tar h\u00e4nsyn till dagens regelverk, utan \u00e4ven morgondagens.<\/p>\n\n<p><br \/>V\u00e5rt l\u00e5ngsiktiga arbete b\u00f6rjade ocks\u00e5 f\u00e5 externt erk\u00e4nnande. \u00c5r\u00a02015 uts\u00e5gs vi till <em>\u00c5rets leverant\u00f6r<\/em> av reklamproduktbranschen.<\/p>\n\n<p><br \/>\u00c5r\u00a02017 vann vi utm\u00e4rkelsen <em>\u201d\u00c5rets initiativ\u201d<\/em> av J\u00f6nk\u00f6pings kommun. Juryn beskrev v\u00e5rt arbete s\u00e5 h\u00e4r:<\/p>\n\n<p><br \/><em>\u201dAD\u00a0Company \u00e4r ett f\u00f6retag i tiden som tydligt visar att det g\u00e5r att bygga aff\u00e4rsm\u00e4ssig framg\u00e5ng p\u00e5 h\u00e5llbarhet och socialt ansvarstagande.\u201d<\/em><\/p>\n\n<p><br \/>Vi fortsatte i samma riktning och f\u00f6rdjupade v\u00e5rt arbete med sp\u00e5rbarhet. De flesta av v\u00e5ra leverant\u00f6rer har samarbetat med oss \u200b\u200bi \u00e5rtionden, vilket g\u00f6r det enklare att m\u00f6ta de \u00f6kande kraven p\u00e5 transparens. I slutet av\u00a02022 ut\u00f6kade vi v\u00e5rt ansvarstagande till att omfatta inte bara v\u00e5ra huvudproducenter, utan \u00e4ven akt\u00f6rerna bakom r\u00e5varor och komponenter. Detta ger oss en djupare insikt och starkare kontroll, samt st\u00f6rre m\u00f6jligheter att p\u00e5verka varje enskilt steg \u2013 fr\u00e5n r\u00e5vara till f\u00e4rdig produkt.<\/p>\n\n<p><br \/>\u00c5r\u00a02023 p\u00e5b\u00f6rjade vi en fullst\u00e4ndig ber\u00e4kning av koldioxidavtrycket f\u00f6r hela v\u00e5r verksamhet med hj\u00e4lp av GHG-metoden (Greenhouse Gas Protocol). I\u00a0dag f\u00f6ljer vi klimatp\u00e5verkan fr\u00e5n varje enskild produkt \u00e5rligen inom alla tre omr\u00e5den i GHG-protokollet.<\/p>\n\n<p><br \/>Under\u00a02024 b\u00f6rjade vi att fasa ut standardmaterial och i\u00a0st\u00e4llet v\u00e4lja \u00e5tervunna material vid alla nya ink\u00f6p \u2013 en konkret satsning som minskar v\u00e5rt klimatavtryck och tar v\u00e5rt ansvarstagande ett steg l\u00e4ngre.<\/p>\n\n<p><br \/>\u00c5r\u00a02025 tog vi ytterligare ett viktigt steg genom att inf\u00f6ra PFAS-fria produkter tillverkade av \u00e5tervunna material. Vi blev den f\u00f6rsta import\u00f6ren i Sverige \u2013 och troligen i Europa \u2013 att lagerf\u00f6ra PFAS-fria paraplyer tillverkade av \u00e5tervunna material.<\/p>\n\n<p><br \/>F\u00f6r v\u00e5ra \u00e5teranv\u00e4ndbara b\u00e4rkassar hade dock omfattande kemiska tester redan utf\u00f6rts m\u00e5nga \u00e5r tidigare. Som en del av v\u00e5rt l\u00f6pande arbete har vi \u00e4ven ut\u00f6kat dessa tester till att omfatta PFAS-\u00e4mnen \u2013 \u00e4ven de som \u00e4nnu inte \u00e4r reglerade \u2013 f\u00f6r att s\u00e4kerst\u00e4lla h\u00f6gsta m\u00f6jliga niv\u00e5 av produkts\u00e4kerhet.<\/p>\n\n<p><br \/>I januari\u00a02026 tilldelades vi <strong>\u201d\u00c5rets h\u00e5llbarhetspris\u201d<\/strong> f\u00f6r detta initiativ, med f\u00f6ljande motivering:<\/p>\n\n<p><br \/><em>\u201d\u00c5rets h\u00e5llbarhetspris utdelas till en akt\u00f6r som alltid ligger i framkant i milj\u00f6- och h\u00e5llbarhetsarbetet. Ni tar som team ansvar \u00f6ver milj\u00f6n vi tillsammans lever i, med mycket stora ambitioner. Ni arbetar konstant med genuint fokus p\u00e5 en l\u00e5ngsiktig strategi med att f\u00f6rb\u00e4ttra de produkter som lanseras p\u00e5 marknaden \u2013 nu senast med m\u00e5let PFAS-fritt.<\/em><\/p>\n\n<p><br \/>Vi v\u00e4ntar inte p\u00e5 lagstiftning eller l\u00e5ngdragna beslut.<\/p>\n\n<p><br \/>Vi agerar nu \u2013 precis som vi alltid gjort i varje del av v\u00e5rt h\u00e5llbarhetsarbete.<\/p>\n","protected":false},"excerpt":{"rendered":"<p>Om oss \u2013 din partner inom h\u00e5llbara och \u00e5teranv\u00e4ndbara b\u00e4rkassar H\u00e5llbarhet har alltid varit en del av v\u00e5r identitet.Men f\u00f6r oss har det aldrig handlat om att samla certifikat, utan om att ta ansvar. Att vara n\u00e4rvarande och se verkligheten med egna \u00f6gon. D\u00e4rf\u00f6r har vi under \u00e5rens lopp personligen bes\u00f6kt v\u00e5ra leverant\u00f6rer och byggt [&hellip;]<\/p>\n","protected":false},"author":2,"featured_media":0,"parent":0,"menu_order":0,"comment_status":"closed","ping_status":"closed","template":"","meta":{"_acf_changed":false,"footnotes":""},"class_list":["post-1663","page","type-page","status-publish","hentry"],"acf":[],"yoast_head":"<!-- This site is optimized with the Yoast SEO plugin v27.4 - https:\/\/yoast.com\/product\/yoast-seo-wordpress\/ -->\n<title>Om oss - AD CO. trading<\/title>\n<meta name=\"description\" content=\"Om AD CO. trading Din partner inom h\u00e5llbara \u00e5teranv\u00e4ndbara v\u00e4skor Om oss \u2013 din partner inom h\u00e5llbara och \u00e5teranv\u00e4ndbara b\u00e4rkassar H\u00e5llbarhet har alltid\" \/>\n<meta name=\"robots\" content=\"index, follow, max-snippet:-1, max-image-preview:large, max-video-preview:-1\" \/>\n<link rel=\"canonical\" href=\"https:\/\/adcotrading.eu\/sv\/om-oss\/\" \/>\n<meta property=\"og:locale\" content=\"sv_SE\" \/>\n<meta property=\"og:type\" content=\"article\" \/>\n<meta property=\"og:title\" content=\"Om oss - AD CO. trading\" \/>\n<meta property=\"og:description\" content=\"Om AD CO. trading Din partner inom h\u00e5llbara \u00e5teranv\u00e4ndbara v\u00e4skor Om oss \u2013 din partner inom h\u00e5llbara och \u00e5teranv\u00e4ndbara b\u00e4rkassar H\u00e5llbarhet har alltid\" \/>\n<meta property=\"og:url\" content=\"https:\/\/adcotrading.eu\/sv\/om-oss\/\" \/>\n<meta property=\"og:site_name\" content=\"AD CO. trading\" \/>\n<meta property=\"article:modified_time\" content=\"2026-04-28T11:47:23+00:00\" \/>\n<meta property=\"og:image\" content=\"https:\/\/adcotrading.eu\/app\/uploads\/2025\/10\/Carbon-Footprint.avif\" \/>\n\t<meta property=\"og:image:width\" content=\"955\" \/>\n\t<meta property=\"og:image:height\" content=\"600\" \/>\n\t<meta property=\"og:image:type\" content=\"image\/jpeg\" \/>\n<meta name=\"twitter:card\" content=\"summary_large_image\" \/>\n<meta name=\"twitter:label1\" content=\"Ber\u00e4knad l\u00e4stid\" \/>\n\t<meta name=\"twitter:data1\" content=\"5 minuter\" \/>\n<script type=\"application\/ld+json\" class=\"yoast-schema-graph\">{\"@context\":\"https:\\\/\\\/schema.org\",\"@graph\":[{\"@type\":\"WebPage\",\"@id\":\"https:\\\/\\\/adcotrading.eu\\\/sv\\\/om-oss\\\/\",\"url\":\"https:\\\/\\\/adcotrading.eu\\\/sv\\\/om-oss\\\/\",\"name\":\"Om oss - AD CO. trading\",\"isPartOf\":{\"@id\":\"https:\\\/\\\/adcotrading.eu\\\/sv\\\/#website\"},\"primaryImageOfPage\":{\"@id\":\"https:\\\/\\\/adcotrading.eu\\\/sv\\\/om-oss\\\/#primaryimage\"},\"image\":{\"@id\":\"https:\\\/\\\/adcotrading.eu\\\/sv\\\/om-oss\\\/#primaryimage\"},\"thumbnailUrl\":\"http:\\\/\\\/adcotrading.eu\\\/app\\\/uploads\\\/2025\\\/10\\\/Carbon-Footprint.avif\",\"datePublished\":\"2025-10-23T14:40:40+00:00\",\"dateModified\":\"2026-04-28T11:47:23+00:00\",\"description\":\"Om AD CO. trading Din partner inom h\u00e5llbara \u00e5teranv\u00e4ndbara v\u00e4skor Om oss \u2013 din partner inom h\u00e5llbara och \u00e5teranv\u00e4ndbara b\u00e4rkassar H\u00e5llbarhet har alltid\",\"breadcrumb\":{\"@id\":\"https:\\\/\\\/adcotrading.eu\\\/sv\\\/om-oss\\\/#breadcrumb\"},\"inLanguage\":\"sv-SE\",\"potentialAction\":[{\"@type\":\"ReadAction\",\"target\":[\"https:\\\/\\\/adcotrading.eu\\\/sv\\\/om-oss\\\/\"]}]},{\"@type\":\"ImageObject\",\"inLanguage\":\"sv-SE\",\"@id\":\"https:\\\/\\\/adcotrading.eu\\\/sv\\\/om-oss\\\/#primaryimage\",\"url\":\"http:\\\/\\\/adcotrading.eu\\\/app\\\/uploads\\\/2025\\\/10\\\/Carbon-Footprint.avif\",\"contentUrl\":\"http:\\\/\\\/adcotrading.eu\\\/app\\\/uploads\\\/2025\\\/10\\\/Carbon-Footprint.avif\"},{\"@type\":\"BreadcrumbList\",\"@id\":\"https:\\\/\\\/adcotrading.eu\\\/sv\\\/om-oss\\\/#breadcrumb\",\"itemListElement\":[{\"@type\":\"ListItem\",\"position\":1,\"name\":\"Home\",\"item\":\"https:\\\/\\\/adcotrading.eu\\\/sv\\\/\"},{\"@type\":\"ListItem\",\"position\":2,\"name\":\"Om oss\"}]},{\"@type\":\"WebSite\",\"@id\":\"https:\\\/\\\/adcotrading.eu\\\/sv\\\/#website\",\"url\":\"https:\\\/\\\/adcotrading.eu\\\/sv\\\/\",\"name\":\"AD CO. trading\",\"description\":\"\",\"potentialAction\":[{\"@type\":\"SearchAction\",\"target\":{\"@type\":\"EntryPoint\",\"urlTemplate\":\"https:\\\/\\\/adcotrading.eu\\\/sv\\\/?s={search_term_string}\"},\"query-input\":{\"@type\":\"PropertyValueSpecification\",\"valueRequired\":true,\"valueName\":\"search_term_string\"}}],\"inLanguage\":\"sv-SE\"}]}<\/script>\n<!-- \/ Yoast SEO plugin. -->","yoast_head_json":{"title":"Om oss - AD CO. trading","description":"Om AD CO. trading Din partner inom h\u00e5llbara \u00e5teranv\u00e4ndbara v\u00e4skor Om oss \u2013 din partner inom h\u00e5llbara och \u00e5teranv\u00e4ndbara b\u00e4rkassar H\u00e5llbarhet har alltid","robots":{"index":"index","follow":"follow","max-snippet":"max-snippet:-1","max-image-preview":"max-image-preview:large","max-video-preview":"max-video-preview:-1"},"canonical":"https:\/\/adcotrading.eu\/sv\/om-oss\/","og_locale":"sv_SE","og_type":"article","og_title":"Om oss - AD CO. trading","og_description":"Om AD CO. trading Din partner inom h\u00e5llbara \u00e5teranv\u00e4ndbara v\u00e4skor Om oss \u2013 din partner inom h\u00e5llbara och \u00e5teranv\u00e4ndbara b\u00e4rkassar H\u00e5llbarhet har alltid","og_url":"https:\/\/adcotrading.eu\/sv\/om-oss\/","og_site_name":"AD CO. trading","article_modified_time":"2026-04-28T11:47:23+00:00","og_image":[{"width":955,"height":600,"url":"https:\/\/adcotrading.eu\/app\/uploads\/2025\/10\/Carbon-Footprint.avif","type":"image\/jpeg"}],"twitter_card":"summary_large_image","twitter_misc":{"Ber\u00e4knad l\u00e4stid":"5 minuter"},"schema":{"@context":"https:\/\/schema.org","@graph":[{"@type":"WebPage","@id":"https:\/\/adcotrading.eu\/sv\/om-oss\/","url":"https:\/\/adcotrading.eu\/sv\/om-oss\/","name":"Om oss - AD CO. trading","isPartOf":{"@id":"https:\/\/adcotrading.eu\/sv\/#website"},"primaryImageOfPage":{"@id":"https:\/\/adcotrading.eu\/sv\/om-oss\/#primaryimage"},"image":{"@id":"https:\/\/adcotrading.eu\/sv\/om-oss\/#primaryimage"},"thumbnailUrl":"http:\/\/adcotrading.eu\/app\/uploads\/2025\/10\/Carbon-Footprint.avif","datePublished":"2025-10-23T14:40:40+00:00","dateModified":"2026-04-28T11:47:23+00:00","description":"Om AD CO. trading Din partner inom h\u00e5llbara \u00e5teranv\u00e4ndbara v\u00e4skor Om oss \u2013 din partner inom h\u00e5llbara och \u00e5teranv\u00e4ndbara b\u00e4rkassar H\u00e5llbarhet har alltid","breadcrumb":{"@id":"https:\/\/adcotrading.eu\/sv\/om-oss\/#breadcrumb"},"inLanguage":"sv-SE","potentialAction":[{"@type":"ReadAction","target":["https:\/\/adcotrading.eu\/sv\/om-oss\/"]}]},{"@type":"ImageObject","inLanguage":"sv-SE","@id":"https:\/\/adcotrading.eu\/sv\/om-oss\/#primaryimage","url":"http:\/\/adcotrading.eu\/app\/uploads\/2025\/10\/Carbon-Footprint.avif","contentUrl":"http:\/\/adcotrading.eu\/app\/uploads\/2025\/10\/Carbon-Footprint.avif"},{"@type":"BreadcrumbList","@id":"https:\/\/adcotrading.eu\/sv\/om-oss\/#breadcrumb","itemListElement":[{"@type":"ListItem","position":1,"name":"Home","item":"https:\/\/adcotrading.eu\/sv\/"},{"@type":"ListItem","position":2,"name":"Om oss"}]},{"@type":"WebSite","@id":"https:\/\/adcotrading.eu\/sv\/#website","url":"https:\/\/adcotrading.eu\/sv\/","name":"AD CO. trading","description":"","potentialAction":[{"@type":"SearchAction","target":{"@type":"EntryPoint","urlTemplate":"https:\/\/adcotrading.eu\/sv\/?s={search_term_string}"},"query-input":{"@type":"PropertyValueSpecification","valueRequired":true,"valueName":"search_term_string"}}],"inLanguage":"sv-SE"}]}},"_links":{"self":[{"href":"https:\/\/adcotrading.eu\/sv\/wp-json\/wp\/v2\/pages\/1663","targetHints":{"allow":["GET"]}}],"collection":[{"href":"https:\/\/adcotrading.eu\/sv\/wp-json\/wp\/v2\/pages"}],"about":[{"href":"https:\/\/adcotrading.eu\/sv\/wp-json\/wp\/v2\/types\/page"}],"author":[{"embeddable":true,"href":"https:\/\/adcotrading.eu\/sv\/wp-json\/wp\/v2\/users\/2"}],"replies":[{"embeddable":true,"href":"https:\/\/adcotrading.eu\/sv\/wp-json\/wp\/v2\/comments?post=1663"}],"version-history":[{"count":2,"href":"https:\/\/adcotrading.eu\/sv\/wp-json\/wp\/v2\/pages\/1663\/revisions"}],"predecessor-version":[{"id":1714,"href":"https:\/\/adcotrading.eu\/sv\/wp-json\/wp\/v2\/pages\/1663\/revisions\/1714"}],"wp:attachment":[{"href":"https:\/\/adcotrading.eu\/sv\/wp-json\/wp\/v2\/media?parent=1663"}],"curies":[{"name":"wp","href":"https:\/\/api.w.org\/{rel}","templated":true}]}}