{"id":1674,"date":"2025-11-05T12:54:57","date_gmt":"2025-11-05T12:54:57","guid":{"rendered":"https:\/\/adcotrading.eu\/hallbarhet-forst\/koldioxidavtryck\/"},"modified":"2026-04-15T14:33:52","modified_gmt":"2026-04-15T14:33:52","slug":"koldioxidavtryck","status":"publish","type":"page","link":"https:\/\/adcotrading.eu\/sv\/hallbarhet-forst\/koldioxidavtryck\/","title":{"rendered":"Koldioxidavtryck"},"content":{"rendered":"\n<div class=\"wp-block-cover alignfull is-light has-custom-content-position is-position-center-left adco-cover-block\" style=\"margin-top:0;margin-bottom:0;min-height:70vh;aspect-ratio:unset;\"><img data-dominant-color=\"82867f\" data-has-transparency=\"false\" style=\"--dominant-color: #82867f;\" loading=\"lazy\" decoding=\"async\" width=\"1024\" height=\"768\" sizes=\"auto, (max-width: 1024px) 100vw, 1024px\" class=\"wp-block-cover__image-background wp-image-743 size-large not-transparent\" alt=\"\" src=\"http:\/\/adcotrading.eu\/app\/uploads\/2025\/11\/ADCO-forest-1-1024x768.webp\" data-object-fit=\"cover\" srcset=\"https:\/\/adcotrading.eu\/app\/uploads\/2025\/11\/ADCO-forest-1-1024x768.webp 1024w, https:\/\/adcotrading.eu\/app\/uploads\/2025\/11\/ADCO-forest-1-300x225.webp 300w, https:\/\/adcotrading.eu\/app\/uploads\/2025\/11\/ADCO-forest-1-768x576.webp 768w, https:\/\/adcotrading.eu\/app\/uploads\/2025\/11\/ADCO-forest-1-1536x1152.webp 1536w, https:\/\/adcotrading.eu\/app\/uploads\/2025\/11\/ADCO-forest-1-2048x1536.webp 2048w\" \/><span aria-hidden=\"true\" class=\"wp-block-cover__background has-black-background-color has-background-dim-0 has-background-dim\"><\/span><div class=\"wp-block-cover__inner-container is-layout-constrained wp-block-cover-is-layout-constrained\">\n<h1 class=\"wp-block-heading has-text-align-left has-white-color has-text-color has-link-color wp-elements-31b0f638622be01345b9d62d0409d2b1\">Beyond<br\/>the Bag:<br\/>verklig p\u00e5verkan \u2013<br\/>l\u00e5gt fotavtryck<\/h1>\n<\/div><\/div>\n<div class=\"yoast-breadcrumbs\"><span><span><a href=\"https:\/\/adcotrading.eu\/sv\/\">Home<\/a><\/span> \u00bb <span><a href=\"https:\/\/adcotrading.eu\/sv\/hallbarhet-forst\/\">H\u00e5llbarhet f\u00f6rst<\/a><\/span> \u00bb <span class=\"breadcrumb_last\" aria-current=\"page\">Koldioxidavtryck<\/span><\/span><\/div>\n<div class=\"wp-block-media-text alignwide is-stacked-on-mobile is-vertically-aligned-top\" style=\"margin-top:var(--wp--preset--spacing--80);margin-bottom:var(--wp--preset--spacing--80);grid-template-columns:45% auto\"><figure class=\"wp-block-media-text__media\"><img data-dominant-color=\"82867f\" data-has-transparency=\"false\" style=\"--dominant-color: #82867f;\" loading=\"lazy\" decoding=\"async\" width=\"1024\" height=\"768\" src=\"http:\/\/adcotrading.eu\/app\/uploads\/2025\/11\/ADCO-forest-1-1024x768.webp\" alt=\"\" class=\"wp-image-743 size-full not-transparent\" srcset=\"https:\/\/adcotrading.eu\/app\/uploads\/2025\/11\/ADCO-forest-1-1024x768.webp 1024w, https:\/\/adcotrading.eu\/app\/uploads\/2025\/11\/ADCO-forest-1-300x225.webp 300w, https:\/\/adcotrading.eu\/app\/uploads\/2025\/11\/ADCO-forest-1-768x576.webp 768w, https:\/\/adcotrading.eu\/app\/uploads\/2025\/11\/ADCO-forest-1-1536x1152.webp 1536w, https:\/\/adcotrading.eu\/app\/uploads\/2025\/11\/ADCO-forest-1-2048x1536.webp 2048w\" sizes=\"auto, (max-width: 1024px) 100vw, 1024px\" \/><\/figure><div class=\"wp-block-media-text__content\">\n<h5 class=\"wp-block-heading\">MINSKAD KLIMATP\u00c5VERKAN \u2013 F\u00d6R EN H\u00c5LLBAR FRAMTID<\/h5>\n\n\n\n<p>Att f\u00f6rst\u00e5 klimatp\u00e5verkan b\u00f6rjar med kunskap. D\u00e4rf\u00f6r ber\u00e4knar vi v\u00e5ra produkters fotavtryck med hj\u00e4lp av den internationellt erk\u00e4nda standarden Greenhouse Gas Protocol (GHG). Denna metod g\u00e5r bortom koldioxid och omfattar alla relevanta v\u00e4xthusgaser, vilket ger en transparent och j\u00e4mf\u00f6rbar bild av utsl\u00e4ppen \u00f6ver hela v\u00e4rdekedjan.<\/p>\n\n\n\n<p>Rapporteringen enligt GHG-protokollet delas in i tre delar:<\/p>\n\n\n\n<p><strong>SCOPE 1:<\/strong> direkta utsl\u00e4pp fr\u00e5n verksamheten (t.ex. br\u00e4nsle fr\u00e5n fordon).<\/p>\n\n\n\n<p><strong>SCOPE 2:<\/strong> indirekta utsl\u00e4pp fr\u00e5n ink\u00f6pt energi (t.ex. elektricitet).<\/p>\n\n\n\n<p><strong>SCOPE 3:<\/strong> \u00f6vriga indirekta utsl\u00e4pp fr\u00e5n aktiviteter som transport, material och leverant\u00f6rsprocesser, men som inte kontrolleras direkt av f\u00f6retaget.<\/p>\n\n\n\n<p>Genom att till\u00e4mpa detta ramverk kan vi identifiera var i livscykeln de st\u00f6rsta utsl\u00e4ppen sker och presentera tydliga data om varje produkt.\u00a0<br\/>Detta ger dig grunden f\u00f6r att fatta v\u00e4lgrundade val om material, produktionsmetoder och logistik \u2013 baserat p\u00e5 b\u00e5de funktion och klimatp\u00e5verkan.<\/p>\n\n\n\n<h5 class=\"wp-block-heading\">VARJE B\u00c4RKASSE SPELAR ROLL<\/h5>\n\n\n\n<p>Vi vet att varje b\u00e4rkasse har en p\u00e5verkan \u2013 men all p\u00e5verkan \u00e4r inte likadan.\u00a0Olika material p\u00e5verkar planeten p\u00e5 olika s\u00e4tt, fr\u00e5n r\u00e5varuanv\u00e4ndning till produktion, transport och \u00e5tervinning. D\u00e4rf\u00f6r utv\u00e4rderar vi noggrant varje val vi g\u00f6r, och alltid med m\u00e5let att minska fotavtrycket f\u00f6r varje b\u00e4rkasse.\u00a0<\/p>\n\n\n\n<p>V\u00e5rt m\u00e5l \u00e4r enkelt: att designa b\u00e4rkassar som kombinerar funktion och h\u00e5llbarhet med minsta m\u00f6jliga milj\u00f6p\u00e5verkan. Genom att arbeta \u00f6ver hela livscykeln s\u00e4kerst\u00e4ller vi att varje b\u00e4rkasse som produceras bidrar till en mer h\u00e5llbar framtid.<\/p>\n<\/div><\/div>\n\n<div class=\"wp-block-group alignwide is-layout-constrained wp-block-group-is-layout-constrained\">\n<h3 class=\"wp-block-heading alignwide\">Our sustainability initiatives<\/h3>\n\n\n\n<div class=\"sustainable-entrances-block alignwide wp-block\" id=\"block_0dea3e215dadf2f7f063f7f8509f45cf\">\n\n    <div class=\"link-items\">\n            <a href=\"http:\/\/adcotrading.eu\/sustainability-first\/social-responsibility\/\">\n            <figure><img loading=\"lazy\" decoding=\"async\" width=\"955\" height=\"601\" src=\"https:\/\/adcotrading.eu\/app\/uploads\/2025\/10\/Our-Social-Responsibility.avif\" class=\"attachment-full size-full\" alt=\"\" srcset=\"https:\/\/adcotrading.eu\/app\/uploads\/2025\/10\/Our-Social-Responsibility.avif 955w, https:\/\/adcotrading.eu\/app\/uploads\/2025\/10\/Our-Social-Responsibility-300x189.avif 300w, https:\/\/adcotrading.eu\/app\/uploads\/2025\/10\/Our-Social-Responsibility-768x483.avif 768w\" sizes=\"auto, (max-width: 955px) 100vw, 955px\" \/>                <figcaption>Social Responsibility<\/figcaption>\n            <\/figure>\n        <\/a>\n            <a href=\"http:\/\/adcotrading.eu\/sustainability-first\/carbon-footprint\/\">\n            <figure><img loading=\"lazy\" decoding=\"async\" width=\"955\" height=\"600\" src=\"https:\/\/adcotrading.eu\/app\/uploads\/2025\/10\/Carbon-Footprint.avif\" class=\"attachment-full size-full\" alt=\"\" srcset=\"https:\/\/adcotrading.eu\/app\/uploads\/2025\/10\/Carbon-Footprint.avif 955w, https:\/\/adcotrading.eu\/app\/uploads\/2025\/10\/Carbon-Footprint-300x188.avif 300w, https:\/\/adcotrading.eu\/app\/uploads\/2025\/10\/Carbon-Footprint-768x483.avif 768w\" sizes=\"auto, (max-width: 955px) 100vw, 955px\" \/>                <figcaption>Carbon Footprint<\/figcaption>\n            <\/figure>\n        <\/a>\n            <a href=\"http:\/\/adcotrading.eu\/sustainability-first\/responsible-chemical-management\/\">\n            <figure><img loading=\"lazy\" decoding=\"async\" width=\"956\" height=\"602\" src=\"https:\/\/adcotrading.eu\/app\/uploads\/2025\/10\/Responsible-Chemical-Management.avif\" class=\"attachment-full size-full\" alt=\"\" srcset=\"https:\/\/adcotrading.eu\/app\/uploads\/2025\/10\/Responsible-Chemical-Management.avif 956w, https:\/\/adcotrading.eu\/app\/uploads\/2025\/10\/Responsible-Chemical-Management-300x189.avif 300w, https:\/\/adcotrading.eu\/app\/uploads\/2025\/10\/Responsible-Chemical-Management-768x484.avif 768w\" sizes=\"auto, (max-width: 956px) 100vw, 956px\" \/>                <figcaption>Responsible Chemical Management<\/figcaption>\n            <\/figure>\n        <\/a>\n            <a href=\"http:\/\/adcotrading.eu\/sustainability-first\/traceable\/\">\n            <figure><img loading=\"lazy\" decoding=\"async\" width=\"2560\" height=\"1707\" src=\"https:\/\/adcotrading.eu\/app\/uploads\/2025\/12\/PET-bild.webp\" class=\"attachment-full size-full not-transparent\" alt=\"\" srcset=\"https:\/\/adcotrading.eu\/app\/uploads\/2025\/12\/PET-bild.webp 2560w, https:\/\/adcotrading.eu\/app\/uploads\/2025\/12\/PET-bild-300x200.webp 300w, https:\/\/adcotrading.eu\/app\/uploads\/2025\/12\/PET-bild-1024x683.webp 1024w, https:\/\/adcotrading.eu\/app\/uploads\/2025\/12\/PET-bild-768x512.webp 768w, https:\/\/adcotrading.eu\/app\/uploads\/2025\/12\/PET-bild-1536x1024.webp 1536w, https:\/\/adcotrading.eu\/app\/uploads\/2025\/12\/PET-bild-2048x1366.webp 2048w\" sizes=\"auto, (max-width: 2560px) 100vw, 2560px\" data-has-transparency=\"false\" data-dominant-color=\"8ddae6\" style=\"--dominant-color: #8ddae6;\" \/>                <figcaption>Supply Chain Traceability<\/figcaption>\n            <\/figure>\n        <\/a>\n        <\/div>\n\n<\/div><\/div>\n","protected":false},"excerpt":{"rendered":"<p>MINSKAD KLIMATP\u00c5VERKAN \u2013 F\u00d6R EN H\u00c5LLBAR FRAMTID Att f\u00f6rst\u00e5 klimatp\u00e5verkan b\u00f6rjar med kunskap. D\u00e4rf\u00f6r ber\u00e4knar vi v\u00e5ra produkters fotavtryck med hj\u00e4lp av den internationellt erk\u00e4nda standarden Greenhouse Gas Protocol (GHG). Denna metod g\u00e5r bortom koldioxid och omfattar alla relevanta v\u00e4xthusgaser, vilket ger en transparent och j\u00e4mf\u00f6rbar bild av utsl\u00e4ppen \u00f6ver hela v\u00e4rdekedjan. Rapporteringen enligt GHG-protokollet [&hellip;]<\/p>\n","protected":false},"author":2,"featured_media":0,"parent":1647,"menu_order":0,"comment_status":"closed","ping_status":"closed","template":"","meta":{"_acf_changed":false,"footnotes":""},"class_list":["post-1674","page","type-page","status-publish","hentry"],"acf":[],"yoast_head":"<!-- This site is optimized with the Yoast SEO plugin v27.4 - https:\/\/yoast.com\/product\/yoast-seo-wordpress\/ -->\n<title>Koldioxidavtryck - AD CO. trading<\/title>\n<meta name=\"description\" content=\"Beyondthe Bag:verklig p\u00e5verkan \u2013l\u00e5gt fotavtryck MINSKAD KLIMATP\u00c5VERKAN \u2013 F\u00d6R EN H\u00c5LLBAR FRAMTID Att f\u00f6rst\u00e5 klimatp\u00e5verkan b\u00f6rjar med kunskap. D\u00e4rf\u00f6r\" \/>\n<meta name=\"robots\" content=\"index, follow, max-snippet:-1, max-image-preview:large, max-video-preview:-1\" \/>\n<link rel=\"canonical\" href=\"https:\/\/adcotrading.eu\/sv\/hallbarhet-forst\/koldioxidavtryck\/\" \/>\n<meta property=\"og:locale\" content=\"sv_SE\" \/>\n<meta property=\"og:type\" content=\"article\" \/>\n<meta property=\"og:title\" content=\"Koldioxidavtryck - AD CO. trading\" \/>\n<meta property=\"og:description\" content=\"Beyondthe Bag:verklig p\u00e5verkan \u2013l\u00e5gt fotavtryck MINSKAD KLIMATP\u00c5VERKAN \u2013 F\u00d6R EN H\u00c5LLBAR FRAMTID Att f\u00f6rst\u00e5 klimatp\u00e5verkan b\u00f6rjar med kunskap. D\u00e4rf\u00f6r\" \/>\n<meta property=\"og:url\" content=\"https:\/\/adcotrading.eu\/sv\/hallbarhet-forst\/koldioxidavtryck\/\" \/>\n<meta property=\"og:site_name\" content=\"AD CO. trading\" \/>\n<meta property=\"article:modified_time\" content=\"2026-04-15T14:33:52+00:00\" \/>\n<meta property=\"og:image\" content=\"https:\/\/adcotrading.eu\/app\/uploads\/2025\/11\/ADCO-forest-1.webp\" \/>\n\t<meta property=\"og:image:width\" content=\"2560\" \/>\n\t<meta property=\"og:image:height\" content=\"1920\" \/>\n\t<meta property=\"og:image:type\" content=\"image\/jpeg\" \/>\n<meta name=\"twitter:card\" content=\"summary_large_image\" \/>\n<meta name=\"twitter:label1\" content=\"Ber\u00e4knad l\u00e4stid\" \/>\n\t<meta name=\"twitter:data1\" content=\"1 minut\" \/>\n<script type=\"application\/ld+json\" class=\"yoast-schema-graph\">{\"@context\":\"https:\\\/\\\/schema.org\",\"@graph\":[{\"@type\":\"WebPage\",\"@id\":\"https:\\\/\\\/adcotrading.eu\\\/sv\\\/hallbarhet-forst\\\/koldioxidavtryck\\\/\",\"url\":\"https:\\\/\\\/adcotrading.eu\\\/sv\\\/hallbarhet-forst\\\/koldioxidavtryck\\\/\",\"name\":\"Koldioxidavtryck - AD CO. trading\",\"isPartOf\":{\"@id\":\"https:\\\/\\\/adcotrading.eu\\\/sv\\\/#website\"},\"primaryImageOfPage\":{\"@id\":\"https:\\\/\\\/adcotrading.eu\\\/sv\\\/hallbarhet-forst\\\/koldioxidavtryck\\\/#primaryimage\"},\"image\":{\"@id\":\"https:\\\/\\\/adcotrading.eu\\\/sv\\\/hallbarhet-forst\\\/koldioxidavtryck\\\/#primaryimage\"},\"thumbnailUrl\":\"http:\\\/\\\/adcotrading.eu\\\/app\\\/uploads\\\/2025\\\/11\\\/ADCO-forest-1-1024x768.webp\",\"datePublished\":\"2025-11-05T12:54:57+00:00\",\"dateModified\":\"2026-04-15T14:33:52+00:00\",\"description\":\"Beyondthe Bag:verklig p\u00e5verkan \u2013l\u00e5gt fotavtryck MINSKAD KLIMATP\u00c5VERKAN \u2013 F\u00d6R EN H\u00c5LLBAR FRAMTID Att f\u00f6rst\u00e5 klimatp\u00e5verkan b\u00f6rjar med kunskap. D\u00e4rf\u00f6r\",\"breadcrumb\":{\"@id\":\"https:\\\/\\\/adcotrading.eu\\\/sv\\\/hallbarhet-forst\\\/koldioxidavtryck\\\/#breadcrumb\"},\"inLanguage\":\"sv-SE\",\"potentialAction\":[{\"@type\":\"ReadAction\",\"target\":[\"https:\\\/\\\/adcotrading.eu\\\/sv\\\/hallbarhet-forst\\\/koldioxidavtryck\\\/\"]}]},{\"@type\":\"ImageObject\",\"inLanguage\":\"sv-SE\",\"@id\":\"https:\\\/\\\/adcotrading.eu\\\/sv\\\/hallbarhet-forst\\\/koldioxidavtryck\\\/#primaryimage\",\"url\":\"http:\\\/\\\/adcotrading.eu\\\/app\\\/uploads\\\/2025\\\/11\\\/ADCO-forest-1-1024x768.webp\",\"contentUrl\":\"http:\\\/\\\/adcotrading.eu\\\/app\\\/uploads\\\/2025\\\/11\\\/ADCO-forest-1-1024x768.webp\"},{\"@type\":\"BreadcrumbList\",\"@id\":\"https:\\\/\\\/adcotrading.eu\\\/sv\\\/hallbarhet-forst\\\/koldioxidavtryck\\\/#breadcrumb\",\"itemListElement\":[{\"@type\":\"ListItem\",\"position\":1,\"name\":\"Home\",\"item\":\"https:\\\/\\\/adcotrading.eu\\\/sv\\\/\"},{\"@type\":\"ListItem\",\"position\":2,\"name\":\"H\u00e5llbarhet f\u00f6rst\",\"item\":\"https:\\\/\\\/adcotrading.eu\\\/sv\\\/hallbarhet-forst\\\/\"},{\"@type\":\"ListItem\",\"position\":3,\"name\":\"Koldioxidavtryck\"}]},{\"@type\":\"WebSite\",\"@id\":\"https:\\\/\\\/adcotrading.eu\\\/sv\\\/#website\",\"url\":\"https:\\\/\\\/adcotrading.eu\\\/sv\\\/\",\"name\":\"AD CO. trading\",\"description\":\"\",\"potentialAction\":[{\"@type\":\"SearchAction\",\"target\":{\"@type\":\"EntryPoint\",\"urlTemplate\":\"https:\\\/\\\/adcotrading.eu\\\/sv\\\/?s={search_term_string}\"},\"query-input\":{\"@type\":\"PropertyValueSpecification\",\"valueRequired\":true,\"valueName\":\"search_term_string\"}}],\"inLanguage\":\"sv-SE\"}]}<\/script>\n<!-- \/ Yoast SEO plugin. -->","yoast_head_json":{"title":"Koldioxidavtryck - AD CO. trading","description":"Beyondthe Bag:verklig p\u00e5verkan \u2013l\u00e5gt fotavtryck MINSKAD KLIMATP\u00c5VERKAN \u2013 F\u00d6R EN H\u00c5LLBAR FRAMTID Att f\u00f6rst\u00e5 klimatp\u00e5verkan b\u00f6rjar med kunskap. D\u00e4rf\u00f6r","robots":{"index":"index","follow":"follow","max-snippet":"max-snippet:-1","max-image-preview":"max-image-preview:large","max-video-preview":"max-video-preview:-1"},"canonical":"https:\/\/adcotrading.eu\/sv\/hallbarhet-forst\/koldioxidavtryck\/","og_locale":"sv_SE","og_type":"article","og_title":"Koldioxidavtryck - AD CO. trading","og_description":"Beyondthe Bag:verklig p\u00e5verkan \u2013l\u00e5gt fotavtryck MINSKAD KLIMATP\u00c5VERKAN \u2013 F\u00d6R EN H\u00c5LLBAR FRAMTID Att f\u00f6rst\u00e5 klimatp\u00e5verkan b\u00f6rjar med kunskap. D\u00e4rf\u00f6r","og_url":"https:\/\/adcotrading.eu\/sv\/hallbarhet-forst\/koldioxidavtryck\/","og_site_name":"AD CO. trading","article_modified_time":"2026-04-15T14:33:52+00:00","og_image":[{"width":2560,"height":1920,"url":"https:\/\/adcotrading.eu\/app\/uploads\/2025\/11\/ADCO-forest-1.webp","type":"image\/jpeg"}],"twitter_card":"summary_large_image","twitter_misc":{"Ber\u00e4knad l\u00e4stid":"1 minut"},"schema":{"@context":"https:\/\/schema.org","@graph":[{"@type":"WebPage","@id":"https:\/\/adcotrading.eu\/sv\/hallbarhet-forst\/koldioxidavtryck\/","url":"https:\/\/adcotrading.eu\/sv\/hallbarhet-forst\/koldioxidavtryck\/","name":"Koldioxidavtryck - AD CO. trading","isPartOf":{"@id":"https:\/\/adcotrading.eu\/sv\/#website"},"primaryImageOfPage":{"@id":"https:\/\/adcotrading.eu\/sv\/hallbarhet-forst\/koldioxidavtryck\/#primaryimage"},"image":{"@id":"https:\/\/adcotrading.eu\/sv\/hallbarhet-forst\/koldioxidavtryck\/#primaryimage"},"thumbnailUrl":"http:\/\/adcotrading.eu\/app\/uploads\/2025\/11\/ADCO-forest-1-1024x768.webp","datePublished":"2025-11-05T12:54:57+00:00","dateModified":"2026-04-15T14:33:52+00:00","description":"Beyondthe Bag:verklig p\u00e5verkan \u2013l\u00e5gt fotavtryck MINSKAD KLIMATP\u00c5VERKAN \u2013 F\u00d6R EN H\u00c5LLBAR FRAMTID Att f\u00f6rst\u00e5 klimatp\u00e5verkan b\u00f6rjar med kunskap. D\u00e4rf\u00f6r","breadcrumb":{"@id":"https:\/\/adcotrading.eu\/sv\/hallbarhet-forst\/koldioxidavtryck\/#breadcrumb"},"inLanguage":"sv-SE","potentialAction":[{"@type":"ReadAction","target":["https:\/\/adcotrading.eu\/sv\/hallbarhet-forst\/koldioxidavtryck\/"]}]},{"@type":"ImageObject","inLanguage":"sv-SE","@id":"https:\/\/adcotrading.eu\/sv\/hallbarhet-forst\/koldioxidavtryck\/#primaryimage","url":"http:\/\/adcotrading.eu\/app\/uploads\/2025\/11\/ADCO-forest-1-1024x768.webp","contentUrl":"http:\/\/adcotrading.eu\/app\/uploads\/2025\/11\/ADCO-forest-1-1024x768.webp"},{"@type":"BreadcrumbList","@id":"https:\/\/adcotrading.eu\/sv\/hallbarhet-forst\/koldioxidavtryck\/#breadcrumb","itemListElement":[{"@type":"ListItem","position":1,"name":"Home","item":"https:\/\/adcotrading.eu\/sv\/"},{"@type":"ListItem","position":2,"name":"H\u00e5llbarhet f\u00f6rst","item":"https:\/\/adcotrading.eu\/sv\/hallbarhet-forst\/"},{"@type":"ListItem","position":3,"name":"Koldioxidavtryck"}]},{"@type":"WebSite","@id":"https:\/\/adcotrading.eu\/sv\/#website","url":"https:\/\/adcotrading.eu\/sv\/","name":"AD CO. trading","description":"","potentialAction":[{"@type":"SearchAction","target":{"@type":"EntryPoint","urlTemplate":"https:\/\/adcotrading.eu\/sv\/?s={search_term_string}"},"query-input":{"@type":"PropertyValueSpecification","valueRequired":true,"valueName":"search_term_string"}}],"inLanguage":"sv-SE"}]}},"_links":{"self":[{"href":"https:\/\/adcotrading.eu\/sv\/wp-json\/wp\/v2\/pages\/1674","targetHints":{"allow":["GET"]}}],"collection":[{"href":"https:\/\/adcotrading.eu\/sv\/wp-json\/wp\/v2\/pages"}],"about":[{"href":"https:\/\/adcotrading.eu\/sv\/wp-json\/wp\/v2\/types\/page"}],"author":[{"embeddable":true,"href":"https:\/\/adcotrading.eu\/sv\/wp-json\/wp\/v2\/users\/2"}],"replies":[{"embeddable":true,"href":"https:\/\/adcotrading.eu\/sv\/wp-json\/wp\/v2\/comments?post=1674"}],"version-history":[{"count":1,"href":"https:\/\/adcotrading.eu\/sv\/wp-json\/wp\/v2\/pages\/1674\/revisions"}],"predecessor-version":[{"id":1676,"href":"https:\/\/adcotrading.eu\/sv\/wp-json\/wp\/v2\/pages\/1674\/revisions\/1676"}],"up":[{"embeddable":true,"href":"https:\/\/adcotrading.eu\/sv\/wp-json\/wp\/v2\/pages\/1647"}],"wp:attachment":[{"href":"https:\/\/adcotrading.eu\/sv\/wp-json\/wp\/v2\/media?parent=1674"}],"curies":[{"name":"wp","href":"https:\/\/api.w.org\/{rel}","templated":true}]}}