{"id":1680,"date":"2025-11-05T12:55:40","date_gmt":"2025-11-05T12:55:40","guid":{"rendered":"https:\/\/adcotrading.eu\/hallbarhet-forst\/ansvarsfull-kemikaliehantering\/"},"modified":"2026-04-15T14:34:22","modified_gmt":"2026-04-15T14:34:22","slug":"ansvarsfull-kemikaliehantering","status":"publish","type":"page","link":"https:\/\/adcotrading.eu\/sv\/hallbarhet-forst\/ansvarsfull-kemikaliehantering\/","title":{"rendered":"Ansvarsfull kemikaliehantering"},"content":{"rendered":"\n<div class=\"wp-block-cover alignfull is-light has-custom-content-position is-position-center-left adco-cover-block\" style=\"margin-top:0;margin-bottom:0;min-height:70vh;aspect-ratio:unset;\"><img data-dominant-color=\"889cad\" data-has-transparency=\"false\" style=\"--dominant-color: #889cad;\" loading=\"lazy\" decoding=\"async\" width=\"1024\" height=\"683\" sizes=\"auto, (max-width: 1024px) 100vw, 1024px\" class=\"wp-block-cover__image-background wp-image-750 size-large not-transparent\" alt=\"\" src=\"http:\/\/adcotrading.eu\/app\/uploads\/2025\/11\/ADCO_iceberg-1-1024x683.webp\" data-object-fit=\"cover\" srcset=\"https:\/\/adcotrading.eu\/app\/uploads\/2025\/11\/ADCO_iceberg-1-1024x683.webp 1024w, https:\/\/adcotrading.eu\/app\/uploads\/2025\/11\/ADCO_iceberg-1-300x200.webp 300w, https:\/\/adcotrading.eu\/app\/uploads\/2025\/11\/ADCO_iceberg-1-768x512.webp 768w, https:\/\/adcotrading.eu\/app\/uploads\/2025\/11\/ADCO_iceberg-1-1536x1024.webp 1536w, https:\/\/adcotrading.eu\/app\/uploads\/2025\/11\/ADCO_iceberg-1-2048x1366.webp 2048w\" \/><span aria-hidden=\"true\" class=\"wp-block-cover__background has-black-background-color has-background-dim-0 has-background-dim\"><\/span><div class=\"wp-block-cover__inner-container is-layout-constrained wp-block-cover-is-layout-constrained\">\n<h5 class=\"wp-block-heading has-text-align-left has-white-color has-text-color has-link-color wp-elements-008ea103dc9c544d1859a917642966b5\"><strong>Ansvarsfull kemikaliehantering<\/strong><\/h5>\n\n\n\n<h1 class=\"wp-block-heading has-text-align-left has-ember-color has-text-color has-link-color wp-elements-dda1e73220da5d0d63ade6c13bb20856\">REACH inom r\u00e4ckh\u00e5ll<\/h1>\n<\/div><\/div>\n<div class=\"yoast-breadcrumbs\"><span><span><a href=\"https:\/\/adcotrading.eu\/sv\/\">Home<\/a><\/span> \u00bb <span><a href=\"https:\/\/adcotrading.eu\/sv\/hallbarhet-forst\/\">H\u00e5llbarhet f\u00f6rst<\/a><\/span> \u00bb <span class=\"breadcrumb_last\" aria-current=\"page\">Ansvarsfull kemikaliehantering<\/span><\/span><\/div>\n<div class=\"wp-block-media-text alignwide is-stacked-on-mobile is-vertically-aligned-top\" style=\"margin-top:var(--wp--preset--spacing--80);margin-bottom:var(--wp--preset--spacing--80);grid-template-columns:45% auto\"><figure class=\"wp-block-media-text__media\"><img data-dominant-color=\"889cad\" data-has-transparency=\"false\" style=\"--dominant-color: #889cad;\" loading=\"lazy\" decoding=\"async\" width=\"1024\" height=\"683\" src=\"http:\/\/adcotrading.eu\/app\/uploads\/2025\/11\/ADCO_iceberg-1-1024x683.webp\" alt=\"\" class=\"wp-image-750 size-full not-transparent\" srcset=\"https:\/\/adcotrading.eu\/app\/uploads\/2025\/11\/ADCO_iceberg-1-1024x683.webp 1024w, https:\/\/adcotrading.eu\/app\/uploads\/2025\/11\/ADCO_iceberg-1-300x200.webp 300w, https:\/\/adcotrading.eu\/app\/uploads\/2025\/11\/ADCO_iceberg-1-768x512.webp 768w, https:\/\/adcotrading.eu\/app\/uploads\/2025\/11\/ADCO_iceberg-1-1536x1024.webp 1536w, https:\/\/adcotrading.eu\/app\/uploads\/2025\/11\/ADCO_iceberg-1-2048x1366.webp 2048w\" sizes=\"auto, (max-width: 1024px) 100vw, 1024px\" \/><\/figure><div class=\"wp-block-media-text__content\">\n<h5 class=\"wp-block-heading\">Kontinuerligt engagemang f\u00f6r kemikalies\u00e4kerhet<\/h5>\n\n\n\n<p>Vi arbetar l\u00f6pande med kemikaliehantering enligt EU:s REACH-f\u00f6rordning, som inneh\u00e5ller regler om registrering, begr\u00e4nsningar och f\u00f6rbud mot \u00e4mnen i alla importerade produkter. Alla v\u00e5ra leverant\u00f6rer har undertecknat v\u00e5r kemikaliepolicy som utg\u00e5r fr\u00e5n EU-lagstiftningen \u2013 en stark grund, men inte tillr\u00e4ckligt i sig.<\/p>\n\n\n\n<h5 class=\"wp-block-heading\"><strong>Proaktiv testning och \u00f6vervakning<\/strong><\/h5>\n\n\n\n<p>Vi g\u00e5r l\u00e4ngre genom att komplettera juridisk efterlevnad med v\u00e5ra egna laboratorietester f\u00f6r att s\u00e4kerst\u00e4lla att produkterna \u00e4r fria fr\u00e5n eller klarar gr\u00e4nsv\u00e4rdena f\u00f6r kemikalierna i direktiven. Detta arbete utf\u00f6rs l\u00f6pande enligt en plan som vi har tagit fram i samarbete med v\u00e5r kemikaliekonsult. Det \u00e4r avg\u00f6rande, eftersom b\u00e5de regelverket och kandidatf\u00f6rteckningen regelbundet uppdateras utifr\u00e5n nya vetenskapliga r\u00f6n och riskbed\u00f6mningar. Ut\u00f6ver REACH f\u00f6ljer vi ett flertal internationella och nationella regelverk som \u00e4r relevanta f\u00f6r v\u00e5ra produkter.<\/p>\n\n\n\n<h5 class=\"wp-block-heading has-ember-color has-text-color has-link-color wp-elements-59a4ee22d01ca9ac1d2785b104d1baae\">PFAS<\/h5>\n\n\n\n<p>Ett viktigt fokusomr\u00e5de \u00e4r PFAS, som ofta kallas f\u00f6r \u201devighetskemikalier\u201d. Vi arbetar med f\u00f6rebyggande \u00e5tg\u00e4rder och regelbundna tester f\u00f6r att minimera risker och s\u00e4kerst\u00e4lla att v\u00e5ra produkter inte inneh\u00e5ller dessa l\u00e5nglivade och skadliga \u00e4mnen, \u00e4ven innan nya lagkrav tr\u00e4der i kraft.<\/p>\n\n\n\n<blockquote class=\"wp-block-quote has-ember-color has-text-color has-link-color has-small-font-size wp-elements-00cb040665dfcbb9fb054c33a1690b3d is-layout-flow wp-block-quote-is-layout-flow\">\n<p class=\"has-large-font-size\">\u201dKemikalies\u00e4kerhet st\u00e5r alltid p\u00e5 agendan \u2013 ansvar \u00e4r ett \u00e5tagande i varje steg\u201d<\/p>\n<\/blockquote>\n<\/div><\/div>\n\n<div class=\"wp-block-group alignwide is-layout-constrained wp-block-group-is-layout-constrained\">\n<h3 class=\"wp-block-heading alignwide\">Our sustainability initiatives<\/h3>\n\n\n\n<div class=\"sustainable-entrances-block alignwide wp-block\" id=\"block_9931f634802c33380c38d2b3bde62b68\">\n\n    <div class=\"link-items\">\n            <a href=\"http:\/\/adcotrading.eu\/sustainability-first\/social-responsibility\/\">\n            <figure><img loading=\"lazy\" decoding=\"async\" width=\"955\" height=\"601\" src=\"https:\/\/adcotrading.eu\/app\/uploads\/2025\/10\/Our-Social-Responsibility.avif\" class=\"attachment-full size-full\" alt=\"\" srcset=\"https:\/\/adcotrading.eu\/app\/uploads\/2025\/10\/Our-Social-Responsibility.avif 955w, https:\/\/adcotrading.eu\/app\/uploads\/2025\/10\/Our-Social-Responsibility-300x189.avif 300w, https:\/\/adcotrading.eu\/app\/uploads\/2025\/10\/Our-Social-Responsibility-768x483.avif 768w\" sizes=\"auto, (max-width: 955px) 100vw, 955px\" \/>                <figcaption>Social Responsibility<\/figcaption>\n            <\/figure>\n        <\/a>\n            <a href=\"http:\/\/adcotrading.eu\/sustainability-first\/carbon-footprint\/\">\n            <figure><img loading=\"lazy\" decoding=\"async\" width=\"955\" height=\"600\" src=\"https:\/\/adcotrading.eu\/app\/uploads\/2025\/10\/Carbon-Footprint.avif\" class=\"attachment-full size-full\" alt=\"\" srcset=\"https:\/\/adcotrading.eu\/app\/uploads\/2025\/10\/Carbon-Footprint.avif 955w, https:\/\/adcotrading.eu\/app\/uploads\/2025\/10\/Carbon-Footprint-300x188.avif 300w, https:\/\/adcotrading.eu\/app\/uploads\/2025\/10\/Carbon-Footprint-768x483.avif 768w\" sizes=\"auto, (max-width: 955px) 100vw, 955px\" \/>                <figcaption>Carbon Footprint<\/figcaption>\n            <\/figure>\n        <\/a>\n            <a href=\"http:\/\/adcotrading.eu\/sustainability-first\/responsible-chemical-management\/\">\n            <figure><img loading=\"lazy\" decoding=\"async\" width=\"956\" height=\"602\" src=\"https:\/\/adcotrading.eu\/app\/uploads\/2025\/10\/Responsible-Chemical-Management.avif\" class=\"attachment-full size-full\" alt=\"\" srcset=\"https:\/\/adcotrading.eu\/app\/uploads\/2025\/10\/Responsible-Chemical-Management.avif 956w, https:\/\/adcotrading.eu\/app\/uploads\/2025\/10\/Responsible-Chemical-Management-300x189.avif 300w, https:\/\/adcotrading.eu\/app\/uploads\/2025\/10\/Responsible-Chemical-Management-768x484.avif 768w\" sizes=\"auto, (max-width: 956px) 100vw, 956px\" \/>                <figcaption>Responsible Chemical Management<\/figcaption>\n            <\/figure>\n        <\/a>\n            <a href=\"http:\/\/adcotrading.eu\/sustainability-first\/traceable\/\">\n            <figure><img loading=\"lazy\" decoding=\"async\" width=\"2560\" height=\"1707\" src=\"https:\/\/adcotrading.eu\/app\/uploads\/2025\/12\/PET-bild.webp\" class=\"attachment-full size-full not-transparent\" alt=\"\" srcset=\"https:\/\/adcotrading.eu\/app\/uploads\/2025\/12\/PET-bild.webp 2560w, https:\/\/adcotrading.eu\/app\/uploads\/2025\/12\/PET-bild-300x200.webp 300w, https:\/\/adcotrading.eu\/app\/uploads\/2025\/12\/PET-bild-1024x683.webp 1024w, https:\/\/adcotrading.eu\/app\/uploads\/2025\/12\/PET-bild-768x512.webp 768w, https:\/\/adcotrading.eu\/app\/uploads\/2025\/12\/PET-bild-1536x1024.webp 1536w, https:\/\/adcotrading.eu\/app\/uploads\/2025\/12\/PET-bild-2048x1366.webp 2048w\" sizes=\"auto, (max-width: 2560px) 100vw, 2560px\" data-has-transparency=\"false\" data-dominant-color=\"8ddae6\" style=\"--dominant-color: #8ddae6;\" \/>                <figcaption>Supply Chain Traceability<\/figcaption>\n            <\/figure>\n        <\/a>\n        <\/div>\n\n<\/div><\/div>\n","protected":false},"excerpt":{"rendered":"","protected":false},"author":2,"featured_media":0,"parent":1647,"menu_order":0,"comment_status":"closed","ping_status":"closed","template":"","meta":{"_acf_changed":false,"footnotes":""},"class_list":["post-1680","page","type-page","status-publish","hentry"],"acf":[],"yoast_head":"<!-- This site is optimized with the Yoast SEO plugin v27.4 - https:\/\/yoast.com\/product\/yoast-seo-wordpress\/ -->\n<title>Ansvarsfull kemikaliehantering - AD CO. trading<\/title>\n<meta name=\"description\" content=\"Ansvarsfull kemikaliehantering REACH inom r\u00e4ckh\u00e5ll Kontinuerligt engagemang f\u00f6r kemikalies\u00e4kerhet Vi arbetar l\u00f6pande med kemikaliehantering enligt EU:s\" \/>\n<meta name=\"robots\" content=\"index, follow, max-snippet:-1, max-image-preview:large, max-video-preview:-1\" \/>\n<link rel=\"canonical\" href=\"https:\/\/adcotrading.eu\/sv\/hallbarhet-forst\/ansvarsfull-kemikaliehantering\/\" \/>\n<meta property=\"og:locale\" content=\"sv_SE\" \/>\n<meta property=\"og:type\" content=\"article\" \/>\n<meta property=\"og:title\" content=\"Ansvarsfull kemikaliehantering - AD CO. trading\" \/>\n<meta property=\"og:description\" content=\"Ansvarsfull kemikaliehantering REACH inom r\u00e4ckh\u00e5ll Kontinuerligt engagemang f\u00f6r kemikalies\u00e4kerhet Vi arbetar l\u00f6pande med kemikaliehantering enligt EU:s\" \/>\n<meta property=\"og:url\" content=\"https:\/\/adcotrading.eu\/sv\/hallbarhet-forst\/ansvarsfull-kemikaliehantering\/\" \/>\n<meta property=\"og:site_name\" content=\"AD CO. trading\" \/>\n<meta property=\"article:modified_time\" content=\"2026-04-15T14:34:22+00:00\" \/>\n<meta property=\"og:image\" content=\"https:\/\/adcotrading.eu\/app\/uploads\/2025\/11\/ADCO_iceberg-1.webp\" \/>\n\t<meta property=\"og:image:width\" content=\"2560\" \/>\n\t<meta property=\"og:image:height\" content=\"1707\" \/>\n\t<meta property=\"og:image:type\" content=\"image\/jpeg\" \/>\n<meta name=\"twitter:card\" content=\"summary_large_image\" \/>\n<meta name=\"twitter:label1\" content=\"Ber\u00e4knad l\u00e4stid\" \/>\n\t<meta name=\"twitter:data1\" content=\"1 minut\" \/>\n<script type=\"application\/ld+json\" class=\"yoast-schema-graph\">{\"@context\":\"https:\\\/\\\/schema.org\",\"@graph\":[{\"@type\":\"WebPage\",\"@id\":\"https:\\\/\\\/adcotrading.eu\\\/sv\\\/hallbarhet-forst\\\/ansvarsfull-kemikaliehantering\\\/\",\"url\":\"https:\\\/\\\/adcotrading.eu\\\/sv\\\/hallbarhet-forst\\\/ansvarsfull-kemikaliehantering\\\/\",\"name\":\"Ansvarsfull kemikaliehantering - AD CO. trading\",\"isPartOf\":{\"@id\":\"https:\\\/\\\/adcotrading.eu\\\/sv\\\/#website\"},\"primaryImageOfPage\":{\"@id\":\"https:\\\/\\\/adcotrading.eu\\\/sv\\\/hallbarhet-forst\\\/ansvarsfull-kemikaliehantering\\\/#primaryimage\"},\"image\":{\"@id\":\"https:\\\/\\\/adcotrading.eu\\\/sv\\\/hallbarhet-forst\\\/ansvarsfull-kemikaliehantering\\\/#primaryimage\"},\"thumbnailUrl\":\"http:\\\/\\\/adcotrading.eu\\\/app\\\/uploads\\\/2025\\\/11\\\/ADCO_iceberg-1-1024x683.webp\",\"datePublished\":\"2025-11-05T12:55:40+00:00\",\"dateModified\":\"2026-04-15T14:34:22+00:00\",\"description\":\"Ansvarsfull kemikaliehantering REACH inom r\u00e4ckh\u00e5ll Kontinuerligt engagemang f\u00f6r kemikalies\u00e4kerhet Vi arbetar l\u00f6pande med kemikaliehantering enligt EU:s\",\"breadcrumb\":{\"@id\":\"https:\\\/\\\/adcotrading.eu\\\/sv\\\/hallbarhet-forst\\\/ansvarsfull-kemikaliehantering\\\/#breadcrumb\"},\"inLanguage\":\"sv-SE\",\"potentialAction\":[{\"@type\":\"ReadAction\",\"target\":[\"https:\\\/\\\/adcotrading.eu\\\/sv\\\/hallbarhet-forst\\\/ansvarsfull-kemikaliehantering\\\/\"]}]},{\"@type\":\"ImageObject\",\"inLanguage\":\"sv-SE\",\"@id\":\"https:\\\/\\\/adcotrading.eu\\\/sv\\\/hallbarhet-forst\\\/ansvarsfull-kemikaliehantering\\\/#primaryimage\",\"url\":\"http:\\\/\\\/adcotrading.eu\\\/app\\\/uploads\\\/2025\\\/11\\\/ADCO_iceberg-1-1024x683.webp\",\"contentUrl\":\"http:\\\/\\\/adcotrading.eu\\\/app\\\/uploads\\\/2025\\\/11\\\/ADCO_iceberg-1-1024x683.webp\"},{\"@type\":\"BreadcrumbList\",\"@id\":\"https:\\\/\\\/adcotrading.eu\\\/sv\\\/hallbarhet-forst\\\/ansvarsfull-kemikaliehantering\\\/#breadcrumb\",\"itemListElement\":[{\"@type\":\"ListItem\",\"position\":1,\"name\":\"Home\",\"item\":\"https:\\\/\\\/adcotrading.eu\\\/sv\\\/\"},{\"@type\":\"ListItem\",\"position\":2,\"name\":\"H\u00e5llbarhet f\u00f6rst\",\"item\":\"https:\\\/\\\/adcotrading.eu\\\/sv\\\/hallbarhet-forst\\\/\"},{\"@type\":\"ListItem\",\"position\":3,\"name\":\"Ansvarsfull kemikaliehantering\"}]},{\"@type\":\"WebSite\",\"@id\":\"https:\\\/\\\/adcotrading.eu\\\/sv\\\/#website\",\"url\":\"https:\\\/\\\/adcotrading.eu\\\/sv\\\/\",\"name\":\"AD CO. trading\",\"description\":\"\",\"potentialAction\":[{\"@type\":\"SearchAction\",\"target\":{\"@type\":\"EntryPoint\",\"urlTemplate\":\"https:\\\/\\\/adcotrading.eu\\\/sv\\\/?s={search_term_string}\"},\"query-input\":{\"@type\":\"PropertyValueSpecification\",\"valueRequired\":true,\"valueName\":\"search_term_string\"}}],\"inLanguage\":\"sv-SE\"}]}<\/script>\n<!-- \/ Yoast SEO plugin. -->","yoast_head_json":{"title":"Ansvarsfull kemikaliehantering - AD CO. trading","description":"Ansvarsfull kemikaliehantering REACH inom r\u00e4ckh\u00e5ll Kontinuerligt engagemang f\u00f6r kemikalies\u00e4kerhet Vi arbetar l\u00f6pande med kemikaliehantering enligt EU:s","robots":{"index":"index","follow":"follow","max-snippet":"max-snippet:-1","max-image-preview":"max-image-preview:large","max-video-preview":"max-video-preview:-1"},"canonical":"https:\/\/adcotrading.eu\/sv\/hallbarhet-forst\/ansvarsfull-kemikaliehantering\/","og_locale":"sv_SE","og_type":"article","og_title":"Ansvarsfull kemikaliehantering - AD CO. trading","og_description":"Ansvarsfull kemikaliehantering REACH inom r\u00e4ckh\u00e5ll Kontinuerligt engagemang f\u00f6r kemikalies\u00e4kerhet Vi arbetar l\u00f6pande med kemikaliehantering enligt EU:s","og_url":"https:\/\/adcotrading.eu\/sv\/hallbarhet-forst\/ansvarsfull-kemikaliehantering\/","og_site_name":"AD CO. trading","article_modified_time":"2026-04-15T14:34:22+00:00","og_image":[{"width":2560,"height":1707,"url":"https:\/\/adcotrading.eu\/app\/uploads\/2025\/11\/ADCO_iceberg-1.webp","type":"image\/jpeg"}],"twitter_card":"summary_large_image","twitter_misc":{"Ber\u00e4knad l\u00e4stid":"1 minut"},"schema":{"@context":"https:\/\/schema.org","@graph":[{"@type":"WebPage","@id":"https:\/\/adcotrading.eu\/sv\/hallbarhet-forst\/ansvarsfull-kemikaliehantering\/","url":"https:\/\/adcotrading.eu\/sv\/hallbarhet-forst\/ansvarsfull-kemikaliehantering\/","name":"Ansvarsfull kemikaliehantering - AD CO. trading","isPartOf":{"@id":"https:\/\/adcotrading.eu\/sv\/#website"},"primaryImageOfPage":{"@id":"https:\/\/adcotrading.eu\/sv\/hallbarhet-forst\/ansvarsfull-kemikaliehantering\/#primaryimage"},"image":{"@id":"https:\/\/adcotrading.eu\/sv\/hallbarhet-forst\/ansvarsfull-kemikaliehantering\/#primaryimage"},"thumbnailUrl":"http:\/\/adcotrading.eu\/app\/uploads\/2025\/11\/ADCO_iceberg-1-1024x683.webp","datePublished":"2025-11-05T12:55:40+00:00","dateModified":"2026-04-15T14:34:22+00:00","description":"Ansvarsfull kemikaliehantering REACH inom r\u00e4ckh\u00e5ll Kontinuerligt engagemang f\u00f6r kemikalies\u00e4kerhet Vi arbetar l\u00f6pande med kemikaliehantering enligt EU:s","breadcrumb":{"@id":"https:\/\/adcotrading.eu\/sv\/hallbarhet-forst\/ansvarsfull-kemikaliehantering\/#breadcrumb"},"inLanguage":"sv-SE","potentialAction":[{"@type":"ReadAction","target":["https:\/\/adcotrading.eu\/sv\/hallbarhet-forst\/ansvarsfull-kemikaliehantering\/"]}]},{"@type":"ImageObject","inLanguage":"sv-SE","@id":"https:\/\/adcotrading.eu\/sv\/hallbarhet-forst\/ansvarsfull-kemikaliehantering\/#primaryimage","url":"http:\/\/adcotrading.eu\/app\/uploads\/2025\/11\/ADCO_iceberg-1-1024x683.webp","contentUrl":"http:\/\/adcotrading.eu\/app\/uploads\/2025\/11\/ADCO_iceberg-1-1024x683.webp"},{"@type":"BreadcrumbList","@id":"https:\/\/adcotrading.eu\/sv\/hallbarhet-forst\/ansvarsfull-kemikaliehantering\/#breadcrumb","itemListElement":[{"@type":"ListItem","position":1,"name":"Home","item":"https:\/\/adcotrading.eu\/sv\/"},{"@type":"ListItem","position":2,"name":"H\u00e5llbarhet f\u00f6rst","item":"https:\/\/adcotrading.eu\/sv\/hallbarhet-forst\/"},{"@type":"ListItem","position":3,"name":"Ansvarsfull kemikaliehantering"}]},{"@type":"WebSite","@id":"https:\/\/adcotrading.eu\/sv\/#website","url":"https:\/\/adcotrading.eu\/sv\/","name":"AD CO. trading","description":"","potentialAction":[{"@type":"SearchAction","target":{"@type":"EntryPoint","urlTemplate":"https:\/\/adcotrading.eu\/sv\/?s={search_term_string}"},"query-input":{"@type":"PropertyValueSpecification","valueRequired":true,"valueName":"search_term_string"}}],"inLanguage":"sv-SE"}]}},"_links":{"self":[{"href":"https:\/\/adcotrading.eu\/sv\/wp-json\/wp\/v2\/pages\/1680","targetHints":{"allow":["GET"]}}],"collection":[{"href":"https:\/\/adcotrading.eu\/sv\/wp-json\/wp\/v2\/pages"}],"about":[{"href":"https:\/\/adcotrading.eu\/sv\/wp-json\/wp\/v2\/types\/page"}],"author":[{"embeddable":true,"href":"https:\/\/adcotrading.eu\/sv\/wp-json\/wp\/v2\/users\/2"}],"replies":[{"embeddable":true,"href":"https:\/\/adcotrading.eu\/sv\/wp-json\/wp\/v2\/comments?post=1680"}],"version-history":[{"count":1,"href":"https:\/\/adcotrading.eu\/sv\/wp-json\/wp\/v2\/pages\/1680\/revisions"}],"predecessor-version":[{"id":1682,"href":"https:\/\/adcotrading.eu\/sv\/wp-json\/wp\/v2\/pages\/1680\/revisions\/1682"}],"up":[{"embeddable":true,"href":"https:\/\/adcotrading.eu\/sv\/wp-json\/wp\/v2\/pages\/1647"}],"wp:attachment":[{"href":"https:\/\/adcotrading.eu\/sv\/wp-json\/wp\/v2\/media?parent=1680"}],"curies":[{"name":"wp","href":"https:\/\/api.w.org\/{rel}","templated":true}]}}