{"id":1692,"date":"2025-11-05T12:56:47","date_gmt":"2025-11-05T12:56:47","guid":{"rendered":"https:\/\/adcotrading.eu\/hallbarhet-forst\/sparbarhet-i-leveranskedjan\/"},"modified":"2026-04-17T14:23:34","modified_gmt":"2026-04-17T14:23:34","slug":"sparbarhet-i-leveranskedjan","status":"publish","type":"page","link":"https:\/\/adcotrading.eu\/sv\/hallbarhet-forst\/sparbarhet-i-leveranskedjan\/","title":{"rendered":"Sp\u00e5rbarhet i leveranskedjan"},"content":{"rendered":"\n<div class=\"wp-block-cover alignfull has-custom-content-position is-position-center-left adco-cover-block\" style=\"margin-top:0;margin-bottom:0;min-height:70vh;aspect-ratio:unset;\"><img data-dominant-color=\"6b654f\" data-has-transparency=\"false\" style=\"--dominant-color: #6b654f;\" loading=\"lazy\" decoding=\"async\" width=\"2560\" height=\"1707\" sizes=\"auto, (max-width: 2560px) 100vw, 2560px\" class=\"wp-block-cover__image-background wp-image-758 size-full not-transparent\" alt=\"\" src=\"http:\/\/adcotrading.eu\/app\/uploads\/2025\/11\/DSC8459-2.webp\" data-object-fit=\"cover\" srcset=\"https:\/\/adcotrading.eu\/app\/uploads\/2025\/11\/DSC8459-2.webp 2560w, https:\/\/adcotrading.eu\/app\/uploads\/2025\/11\/DSC8459-2-300x200.webp 300w, https:\/\/adcotrading.eu\/app\/uploads\/2025\/11\/DSC8459-2-1024x683.webp 1024w, https:\/\/adcotrading.eu\/app\/uploads\/2025\/11\/DSC8459-2-768x512.webp 768w, https:\/\/adcotrading.eu\/app\/uploads\/2025\/11\/DSC8459-2-1536x1024.webp 1536w, https:\/\/adcotrading.eu\/app\/uploads\/2025\/11\/DSC8459-2-2048x1366.webp 2048w\" \/><span aria-hidden=\"true\" class=\"wp-block-cover__background has-black-background-color has-background-dim-0 has-background-dim\"><\/span><div class=\"wp-block-cover__inner-container is-layout-constrained wp-block-cover-is-layout-constrained\">\n<h1 class=\"wp-block-heading\">Transparens i varje lager<\/h1>\n<\/div><\/div>\n<div class=\"yoast-breadcrumbs\"><span><span><a href=\"https:\/\/adcotrading.eu\/sv\/\">Home<\/a><\/span> \u00bb <span><a href=\"https:\/\/adcotrading.eu\/sv\/hallbarhet-forst\/\">H\u00e5llbarhet f\u00f6rst<\/a><\/span> \u00bb <span class=\"breadcrumb_last\" aria-current=\"page\">Sp\u00e5rbarhet i leveranskedjan<\/span><\/span><\/div>\n<div class=\"wp-block-media-text alignwide is-stacked-on-mobile is-vertically-aligned-top\" style=\"margin-top:var(--wp--preset--spacing--80);margin-bottom:var(--wp--preset--spacing--80);grid-template-columns:45% auto\"><figure class=\"wp-block-media-text__media\"><img data-dominant-color=\"736154\" data-has-transparency=\"false\" style=\"--dominant-color: #736154;\" loading=\"lazy\" decoding=\"async\" width=\"768\" height=\"1024\" src=\"http:\/\/adcotrading.eu\/app\/uploads\/2025\/11\/IMG_0144-2-1-768x1024.webp\" alt=\"\" class=\"wp-image-760 size-full not-transparent\" srcset=\"https:\/\/adcotrading.eu\/app\/uploads\/2025\/11\/IMG_0144-2-1-768x1024.webp 768w, https:\/\/adcotrading.eu\/app\/uploads\/2025\/11\/IMG_0144-2-1-225x300.webp 225w, https:\/\/adcotrading.eu\/app\/uploads\/2025\/11\/IMG_0144-2-1-1152x1536.webp 1152w, https:\/\/adcotrading.eu\/app\/uploads\/2025\/11\/IMG_0144-2-1-1536x2048.webp 1536w, https:\/\/adcotrading.eu\/app\/uploads\/2025\/11\/IMG_0144-2-1.webp 1920w\" sizes=\"auto, (max-width: 768px) 100vw, 768px\" \/><\/figure><div class=\"wp-block-media-text__content\">\n<p>Att arbeta med \u00e5tervunna material medf\u00f6r b\u00e5de m\u00f6jligheter och ansvar. Varje steg \u2013 fr\u00e5n insamling till produktion \u2013 kr\u00e4ver kunskap, engagemang och framf\u00f6r allt \u00f6ppenhet.\u00a0Genom att f\u00f6rst\u00e5 vad som ligger bakom de material vi anv\u00e4nder kan vi s\u00e4kerst\u00e4lla kvalitet, s\u00e4kerhet och respekt f\u00f6r b\u00e5de m\u00e4nniskor och planeten. Detta \u00e4r grunden i v\u00e5rt f\u00f6rh\u00e5llningss\u00e4tt till transparens i varje lager.\u00a0<\/p>\n\n\n\n<p>\u00c5tervunna material delas ofta in i tv\u00e5 kategorier:<\/p>\n\n\n\n<ul class=\"wp-block-list\">\n<li><strong>F\u00f6rkonsument<\/strong><br \/>Avfallsmaterial som genereras under tillverkningen och som aldrig n\u00e5r slutkonsumenten.<\/li>\n\n\n\n<li><strong>Efterkonsument<\/strong>\u00a0<br \/>Material som anv\u00e4nds och kasseras av konsumenter, varefter det \u00e5tervinns till nya produkter.<\/li>\n<\/ul>\n\n\n\n<h5 class=\"wp-block-heading\">Utmaningen med \u00e5tervunna material<\/h5>\n\n\n\n<p>Den st\u00f6rsta utmaningen med \u00e5tervunna material \u00e4r att f\u00f6rst\u00e5 exakt vad som ligger bakom r\u00e5materialet. Vi g\u00f6r allt vi kan f\u00f6r att sp\u00e5ra materialens ursprung \u2013 en komplex uppgift som kr\u00e4ver l\u00e5ngsiktiga relationer, transparens och f\u00f6rtroende p\u00e5 flera niv\u00e5er i leveranskedjan.<\/p>\n\n\n\n<p>Genom n\u00e4ra samarbete med v\u00e5ra leverant\u00f6rer och personalen p\u00e5 plats f\u00e5r vi insikter om var materialen kommer ifr\u00e5n och vilka underleverant\u00f6rerna \u00e4r. Vi gr\u00e4ver s\u00e5 djupt vi kan s\u00e5 att du kan lita p\u00e5 att inga farliga \u00e4mnen anv\u00e4nds i b\u00e4rkassarna du k\u00f6per fr\u00e5n oss. Parallellt arbetar vi aktivt f\u00f6r att s\u00e4kerst\u00e4lla att plasten eller textilierna som anv\u00e4nds har samlats in av vuxna personer under s\u00e4kra arbetsvillkor och med r\u00e4ttvis l\u00f6n. \u00c4ven med dessa insatser \u00e4r det fortfarande en utmaning att uppn\u00e5 full sp\u00e5rbarhet f\u00f6r \u00e5tervunna material fr\u00e5n konsumentprodukter. Faktorer som komplexa \u00e5tervinningsstr\u00f6mmar, flera insamlingsplatser och varierande dokumentationsstandarder g\u00f6r det om\u00f6jligt att garantera en fullst\u00e4ndig \u00f6versikt. Det \u00e4r d\u00e4rf\u00f6r vi \u00e4r transparenta med begr\u00e4nsningarna: om n\u00e5gon p\u00e5st\u00e5r sig kunna garantera total sp\u00e5rbarhet finns det goda sk\u00e4l att tvivla p\u00e5 det p\u00e5st\u00e5endet.<\/p>\n\n\n\n<p>V\u00e5r metod bygger p\u00e5 kontinuerlig f\u00f6rb\u00e4ttring. Vi investerar i revisioner, leverant\u00f6rsengagemang och innovativa sp\u00e5rningsmetoder f\u00f6r att varje \u00e5r komma lite n\u00e4rmare fullst\u00e4ndig sp\u00e5rbarhet. \u00c4ven om perfektion \u00e4r sv\u00e5ruppn\u00e5eligt \u00e4r det v\u00e5rt m\u00e5l att s\u00e4kerst\u00e4lla att varje b\u00e4rkasse vi levererar uppfyller h\u00f6ga etiska, milj\u00f6m\u00e4ssiga och s\u00e4kerhetsm\u00e4ssiga krav \u2013 och att du kan k\u00e4nna dig trygg med att v\u00e4lja \u00e5tervunnet material n\u00e4r det \u00e4r m\u00f6jligt.<\/p>\n<\/div><\/div>\n\n<div class=\"wp-block-group alignwide is-layout-constrained wp-block-group-is-layout-constrained\">\n<h3 class=\"wp-block-heading alignwide\">Our sustainability initiatives<\/h3>\n\n\n\n<div class=\"sustainable-entrances-block alignwide wp-block\" id=\"block_7574d75da921b2d3c50032567918b15f\">\n\n    <div class=\"link-items\">\n            <a href=\"http:\/\/adcotrading.eu\/sustainability-first\/social-responsibility\/\">\n            <figure><img loading=\"lazy\" decoding=\"async\" width=\"955\" height=\"601\" src=\"https:\/\/adcotrading.eu\/app\/uploads\/2025\/10\/Our-Social-Responsibility.avif\" class=\"attachment-full size-full\" alt=\"\" srcset=\"https:\/\/adcotrading.eu\/app\/uploads\/2025\/10\/Our-Social-Responsibility.avif 955w, https:\/\/adcotrading.eu\/app\/uploads\/2025\/10\/Our-Social-Responsibility-300x189.avif 300w, https:\/\/adcotrading.eu\/app\/uploads\/2025\/10\/Our-Social-Responsibility-768x483.avif 768w\" sizes=\"auto, (max-width: 955px) 100vw, 955px\" \/>                <figcaption>Social Responsibility<\/figcaption>\n            <\/figure>\n        <\/a>\n            <a href=\"http:\/\/adcotrading.eu\/sustainability-first\/carbon-footprint\/\">\n            <figure><img loading=\"lazy\" decoding=\"async\" width=\"955\" height=\"600\" src=\"https:\/\/adcotrading.eu\/app\/uploads\/2025\/10\/Carbon-Footprint.avif\" class=\"attachment-full size-full\" alt=\"\" srcset=\"https:\/\/adcotrading.eu\/app\/uploads\/2025\/10\/Carbon-Footprint.avif 955w, https:\/\/adcotrading.eu\/app\/uploads\/2025\/10\/Carbon-Footprint-300x188.avif 300w, https:\/\/adcotrading.eu\/app\/uploads\/2025\/10\/Carbon-Footprint-768x483.avif 768w\" sizes=\"auto, (max-width: 955px) 100vw, 955px\" \/>                <figcaption>Carbon Footprint<\/figcaption>\n            <\/figure>\n        <\/a>\n            <a href=\"http:\/\/adcotrading.eu\/sustainability-first\/responsible-chemical-management\/\">\n            <figure><img loading=\"lazy\" decoding=\"async\" width=\"956\" height=\"602\" src=\"https:\/\/adcotrading.eu\/app\/uploads\/2025\/10\/Responsible-Chemical-Management.avif\" class=\"attachment-full size-full\" alt=\"\" srcset=\"https:\/\/adcotrading.eu\/app\/uploads\/2025\/10\/Responsible-Chemical-Management.avif 956w, https:\/\/adcotrading.eu\/app\/uploads\/2025\/10\/Responsible-Chemical-Management-300x189.avif 300w, https:\/\/adcotrading.eu\/app\/uploads\/2025\/10\/Responsible-Chemical-Management-768x484.avif 768w\" sizes=\"auto, (max-width: 956px) 100vw, 956px\" \/>                <figcaption>Responsible Chemical Management<\/figcaption>\n            <\/figure>\n        <\/a>\n            <a href=\"http:\/\/adcotrading.eu\/sustainability-first\/traceable\/\">\n            <figure><img loading=\"lazy\" decoding=\"async\" width=\"2560\" height=\"1707\" src=\"https:\/\/adcotrading.eu\/app\/uploads\/2025\/12\/PET-bild.webp\" class=\"attachment-full size-full not-transparent\" alt=\"\" srcset=\"https:\/\/adcotrading.eu\/app\/uploads\/2025\/12\/PET-bild.webp 2560w, https:\/\/adcotrading.eu\/app\/uploads\/2025\/12\/PET-bild-300x200.webp 300w, https:\/\/adcotrading.eu\/app\/uploads\/2025\/12\/PET-bild-1024x683.webp 1024w, https:\/\/adcotrading.eu\/app\/uploads\/2025\/12\/PET-bild-768x512.webp 768w, https:\/\/adcotrading.eu\/app\/uploads\/2025\/12\/PET-bild-1536x1024.webp 1536w, https:\/\/adcotrading.eu\/app\/uploads\/2025\/12\/PET-bild-2048x1366.webp 2048w\" sizes=\"auto, (max-width: 2560px) 100vw, 2560px\" data-has-transparency=\"false\" data-dominant-color=\"8ddae6\" style=\"--dominant-color: #8ddae6;\" \/>                <figcaption>Supply Chain Traceability<\/figcaption>\n            <\/figure>\n        <\/a>\n        <\/div>\n\n<\/div><\/div>\n","protected":false},"excerpt":{"rendered":"","protected":false},"author":2,"featured_media":0,"parent":1647,"menu_order":0,"comment_status":"closed","ping_status":"closed","template":"","meta":{"_acf_changed":false,"footnotes":""},"class_list":["post-1692","page","type-page","status-publish","hentry"],"acf":[],"yoast_head":"<!-- This site is optimized with the Yoast SEO plugin v27.4 - https:\/\/yoast.com\/product\/yoast-seo-wordpress\/ -->\n<title>Sp\u00e5rbarhet i leveranskedjan - AD CO. trading<\/title>\n<meta name=\"description\" content=\"Transparens i varje lager Att arbeta med \u00e5tervunna material medf\u00f6r b\u00e5de m\u00f6jligheter och ansvar. Varje steg \u2013 fr\u00e5n insamling till produktion \u2013 kr\u00e4ver\" \/>\n<meta name=\"robots\" content=\"index, follow, max-snippet:-1, max-image-preview:large, max-video-preview:-1\" \/>\n<link rel=\"canonical\" href=\"https:\/\/adcotrading.eu\/sv\/hallbarhet-forst\/sparbarhet-i-leveranskedjan\/\" \/>\n<meta property=\"og:locale\" content=\"sv_SE\" \/>\n<meta property=\"og:type\" content=\"article\" \/>\n<meta property=\"og:title\" content=\"Sp\u00e5rbarhet i leveranskedjan - AD CO. trading\" \/>\n<meta property=\"og:description\" content=\"Transparens i varje lager Att arbeta med \u00e5tervunna material medf\u00f6r b\u00e5de m\u00f6jligheter och ansvar. Varje steg \u2013 fr\u00e5n insamling till produktion \u2013 kr\u00e4ver\" \/>\n<meta property=\"og:url\" content=\"https:\/\/adcotrading.eu\/sv\/hallbarhet-forst\/sparbarhet-i-leveranskedjan\/\" \/>\n<meta property=\"og:site_name\" content=\"AD CO. trading\" \/>\n<meta property=\"article:modified_time\" content=\"2026-04-17T14:23:34+00:00\" \/>\n<meta property=\"og:image\" content=\"https:\/\/adcotrading.eu\/app\/uploads\/2025\/11\/DSC8459-2.webp\" \/>\n\t<meta property=\"og:image:width\" content=\"2560\" \/>\n\t<meta property=\"og:image:height\" content=\"1707\" \/>\n\t<meta property=\"og:image:type\" content=\"image\/jpeg\" \/>\n<meta name=\"twitter:card\" content=\"summary_large_image\" \/>\n<meta name=\"twitter:label1\" content=\"Ber\u00e4knad l\u00e4stid\" \/>\n\t<meta name=\"twitter:data1\" content=\"2 minuter\" \/>\n<script type=\"application\/ld+json\" class=\"yoast-schema-graph\">{\"@context\":\"https:\\\/\\\/schema.org\",\"@graph\":[{\"@type\":\"WebPage\",\"@id\":\"https:\\\/\\\/adcotrading.eu\\\/sv\\\/hallbarhet-forst\\\/sparbarhet-i-leveranskedjan\\\/\",\"url\":\"https:\\\/\\\/adcotrading.eu\\\/sv\\\/hallbarhet-forst\\\/sparbarhet-i-leveranskedjan\\\/\",\"name\":\"Sp\u00e5rbarhet i leveranskedjan - AD CO. trading\",\"isPartOf\":{\"@id\":\"https:\\\/\\\/adcotrading.eu\\\/sv\\\/#website\"},\"primaryImageOfPage\":{\"@id\":\"https:\\\/\\\/adcotrading.eu\\\/sv\\\/hallbarhet-forst\\\/sparbarhet-i-leveranskedjan\\\/#primaryimage\"},\"image\":{\"@id\":\"https:\\\/\\\/adcotrading.eu\\\/sv\\\/hallbarhet-forst\\\/sparbarhet-i-leveranskedjan\\\/#primaryimage\"},\"thumbnailUrl\":\"http:\\\/\\\/adcotrading.eu\\\/app\\\/uploads\\\/2025\\\/11\\\/DSC8459-2.webp\",\"datePublished\":\"2025-11-05T12:56:47+00:00\",\"dateModified\":\"2026-04-17T14:23:34+00:00\",\"description\":\"Transparens i varje lager Att arbeta med \u00e5tervunna material medf\u00f6r b\u00e5de m\u00f6jligheter och ansvar. Varje steg \u2013 fr\u00e5n insamling till produktion \u2013 kr\u00e4ver\",\"breadcrumb\":{\"@id\":\"https:\\\/\\\/adcotrading.eu\\\/sv\\\/hallbarhet-forst\\\/sparbarhet-i-leveranskedjan\\\/#breadcrumb\"},\"inLanguage\":\"sv-SE\",\"potentialAction\":[{\"@type\":\"ReadAction\",\"target\":[\"https:\\\/\\\/adcotrading.eu\\\/sv\\\/hallbarhet-forst\\\/sparbarhet-i-leveranskedjan\\\/\"]}]},{\"@type\":\"ImageObject\",\"inLanguage\":\"sv-SE\",\"@id\":\"https:\\\/\\\/adcotrading.eu\\\/sv\\\/hallbarhet-forst\\\/sparbarhet-i-leveranskedjan\\\/#primaryimage\",\"url\":\"http:\\\/\\\/adcotrading.eu\\\/app\\\/uploads\\\/2025\\\/11\\\/DSC8459-2.webp\",\"contentUrl\":\"http:\\\/\\\/adcotrading.eu\\\/app\\\/uploads\\\/2025\\\/11\\\/DSC8459-2.webp\"},{\"@type\":\"BreadcrumbList\",\"@id\":\"https:\\\/\\\/adcotrading.eu\\\/sv\\\/hallbarhet-forst\\\/sparbarhet-i-leveranskedjan\\\/#breadcrumb\",\"itemListElement\":[{\"@type\":\"ListItem\",\"position\":1,\"name\":\"Home\",\"item\":\"https:\\\/\\\/adcotrading.eu\\\/sv\\\/\"},{\"@type\":\"ListItem\",\"position\":2,\"name\":\"H\u00e5llbarhet f\u00f6rst\",\"item\":\"https:\\\/\\\/adcotrading.eu\\\/sv\\\/hallbarhet-forst\\\/\"},{\"@type\":\"ListItem\",\"position\":3,\"name\":\"Sp\u00e5rbarhet i leveranskedjan\"}]},{\"@type\":\"WebSite\",\"@id\":\"https:\\\/\\\/adcotrading.eu\\\/sv\\\/#website\",\"url\":\"https:\\\/\\\/adcotrading.eu\\\/sv\\\/\",\"name\":\"AD CO. trading\",\"description\":\"\",\"potentialAction\":[{\"@type\":\"SearchAction\",\"target\":{\"@type\":\"EntryPoint\",\"urlTemplate\":\"https:\\\/\\\/adcotrading.eu\\\/sv\\\/?s={search_term_string}\"},\"query-input\":{\"@type\":\"PropertyValueSpecification\",\"valueRequired\":true,\"valueName\":\"search_term_string\"}}],\"inLanguage\":\"sv-SE\"}]}<\/script>\n<!-- \/ Yoast SEO plugin. -->","yoast_head_json":{"title":"Sp\u00e5rbarhet i leveranskedjan - AD CO. trading","description":"Transparens i varje lager Att arbeta med \u00e5tervunna material medf\u00f6r b\u00e5de m\u00f6jligheter och ansvar. Varje steg \u2013 fr\u00e5n insamling till produktion \u2013 kr\u00e4ver","robots":{"index":"index","follow":"follow","max-snippet":"max-snippet:-1","max-image-preview":"max-image-preview:large","max-video-preview":"max-video-preview:-1"},"canonical":"https:\/\/adcotrading.eu\/sv\/hallbarhet-forst\/sparbarhet-i-leveranskedjan\/","og_locale":"sv_SE","og_type":"article","og_title":"Sp\u00e5rbarhet i leveranskedjan - AD CO. trading","og_description":"Transparens i varje lager Att arbeta med \u00e5tervunna material medf\u00f6r b\u00e5de m\u00f6jligheter och ansvar. Varje steg \u2013 fr\u00e5n insamling till produktion \u2013 kr\u00e4ver","og_url":"https:\/\/adcotrading.eu\/sv\/hallbarhet-forst\/sparbarhet-i-leveranskedjan\/","og_site_name":"AD CO. trading","article_modified_time":"2026-04-17T14:23:34+00:00","og_image":[{"width":2560,"height":1707,"url":"https:\/\/adcotrading.eu\/app\/uploads\/2025\/11\/DSC8459-2.webp","type":"image\/jpeg"}],"twitter_card":"summary_large_image","twitter_misc":{"Ber\u00e4knad l\u00e4stid":"2 minuter"},"schema":{"@context":"https:\/\/schema.org","@graph":[{"@type":"WebPage","@id":"https:\/\/adcotrading.eu\/sv\/hallbarhet-forst\/sparbarhet-i-leveranskedjan\/","url":"https:\/\/adcotrading.eu\/sv\/hallbarhet-forst\/sparbarhet-i-leveranskedjan\/","name":"Sp\u00e5rbarhet i leveranskedjan - AD CO. trading","isPartOf":{"@id":"https:\/\/adcotrading.eu\/sv\/#website"},"primaryImageOfPage":{"@id":"https:\/\/adcotrading.eu\/sv\/hallbarhet-forst\/sparbarhet-i-leveranskedjan\/#primaryimage"},"image":{"@id":"https:\/\/adcotrading.eu\/sv\/hallbarhet-forst\/sparbarhet-i-leveranskedjan\/#primaryimage"},"thumbnailUrl":"http:\/\/adcotrading.eu\/app\/uploads\/2025\/11\/DSC8459-2.webp","datePublished":"2025-11-05T12:56:47+00:00","dateModified":"2026-04-17T14:23:34+00:00","description":"Transparens i varje lager Att arbeta med \u00e5tervunna material medf\u00f6r b\u00e5de m\u00f6jligheter och ansvar. Varje steg \u2013 fr\u00e5n insamling till produktion \u2013 kr\u00e4ver","breadcrumb":{"@id":"https:\/\/adcotrading.eu\/sv\/hallbarhet-forst\/sparbarhet-i-leveranskedjan\/#breadcrumb"},"inLanguage":"sv-SE","potentialAction":[{"@type":"ReadAction","target":["https:\/\/adcotrading.eu\/sv\/hallbarhet-forst\/sparbarhet-i-leveranskedjan\/"]}]},{"@type":"ImageObject","inLanguage":"sv-SE","@id":"https:\/\/adcotrading.eu\/sv\/hallbarhet-forst\/sparbarhet-i-leveranskedjan\/#primaryimage","url":"http:\/\/adcotrading.eu\/app\/uploads\/2025\/11\/DSC8459-2.webp","contentUrl":"http:\/\/adcotrading.eu\/app\/uploads\/2025\/11\/DSC8459-2.webp"},{"@type":"BreadcrumbList","@id":"https:\/\/adcotrading.eu\/sv\/hallbarhet-forst\/sparbarhet-i-leveranskedjan\/#breadcrumb","itemListElement":[{"@type":"ListItem","position":1,"name":"Home","item":"https:\/\/adcotrading.eu\/sv\/"},{"@type":"ListItem","position":2,"name":"H\u00e5llbarhet f\u00f6rst","item":"https:\/\/adcotrading.eu\/sv\/hallbarhet-forst\/"},{"@type":"ListItem","position":3,"name":"Sp\u00e5rbarhet i leveranskedjan"}]},{"@type":"WebSite","@id":"https:\/\/adcotrading.eu\/sv\/#website","url":"https:\/\/adcotrading.eu\/sv\/","name":"AD CO. trading","description":"","potentialAction":[{"@type":"SearchAction","target":{"@type":"EntryPoint","urlTemplate":"https:\/\/adcotrading.eu\/sv\/?s={search_term_string}"},"query-input":{"@type":"PropertyValueSpecification","valueRequired":true,"valueName":"search_term_string"}}],"inLanguage":"sv-SE"}]}},"_links":{"self":[{"href":"https:\/\/adcotrading.eu\/sv\/wp-json\/wp\/v2\/pages\/1692","targetHints":{"allow":["GET"]}}],"collection":[{"href":"https:\/\/adcotrading.eu\/sv\/wp-json\/wp\/v2\/pages"}],"about":[{"href":"https:\/\/adcotrading.eu\/sv\/wp-json\/wp\/v2\/types\/page"}],"author":[{"embeddable":true,"href":"https:\/\/adcotrading.eu\/sv\/wp-json\/wp\/v2\/users\/2"}],"replies":[{"embeddable":true,"href":"https:\/\/adcotrading.eu\/sv\/wp-json\/wp\/v2\/comments?post=1692"}],"version-history":[{"count":2,"href":"https:\/\/adcotrading.eu\/sv\/wp-json\/wp\/v2\/pages\/1692\/revisions"}],"predecessor-version":[{"id":1701,"href":"https:\/\/adcotrading.eu\/sv\/wp-json\/wp\/v2\/pages\/1692\/revisions\/1701"}],"up":[{"embeddable":true,"href":"https:\/\/adcotrading.eu\/sv\/wp-json\/wp\/v2\/pages\/1647"}],"wp:attachment":[{"href":"https:\/\/adcotrading.eu\/sv\/wp-json\/wp\/v2\/media?parent=1692"}],"curies":[{"name":"wp","href":"https:\/\/api.w.org\/{rel}","templated":true}]}}